{"id":24470,"date":"2014-12-09T12:59:47","date_gmt":"2014-12-09T10:59:47","guid":{"rendered":"https:\/\/sharks.ee\/vunder_2019.klient.veebimajutus.ee\/?post_type=product&#038;p=24470"},"modified":"2014-12-09T12:59:47","modified_gmt":"2014-12-09T10:59:47","slug":"liberon-lazura-beice-250ml-uz-spirta-bazes","status":"publish","type":"product","link":"https:\/\/hobstop.ee\/lv\/produkts\/liberon-lazura-beice-250ml-uz-spirta-bazes\/","title":{"rendered":"Liberon laz\u016bra beice 250ml uz spirta b\u0101zes"},"content":{"rendered":"<p>Beice uz spirta b\u0101zes ar nelielu piep\u016bli nodro\u0161ina  unik\u0101lu, vienm\u0113r\u012bgu gala rezult\u0101tu. Piem\u0113rots visiem koku veidiem un koka virsm\u0101m. Var izmantot ar\u012b uz cieta un e\u013c\u013caina c\u0113lkoka. Nodro\u0161ina notur\u012bgu un iztur\u012bgu rezult\u0101tu gan pirts l\u0101vai, gan sien\u0101m. Var izmantot ar\u012b l\u012bstu, gr\u0101matplauktu un atvilkt\u0146u ton\u0113\u0161anai.<br \/>\nP\u0101rkl\u0101jums: 20m\u00b2\/L<br \/>\n\u017d\u016b\u0161anas laiks: 1h<br \/>\nDarba r\u012bki: ota<br \/>\nDarba r\u012bku t\u012br\u012b\u0161ana: spirts<\/p>\n","protected":false},"excerpt":{"rendered":"<p>Beice uz spirta b\u0101zes ar nelielu piep\u016bli nodro\u0161ina unik\u0101lu, vienm\u0113r\u012bgu gala rezult\u0101tu. Piem\u0113rots visiem koku veidiem un koka virsm\u0101m. Var izmantot ar\u012b uz cieta un e\u013c\u013caina c\u0113lkoka. Nodro\u0161ina notur\u012bgu un iztur\u012bgu rezult\u0101tu gan pirts l\u0101vai, gan sien\u0101m. Var izmantot ar\u012b l\u012bstu, gr\u0101matplauktu un atvilkt\u0146u ton\u0113\u0161anai. P\u0101rkl\u0101jums: 20m\u00b2\/L \u017d\u016b\u0161anas laiks: 1h Darba r\u012bki: ota Darba r\u012bku t\u012br\u012b\u0161ana: spirts<\/p>\n","protected":false},"featured_media":147025,"comment_status":"closed","ping_status":"closed","template":"","meta":{"_acf_changed":false,"ep_exclude_from_search":false},"product_cat":[18569,18561,14970],"product_tag":[],"class_list":{"0":"post-24470","1":"product","2":"type-product","3":"status-publish","4":"has-post-thumbnail","6":"product_cat-koka-krasas-un-beices","7":"product_cat-restauracija","8":"product_cat-restauracija-un-iekstelpu-apdare-2","10":"first","11":"instock","12":"sale","13":"taxable","14":"shipping-taxable","15":"purchasable","16":"product-type-variable"},"acf":[],"yoast_head":"<!-- This site is optimized with the Yoast SEO plugin v24.1 - https:\/\/yoast.com\/wordpress\/plugins\/seo\/ -->\n<title>Liberon laz\u016bra beice 250ml uz spirta b\u0101zes &#8211; Skizze<\/title>\n<meta name=\"robots\" content=\"noindex, follow, max-snippet:-1, max-image-preview:large, max-video-preview:-1\" \/>\n<meta property=\"og:locale\" content=\"lv_LV\" \/>\n<meta property=\"og:type\" content=\"article\" \/>\n<meta property=\"og:title\" content=\"Liberon laz\u016bra beice 250ml uz spirta b\u0101zes &#8211; Skizze\" \/>\n<meta property=\"og:description\" content=\"Beice uz spirta b\u0101zes ar nelielu piep\u016bli nodro\u0161ina unik\u0101lu, vienm\u0113r\u012bgu gala rezult\u0101tu. Piem\u0113rots visiem koku veidiem un koka virsm\u0101m. Var izmantot ar\u012b uz cieta un e\u013c\u013caina c\u0113lkoka. Nodro\u0161ina notur\u012bgu un iztur\u012bgu rezult\u0101tu gan pirts l\u0101vai, gan sien\u0101m. Var izmantot ar\u012b l\u012bstu, gr\u0101matplauktu un atvilkt\u0146u ton\u0113\u0161anai. P\u0101rkl\u0101jums: 20m\u00b2\/L \u017d\u016b\u0161anas laiks: 1h Darba r\u012bki: ota Darba r\u012bku t\u012br\u012b\u0161ana: spirts\" \/>\n<meta property=\"og:url\" content=\"https:\/\/hobstop.ee\/lv\/produkts\/liberon-lazura-beice-250ml-uz-spirta-bazes\/\" \/>\n<meta property=\"og:site_name\" content=\"Skizze\" \/>\n<meta property=\"article:publisher\" content=\"http:\/\/www.facebook.com\/VunderSkizze\" \/>\n<meta property=\"og:image\" content=\"https:\/\/hobstop.ee\/media\/2489.jpg\" \/>\n\t<meta property=\"og:image:width\" content=\"1024\" \/>\n\t<meta property=\"og:image:height\" content=\"768\" \/>\n\t<meta property=\"og:image:type\" content=\"image\/jpeg\" \/>\n<meta name=\"twitter:card\" content=\"summary_large_image\" \/>\n<script type=\"application\/ld+json\" class=\"yoast-schema-graph\">{\"@context\":\"https:\/\/schema.org\",\"@graph\":[{\"@type\":\"WebPage\",\"@id\":\"https:\/\/hobstop.ee\/lv\/produkts\/liberon-lazura-beice-250ml-uz-spirta-bazes\/\",\"url\":\"https:\/\/hobstop.ee\/lv\/produkts\/liberon-lazura-beice-250ml-uz-spirta-bazes\/\",\"name\":\"Liberon laz\u016bra beice 250ml uz spirta b\u0101zes &#8211; Skizze\",\"isPartOf\":{\"@id\":\"https:\/\/hobstop.ee\/lv\/#website\"},\"primaryImageOfPage\":{\"@id\":\"https:\/\/hobstop.ee\/lv\/produkts\/liberon-lazura-beice-250ml-uz-spirta-bazes\/#primaryimage\"},\"image\":{\"@id\":\"https:\/\/hobstop.ee\/lv\/produkts\/liberon-lazura-beice-250ml-uz-spirta-bazes\/#primaryimage\"},\"thumbnailUrl\":\"https:\/\/hobstop.ee\/media\/2489.jpg\",\"datePublished\":\"2014-12-09T10:59:47+00:00\",\"dateModified\":\"2014-12-09T10:59:47+00:00\",\"breadcrumb\":{\"@id\":\"https:\/\/hobstop.ee\/lv\/produkts\/liberon-lazura-beice-250ml-uz-spirta-bazes\/#breadcrumb\"},\"inLanguage\":\"lv-LV\",\"potentialAction\":[{\"@type\":\"ReadAction\",\"target\":[\"https:\/\/hobstop.ee\/lv\/produkts\/liberon-lazura-beice-250ml-uz-spirta-bazes\/\"]}]},{\"@type\":\"ImageObject\",\"inLanguage\":\"lv-LV\",\"@id\":\"https:\/\/hobstop.ee\/lv\/produkts\/liberon-lazura-beice-250ml-uz-spirta-bazes\/#primaryimage\",\"url\":\"https:\/\/hobstop.ee\/media\/2489.jpg\",\"contentUrl\":\"https:\/\/hobstop.ee\/media\/2489.jpg\",\"width\":1024,\"height\":768},{\"@type\":\"BreadcrumbList\",\"@id\":\"https:\/\/hobstop.ee\/lv\/produkts\/liberon-lazura-beice-250ml-uz-spirta-bazes\/#breadcrumb\",\"itemListElement\":[{\"@type\":\"ListItem\",\"position\":1,\"name\":\"Avaleht\",\"item\":\"https:\/\/hobstop.ee\/lv\/\"},{\"@type\":\"ListItem\",\"position\":2,\"name\":\"Veikals\",\"item\":\"https:\/\/hobstop.ee\/lv\/veikals\/\"},{\"@type\":\"ListItem\",\"position\":3,\"name\":\"Liberon laz\u016bra beice 250ml uz spirta b\u0101zes\"}]},{\"@type\":\"WebSite\",\"@id\":\"https:\/\/hobstop.ee\/lv\/#website\",\"url\":\"https:\/\/hobstop.ee\/lv\/\",\"name\":\"Skizze\",\"description\":\"M\u0101kslas, hobiju un skolas preces\",\"publisher\":{\"@id\":\"https:\/\/hobstop.ee\/lv\/#organization\"},\"potentialAction\":[{\"@type\":\"SearchAction\",\"target\":{\"@type\":\"EntryPoint\",\"urlTemplate\":\"https:\/\/hobstop.ee\/lv\/?s={search_term_string}\"},\"query-input\":{\"@type\":\"PropertyValueSpecification\",\"valueRequired\":true,\"valueName\":\"search_term_string\"}}],\"inLanguage\":\"lv-LV\"},{\"@type\":\"Organization\",\"@id\":\"https:\/\/hobstop.ee\/lv\/#organization\",\"name\":\"Vunder AS\",\"url\":\"https:\/\/hobstop.ee\/lv\/\",\"logo\":{\"@type\":\"ImageObject\",\"inLanguage\":\"lv-LV\",\"@id\":\"https:\/\/hobstop.ee\/lv\/#\/schema\/logo\/image\/\",\"url\":\"https:\/\/hobstop.ee\/media\/vunder-logo.png\",\"contentUrl\":\"https:\/\/hobstop.ee\/media\/vunder-logo.png\",\"width\":127,\"height\":55,\"caption\":\"Vunder AS\"},\"image\":{\"@id\":\"https:\/\/hobstop.ee\/lv\/#\/schema\/logo\/image\/\"},\"sameAs\":[\"http:\/\/www.facebook.com\/VunderSkizze\"]}]}<\/script>\n<!-- \/ Yoast SEO plugin. -->","yoast_head_json":{"title":"Liberon laz\u016bra beice 250ml uz spirta b\u0101zes &#8211; Skizze","robots":{"index":"noindex","follow":"follow","max-snippet":"max-snippet:-1","max-image-preview":"max-image-preview:large","max-video-preview":"max-video-preview:-1"},"og_locale":"lv_LV","og_type":"article","og_title":"Liberon laz\u016bra beice 250ml uz spirta b\u0101zes &#8211; Skizze","og_description":"Beice uz spirta b\u0101zes ar nelielu piep\u016bli nodro\u0161ina unik\u0101lu, vienm\u0113r\u012bgu gala rezult\u0101tu. Piem\u0113rots visiem koku veidiem un koka virsm\u0101m. Var izmantot ar\u012b uz cieta un e\u013c\u013caina c\u0113lkoka. Nodro\u0161ina notur\u012bgu un iztur\u012bgu rezult\u0101tu gan pirts l\u0101vai, gan sien\u0101m. Var izmantot ar\u012b l\u012bstu, gr\u0101matplauktu un atvilkt\u0146u ton\u0113\u0161anai. P\u0101rkl\u0101jums: 20m\u00b2\/L \u017d\u016b\u0161anas laiks: 1h Darba r\u012bki: ota Darba r\u012bku t\u012br\u012b\u0161ana: spirts","og_url":"https:\/\/hobstop.ee\/lv\/produkts\/liberon-lazura-beice-250ml-uz-spirta-bazes\/","og_site_name":"Skizze","article_publisher":"http:\/\/www.facebook.com\/VunderSkizze","og_image":[{"width":1024,"height":768,"url":"https:\/\/hobstop.ee\/media\/2489.jpg","type":"image\/jpeg"}],"twitter_card":"summary_large_image","schema":{"@context":"https:\/\/schema.org","@graph":[{"@type":"WebPage","@id":"https:\/\/hobstop.ee\/lv\/produkts\/liberon-lazura-beice-250ml-uz-spirta-bazes\/","url":"https:\/\/hobstop.ee\/lv\/produkts\/liberon-lazura-beice-250ml-uz-spirta-bazes\/","name":"Liberon laz\u016bra beice 250ml uz spirta b\u0101zes &#8211; Skizze","isPartOf":{"@id":"https:\/\/hobstop.ee\/lv\/#website"},"primaryImageOfPage":{"@id":"https:\/\/hobstop.ee\/lv\/produkts\/liberon-lazura-beice-250ml-uz-spirta-bazes\/#primaryimage"},"image":{"@id":"https:\/\/hobstop.ee\/lv\/produkts\/liberon-lazura-beice-250ml-uz-spirta-bazes\/#primaryimage"},"thumbnailUrl":"https:\/\/hobstop.ee\/media\/2489.jpg","datePublished":"2014-12-09T10:59:47+00:00","dateModified":"2014-12-09T10:59:47+00:00","breadcrumb":{"@id":"https:\/\/hobstop.ee\/lv\/produkts\/liberon-lazura-beice-250ml-uz-spirta-bazes\/#breadcrumb"},"inLanguage":"lv-LV","potentialAction":[{"@type":"ReadAction","target":["https:\/\/hobstop.ee\/lv\/produkts\/liberon-lazura-beice-250ml-uz-spirta-bazes\/"]}]},{"@type":"ImageObject","inLanguage":"lv-LV","@id":"https:\/\/hobstop.ee\/lv\/produkts\/liberon-lazura-beice-250ml-uz-spirta-bazes\/#primaryimage","url":"https:\/\/hobstop.ee\/media\/2489.jpg","contentUrl":"https:\/\/hobstop.ee\/media\/2489.jpg","width":1024,"height":768},{"@type":"BreadcrumbList","@id":"https:\/\/hobstop.ee\/lv\/produkts\/liberon-lazura-beice-250ml-uz-spirta-bazes\/#breadcrumb","itemListElement":[{"@type":"ListItem","position":1,"name":"Avaleht","item":"https:\/\/hobstop.ee\/lv\/"},{"@type":"ListItem","position":2,"name":"Veikals","item":"https:\/\/hobstop.ee\/lv\/veikals\/"},{"@type":"ListItem","position":3,"name":"Liberon laz\u016bra beice 250ml uz spirta b\u0101zes"}]},{"@type":"WebSite","@id":"https:\/\/hobstop.ee\/lv\/#website","url":"https:\/\/hobstop.ee\/lv\/","name":"Skizze","description":"M\u0101kslas, hobiju un skolas preces","publisher":{"@id":"https:\/\/hobstop.ee\/lv\/#organization"},"potentialAction":[{"@type":"SearchAction","target":{"@type":"EntryPoint","urlTemplate":"https:\/\/hobstop.ee\/lv\/?s={search_term_string}"},"query-input":{"@type":"PropertyValueSpecification","valueRequired":true,"valueName":"search_term_string"}}],"inLanguage":"lv-LV"},{"@type":"Organization","@id":"https:\/\/hobstop.ee\/lv\/#organization","name":"Vunder AS","url":"https:\/\/hobstop.ee\/lv\/","logo":{"@type":"ImageObject","inLanguage":"lv-LV","@id":"https:\/\/hobstop.ee\/lv\/#\/schema\/logo\/image\/","url":"https:\/\/hobstop.ee\/media\/vunder-logo.png","contentUrl":"https:\/\/hobstop.ee\/media\/vunder-logo.png","width":127,"height":55,"caption":"Vunder AS"},"image":{"@id":"https:\/\/hobstop.ee\/lv\/#\/schema\/logo\/image\/"},"sameAs":["http:\/\/www.facebook.com\/VunderSkizze"]}]}},"_links":{"self":[{"href":"https:\/\/hobstop.ee\/lv\/wp-json\/wp\/v2\/product\/24470","targetHints":{"allow":["GET"]}}],"collection":[{"href":"https:\/\/hobstop.ee\/lv\/wp-json\/wp\/v2\/product"}],"about":[{"href":"https:\/\/hobstop.ee\/lv\/wp-json\/wp\/v2\/types\/product"}],"replies":[{"embeddable":true,"href":"https:\/\/hobstop.ee\/lv\/wp-json\/wp\/v2\/comments?post=24470"}],"wp:featuredmedia":[{"embeddable":true,"href":"https:\/\/hobstop.ee\/lv\/wp-json\/wp\/v2\/media\/147025"}],"wp:attachment":[{"href":"https:\/\/hobstop.ee\/lv\/wp-json\/wp\/v2\/media?parent=24470"}],"wp:term":[{"taxonomy":"product_cat","embeddable":true,"href":"https:\/\/hobstop.ee\/lv\/wp-json\/wp\/v2\/product_cat?post=24470"},{"taxonomy":"product_tag","embeddable":true,"href":"https:\/\/hobstop.ee\/lv\/wp-json\/wp\/v2\/product_tag?post=24470"}],"curies":[{"name":"wp","href":"https:\/\/api.w.org\/{rel}","templated":true}]}}