{"id":24475,"date":"2014-12-09T12:59:49","date_gmt":"2014-12-09T10:59:49","guid":{"rendered":"https:\/\/sharks.ee\/vunder_2019.klient.veebimajutus.ee\/?post_type=product&#038;p=24475"},"modified":"2014-12-09T12:59:49","modified_gmt":"2014-12-09T10:59:49","slug":"ella-mebelu-apstradei-bloom-1l","status":"publish","type":"product","link":"https:\/\/hobstop.ee\/lv\/produkts\/ella-mebelu-apstradei-bloom-1l\/","title":{"rendered":"E\u013c\u013ca m\u0113be\u013cu apstr\u0101dei Bloom 1L"},"content":{"rendered":"<p>BLOOM e\u013c\u013cas nodro\u0161ina pietiekamu virsmas aizsardz\u012bbu jau p\u0113c divu e\u013c\u013cas k\u0101rtu uzkl\u0101\u0161anas. \u012apa\u0161i piem\u0113rotas \u0161\u012bs e\u013c\u013cas ir ies\u0101c\u0113jiem, jo t\u0101s \u017e\u016bst \u0101tri un uzkl\u0101\u0161ana j\u0101atk\u0101rto tikai da\u017eas reizes. Tom\u0113r ar t\u0101m nokl\u0101t\u0101s virsmas ieg\u016bst iztur\u012bbu un pievilc\u012bgu skatu. BLOOM e\u013c\u013cas satur gan line\u013c\u013cu, gan hin\u012bnkoka e\u013c\u013cu.<\/p>\n","protected":false},"excerpt":{"rendered":"<p>BLOOM e\u013c\u013cas nodro\u0161ina pietiekamu virsmas aizsardz\u012bbu jau p\u0113c divu e\u013c\u013cas k\u0101rtu uzkl\u0101\u0161anas. \u012apa\u0161i piem\u0113rotas \u0161\u012bs e\u013c\u013cas ir ies\u0101c\u0113jiem, jo t\u0101s \u017e\u016bst \u0101tri un uzkl\u0101\u0161ana j\u0101atk\u0101rto tikai da\u017eas reizes. Tom\u0113r ar t\u0101m nokl\u0101t\u0101s virsmas ieg\u016bst iztur\u012bbu un pievilc\u012bgu skatu. BLOOM e\u013c\u013cas satur gan line\u013c\u013cu, gan hin\u012bnkoka e\u013c\u013cu.<\/p>\n","protected":false},"featured_media":0,"comment_status":"closed","ping_status":"closed","template":"","meta":{"_acf_changed":false,"ep_exclude_from_search":false},"product_cat":[18585,18563,14970],"product_tag":[],"class_list":{"0":"post-24475","1":"product","2":"type-product","3":"status-publish","5":"product_cat-ellas","6":"product_cat-iekstelpu-apdare","7":"product_cat-restauracija-un-iekstelpu-apdare-2","9":"first","10":"instock","11":"sale","12":"taxable","13":"shipping-taxable","14":"purchasable","15":"product-type-variable"},"acf":[],"yoast_head":"<!-- This site is optimized with the Yoast SEO plugin v24.1 - https:\/\/yoast.com\/wordpress\/plugins\/seo\/ -->\n<title>E\u013c\u013ca m\u0113be\u013cu apstr\u0101dei Bloom 1L &#8211; Skizze<\/title>\n<meta name=\"robots\" content=\"noindex, follow, max-snippet:-1, max-image-preview:large, max-video-preview:-1\" \/>\n<meta property=\"og:locale\" content=\"lv_LV\" \/>\n<meta property=\"og:type\" content=\"article\" \/>\n<meta property=\"og:title\" content=\"E\u013c\u013ca m\u0113be\u013cu apstr\u0101dei Bloom 1L &#8211; Skizze\" \/>\n<meta property=\"og:description\" content=\"BLOOM e\u013c\u013cas nodro\u0161ina pietiekamu virsmas aizsardz\u012bbu jau p\u0113c divu e\u013c\u013cas k\u0101rtu uzkl\u0101\u0161anas. \u012apa\u0161i piem\u0113rotas \u0161\u012bs e\u013c\u013cas ir ies\u0101c\u0113jiem, jo t\u0101s \u017e\u016bst \u0101tri un uzkl\u0101\u0161ana j\u0101atk\u0101rto tikai da\u017eas reizes. Tom\u0113r ar t\u0101m nokl\u0101t\u0101s virsmas ieg\u016bst iztur\u012bbu un pievilc\u012bgu skatu. BLOOM e\u013c\u013cas satur gan line\u013c\u013cu, gan hin\u012bnkoka e\u013c\u013cu.\" \/>\n<meta property=\"og:url\" content=\"https:\/\/hobstop.ee\/lv\/produkts\/ella-mebelu-apstradei-bloom-1l\/\" \/>\n<meta property=\"og:site_name\" content=\"Skizze\" \/>\n<meta property=\"article:publisher\" content=\"http:\/\/www.facebook.com\/VunderSkizze\" \/>\n<meta name=\"twitter:card\" content=\"summary_large_image\" \/>\n<script type=\"application\/ld+json\" class=\"yoast-schema-graph\">{\"@context\":\"https:\/\/schema.org\",\"@graph\":[{\"@type\":\"WebPage\",\"@id\":\"https:\/\/hobstop.ee\/lv\/produkts\/ella-mebelu-apstradei-bloom-1l\/\",\"url\":\"https:\/\/hobstop.ee\/lv\/produkts\/ella-mebelu-apstradei-bloom-1l\/\",\"name\":\"E\u013c\u013ca m\u0113be\u013cu apstr\u0101dei Bloom 1L &#8211; Skizze\",\"isPartOf\":{\"@id\":\"https:\/\/www.hobstop.ee\/lv\/#website\"},\"datePublished\":\"2014-12-09T10:59:49+00:00\",\"dateModified\":\"2014-12-09T10:59:49+00:00\",\"breadcrumb\":{\"@id\":\"https:\/\/hobstop.ee\/lv\/produkts\/ella-mebelu-apstradei-bloom-1l\/#breadcrumb\"},\"inLanguage\":\"lv-LV\",\"potentialAction\":[{\"@type\":\"ReadAction\",\"target\":[\"https:\/\/hobstop.ee\/lv\/produkts\/ella-mebelu-apstradei-bloom-1l\/\"]}]},{\"@type\":\"BreadcrumbList\",\"@id\":\"https:\/\/hobstop.ee\/lv\/produkts\/ella-mebelu-apstradei-bloom-1l\/#breadcrumb\",\"itemListElement\":[{\"@type\":\"ListItem\",\"position\":1,\"name\":\"Avaleht\",\"item\":\"https:\/\/www.hobstop.ee\/lv\/\"},{\"@type\":\"ListItem\",\"position\":2,\"name\":\"Veikals\",\"item\":\"https:\/\/www.hobstop.ee\/lv\/veikals\/\"},{\"@type\":\"ListItem\",\"position\":3,\"name\":\"E\u013c\u013ca m\u0113be\u013cu apstr\u0101dei Bloom 1L\"}]},{\"@type\":\"WebSite\",\"@id\":\"https:\/\/www.hobstop.ee\/lv\/#website\",\"url\":\"https:\/\/www.hobstop.ee\/lv\/\",\"name\":\"Skizze\",\"description\":\"M\u0101kslas, hobiju un skolas preces\",\"publisher\":{\"@id\":\"https:\/\/www.hobstop.ee\/lv\/#organization\"},\"potentialAction\":[{\"@type\":\"SearchAction\",\"target\":{\"@type\":\"EntryPoint\",\"urlTemplate\":\"https:\/\/www.hobstop.ee\/lv\/?s={search_term_string}\"},\"query-input\":{\"@type\":\"PropertyValueSpecification\",\"valueRequired\":true,\"valueName\":\"search_term_string\"}}],\"inLanguage\":\"lv-LV\"},{\"@type\":\"Organization\",\"@id\":\"https:\/\/www.hobstop.ee\/lv\/#organization\",\"name\":\"Vunder AS\",\"url\":\"https:\/\/www.hobstop.ee\/lv\/\",\"logo\":{\"@type\":\"ImageObject\",\"inLanguage\":\"lv-LV\",\"@id\":\"https:\/\/www.hobstop.ee\/lv\/#\/schema\/logo\/image\/\",\"url\":\"https:\/\/hobstop.ee\/media\/vunder-logo.png\",\"contentUrl\":\"https:\/\/hobstop.ee\/media\/vunder-logo.png\",\"width\":127,\"height\":55,\"caption\":\"Vunder AS\"},\"image\":{\"@id\":\"https:\/\/www.hobstop.ee\/lv\/#\/schema\/logo\/image\/\"},\"sameAs\":[\"http:\/\/www.facebook.com\/VunderSkizze\"]}]}<\/script>\n<!-- \/ Yoast SEO plugin. -->","yoast_head_json":{"title":"E\u013c\u013ca m\u0113be\u013cu apstr\u0101dei Bloom 1L &#8211; Skizze","robots":{"index":"noindex","follow":"follow","max-snippet":"max-snippet:-1","max-image-preview":"max-image-preview:large","max-video-preview":"max-video-preview:-1"},"og_locale":"lv_LV","og_type":"article","og_title":"E\u013c\u013ca m\u0113be\u013cu apstr\u0101dei Bloom 1L &#8211; Skizze","og_description":"BLOOM e\u013c\u013cas nodro\u0161ina pietiekamu virsmas aizsardz\u012bbu jau p\u0113c divu e\u013c\u013cas k\u0101rtu uzkl\u0101\u0161anas. \u012apa\u0161i piem\u0113rotas \u0161\u012bs e\u013c\u013cas ir ies\u0101c\u0113jiem, jo t\u0101s \u017e\u016bst \u0101tri un uzkl\u0101\u0161ana j\u0101atk\u0101rto tikai da\u017eas reizes. Tom\u0113r ar t\u0101m nokl\u0101t\u0101s virsmas ieg\u016bst iztur\u012bbu un pievilc\u012bgu skatu. BLOOM e\u013c\u013cas satur gan line\u013c\u013cu, gan hin\u012bnkoka e\u013c\u013cu.","og_url":"https:\/\/hobstop.ee\/lv\/produkts\/ella-mebelu-apstradei-bloom-1l\/","og_site_name":"Skizze","article_publisher":"http:\/\/www.facebook.com\/VunderSkizze","twitter_card":"summary_large_image","schema":{"@context":"https:\/\/schema.org","@graph":[{"@type":"WebPage","@id":"https:\/\/hobstop.ee\/lv\/produkts\/ella-mebelu-apstradei-bloom-1l\/","url":"https:\/\/hobstop.ee\/lv\/produkts\/ella-mebelu-apstradei-bloom-1l\/","name":"E\u013c\u013ca m\u0113be\u013cu apstr\u0101dei Bloom 1L &#8211; Skizze","isPartOf":{"@id":"https:\/\/www.hobstop.ee\/lv\/#website"},"datePublished":"2014-12-09T10:59:49+00:00","dateModified":"2014-12-09T10:59:49+00:00","breadcrumb":{"@id":"https:\/\/hobstop.ee\/lv\/produkts\/ella-mebelu-apstradei-bloom-1l\/#breadcrumb"},"inLanguage":"lv-LV","potentialAction":[{"@type":"ReadAction","target":["https:\/\/hobstop.ee\/lv\/produkts\/ella-mebelu-apstradei-bloom-1l\/"]}]},{"@type":"BreadcrumbList","@id":"https:\/\/hobstop.ee\/lv\/produkts\/ella-mebelu-apstradei-bloom-1l\/#breadcrumb","itemListElement":[{"@type":"ListItem","position":1,"name":"Avaleht","item":"https:\/\/www.hobstop.ee\/lv\/"},{"@type":"ListItem","position":2,"name":"Veikals","item":"https:\/\/www.hobstop.ee\/lv\/veikals\/"},{"@type":"ListItem","position":3,"name":"E\u013c\u013ca m\u0113be\u013cu apstr\u0101dei Bloom 1L"}]},{"@type":"WebSite","@id":"https:\/\/www.hobstop.ee\/lv\/#website","url":"https:\/\/www.hobstop.ee\/lv\/","name":"Skizze","description":"M\u0101kslas, hobiju un skolas preces","publisher":{"@id":"https:\/\/www.hobstop.ee\/lv\/#organization"},"potentialAction":[{"@type":"SearchAction","target":{"@type":"EntryPoint","urlTemplate":"https:\/\/www.hobstop.ee\/lv\/?s={search_term_string}"},"query-input":{"@type":"PropertyValueSpecification","valueRequired":true,"valueName":"search_term_string"}}],"inLanguage":"lv-LV"},{"@type":"Organization","@id":"https:\/\/www.hobstop.ee\/lv\/#organization","name":"Vunder AS","url":"https:\/\/www.hobstop.ee\/lv\/","logo":{"@type":"ImageObject","inLanguage":"lv-LV","@id":"https:\/\/www.hobstop.ee\/lv\/#\/schema\/logo\/image\/","url":"https:\/\/hobstop.ee\/media\/vunder-logo.png","contentUrl":"https:\/\/hobstop.ee\/media\/vunder-logo.png","width":127,"height":55,"caption":"Vunder AS"},"image":{"@id":"https:\/\/www.hobstop.ee\/lv\/#\/schema\/logo\/image\/"},"sameAs":["http:\/\/www.facebook.com\/VunderSkizze"]}]}},"_links":{"self":[{"href":"https:\/\/hobstop.ee\/lv\/wp-json\/wp\/v2\/product\/24475","targetHints":{"allow":["GET"]}}],"collection":[{"href":"https:\/\/hobstop.ee\/lv\/wp-json\/wp\/v2\/product"}],"about":[{"href":"https:\/\/hobstop.ee\/lv\/wp-json\/wp\/v2\/types\/product"}],"replies":[{"embeddable":true,"href":"https:\/\/hobstop.ee\/lv\/wp-json\/wp\/v2\/comments?post=24475"}],"wp:attachment":[{"href":"https:\/\/hobstop.ee\/lv\/wp-json\/wp\/v2\/media?parent=24475"}],"wp:term":[{"taxonomy":"product_cat","embeddable":true,"href":"https:\/\/hobstop.ee\/lv\/wp-json\/wp\/v2\/product_cat?post=24475"},{"taxonomy":"product_tag","embeddable":true,"href":"https:\/\/hobstop.ee\/lv\/wp-json\/wp\/v2\/product_tag?post=24475"}],"curies":[{"name":"wp","href":"https:\/\/api.w.org\/{rel}","templated":true}]}}