{"id":24480,"date":"2014-12-09T12:59:51","date_gmt":"2014-12-09T10:59:51","guid":{"rendered":"https:\/\/sharks.ee\/vunder_2019.klient.veebimajutus.ee\/?post_type=product&#038;p=24480"},"modified":"2014-12-09T12:59:51","modified_gmt":"2014-12-09T10:59:51","slug":"vasks-kokam-bloom-250ml","status":"publish","type":"product","link":"https:\/\/hobstop.ee\/lv\/produkts\/vasks-kokam-bloom-250ml\/","title":{"rendered":"Vasks kokam Bloom 250ml"},"content":{"rendered":"<p>Puscaursp\u012bd\u012bgs, pret nodilumu notur\u012bgs un net\u012brumus atgr\u016b\u017eo\u0161s vasks visa veida koka virsmu apstr\u0101dei iek\u0161telp\u0101s. Aizsarg\u0101 m\u0113beles pret ikdienas nodilumu un pie\u0161\u0137ir t\u0101m elegantu sat\u012bna sp\u012bduma gala efektu. Saglab\u0101 redzamu koka strukt\u016bru vienlaic\u012bgi aizsarg\u0101jot pret traipiem un skr\u0101p\u0113jumiem. Jauks rezult\u0101ts ieg\u016bstams bez liekas piep\u016bles.<\/p>\n","protected":false},"excerpt":{"rendered":"<p>Puscaursp\u012bd\u012bgs, pret nodilumu notur\u012bgs un net\u012brumus atgr\u016b\u017eo\u0161s vasks visa veida koka virsmu apstr\u0101dei iek\u0161telp\u0101s. Aizsarg\u0101 m\u0113beles pret ikdienas nodilumu un pie\u0161\u0137ir t\u0101m elegantu sat\u012bna sp\u012bduma gala efektu. Saglab\u0101 redzamu koka strukt\u016bru vienlaic\u012bgi aizsarg\u0101jot pret traipiem un skr\u0101p\u0113jumiem. Jauks rezult\u0101ts ieg\u016bstams bez liekas piep\u016bles.<\/p>\n","protected":false},"featured_media":104902,"comment_status":"closed","ping_status":"closed","template":"","meta":{"_acf_changed":false,"ep_exclude_from_search":false},"product_cat":[18563,14970,14911],"product_tag":[],"class_list":{"0":"post-24480","1":"product","2":"type-product","3":"status-publish","4":"has-post-thumbnail","6":"product_cat-iekstelpu-apdare","7":"product_cat-restauracija-un-iekstelpu-apdare-2","8":"product_cat-vaski","10":"first","11":"instock","12":"sale","13":"taxable","14":"shipping-taxable","15":"purchasable","16":"product-type-variable"},"acf":[],"yoast_head":"<!-- This site is optimized with the Yoast SEO plugin v24.1 - https:\/\/yoast.com\/wordpress\/plugins\/seo\/ -->\n<title>Vasks kokam Bloom 250ml &#8211; Skizze<\/title>\n<meta name=\"robots\" content=\"noindex, follow, max-snippet:-1, max-image-preview:large, max-video-preview:-1\" \/>\n<meta property=\"og:locale\" content=\"lv_LV\" \/>\n<meta property=\"og:type\" content=\"article\" \/>\n<meta property=\"og:title\" content=\"Vasks kokam Bloom 250ml &#8211; Skizze\" \/>\n<meta property=\"og:description\" content=\"Puscaursp\u012bd\u012bgs, pret nodilumu notur\u012bgs un net\u012brumus atgr\u016b\u017eo\u0161s vasks visa veida koka virsmu apstr\u0101dei iek\u0161telp\u0101s. Aizsarg\u0101 m\u0113beles pret ikdienas nodilumu un pie\u0161\u0137ir t\u0101m elegantu sat\u012bna sp\u012bduma gala efektu. Saglab\u0101 redzamu koka strukt\u016bru vienlaic\u012bgi aizsarg\u0101jot pret traipiem un skr\u0101p\u0113jumiem. Jauks rezult\u0101ts ieg\u016bstams bez liekas piep\u016bles.\" \/>\n<meta property=\"og:url\" content=\"https:\/\/hobstop.ee\/lv\/produkts\/vasks-kokam-bloom-250ml\/\" \/>\n<meta property=\"og:site_name\" content=\"Skizze\" \/>\n<meta property=\"article:publisher\" content=\"http:\/\/www.facebook.com\/VunderSkizze\" \/>\n<meta property=\"og:image\" content=\"https:\/\/hobstop.ee\/media\/2493.jpg\" \/>\n\t<meta property=\"og:image:width\" content=\"1024\" \/>\n\t<meta property=\"og:image:height\" content=\"768\" \/>\n\t<meta property=\"og:image:type\" content=\"image\/jpeg\" \/>\n<meta name=\"twitter:card\" content=\"summary_large_image\" \/>\n<script type=\"application\/ld+json\" class=\"yoast-schema-graph\">{\"@context\":\"https:\/\/schema.org\",\"@graph\":[{\"@type\":\"WebPage\",\"@id\":\"https:\/\/hobstop.ee\/lv\/produkts\/vasks-kokam-bloom-250ml\/\",\"url\":\"https:\/\/hobstop.ee\/lv\/produkts\/vasks-kokam-bloom-250ml\/\",\"name\":\"Vasks kokam Bloom 250ml &#8211; Skizze\",\"isPartOf\":{\"@id\":\"https:\/\/hobstop.ee\/lv\/#website\"},\"primaryImageOfPage\":{\"@id\":\"https:\/\/hobstop.ee\/lv\/produkts\/vasks-kokam-bloom-250ml\/#primaryimage\"},\"image\":{\"@id\":\"https:\/\/hobstop.ee\/lv\/produkts\/vasks-kokam-bloom-250ml\/#primaryimage\"},\"thumbnailUrl\":\"https:\/\/hobstop.ee\/media\/2493.jpg\",\"datePublished\":\"2014-12-09T10:59:51+00:00\",\"dateModified\":\"2014-12-09T10:59:51+00:00\",\"breadcrumb\":{\"@id\":\"https:\/\/hobstop.ee\/lv\/produkts\/vasks-kokam-bloom-250ml\/#breadcrumb\"},\"inLanguage\":\"lv-LV\",\"potentialAction\":[{\"@type\":\"ReadAction\",\"target\":[\"https:\/\/hobstop.ee\/lv\/produkts\/vasks-kokam-bloom-250ml\/\"]}]},{\"@type\":\"ImageObject\",\"inLanguage\":\"lv-LV\",\"@id\":\"https:\/\/hobstop.ee\/lv\/produkts\/vasks-kokam-bloom-250ml\/#primaryimage\",\"url\":\"https:\/\/hobstop.ee\/media\/2493.jpg\",\"contentUrl\":\"https:\/\/hobstop.ee\/media\/2493.jpg\",\"width\":1024,\"height\":768},{\"@type\":\"BreadcrumbList\",\"@id\":\"https:\/\/hobstop.ee\/lv\/produkts\/vasks-kokam-bloom-250ml\/#breadcrumb\",\"itemListElement\":[{\"@type\":\"ListItem\",\"position\":1,\"name\":\"Avaleht\",\"item\":\"https:\/\/hobstop.ee\/lv\/\"},{\"@type\":\"ListItem\",\"position\":2,\"name\":\"Veikals\",\"item\":\"https:\/\/hobstop.ee\/lv\/veikals\/\"},{\"@type\":\"ListItem\",\"position\":3,\"name\":\"Vasks kokam Bloom 250ml\"}]},{\"@type\":\"WebSite\",\"@id\":\"https:\/\/hobstop.ee\/lv\/#website\",\"url\":\"https:\/\/hobstop.ee\/lv\/\",\"name\":\"Skizze\",\"description\":\"M\u0101kslas, hobiju un skolas preces\",\"publisher\":{\"@id\":\"https:\/\/hobstop.ee\/lv\/#organization\"},\"potentialAction\":[{\"@type\":\"SearchAction\",\"target\":{\"@type\":\"EntryPoint\",\"urlTemplate\":\"https:\/\/hobstop.ee\/lv\/?s={search_term_string}\"},\"query-input\":{\"@type\":\"PropertyValueSpecification\",\"valueRequired\":true,\"valueName\":\"search_term_string\"}}],\"inLanguage\":\"lv-LV\"},{\"@type\":\"Organization\",\"@id\":\"https:\/\/hobstop.ee\/lv\/#organization\",\"name\":\"Vunder AS\",\"url\":\"https:\/\/hobstop.ee\/lv\/\",\"logo\":{\"@type\":\"ImageObject\",\"inLanguage\":\"lv-LV\",\"@id\":\"https:\/\/hobstop.ee\/lv\/#\/schema\/logo\/image\/\",\"url\":\"https:\/\/hobstop.ee\/media\/vunder-logo.png\",\"contentUrl\":\"https:\/\/hobstop.ee\/media\/vunder-logo.png\",\"width\":127,\"height\":55,\"caption\":\"Vunder AS\"},\"image\":{\"@id\":\"https:\/\/hobstop.ee\/lv\/#\/schema\/logo\/image\/\"},\"sameAs\":[\"http:\/\/www.facebook.com\/VunderSkizze\"]}]}<\/script>\n<!-- \/ Yoast SEO plugin. -->","yoast_head_json":{"title":"Vasks kokam Bloom 250ml &#8211; Skizze","robots":{"index":"noindex","follow":"follow","max-snippet":"max-snippet:-1","max-image-preview":"max-image-preview:large","max-video-preview":"max-video-preview:-1"},"og_locale":"lv_LV","og_type":"article","og_title":"Vasks kokam Bloom 250ml &#8211; Skizze","og_description":"Puscaursp\u012bd\u012bgs, pret nodilumu notur\u012bgs un net\u012brumus atgr\u016b\u017eo\u0161s vasks visa veida koka virsmu apstr\u0101dei iek\u0161telp\u0101s. Aizsarg\u0101 m\u0113beles pret ikdienas nodilumu un pie\u0161\u0137ir t\u0101m elegantu sat\u012bna sp\u012bduma gala efektu. Saglab\u0101 redzamu koka strukt\u016bru vienlaic\u012bgi aizsarg\u0101jot pret traipiem un skr\u0101p\u0113jumiem. Jauks rezult\u0101ts ieg\u016bstams bez liekas piep\u016bles.","og_url":"https:\/\/hobstop.ee\/lv\/produkts\/vasks-kokam-bloom-250ml\/","og_site_name":"Skizze","article_publisher":"http:\/\/www.facebook.com\/VunderSkizze","og_image":[{"width":1024,"height":768,"url":"https:\/\/hobstop.ee\/media\/2493.jpg","type":"image\/jpeg"}],"twitter_card":"summary_large_image","schema":{"@context":"https:\/\/schema.org","@graph":[{"@type":"WebPage","@id":"https:\/\/hobstop.ee\/lv\/produkts\/vasks-kokam-bloom-250ml\/","url":"https:\/\/hobstop.ee\/lv\/produkts\/vasks-kokam-bloom-250ml\/","name":"Vasks kokam Bloom 250ml &#8211; Skizze","isPartOf":{"@id":"https:\/\/hobstop.ee\/lv\/#website"},"primaryImageOfPage":{"@id":"https:\/\/hobstop.ee\/lv\/produkts\/vasks-kokam-bloom-250ml\/#primaryimage"},"image":{"@id":"https:\/\/hobstop.ee\/lv\/produkts\/vasks-kokam-bloom-250ml\/#primaryimage"},"thumbnailUrl":"https:\/\/hobstop.ee\/media\/2493.jpg","datePublished":"2014-12-09T10:59:51+00:00","dateModified":"2014-12-09T10:59:51+00:00","breadcrumb":{"@id":"https:\/\/hobstop.ee\/lv\/produkts\/vasks-kokam-bloom-250ml\/#breadcrumb"},"inLanguage":"lv-LV","potentialAction":[{"@type":"ReadAction","target":["https:\/\/hobstop.ee\/lv\/produkts\/vasks-kokam-bloom-250ml\/"]}]},{"@type":"ImageObject","inLanguage":"lv-LV","@id":"https:\/\/hobstop.ee\/lv\/produkts\/vasks-kokam-bloom-250ml\/#primaryimage","url":"https:\/\/hobstop.ee\/media\/2493.jpg","contentUrl":"https:\/\/hobstop.ee\/media\/2493.jpg","width":1024,"height":768},{"@type":"BreadcrumbList","@id":"https:\/\/hobstop.ee\/lv\/produkts\/vasks-kokam-bloom-250ml\/#breadcrumb","itemListElement":[{"@type":"ListItem","position":1,"name":"Avaleht","item":"https:\/\/hobstop.ee\/lv\/"},{"@type":"ListItem","position":2,"name":"Veikals","item":"https:\/\/hobstop.ee\/lv\/veikals\/"},{"@type":"ListItem","position":3,"name":"Vasks kokam Bloom 250ml"}]},{"@type":"WebSite","@id":"https:\/\/hobstop.ee\/lv\/#website","url":"https:\/\/hobstop.ee\/lv\/","name":"Skizze","description":"M\u0101kslas, hobiju un skolas preces","publisher":{"@id":"https:\/\/hobstop.ee\/lv\/#organization"},"potentialAction":[{"@type":"SearchAction","target":{"@type":"EntryPoint","urlTemplate":"https:\/\/hobstop.ee\/lv\/?s={search_term_string}"},"query-input":{"@type":"PropertyValueSpecification","valueRequired":true,"valueName":"search_term_string"}}],"inLanguage":"lv-LV"},{"@type":"Organization","@id":"https:\/\/hobstop.ee\/lv\/#organization","name":"Vunder AS","url":"https:\/\/hobstop.ee\/lv\/","logo":{"@type":"ImageObject","inLanguage":"lv-LV","@id":"https:\/\/hobstop.ee\/lv\/#\/schema\/logo\/image\/","url":"https:\/\/hobstop.ee\/media\/vunder-logo.png","contentUrl":"https:\/\/hobstop.ee\/media\/vunder-logo.png","width":127,"height":55,"caption":"Vunder AS"},"image":{"@id":"https:\/\/hobstop.ee\/lv\/#\/schema\/logo\/image\/"},"sameAs":["http:\/\/www.facebook.com\/VunderSkizze"]}]}},"_links":{"self":[{"href":"https:\/\/hobstop.ee\/lv\/wp-json\/wp\/v2\/product\/24480","targetHints":{"allow":["GET"]}}],"collection":[{"href":"https:\/\/hobstop.ee\/lv\/wp-json\/wp\/v2\/product"}],"about":[{"href":"https:\/\/hobstop.ee\/lv\/wp-json\/wp\/v2\/types\/product"}],"replies":[{"embeddable":true,"href":"https:\/\/hobstop.ee\/lv\/wp-json\/wp\/v2\/comments?post=24480"}],"wp:featuredmedia":[{"embeddable":true,"href":"https:\/\/hobstop.ee\/lv\/wp-json\/wp\/v2\/media\/104902"}],"wp:attachment":[{"href":"https:\/\/hobstop.ee\/lv\/wp-json\/wp\/v2\/media?parent=24480"}],"wp:term":[{"taxonomy":"product_cat","embeddable":true,"href":"https:\/\/hobstop.ee\/lv\/wp-json\/wp\/v2\/product_cat?post=24480"},{"taxonomy":"product_tag","embeddable":true,"href":"https:\/\/hobstop.ee\/lv\/wp-json\/wp\/v2\/product_tag?post=24480"}],"curies":[{"name":"wp","href":"https:\/\/api.w.org\/{rel}","templated":true}]}}