{"id":24489,"date":"2014-12-09T13:00:04","date_gmt":"2014-12-09T11:00:04","guid":{"rendered":"https:\/\/sharks.ee\/vunder_2019.klient.veebimajutus.ee\/?post_type=product&#038;p=24489"},"modified":"2014-12-09T13:00:04","modified_gmt":"2014-12-09T11:00:04","slug":"kokosa-krasa-bloom-250ml","status":"publish","type":"product","link":"https:\/\/hobstop.ee\/lv\/produkts\/kokosa-krasa-bloom-250ml\/","title":{"rendered":"Kokosa kr\u0101sa Bloom 250ml"},"content":{"rendered":"<p>BLOOM kokosa kr\u0101sa ir uz piena kaze\u012bna b\u0101zes veidota ekolo\u0123iska kr\u0101sa, kas nesatur ind\u012bgas vielas un kas izgatavota no dab\u012bg\u0101m izejviel\u0101m. Pateicoties kr\u0101sas labajai nokl\u0101\u0161anas sp\u0113jai, to var izmantot ar\u012b tum\u0161u virsmu p\u0101rkr\u0101so\u0161anai gai\u0161\u0101k\u0101 kr\u0101s\u0101. Izmantojot kokosa kr\u0101sas, tiek ieg\u016bta pat\u012bkama, piln\u012bgi mat\u0113ta virsma, kurai novecojot veidojas s\u016bb\u0113juma k\u0101rta. BLOOM kr\u0101sas ir \u016bden\u012b \u0161\u0137\u012bsto\u0161as.<br \/>\nP\u0101rkl\u0101jums: 12m\u00b2\/L<br \/>\n\u017d\u016b\u0161anas laiks: 4h<br \/>\nDarba r\u012bki: ota<br \/>\nDarba r\u012bku t\u012br\u012b\u0161ana: \u016bdens un ziepes<\/p>\n","protected":false},"excerpt":{"rendered":"<p>BLOOM kokosa kr\u0101sa ir uz piena kaze\u012bna b\u0101zes veidota ekolo\u0123iska kr\u0101sa, kas nesatur ind\u012bgas vielas un kas izgatavota no dab\u012bg\u0101m izejviel\u0101m. Pateicoties kr\u0101sas labajai nokl\u0101\u0161anas sp\u0113jai, to var izmantot ar\u012b tum\u0161u virsmu p\u0101rkr\u0101so\u0161anai gai\u0161\u0101k\u0101 kr\u0101s\u0101. Izmantojot kokosa kr\u0101sas, tiek ieg\u016bta pat\u012bkama, piln\u012bgi mat\u0113ta virsma, kurai novecojot veidojas s\u016bb\u0113juma k\u0101rta. BLOOM kr\u0101sas ir \u016bden\u012b \u0161\u0137\u012bsto\u0161as. P\u0101rkl\u0101jums: 12m\u00b2\/L \u017d\u016b\u0161anas laiks: 4h Darba r\u012bki: ota Darba r\u012bku t\u012br\u012b\u0161ana: \u016bdens un ziepes<\/p>\n","protected":false},"featured_media":0,"comment_status":"closed","ping_status":"closed","template":"","meta":{"_acf_changed":false,"ep_exclude_from_search":false},"product_cat":[18563,17946,14970],"product_tag":[],"class_list":{"0":"post-24489","1":"product","2":"type-product","3":"status-publish","5":"product_cat-iekstelpu-apdare","6":"product_cat-krasas-3","7":"product_cat-restauracija-un-iekstelpu-apdare-2","8":"pa_kma-6251","9":"pa_kma-6254","10":"pa_kma-6257","12":"first","13":"instock","14":"sale","15":"taxable","16":"shipping-taxable","17":"purchasable","18":"product-type-variable"},"acf":[],"yoast_head":"<!-- This site is optimized with the Yoast SEO plugin v24.1 - https:\/\/yoast.com\/wordpress\/plugins\/seo\/ -->\n<title>Kokosa kr\u0101sa Bloom 250ml &#8211; Skizze<\/title>\n<meta name=\"robots\" content=\"noindex, follow, max-snippet:-1, max-image-preview:large, max-video-preview:-1\" \/>\n<meta property=\"og:locale\" content=\"lv_LV\" \/>\n<meta property=\"og:type\" content=\"article\" \/>\n<meta property=\"og:title\" content=\"Kokosa kr\u0101sa Bloom 250ml &#8211; Skizze\" \/>\n<meta property=\"og:description\" content=\"BLOOM kokosa kr\u0101sa ir uz piena kaze\u012bna b\u0101zes veidota ekolo\u0123iska kr\u0101sa, kas nesatur ind\u012bgas vielas un kas izgatavota no dab\u012bg\u0101m izejviel\u0101m. Pateicoties kr\u0101sas labajai nokl\u0101\u0161anas sp\u0113jai, to var izmantot ar\u012b tum\u0161u virsmu p\u0101rkr\u0101so\u0161anai gai\u0161\u0101k\u0101 kr\u0101s\u0101. Izmantojot kokosa kr\u0101sas, tiek ieg\u016bta pat\u012bkama, piln\u012bgi mat\u0113ta virsma, kurai novecojot veidojas s\u016bb\u0113juma k\u0101rta. BLOOM kr\u0101sas ir \u016bden\u012b \u0161\u0137\u012bsto\u0161as. P\u0101rkl\u0101jums: 12m\u00b2\/L \u017d\u016b\u0161anas laiks: 4h Darba r\u012bki: ota Darba r\u012bku t\u012br\u012b\u0161ana: \u016bdens un ziepes\" \/>\n<meta property=\"og:url\" content=\"https:\/\/hobstop.ee\/lv\/produkts\/kokosa-krasa-bloom-250ml\/\" \/>\n<meta property=\"og:site_name\" content=\"Skizze\" \/>\n<meta property=\"article:publisher\" content=\"http:\/\/www.facebook.com\/VunderSkizze\" \/>\n<meta name=\"twitter:card\" content=\"summary_large_image\" \/>\n<meta name=\"twitter:label1\" content=\"Est. reading time\" \/>\n\t<meta name=\"twitter:data1\" content=\"1 min\u016b\u0161u\" \/>\n<script type=\"application\/ld+json\" class=\"yoast-schema-graph\">{\"@context\":\"https:\/\/schema.org\",\"@graph\":[{\"@type\":\"WebPage\",\"@id\":\"https:\/\/hobstop.ee\/lv\/produkts\/kokosa-krasa-bloom-250ml\/\",\"url\":\"https:\/\/hobstop.ee\/lv\/produkts\/kokosa-krasa-bloom-250ml\/\",\"name\":\"Kokosa kr\u0101sa Bloom 250ml &#8211; Skizze\",\"isPartOf\":{\"@id\":\"https:\/\/hobstop.ee\/lv\/#website\"},\"datePublished\":\"2014-12-09T11:00:04+00:00\",\"dateModified\":\"2014-12-09T11:00:04+00:00\",\"breadcrumb\":{\"@id\":\"https:\/\/hobstop.ee\/lv\/produkts\/kokosa-krasa-bloom-250ml\/#breadcrumb\"},\"inLanguage\":\"lv-LV\",\"potentialAction\":[{\"@type\":\"ReadAction\",\"target\":[\"https:\/\/hobstop.ee\/lv\/produkts\/kokosa-krasa-bloom-250ml\/\"]}]},{\"@type\":\"BreadcrumbList\",\"@id\":\"https:\/\/hobstop.ee\/lv\/produkts\/kokosa-krasa-bloom-250ml\/#breadcrumb\",\"itemListElement\":[{\"@type\":\"ListItem\",\"position\":1,\"name\":\"Avaleht\",\"item\":\"https:\/\/www.hobstop.ee\/lv\/\"},{\"@type\":\"ListItem\",\"position\":2,\"name\":\"Veikals\",\"item\":\"https:\/\/www.hobstop.ee\/lv\/veikals\/\"},{\"@type\":\"ListItem\",\"position\":3,\"name\":\"Kokosa kr\u0101sa Bloom 250ml\"}]},{\"@type\":\"WebSite\",\"@id\":\"https:\/\/hobstop.ee\/lv\/#website\",\"url\":\"https:\/\/hobstop.ee\/lv\/\",\"name\":\"Skizze\",\"description\":\"M\u0101kslas, hobiju un skolas preces\",\"publisher\":{\"@id\":\"https:\/\/hobstop.ee\/lv\/#organization\"},\"potentialAction\":[{\"@type\":\"SearchAction\",\"target\":{\"@type\":\"EntryPoint\",\"urlTemplate\":\"https:\/\/hobstop.ee\/lv\/?s={search_term_string}\"},\"query-input\":{\"@type\":\"PropertyValueSpecification\",\"valueRequired\":true,\"valueName\":\"search_term_string\"}}],\"inLanguage\":\"lv-LV\"},{\"@type\":\"Organization\",\"@id\":\"https:\/\/hobstop.ee\/lv\/#organization\",\"name\":\"Vunder AS\",\"url\":\"https:\/\/hobstop.ee\/lv\/\",\"logo\":{\"@type\":\"ImageObject\",\"inLanguage\":\"lv-LV\",\"@id\":\"https:\/\/hobstop.ee\/lv\/#\/schema\/logo\/image\/\",\"url\":\"https:\/\/hobstop.ee\/media\/vunder-logo.png\",\"contentUrl\":\"https:\/\/hobstop.ee\/media\/vunder-logo.png\",\"width\":127,\"height\":55,\"caption\":\"Vunder AS\"},\"image\":{\"@id\":\"https:\/\/hobstop.ee\/lv\/#\/schema\/logo\/image\/\"},\"sameAs\":[\"http:\/\/www.facebook.com\/VunderSkizze\"]}]}<\/script>\n<!-- \/ Yoast SEO plugin. -->","yoast_head_json":{"title":"Kokosa kr\u0101sa Bloom 250ml &#8211; Skizze","robots":{"index":"noindex","follow":"follow","max-snippet":"max-snippet:-1","max-image-preview":"max-image-preview:large","max-video-preview":"max-video-preview:-1"},"og_locale":"lv_LV","og_type":"article","og_title":"Kokosa kr\u0101sa Bloom 250ml &#8211; Skizze","og_description":"BLOOM kokosa kr\u0101sa ir uz piena kaze\u012bna b\u0101zes veidota ekolo\u0123iska kr\u0101sa, kas nesatur ind\u012bgas vielas un kas izgatavota no dab\u012bg\u0101m izejviel\u0101m. Pateicoties kr\u0101sas labajai nokl\u0101\u0161anas sp\u0113jai, to var izmantot ar\u012b tum\u0161u virsmu p\u0101rkr\u0101so\u0161anai gai\u0161\u0101k\u0101 kr\u0101s\u0101. Izmantojot kokosa kr\u0101sas, tiek ieg\u016bta pat\u012bkama, piln\u012bgi mat\u0113ta virsma, kurai novecojot veidojas s\u016bb\u0113juma k\u0101rta. BLOOM kr\u0101sas ir \u016bden\u012b \u0161\u0137\u012bsto\u0161as. P\u0101rkl\u0101jums: 12m\u00b2\/L \u017d\u016b\u0161anas laiks: 4h Darba r\u012bki: ota Darba r\u012bku t\u012br\u012b\u0161ana: \u016bdens un ziepes","og_url":"https:\/\/hobstop.ee\/lv\/produkts\/kokosa-krasa-bloom-250ml\/","og_site_name":"Skizze","article_publisher":"http:\/\/www.facebook.com\/VunderSkizze","twitter_card":"summary_large_image","twitter_misc":{"Est. reading time":"1 min\u016b\u0161u"},"schema":{"@context":"https:\/\/schema.org","@graph":[{"@type":"WebPage","@id":"https:\/\/hobstop.ee\/lv\/produkts\/kokosa-krasa-bloom-250ml\/","url":"https:\/\/hobstop.ee\/lv\/produkts\/kokosa-krasa-bloom-250ml\/","name":"Kokosa kr\u0101sa Bloom 250ml &#8211; Skizze","isPartOf":{"@id":"https:\/\/hobstop.ee\/lv\/#website"},"datePublished":"2014-12-09T11:00:04+00:00","dateModified":"2014-12-09T11:00:04+00:00","breadcrumb":{"@id":"https:\/\/hobstop.ee\/lv\/produkts\/kokosa-krasa-bloom-250ml\/#breadcrumb"},"inLanguage":"lv-LV","potentialAction":[{"@type":"ReadAction","target":["https:\/\/hobstop.ee\/lv\/produkts\/kokosa-krasa-bloom-250ml\/"]}]},{"@type":"BreadcrumbList","@id":"https:\/\/hobstop.ee\/lv\/produkts\/kokosa-krasa-bloom-250ml\/#breadcrumb","itemListElement":[{"@type":"ListItem","position":1,"name":"Avaleht","item":"https:\/\/www.hobstop.ee\/lv\/"},{"@type":"ListItem","position":2,"name":"Veikals","item":"https:\/\/www.hobstop.ee\/lv\/veikals\/"},{"@type":"ListItem","position":3,"name":"Kokosa kr\u0101sa Bloom 250ml"}]},{"@type":"WebSite","@id":"https:\/\/hobstop.ee\/lv\/#website","url":"https:\/\/hobstop.ee\/lv\/","name":"Skizze","description":"M\u0101kslas, hobiju un skolas preces","publisher":{"@id":"https:\/\/hobstop.ee\/lv\/#organization"},"potentialAction":[{"@type":"SearchAction","target":{"@type":"EntryPoint","urlTemplate":"https:\/\/hobstop.ee\/lv\/?s={search_term_string}"},"query-input":{"@type":"PropertyValueSpecification","valueRequired":true,"valueName":"search_term_string"}}],"inLanguage":"lv-LV"},{"@type":"Organization","@id":"https:\/\/hobstop.ee\/lv\/#organization","name":"Vunder AS","url":"https:\/\/hobstop.ee\/lv\/","logo":{"@type":"ImageObject","inLanguage":"lv-LV","@id":"https:\/\/hobstop.ee\/lv\/#\/schema\/logo\/image\/","url":"https:\/\/hobstop.ee\/media\/vunder-logo.png","contentUrl":"https:\/\/hobstop.ee\/media\/vunder-logo.png","width":127,"height":55,"caption":"Vunder AS"},"image":{"@id":"https:\/\/hobstop.ee\/lv\/#\/schema\/logo\/image\/"},"sameAs":["http:\/\/www.facebook.com\/VunderSkizze"]}]}},"_links":{"self":[{"href":"https:\/\/hobstop.ee\/lv\/wp-json\/wp\/v2\/product\/24489","targetHints":{"allow":["GET"]}}],"collection":[{"href":"https:\/\/hobstop.ee\/lv\/wp-json\/wp\/v2\/product"}],"about":[{"href":"https:\/\/hobstop.ee\/lv\/wp-json\/wp\/v2\/types\/product"}],"replies":[{"embeddable":true,"href":"https:\/\/hobstop.ee\/lv\/wp-json\/wp\/v2\/comments?post=24489"}],"wp:attachment":[{"href":"https:\/\/hobstop.ee\/lv\/wp-json\/wp\/v2\/media?parent=24489"}],"wp:term":[{"taxonomy":"product_cat","embeddable":true,"href":"https:\/\/hobstop.ee\/lv\/wp-json\/wp\/v2\/product_cat?post=24489"},{"taxonomy":"product_tag","embeddable":true,"href":"https:\/\/hobstop.ee\/lv\/wp-json\/wp\/v2\/product_tag?post=24489"}],"curies":[{"name":"wp","href":"https:\/\/api.w.org\/{rel}","templated":true}]}}