{"id":24491,"date":"2014-12-09T13:00:05","date_gmt":"2014-12-09T11:00:05","guid":{"rendered":"https:\/\/sharks.ee\/vunder_2019.klient.veebimajutus.ee\/?post_type=product&#038;p=24491"},"modified":"2014-12-09T13:00:05","modified_gmt":"2014-12-09T11:00:05","slug":"minerala-krasa-bloom-1l","status":"publish","type":"product","link":"https:\/\/hobstop.ee\/lv\/produkts\/minerala-krasa-bloom-1l\/","title":{"rendered":"Miner\u0101l\u0101 kr\u0101sa Bloom 1L"},"content":{"rendered":"<p>Izmantojot kop\u0101 ar perlamutra glaz\u016bru, tiek ieg\u016bta miner\u0101la strukt\u016brai l\u012bdz\u012bga virsma. Tas ir pirm\u0101 etapa produkts miner\u0101la strukt\u016bras raksta veido\u0161an\u0101. Miner\u0101la strukt\u016bras raksts ir piem\u0113rots m\u0113be\u013cu un koka virsmu dekor\u0113\u0161anai iek\u0161telp\u0101s (dz\u012bvojam\u0101s istab\u0101s, gu\u013camistab\u0101s, birojos u.t.t.)<\/p>\n","protected":false},"excerpt":{"rendered":"<p>Izmantojot kop\u0101 ar perlamutra glaz\u016bru, tiek ieg\u016bta miner\u0101la strukt\u016brai l\u012bdz\u012bga virsma. Tas ir pirm\u0101 etapa produkts miner\u0101la strukt\u016bras raksta veido\u0161an\u0101. Miner\u0101la strukt\u016bras raksts ir piem\u0113rots m\u0113be\u013cu un koka virsmu dekor\u0113\u0161anai iek\u0161telp\u0101s (dz\u012bvojam\u0101s istab\u0101s, gu\u013camistab\u0101s, birojos u.t.t.)<\/p>\n","protected":false},"featured_media":0,"comment_status":"closed","ping_status":"closed","template":"","meta":{"_acf_changed":false,"ep_exclude_from_search":false},"product_cat":[18563,17946,14970],"product_tag":[],"class_list":{"0":"post-24491","1":"product","2":"type-product","3":"status-publish","5":"product_cat-iekstelpu-apdare","6":"product_cat-krasas-3","7":"product_cat-restauracija-un-iekstelpu-apdare-2","9":"first","10":"outofstock","11":"sale","12":"taxable","13":"shipping-taxable","14":"purchasable","15":"product-type-variable"},"acf":[],"yoast_head":"<!-- This site is optimized with the Yoast SEO plugin v24.1 - https:\/\/yoast.com\/wordpress\/plugins\/seo\/ -->\n<title>Miner\u0101l\u0101 kr\u0101sa Bloom 1L &#8211; Skizze<\/title>\n<meta name=\"robots\" content=\"noindex, follow, max-snippet:-1, max-image-preview:large, max-video-preview:-1\" \/>\n<meta property=\"og:locale\" content=\"lv_LV\" \/>\n<meta property=\"og:type\" content=\"article\" \/>\n<meta property=\"og:title\" content=\"Miner\u0101l\u0101 kr\u0101sa Bloom 1L &#8211; Skizze\" \/>\n<meta property=\"og:description\" content=\"Izmantojot kop\u0101 ar perlamutra glaz\u016bru, tiek ieg\u016bta miner\u0101la strukt\u016brai l\u012bdz\u012bga virsma. Tas ir pirm\u0101 etapa produkts miner\u0101la strukt\u016bras raksta veido\u0161an\u0101. Miner\u0101la strukt\u016bras raksts ir piem\u0113rots m\u0113be\u013cu un koka virsmu dekor\u0113\u0161anai iek\u0161telp\u0101s (dz\u012bvojam\u0101s istab\u0101s, gu\u013camistab\u0101s, birojos u.t.t.)\" \/>\n<meta property=\"og:url\" content=\"https:\/\/hobstop.ee\/lv\/produkts\/minerala-krasa-bloom-1l\/\" \/>\n<meta property=\"og:site_name\" content=\"Skizze\" \/>\n<meta property=\"article:publisher\" content=\"http:\/\/www.facebook.com\/VunderSkizze\" \/>\n<meta name=\"twitter:card\" content=\"summary_large_image\" \/>\n<script type=\"application\/ld+json\" class=\"yoast-schema-graph\">{\"@context\":\"https:\/\/schema.org\",\"@graph\":[{\"@type\":\"WebPage\",\"@id\":\"https:\/\/hobstop.ee\/lv\/produkts\/minerala-krasa-bloom-1l\/\",\"url\":\"https:\/\/hobstop.ee\/lv\/produkts\/minerala-krasa-bloom-1l\/\",\"name\":\"Miner\u0101l\u0101 kr\u0101sa Bloom 1L &#8211; Skizze\",\"isPartOf\":{\"@id\":\"https:\/\/hobstop.ee\/lv\/#website\"},\"datePublished\":\"2014-12-09T11:00:05+00:00\",\"dateModified\":\"2014-12-09T11:00:05+00:00\",\"breadcrumb\":{\"@id\":\"https:\/\/hobstop.ee\/lv\/produkts\/minerala-krasa-bloom-1l\/#breadcrumb\"},\"inLanguage\":\"lv-LV\",\"potentialAction\":[{\"@type\":\"ReadAction\",\"target\":[\"https:\/\/hobstop.ee\/lv\/produkts\/minerala-krasa-bloom-1l\/\"]}]},{\"@type\":\"BreadcrumbList\",\"@id\":\"https:\/\/hobstop.ee\/lv\/produkts\/minerala-krasa-bloom-1l\/#breadcrumb\",\"itemListElement\":[{\"@type\":\"ListItem\",\"position\":1,\"name\":\"Avaleht\",\"item\":\"https:\/\/hobstop.ee\/lv\/\"},{\"@type\":\"ListItem\",\"position\":2,\"name\":\"Veikals\",\"item\":\"https:\/\/hobstop.ee\/lv\/veikals\/\"},{\"@type\":\"ListItem\",\"position\":3,\"name\":\"Miner\u0101l\u0101 kr\u0101sa Bloom 1L\"}]},{\"@type\":\"WebSite\",\"@id\":\"https:\/\/hobstop.ee\/lv\/#website\",\"url\":\"https:\/\/hobstop.ee\/lv\/\",\"name\":\"Skizze\",\"description\":\"M\u0101kslas, hobiju un skolas preces\",\"publisher\":{\"@id\":\"https:\/\/hobstop.ee\/lv\/#organization\"},\"potentialAction\":[{\"@type\":\"SearchAction\",\"target\":{\"@type\":\"EntryPoint\",\"urlTemplate\":\"https:\/\/hobstop.ee\/lv\/?s={search_term_string}\"},\"query-input\":{\"@type\":\"PropertyValueSpecification\",\"valueRequired\":true,\"valueName\":\"search_term_string\"}}],\"inLanguage\":\"lv-LV\"},{\"@type\":\"Organization\",\"@id\":\"https:\/\/hobstop.ee\/lv\/#organization\",\"name\":\"Vunder AS\",\"url\":\"https:\/\/hobstop.ee\/lv\/\",\"logo\":{\"@type\":\"ImageObject\",\"inLanguage\":\"lv-LV\",\"@id\":\"https:\/\/hobstop.ee\/lv\/#\/schema\/logo\/image\/\",\"url\":\"https:\/\/hobstop.ee\/media\/vunder-logo.png\",\"contentUrl\":\"https:\/\/hobstop.ee\/media\/vunder-logo.png\",\"width\":127,\"height\":55,\"caption\":\"Vunder AS\"},\"image\":{\"@id\":\"https:\/\/hobstop.ee\/lv\/#\/schema\/logo\/image\/\"},\"sameAs\":[\"http:\/\/www.facebook.com\/VunderSkizze\"]}]}<\/script>\n<!-- \/ Yoast SEO plugin. -->","yoast_head_json":{"title":"Miner\u0101l\u0101 kr\u0101sa Bloom 1L &#8211; Skizze","robots":{"index":"noindex","follow":"follow","max-snippet":"max-snippet:-1","max-image-preview":"max-image-preview:large","max-video-preview":"max-video-preview:-1"},"og_locale":"lv_LV","og_type":"article","og_title":"Miner\u0101l\u0101 kr\u0101sa Bloom 1L &#8211; Skizze","og_description":"Izmantojot kop\u0101 ar perlamutra glaz\u016bru, tiek ieg\u016bta miner\u0101la strukt\u016brai l\u012bdz\u012bga virsma. Tas ir pirm\u0101 etapa produkts miner\u0101la strukt\u016bras raksta veido\u0161an\u0101. Miner\u0101la strukt\u016bras raksts ir piem\u0113rots m\u0113be\u013cu un koka virsmu dekor\u0113\u0161anai iek\u0161telp\u0101s (dz\u012bvojam\u0101s istab\u0101s, gu\u013camistab\u0101s, birojos u.t.t.)","og_url":"https:\/\/hobstop.ee\/lv\/produkts\/minerala-krasa-bloom-1l\/","og_site_name":"Skizze","article_publisher":"http:\/\/www.facebook.com\/VunderSkizze","twitter_card":"summary_large_image","schema":{"@context":"https:\/\/schema.org","@graph":[{"@type":"WebPage","@id":"https:\/\/hobstop.ee\/lv\/produkts\/minerala-krasa-bloom-1l\/","url":"https:\/\/hobstop.ee\/lv\/produkts\/minerala-krasa-bloom-1l\/","name":"Miner\u0101l\u0101 kr\u0101sa Bloom 1L &#8211; Skizze","isPartOf":{"@id":"https:\/\/hobstop.ee\/lv\/#website"},"datePublished":"2014-12-09T11:00:05+00:00","dateModified":"2014-12-09T11:00:05+00:00","breadcrumb":{"@id":"https:\/\/hobstop.ee\/lv\/produkts\/minerala-krasa-bloom-1l\/#breadcrumb"},"inLanguage":"lv-LV","potentialAction":[{"@type":"ReadAction","target":["https:\/\/hobstop.ee\/lv\/produkts\/minerala-krasa-bloom-1l\/"]}]},{"@type":"BreadcrumbList","@id":"https:\/\/hobstop.ee\/lv\/produkts\/minerala-krasa-bloom-1l\/#breadcrumb","itemListElement":[{"@type":"ListItem","position":1,"name":"Avaleht","item":"https:\/\/hobstop.ee\/lv\/"},{"@type":"ListItem","position":2,"name":"Veikals","item":"https:\/\/hobstop.ee\/lv\/veikals\/"},{"@type":"ListItem","position":3,"name":"Miner\u0101l\u0101 kr\u0101sa Bloom 1L"}]},{"@type":"WebSite","@id":"https:\/\/hobstop.ee\/lv\/#website","url":"https:\/\/hobstop.ee\/lv\/","name":"Skizze","description":"M\u0101kslas, hobiju un skolas preces","publisher":{"@id":"https:\/\/hobstop.ee\/lv\/#organization"},"potentialAction":[{"@type":"SearchAction","target":{"@type":"EntryPoint","urlTemplate":"https:\/\/hobstop.ee\/lv\/?s={search_term_string}"},"query-input":{"@type":"PropertyValueSpecification","valueRequired":true,"valueName":"search_term_string"}}],"inLanguage":"lv-LV"},{"@type":"Organization","@id":"https:\/\/hobstop.ee\/lv\/#organization","name":"Vunder AS","url":"https:\/\/hobstop.ee\/lv\/","logo":{"@type":"ImageObject","inLanguage":"lv-LV","@id":"https:\/\/hobstop.ee\/lv\/#\/schema\/logo\/image\/","url":"https:\/\/hobstop.ee\/media\/vunder-logo.png","contentUrl":"https:\/\/hobstop.ee\/media\/vunder-logo.png","width":127,"height":55,"caption":"Vunder AS"},"image":{"@id":"https:\/\/hobstop.ee\/lv\/#\/schema\/logo\/image\/"},"sameAs":["http:\/\/www.facebook.com\/VunderSkizze"]}]}},"_links":{"self":[{"href":"https:\/\/hobstop.ee\/lv\/wp-json\/wp\/v2\/product\/24491","targetHints":{"allow":["GET"]}}],"collection":[{"href":"https:\/\/hobstop.ee\/lv\/wp-json\/wp\/v2\/product"}],"about":[{"href":"https:\/\/hobstop.ee\/lv\/wp-json\/wp\/v2\/types\/product"}],"replies":[{"embeddable":true,"href":"https:\/\/hobstop.ee\/lv\/wp-json\/wp\/v2\/comments?post=24491"}],"wp:attachment":[{"href":"https:\/\/hobstop.ee\/lv\/wp-json\/wp\/v2\/media?parent=24491"}],"wp:term":[{"taxonomy":"product_cat","embeddable":true,"href":"https:\/\/hobstop.ee\/lv\/wp-json\/wp\/v2\/product_cat?post=24491"},{"taxonomy":"product_tag","embeddable":true,"href":"https:\/\/hobstop.ee\/lv\/wp-json\/wp\/v2\/product_tag?post=24491"}],"curies":[{"name":"wp","href":"https:\/\/api.w.org\/{rel}","templated":true}]}}