{"id":245286,"date":"2016-01-13T14:04:29","date_gmt":"2016-01-13T12:04:29","guid":{"rendered":"http:\/\/www.vunder.ee\/lv\/product\/kinas-kaligrafijas-otu-komplekts-manuscript-kazas\/"},"modified":"2016-01-13T14:04:29","modified_gmt":"2016-01-13T12:04:29","slug":"kinas-kaligrafijas-otu-komplekts-manuscript-kazas","status":"publish","type":"product","link":"https:\/\/hobstop.ee\/lv\/produkts\/kinas-kaligrafijas-otu-komplekts-manuscript-kazas\/","title":{"rendered":"\u0136\u012bnas kaligr\u0101fijas otu komplekts Manuscript kazas"},"content":{"rendered":"<p>Speci\u0101l\u0101 \u0136\u012bnas kaligr\u0101fijas oti\u0146a ir izgatavota no 100% dab\u012bg\u0101m kazas spalv\u0101m, bet t\u0101s k\u0101ts izgatavots no melna raga un bambusa un rot\u0101ts ar skaistiem \u0137\u012bnie\u0161u simboliem.  Otas gal\u0101 eso\u0161\u0101s spalvas ir \u012bpa\u0161i m\u012bkstas, kas nodro\u0161ina \u013coti elast\u012bgus otas vilcienus.  Pateicoties otas strukt\u016brai un formai, t\u0101 uzs\u016bc liel\u0101ku tintes daudzumu un t\u0101d\u0113j\u0101di dod iesp\u0113ju veidot gar\u0101ku nep\u0101rtrauktu raksta l\u012bniju.  Ide\u0101li piem\u0113rota \u0136\u012bnas kaligr\u0101fijas rakstiem, k\u0101 ar\u012b tintes gleznojumiem un kr\u0101sojumiem.  Paredz\u0113ta lieto\u0161anai vien\u012bgi ar \u0136\u012bnas tinti un uz \u016bdens b\u0101zes izgatavot\u0101m kr\u0101s\u0101m.<\/p>\n","protected":false},"excerpt":{"rendered":"<p>Speci\u0101l\u0101 \u0136\u012bnas kaligr\u0101fijas oti\u0146a ir izgatavota no 100% dab\u012bg\u0101m kazas spalv\u0101m, bet t\u0101s k\u0101ts izgatavots no melna raga un bambusa un rot\u0101ts ar skaistiem \u0137\u012bnie\u0161u simboliem. Otas gal\u0101 eso\u0161\u0101s spalvas ir \u012bpa\u0161i m\u012bkstas, kas nodro\u0161ina \u013coti elast\u012bgus otas vilcienus. Pateicoties otas strukt\u016brai un formai, t\u0101 uzs\u016bc liel\u0101ku tintes daudzumu un t\u0101d\u0113j\u0101di dod iesp\u0113ju veidot gar\u0101ku nep\u0101rtrauktu raksta l\u012bniju. Ide\u0101li piem\u0113rota \u0136\u012bnas kaligr\u0101fijas rakstiem, k\u0101 ar\u012b tintes gleznojumiem un kr\u0101sojumiem. Paredz\u0113ta lieto\u0161anai vien\u012bgi ar \u0136\u012bnas tinti un uz \u016bdens b\u0101zes izgatavot\u0101m kr\u0101s\u0101m.<\/p>\n","protected":false},"featured_media":245446,"comment_status":"closed","ping_status":"closed","template":"","meta":{"_acf_changed":false,"ep_exclude_from_search":false},"product_cat":[17975,16123,19779],"product_tag":[],"class_list":{"0":"post-245286","1":"product","2":"type-product","3":"status-publish","4":"has-post-thumbnail","6":"product_cat-kaligrafijas-piederumi","7":"product_cat-makslas-piederumi-2","8":"product_cat-otas-4","10":"first","11":"outofstock","12":"taxable","13":"shipping-taxable","14":"purchasable","15":"product-type-simple"},"acf":[],"yoast_head":"<!-- This site is optimized with the Yoast SEO plugin v24.1 - https:\/\/yoast.com\/wordpress\/plugins\/seo\/ -->\n<title>\u0136\u012bnas kaligr\u0101fijas otu komplekts Manuscript kazas &#8211; Skizze<\/title>\n<meta name=\"robots\" content=\"noindex, follow, max-snippet:-1, max-image-preview:large, max-video-preview:-1\" \/>\n<meta property=\"og:locale\" content=\"lv_LV\" \/>\n<meta property=\"og:type\" content=\"article\" \/>\n<meta property=\"og:title\" content=\"\u0136\u012bnas kaligr\u0101fijas otu komplekts Manuscript kazas &#8211; Skizze\" \/>\n<meta property=\"og:description\" content=\"Speci\u0101l\u0101 \u0136\u012bnas kaligr\u0101fijas oti\u0146a ir izgatavota no 100% dab\u012bg\u0101m kazas spalv\u0101m, bet t\u0101s k\u0101ts izgatavots no melna raga un bambusa un rot\u0101ts ar skaistiem \u0137\u012bnie\u0161u simboliem. Otas gal\u0101 eso\u0161\u0101s spalvas ir \u012bpa\u0161i m\u012bkstas, kas nodro\u0161ina \u013coti elast\u012bgus otas vilcienus. Pateicoties otas strukt\u016brai un formai, t\u0101 uzs\u016bc liel\u0101ku tintes daudzumu un t\u0101d\u0113j\u0101di dod iesp\u0113ju veidot gar\u0101ku nep\u0101rtrauktu raksta l\u012bniju. Ide\u0101li piem\u0113rota \u0136\u012bnas kaligr\u0101fijas rakstiem, k\u0101 ar\u012b tintes gleznojumiem un kr\u0101sojumiem. Paredz\u0113ta lieto\u0161anai vien\u012bgi ar \u0136\u012bnas tinti un uz \u016bdens b\u0101zes izgatavot\u0101m kr\u0101s\u0101m.\" \/>\n<meta property=\"og:url\" content=\"https:\/\/hobstop.ee\/lv\/produkts\/kinas-kaligrafijas-otu-komplekts-manuscript-kazas\/\" \/>\n<meta property=\"og:site_name\" content=\"Skizze\" \/>\n<meta property=\"article:publisher\" content=\"http:\/\/www.facebook.com\/VunderSkizze\" \/>\n<meta property=\"og:image\" content=\"https:\/\/hobstop.ee\/media\/3914.JPG\" \/>\n\t<meta property=\"og:image:width\" content=\"1024\" \/>\n\t<meta property=\"og:image:height\" content=\"768\" \/>\n\t<meta property=\"og:image:type\" content=\"image\/jpeg\" \/>\n<meta name=\"twitter:card\" content=\"summary_large_image\" \/>\n<meta name=\"twitter:label1\" content=\"Est. reading time\" \/>\n\t<meta name=\"twitter:data1\" content=\"1 min\u016b\u0161u\" \/>\n<script type=\"application\/ld+json\" class=\"yoast-schema-graph\">{\"@context\":\"https:\/\/schema.org\",\"@graph\":[{\"@type\":\"WebPage\",\"@id\":\"https:\/\/hobstop.ee\/lv\/produkts\/kinas-kaligrafijas-otu-komplekts-manuscript-kazas\/\",\"url\":\"https:\/\/hobstop.ee\/lv\/produkts\/kinas-kaligrafijas-otu-komplekts-manuscript-kazas\/\",\"name\":\"\u0136\u012bnas kaligr\u0101fijas otu komplekts Manuscript kazas &#8211; Skizze\",\"isPartOf\":{\"@id\":\"https:\/\/hobstop.ee\/lv\/#website\"},\"primaryImageOfPage\":{\"@id\":\"https:\/\/hobstop.ee\/lv\/produkts\/kinas-kaligrafijas-otu-komplekts-manuscript-kazas\/#primaryimage\"},\"image\":{\"@id\":\"https:\/\/hobstop.ee\/lv\/produkts\/kinas-kaligrafijas-otu-komplekts-manuscript-kazas\/#primaryimage\"},\"thumbnailUrl\":\"https:\/\/hobstop.ee\/media\/3914.JPG\",\"datePublished\":\"2016-01-13T12:04:29+00:00\",\"dateModified\":\"2016-01-13T12:04:29+00:00\",\"breadcrumb\":{\"@id\":\"https:\/\/hobstop.ee\/lv\/produkts\/kinas-kaligrafijas-otu-komplekts-manuscript-kazas\/#breadcrumb\"},\"inLanguage\":\"lv-LV\",\"potentialAction\":[{\"@type\":\"ReadAction\",\"target\":[\"https:\/\/hobstop.ee\/lv\/produkts\/kinas-kaligrafijas-otu-komplekts-manuscript-kazas\/\"]}]},{\"@type\":\"ImageObject\",\"inLanguage\":\"lv-LV\",\"@id\":\"https:\/\/hobstop.ee\/lv\/produkts\/kinas-kaligrafijas-otu-komplekts-manuscript-kazas\/#primaryimage\",\"url\":\"https:\/\/hobstop.ee\/media\/3914.JPG\",\"contentUrl\":\"https:\/\/hobstop.ee\/media\/3914.JPG\",\"width\":1024,\"height\":768},{\"@type\":\"BreadcrumbList\",\"@id\":\"https:\/\/hobstop.ee\/lv\/produkts\/kinas-kaligrafijas-otu-komplekts-manuscript-kazas\/#breadcrumb\",\"itemListElement\":[{\"@type\":\"ListItem\",\"position\":1,\"name\":\"Avaleht\",\"item\":\"https:\/\/www.hobstop.ee\/lv\/\"},{\"@type\":\"ListItem\",\"position\":2,\"name\":\"Veikals\",\"item\":\"https:\/\/www.hobstop.ee\/lv\/veikals\/\"},{\"@type\":\"ListItem\",\"position\":3,\"name\":\"\u0136\u012bnas kaligr\u0101fijas otu komplekts Manuscript kazas\"}]},{\"@type\":\"WebSite\",\"@id\":\"https:\/\/hobstop.ee\/lv\/#website\",\"url\":\"https:\/\/hobstop.ee\/lv\/\",\"name\":\"Skizze\",\"description\":\"M\u0101kslas, hobiju un skolas preces\",\"publisher\":{\"@id\":\"https:\/\/hobstop.ee\/lv\/#organization\"},\"potentialAction\":[{\"@type\":\"SearchAction\",\"target\":{\"@type\":\"EntryPoint\",\"urlTemplate\":\"https:\/\/hobstop.ee\/lv\/?s={search_term_string}\"},\"query-input\":{\"@type\":\"PropertyValueSpecification\",\"valueRequired\":true,\"valueName\":\"search_term_string\"}}],\"inLanguage\":\"lv-LV\"},{\"@type\":\"Organization\",\"@id\":\"https:\/\/hobstop.ee\/lv\/#organization\",\"name\":\"Vunder AS\",\"url\":\"https:\/\/hobstop.ee\/lv\/\",\"logo\":{\"@type\":\"ImageObject\",\"inLanguage\":\"lv-LV\",\"@id\":\"https:\/\/hobstop.ee\/lv\/#\/schema\/logo\/image\/\",\"url\":\"https:\/\/hobstop.ee\/media\/vunder-logo.png\",\"contentUrl\":\"https:\/\/hobstop.ee\/media\/vunder-logo.png\",\"width\":127,\"height\":55,\"caption\":\"Vunder AS\"},\"image\":{\"@id\":\"https:\/\/hobstop.ee\/lv\/#\/schema\/logo\/image\/\"},\"sameAs\":[\"http:\/\/www.facebook.com\/VunderSkizze\"]}]}<\/script>\n<!-- \/ Yoast SEO plugin. -->","yoast_head_json":{"title":"\u0136\u012bnas kaligr\u0101fijas otu komplekts Manuscript kazas &#8211; Skizze","robots":{"index":"noindex","follow":"follow","max-snippet":"max-snippet:-1","max-image-preview":"max-image-preview:large","max-video-preview":"max-video-preview:-1"},"og_locale":"lv_LV","og_type":"article","og_title":"\u0136\u012bnas kaligr\u0101fijas otu komplekts Manuscript kazas &#8211; Skizze","og_description":"Speci\u0101l\u0101 \u0136\u012bnas kaligr\u0101fijas oti\u0146a ir izgatavota no 100% dab\u012bg\u0101m kazas spalv\u0101m, bet t\u0101s k\u0101ts izgatavots no melna raga un bambusa un rot\u0101ts ar skaistiem \u0137\u012bnie\u0161u simboliem. Otas gal\u0101 eso\u0161\u0101s spalvas ir \u012bpa\u0161i m\u012bkstas, kas nodro\u0161ina \u013coti elast\u012bgus otas vilcienus. Pateicoties otas strukt\u016brai un formai, t\u0101 uzs\u016bc liel\u0101ku tintes daudzumu un t\u0101d\u0113j\u0101di dod iesp\u0113ju veidot gar\u0101ku nep\u0101rtrauktu raksta l\u012bniju. Ide\u0101li piem\u0113rota \u0136\u012bnas kaligr\u0101fijas rakstiem, k\u0101 ar\u012b tintes gleznojumiem un kr\u0101sojumiem. Paredz\u0113ta lieto\u0161anai vien\u012bgi ar \u0136\u012bnas tinti un uz \u016bdens b\u0101zes izgatavot\u0101m kr\u0101s\u0101m.","og_url":"https:\/\/hobstop.ee\/lv\/produkts\/kinas-kaligrafijas-otu-komplekts-manuscript-kazas\/","og_site_name":"Skizze","article_publisher":"http:\/\/www.facebook.com\/VunderSkizze","og_image":[{"width":1024,"height":768,"url":"https:\/\/hobstop.ee\/media\/3914.JPG","type":"image\/jpeg"}],"twitter_card":"summary_large_image","twitter_misc":{"Est. reading time":"1 min\u016b\u0161u"},"schema":{"@context":"https:\/\/schema.org","@graph":[{"@type":"WebPage","@id":"https:\/\/hobstop.ee\/lv\/produkts\/kinas-kaligrafijas-otu-komplekts-manuscript-kazas\/","url":"https:\/\/hobstop.ee\/lv\/produkts\/kinas-kaligrafijas-otu-komplekts-manuscript-kazas\/","name":"\u0136\u012bnas kaligr\u0101fijas otu komplekts Manuscript kazas &#8211; Skizze","isPartOf":{"@id":"https:\/\/hobstop.ee\/lv\/#website"},"primaryImageOfPage":{"@id":"https:\/\/hobstop.ee\/lv\/produkts\/kinas-kaligrafijas-otu-komplekts-manuscript-kazas\/#primaryimage"},"image":{"@id":"https:\/\/hobstop.ee\/lv\/produkts\/kinas-kaligrafijas-otu-komplekts-manuscript-kazas\/#primaryimage"},"thumbnailUrl":"https:\/\/hobstop.ee\/media\/3914.JPG","datePublished":"2016-01-13T12:04:29+00:00","dateModified":"2016-01-13T12:04:29+00:00","breadcrumb":{"@id":"https:\/\/hobstop.ee\/lv\/produkts\/kinas-kaligrafijas-otu-komplekts-manuscript-kazas\/#breadcrumb"},"inLanguage":"lv-LV","potentialAction":[{"@type":"ReadAction","target":["https:\/\/hobstop.ee\/lv\/produkts\/kinas-kaligrafijas-otu-komplekts-manuscript-kazas\/"]}]},{"@type":"ImageObject","inLanguage":"lv-LV","@id":"https:\/\/hobstop.ee\/lv\/produkts\/kinas-kaligrafijas-otu-komplekts-manuscript-kazas\/#primaryimage","url":"https:\/\/hobstop.ee\/media\/3914.JPG","contentUrl":"https:\/\/hobstop.ee\/media\/3914.JPG","width":1024,"height":768},{"@type":"BreadcrumbList","@id":"https:\/\/hobstop.ee\/lv\/produkts\/kinas-kaligrafijas-otu-komplekts-manuscript-kazas\/#breadcrumb","itemListElement":[{"@type":"ListItem","position":1,"name":"Avaleht","item":"https:\/\/www.hobstop.ee\/lv\/"},{"@type":"ListItem","position":2,"name":"Veikals","item":"https:\/\/www.hobstop.ee\/lv\/veikals\/"},{"@type":"ListItem","position":3,"name":"\u0136\u012bnas kaligr\u0101fijas otu komplekts Manuscript kazas"}]},{"@type":"WebSite","@id":"https:\/\/hobstop.ee\/lv\/#website","url":"https:\/\/hobstop.ee\/lv\/","name":"Skizze","description":"M\u0101kslas, hobiju un skolas preces","publisher":{"@id":"https:\/\/hobstop.ee\/lv\/#organization"},"potentialAction":[{"@type":"SearchAction","target":{"@type":"EntryPoint","urlTemplate":"https:\/\/hobstop.ee\/lv\/?s={search_term_string}"},"query-input":{"@type":"PropertyValueSpecification","valueRequired":true,"valueName":"search_term_string"}}],"inLanguage":"lv-LV"},{"@type":"Organization","@id":"https:\/\/hobstop.ee\/lv\/#organization","name":"Vunder AS","url":"https:\/\/hobstop.ee\/lv\/","logo":{"@type":"ImageObject","inLanguage":"lv-LV","@id":"https:\/\/hobstop.ee\/lv\/#\/schema\/logo\/image\/","url":"https:\/\/hobstop.ee\/media\/vunder-logo.png","contentUrl":"https:\/\/hobstop.ee\/media\/vunder-logo.png","width":127,"height":55,"caption":"Vunder AS"},"image":{"@id":"https:\/\/hobstop.ee\/lv\/#\/schema\/logo\/image\/"},"sameAs":["http:\/\/www.facebook.com\/VunderSkizze"]}]}},"_links":{"self":[{"href":"https:\/\/hobstop.ee\/lv\/wp-json\/wp\/v2\/product\/245286","targetHints":{"allow":["GET"]}}],"collection":[{"href":"https:\/\/hobstop.ee\/lv\/wp-json\/wp\/v2\/product"}],"about":[{"href":"https:\/\/hobstop.ee\/lv\/wp-json\/wp\/v2\/types\/product"}],"replies":[{"embeddable":true,"href":"https:\/\/hobstop.ee\/lv\/wp-json\/wp\/v2\/comments?post=245286"}],"wp:featuredmedia":[{"embeddable":true,"href":"https:\/\/hobstop.ee\/lv\/wp-json\/wp\/v2\/media\/245446"}],"wp:attachment":[{"href":"https:\/\/hobstop.ee\/lv\/wp-json\/wp\/v2\/media?parent=245286"}],"wp:term":[{"taxonomy":"product_cat","embeddable":true,"href":"https:\/\/hobstop.ee\/lv\/wp-json\/wp\/v2\/product_cat?post=245286"},{"taxonomy":"product_tag","embeddable":true,"href":"https:\/\/hobstop.ee\/lv\/wp-json\/wp\/v2\/product_tag?post=245286"}],"curies":[{"name":"wp","href":"https:\/\/api.w.org\/{rel}","templated":true}]}}