{"id":245290,"date":"2016-01-13T14:04:31","date_gmt":"2016-01-13T12:04:31","guid":{"rendered":"http:\/\/www.vunder.ee\/lv\/product\/skicu-albums-derwent-graphik-inspire-me\/"},"modified":"2016-01-13T14:04:31","modified_gmt":"2016-01-13T12:04:31","slug":"skicu-albums-derwent-graphik-inspire-me","status":"publish","type":"product","link":"https:\/\/hobstop.ee\/lv\/produkts\/skicu-albums-derwent-graphik-inspire-me\/","title":{"rendered":"Ski\u010du albums Derwent Graphik Inspire Me"},"content":{"rendered":"<p>Derwent Inspire Me z\u012bm\u0113\u0161as bloku veido 120g\/m2 pap\u012brs, kur\u0161 ne\u013cauj mar\u0137ieriem izpl\u016bst, ir nevainojams iedvesmojo\u0161u ideju \u012bsteno\u0161an\u0101 uz da\u017e\u0101da veida pap\u012briem. Blok\u0101 ir 32 lapas ar vieglas punkt\u0113tas, trijst\u016bru, \u010detrst\u016bru un se\u0161st\u016bru drukas z\u012bm\u0113jumiem (8 lapas no katra veida), lai iedvesmotu rakstus un skices, k\u0101 ar\u012b v\u0113l papildu 50 t\u012bras lapas.<\/p>\n","protected":false},"excerpt":{"rendered":"<p>Derwent Inspire Me z\u012bm\u0113\u0161as bloku veido 120g\/m2 pap\u012brs, kur\u0161 ne\u013cauj mar\u0137ieriem izpl\u016bst, ir nevainojams iedvesmojo\u0161u ideju \u012bsteno\u0161an\u0101 uz da\u017e\u0101da veida pap\u012briem. Blok\u0101 ir 32 lapas ar vieglas punkt\u0113tas, trijst\u016bru, \u010detrst\u016bru un se\u0161st\u016bru drukas z\u012bm\u0113jumiem (8 lapas no katra veida), lai iedvesmotu rakstus un skices, k\u0101 ar\u012b v\u0113l papildu 50 t\u012bras lapas.<\/p>\n","protected":false},"featured_media":0,"comment_status":"closed","ping_status":"closed","template":"","meta":{"_acf_changed":false,"ep_exclude_from_search":false},"product_cat":[18943,17921,19024],"product_tag":[],"class_list":{"0":"post-245290","1":"product","2":"type-product","3":"status-publish","5":"product_cat-makslas-papirs-un-kartons-2","6":"product_cat-papira-izstradajumi","7":"product_cat-zimesanas-papirs-un-bloki-3","9":"first","10":"instock","11":"taxable","12":"shipping-taxable","13":"purchasable","14":"product-type-simple"},"acf":[],"yoast_head":"<!-- This site is optimized with the Yoast SEO plugin v24.1 - https:\/\/yoast.com\/wordpress\/plugins\/seo\/ -->\n<title>Ski\u010du albums Derwent Graphik Inspire Me &#8211; Skizze<\/title>\n<meta name=\"robots\" content=\"noindex, follow, max-snippet:-1, max-image-preview:large, max-video-preview:-1\" \/>\n<meta property=\"og:locale\" content=\"lv_LV\" \/>\n<meta property=\"og:type\" content=\"article\" \/>\n<meta property=\"og:title\" content=\"Ski\u010du albums Derwent Graphik Inspire Me &#8211; Skizze\" \/>\n<meta property=\"og:description\" content=\"Derwent Inspire Me z\u012bm\u0113\u0161as bloku veido 120g\/m2 pap\u012brs, kur\u0161 ne\u013cauj mar\u0137ieriem izpl\u016bst, ir nevainojams iedvesmojo\u0161u ideju \u012bsteno\u0161an\u0101 uz da\u017e\u0101da veida pap\u012briem. Blok\u0101 ir 32 lapas ar vieglas punkt\u0113tas, trijst\u016bru, \u010detrst\u016bru un se\u0161st\u016bru drukas z\u012bm\u0113jumiem (8 lapas no katra veida), lai iedvesmotu rakstus un skices, k\u0101 ar\u012b v\u0113l papildu 50 t\u012bras lapas.\" \/>\n<meta property=\"og:url\" content=\"https:\/\/hobstop.ee\/lv\/produkts\/skicu-albums-derwent-graphik-inspire-me\/\" \/>\n<meta property=\"og:site_name\" content=\"Skizze\" \/>\n<meta property=\"article:publisher\" content=\"http:\/\/www.facebook.com\/VunderSkizze\" \/>\n<meta name=\"twitter:card\" content=\"summary_large_image\" \/>\n<script type=\"application\/ld+json\" class=\"yoast-schema-graph\">{\"@context\":\"https:\/\/schema.org\",\"@graph\":[{\"@type\":\"WebPage\",\"@id\":\"https:\/\/hobstop.ee\/lv\/produkts\/skicu-albums-derwent-graphik-inspire-me\/\",\"url\":\"https:\/\/hobstop.ee\/lv\/produkts\/skicu-albums-derwent-graphik-inspire-me\/\",\"name\":\"Ski\u010du albums Derwent Graphik Inspire Me &#8211; Skizze\",\"isPartOf\":{\"@id\":\"https:\/\/hobstop.ee\/lv\/#website\"},\"datePublished\":\"2016-01-13T12:04:31+00:00\",\"dateModified\":\"2016-01-13T12:04:31+00:00\",\"breadcrumb\":{\"@id\":\"https:\/\/hobstop.ee\/lv\/produkts\/skicu-albums-derwent-graphik-inspire-me\/#breadcrumb\"},\"inLanguage\":\"lv-LV\",\"potentialAction\":[{\"@type\":\"ReadAction\",\"target\":[\"https:\/\/hobstop.ee\/lv\/produkts\/skicu-albums-derwent-graphik-inspire-me\/\"]}]},{\"@type\":\"BreadcrumbList\",\"@id\":\"https:\/\/hobstop.ee\/lv\/produkts\/skicu-albums-derwent-graphik-inspire-me\/#breadcrumb\",\"itemListElement\":[{\"@type\":\"ListItem\",\"position\":1,\"name\":\"Avaleht\",\"item\":\"https:\/\/hobstop.ee\/lv\/\"},{\"@type\":\"ListItem\",\"position\":2,\"name\":\"Veikals\",\"item\":\"https:\/\/hobstop.ee\/lv\/veikals\/\"},{\"@type\":\"ListItem\",\"position\":3,\"name\":\"Ski\u010du albums Derwent Graphik Inspire Me\"}]},{\"@type\":\"WebSite\",\"@id\":\"https:\/\/hobstop.ee\/lv\/#website\",\"url\":\"https:\/\/hobstop.ee\/lv\/\",\"name\":\"Skizze\",\"description\":\"M\u0101kslas, hobiju un skolas preces\",\"publisher\":{\"@id\":\"https:\/\/hobstop.ee\/lv\/#organization\"},\"potentialAction\":[{\"@type\":\"SearchAction\",\"target\":{\"@type\":\"EntryPoint\",\"urlTemplate\":\"https:\/\/hobstop.ee\/lv\/?s={search_term_string}\"},\"query-input\":{\"@type\":\"PropertyValueSpecification\",\"valueRequired\":true,\"valueName\":\"search_term_string\"}}],\"inLanguage\":\"lv-LV\"},{\"@type\":\"Organization\",\"@id\":\"https:\/\/hobstop.ee\/lv\/#organization\",\"name\":\"Vunder AS\",\"url\":\"https:\/\/hobstop.ee\/lv\/\",\"logo\":{\"@type\":\"ImageObject\",\"inLanguage\":\"lv-LV\",\"@id\":\"https:\/\/hobstop.ee\/lv\/#\/schema\/logo\/image\/\",\"url\":\"https:\/\/hobstop.ee\/media\/vunder-logo.png\",\"contentUrl\":\"https:\/\/hobstop.ee\/media\/vunder-logo.png\",\"width\":127,\"height\":55,\"caption\":\"Vunder AS\"},\"image\":{\"@id\":\"https:\/\/hobstop.ee\/lv\/#\/schema\/logo\/image\/\"},\"sameAs\":[\"http:\/\/www.facebook.com\/VunderSkizze\"]}]}<\/script>\n<!-- \/ Yoast SEO plugin. -->","yoast_head_json":{"title":"Ski\u010du albums Derwent Graphik Inspire Me &#8211; Skizze","robots":{"index":"noindex","follow":"follow","max-snippet":"max-snippet:-1","max-image-preview":"max-image-preview:large","max-video-preview":"max-video-preview:-1"},"og_locale":"lv_LV","og_type":"article","og_title":"Ski\u010du albums Derwent Graphik Inspire Me &#8211; Skizze","og_description":"Derwent Inspire Me z\u012bm\u0113\u0161as bloku veido 120g\/m2 pap\u012brs, kur\u0161 ne\u013cauj mar\u0137ieriem izpl\u016bst, ir nevainojams iedvesmojo\u0161u ideju \u012bsteno\u0161an\u0101 uz da\u017e\u0101da veida pap\u012briem. Blok\u0101 ir 32 lapas ar vieglas punkt\u0113tas, trijst\u016bru, \u010detrst\u016bru un se\u0161st\u016bru drukas z\u012bm\u0113jumiem (8 lapas no katra veida), lai iedvesmotu rakstus un skices, k\u0101 ar\u012b v\u0113l papildu 50 t\u012bras lapas.","og_url":"https:\/\/hobstop.ee\/lv\/produkts\/skicu-albums-derwent-graphik-inspire-me\/","og_site_name":"Skizze","article_publisher":"http:\/\/www.facebook.com\/VunderSkizze","twitter_card":"summary_large_image","schema":{"@context":"https:\/\/schema.org","@graph":[{"@type":"WebPage","@id":"https:\/\/hobstop.ee\/lv\/produkts\/skicu-albums-derwent-graphik-inspire-me\/","url":"https:\/\/hobstop.ee\/lv\/produkts\/skicu-albums-derwent-graphik-inspire-me\/","name":"Ski\u010du albums Derwent Graphik Inspire Me &#8211; Skizze","isPartOf":{"@id":"https:\/\/hobstop.ee\/lv\/#website"},"datePublished":"2016-01-13T12:04:31+00:00","dateModified":"2016-01-13T12:04:31+00:00","breadcrumb":{"@id":"https:\/\/hobstop.ee\/lv\/produkts\/skicu-albums-derwent-graphik-inspire-me\/#breadcrumb"},"inLanguage":"lv-LV","potentialAction":[{"@type":"ReadAction","target":["https:\/\/hobstop.ee\/lv\/produkts\/skicu-albums-derwent-graphik-inspire-me\/"]}]},{"@type":"BreadcrumbList","@id":"https:\/\/hobstop.ee\/lv\/produkts\/skicu-albums-derwent-graphik-inspire-me\/#breadcrumb","itemListElement":[{"@type":"ListItem","position":1,"name":"Avaleht","item":"https:\/\/hobstop.ee\/lv\/"},{"@type":"ListItem","position":2,"name":"Veikals","item":"https:\/\/hobstop.ee\/lv\/veikals\/"},{"@type":"ListItem","position":3,"name":"Ski\u010du albums Derwent Graphik Inspire Me"}]},{"@type":"WebSite","@id":"https:\/\/hobstop.ee\/lv\/#website","url":"https:\/\/hobstop.ee\/lv\/","name":"Skizze","description":"M\u0101kslas, hobiju un skolas preces","publisher":{"@id":"https:\/\/hobstop.ee\/lv\/#organization"},"potentialAction":[{"@type":"SearchAction","target":{"@type":"EntryPoint","urlTemplate":"https:\/\/hobstop.ee\/lv\/?s={search_term_string}"},"query-input":{"@type":"PropertyValueSpecification","valueRequired":true,"valueName":"search_term_string"}}],"inLanguage":"lv-LV"},{"@type":"Organization","@id":"https:\/\/hobstop.ee\/lv\/#organization","name":"Vunder AS","url":"https:\/\/hobstop.ee\/lv\/","logo":{"@type":"ImageObject","inLanguage":"lv-LV","@id":"https:\/\/hobstop.ee\/lv\/#\/schema\/logo\/image\/","url":"https:\/\/hobstop.ee\/media\/vunder-logo.png","contentUrl":"https:\/\/hobstop.ee\/media\/vunder-logo.png","width":127,"height":55,"caption":"Vunder AS"},"image":{"@id":"https:\/\/hobstop.ee\/lv\/#\/schema\/logo\/image\/"},"sameAs":["http:\/\/www.facebook.com\/VunderSkizze"]}]}},"_links":{"self":[{"href":"https:\/\/hobstop.ee\/lv\/wp-json\/wp\/v2\/product\/245290","targetHints":{"allow":["GET"]}}],"collection":[{"href":"https:\/\/hobstop.ee\/lv\/wp-json\/wp\/v2\/product"}],"about":[{"href":"https:\/\/hobstop.ee\/lv\/wp-json\/wp\/v2\/types\/product"}],"replies":[{"embeddable":true,"href":"https:\/\/hobstop.ee\/lv\/wp-json\/wp\/v2\/comments?post=245290"}],"wp:attachment":[{"href":"https:\/\/hobstop.ee\/lv\/wp-json\/wp\/v2\/media?parent=245290"}],"wp:term":[{"taxonomy":"product_cat","embeddable":true,"href":"https:\/\/hobstop.ee\/lv\/wp-json\/wp\/v2\/product_cat?post=245290"},{"taxonomy":"product_tag","embeddable":true,"href":"https:\/\/hobstop.ee\/lv\/wp-json\/wp\/v2\/product_tag?post=245290"}],"curies":[{"name":"wp","href":"https:\/\/api.w.org\/{rel}","templated":true}]}}