{"id":245310,"date":"2016-01-13T14:04:41","date_gmt":"2016-01-13T12:04:41","guid":{"rendered":"http:\/\/www.vunder.ee\/lv\/product\/kinas-kaligrafijas-otu-komplekts-manuscript-sabula\/"},"modified":"2016-01-13T14:04:41","modified_gmt":"2016-01-13T12:04:41","slug":"kinas-kaligrafijas-otu-komplekts-manuscript-sabula","status":"publish","type":"product","link":"https:\/\/hobstop.ee\/lv\/produkts\/kinas-kaligrafijas-otu-komplekts-manuscript-sabula\/","title":{"rendered":"\u0136\u012bnas kaligr\u0101fijas otu komplekts Manuscript sabu\u013ca"},"content":{"rendered":"<p>Speci\u0101lu \u0136\u012bnas kaligr\u0101fijas otu komplekts no sabu\u013ca sariem. Sabu\u013cu saru otas ir ciet\u0101kas un elast\u012bg\u0101kas, kas ir ide\u0101li piem\u0113rotas smalku l\u012bniju un maz\u0101ku \u0136\u012bnas kaligr\u0101fijas rakstu veido\u0161anai. Otas sari\u0146u stingrums \u013cauj kontrol\u0113t l\u012bniju vilk\u0161anu un tintes uzkl\u0101\u0161anu. Lieliski piem\u0113rotas ies\u0101c\u0113jiem otas vilcienu apguves proces\u0101. Ide\u0101li piem\u0113rotas \u0136\u012bnas kaligr\u0101fijas rakstiem, tintes gleznojumiem un ton\u0113\u0161anai. Izmantojamas tikai ar \u0136\u012bnas tinti un kr\u0101s\u0101m uz \u016bdens b\u0101zes.<\/p>\n","protected":false},"excerpt":{"rendered":"<p>Speci\u0101lu \u0136\u012bnas kaligr\u0101fijas otu komplekts no sabu\u013ca sariem. Sabu\u013cu saru otas ir ciet\u0101kas un elast\u012bg\u0101kas, kas ir ide\u0101li piem\u0113rotas smalku l\u012bniju un maz\u0101ku \u0136\u012bnas kaligr\u0101fijas rakstu veido\u0161anai. Otas sari\u0146u stingrums \u013cauj kontrol\u0113t l\u012bniju vilk\u0161anu un tintes uzkl\u0101\u0161anu. Lieliski piem\u0113rotas ies\u0101c\u0113jiem otas vilcienu apguves proces\u0101. Ide\u0101li piem\u0113rotas \u0136\u012bnas kaligr\u0101fijas rakstiem, tintes gleznojumiem un ton\u0113\u0161anai. Izmantojamas tikai ar \u0136\u012bnas tinti un kr\u0101s\u0101m uz \u016bdens b\u0101zes.<\/p>\n","protected":false},"featured_media":245466,"comment_status":"closed","ping_status":"closed","template":"","meta":{"_acf_changed":false,"ep_exclude_from_search":false},"product_cat":[17975,16123,19779],"product_tag":[],"class_list":{"0":"post-245310","1":"product","2":"type-product","3":"status-publish","4":"has-post-thumbnail","6":"product_cat-kaligrafijas-piederumi","7":"product_cat-makslas-piederumi-2","8":"product_cat-otas-4","10":"first","11":"outofstock","12":"taxable","13":"shipping-taxable","14":"purchasable","15":"product-type-simple"},"acf":[],"yoast_head":"<!-- This site is optimized with the Yoast SEO plugin v24.1 - https:\/\/yoast.com\/wordpress\/plugins\/seo\/ -->\n<title>\u0136\u012bnas kaligr\u0101fijas otu komplekts Manuscript sabu\u013ca &#8211; Skizze<\/title>\n<meta name=\"robots\" content=\"noindex, follow, max-snippet:-1, max-image-preview:large, max-video-preview:-1\" \/>\n<meta property=\"og:locale\" content=\"lv_LV\" \/>\n<meta property=\"og:type\" content=\"article\" \/>\n<meta property=\"og:title\" content=\"\u0136\u012bnas kaligr\u0101fijas otu komplekts Manuscript sabu\u013ca &#8211; Skizze\" \/>\n<meta property=\"og:description\" content=\"Speci\u0101lu \u0136\u012bnas kaligr\u0101fijas otu komplekts no sabu\u013ca sariem. Sabu\u013cu saru otas ir ciet\u0101kas un elast\u012bg\u0101kas, kas ir ide\u0101li piem\u0113rotas smalku l\u012bniju un maz\u0101ku \u0136\u012bnas kaligr\u0101fijas rakstu veido\u0161anai. Otas sari\u0146u stingrums \u013cauj kontrol\u0113t l\u012bniju vilk\u0161anu un tintes uzkl\u0101\u0161anu. Lieliski piem\u0113rotas ies\u0101c\u0113jiem otas vilcienu apguves proces\u0101. Ide\u0101li piem\u0113rotas \u0136\u012bnas kaligr\u0101fijas rakstiem, tintes gleznojumiem un ton\u0113\u0161anai. Izmantojamas tikai ar \u0136\u012bnas tinti un kr\u0101s\u0101m uz \u016bdens b\u0101zes.\" \/>\n<meta property=\"og:url\" content=\"https:\/\/hobstop.ee\/lv\/produkts\/kinas-kaligrafijas-otu-komplekts-manuscript-sabula\/\" \/>\n<meta property=\"og:site_name\" content=\"Skizze\" \/>\n<meta property=\"article:publisher\" content=\"http:\/\/www.facebook.com\/VunderSkizze\" \/>\n<meta property=\"og:image\" content=\"https:\/\/hobstop.ee\/media\/4171.jpg\" \/>\n\t<meta property=\"og:image:width\" content=\"1024\" \/>\n\t<meta property=\"og:image:height\" content=\"768\" \/>\n\t<meta property=\"og:image:type\" content=\"image\/jpeg\" \/>\n<meta name=\"twitter:card\" content=\"summary_large_image\" \/>\n<script type=\"application\/ld+json\" class=\"yoast-schema-graph\">{\"@context\":\"https:\/\/schema.org\",\"@graph\":[{\"@type\":\"WebPage\",\"@id\":\"https:\/\/hobstop.ee\/lv\/produkts\/kinas-kaligrafijas-otu-komplekts-manuscript-sabula\/\",\"url\":\"https:\/\/hobstop.ee\/lv\/produkts\/kinas-kaligrafijas-otu-komplekts-manuscript-sabula\/\",\"name\":\"\u0136\u012bnas kaligr\u0101fijas otu komplekts Manuscript sabu\u013ca &#8211; Skizze\",\"isPartOf\":{\"@id\":\"https:\/\/hobstop.ee\/lv\/#website\"},\"primaryImageOfPage\":{\"@id\":\"https:\/\/hobstop.ee\/lv\/produkts\/kinas-kaligrafijas-otu-komplekts-manuscript-sabula\/#primaryimage\"},\"image\":{\"@id\":\"https:\/\/hobstop.ee\/lv\/produkts\/kinas-kaligrafijas-otu-komplekts-manuscript-sabula\/#primaryimage\"},\"thumbnailUrl\":\"https:\/\/hobstop.ee\/media\/4171.jpg\",\"datePublished\":\"2016-01-13T12:04:41+00:00\",\"dateModified\":\"2016-01-13T12:04:41+00:00\",\"breadcrumb\":{\"@id\":\"https:\/\/hobstop.ee\/lv\/produkts\/kinas-kaligrafijas-otu-komplekts-manuscript-sabula\/#breadcrumb\"},\"inLanguage\":\"lv-LV\",\"potentialAction\":[{\"@type\":\"ReadAction\",\"target\":[\"https:\/\/hobstop.ee\/lv\/produkts\/kinas-kaligrafijas-otu-komplekts-manuscript-sabula\/\"]}]},{\"@type\":\"ImageObject\",\"inLanguage\":\"lv-LV\",\"@id\":\"https:\/\/hobstop.ee\/lv\/produkts\/kinas-kaligrafijas-otu-komplekts-manuscript-sabula\/#primaryimage\",\"url\":\"https:\/\/hobstop.ee\/media\/4171.jpg\",\"contentUrl\":\"https:\/\/hobstop.ee\/media\/4171.jpg\",\"width\":1024,\"height\":768},{\"@type\":\"BreadcrumbList\",\"@id\":\"https:\/\/hobstop.ee\/lv\/produkts\/kinas-kaligrafijas-otu-komplekts-manuscript-sabula\/#breadcrumb\",\"itemListElement\":[{\"@type\":\"ListItem\",\"position\":1,\"name\":\"Avaleht\",\"item\":\"https:\/\/www.hobstop.ee\/lv\/\"},{\"@type\":\"ListItem\",\"position\":2,\"name\":\"Veikals\",\"item\":\"https:\/\/www.hobstop.ee\/lv\/veikals\/\"},{\"@type\":\"ListItem\",\"position\":3,\"name\":\"\u0136\u012bnas kaligr\u0101fijas otu komplekts Manuscript sabu\u013ca\"}]},{\"@type\":\"WebSite\",\"@id\":\"https:\/\/hobstop.ee\/lv\/#website\",\"url\":\"https:\/\/hobstop.ee\/lv\/\",\"name\":\"Skizze\",\"description\":\"M\u0101kslas, hobiju un skolas preces\",\"publisher\":{\"@id\":\"https:\/\/hobstop.ee\/lv\/#organization\"},\"potentialAction\":[{\"@type\":\"SearchAction\",\"target\":{\"@type\":\"EntryPoint\",\"urlTemplate\":\"https:\/\/hobstop.ee\/lv\/?s={search_term_string}\"},\"query-input\":{\"@type\":\"PropertyValueSpecification\",\"valueRequired\":true,\"valueName\":\"search_term_string\"}}],\"inLanguage\":\"lv-LV\"},{\"@type\":\"Organization\",\"@id\":\"https:\/\/hobstop.ee\/lv\/#organization\",\"name\":\"Vunder AS\",\"url\":\"https:\/\/hobstop.ee\/lv\/\",\"logo\":{\"@type\":\"ImageObject\",\"inLanguage\":\"lv-LV\",\"@id\":\"https:\/\/hobstop.ee\/lv\/#\/schema\/logo\/image\/\",\"url\":\"https:\/\/hobstop.ee\/media\/vunder-logo.png\",\"contentUrl\":\"https:\/\/hobstop.ee\/media\/vunder-logo.png\",\"width\":127,\"height\":55,\"caption\":\"Vunder AS\"},\"image\":{\"@id\":\"https:\/\/hobstop.ee\/lv\/#\/schema\/logo\/image\/\"},\"sameAs\":[\"http:\/\/www.facebook.com\/VunderSkizze\"]}]}<\/script>\n<!-- \/ Yoast SEO plugin. -->","yoast_head_json":{"title":"\u0136\u012bnas kaligr\u0101fijas otu komplekts Manuscript sabu\u013ca &#8211; Skizze","robots":{"index":"noindex","follow":"follow","max-snippet":"max-snippet:-1","max-image-preview":"max-image-preview:large","max-video-preview":"max-video-preview:-1"},"og_locale":"lv_LV","og_type":"article","og_title":"\u0136\u012bnas kaligr\u0101fijas otu komplekts Manuscript sabu\u013ca &#8211; Skizze","og_description":"Speci\u0101lu \u0136\u012bnas kaligr\u0101fijas otu komplekts no sabu\u013ca sariem. Sabu\u013cu saru otas ir ciet\u0101kas un elast\u012bg\u0101kas, kas ir ide\u0101li piem\u0113rotas smalku l\u012bniju un maz\u0101ku \u0136\u012bnas kaligr\u0101fijas rakstu veido\u0161anai. Otas sari\u0146u stingrums \u013cauj kontrol\u0113t l\u012bniju vilk\u0161anu un tintes uzkl\u0101\u0161anu. Lieliski piem\u0113rotas ies\u0101c\u0113jiem otas vilcienu apguves proces\u0101. Ide\u0101li piem\u0113rotas \u0136\u012bnas kaligr\u0101fijas rakstiem, tintes gleznojumiem un ton\u0113\u0161anai. Izmantojamas tikai ar \u0136\u012bnas tinti un kr\u0101s\u0101m uz \u016bdens b\u0101zes.","og_url":"https:\/\/hobstop.ee\/lv\/produkts\/kinas-kaligrafijas-otu-komplekts-manuscript-sabula\/","og_site_name":"Skizze","article_publisher":"http:\/\/www.facebook.com\/VunderSkizze","og_image":[{"width":1024,"height":768,"url":"https:\/\/hobstop.ee\/media\/4171.jpg","type":"image\/jpeg"}],"twitter_card":"summary_large_image","schema":{"@context":"https:\/\/schema.org","@graph":[{"@type":"WebPage","@id":"https:\/\/hobstop.ee\/lv\/produkts\/kinas-kaligrafijas-otu-komplekts-manuscript-sabula\/","url":"https:\/\/hobstop.ee\/lv\/produkts\/kinas-kaligrafijas-otu-komplekts-manuscript-sabula\/","name":"\u0136\u012bnas kaligr\u0101fijas otu komplekts Manuscript sabu\u013ca &#8211; Skizze","isPartOf":{"@id":"https:\/\/hobstop.ee\/lv\/#website"},"primaryImageOfPage":{"@id":"https:\/\/hobstop.ee\/lv\/produkts\/kinas-kaligrafijas-otu-komplekts-manuscript-sabula\/#primaryimage"},"image":{"@id":"https:\/\/hobstop.ee\/lv\/produkts\/kinas-kaligrafijas-otu-komplekts-manuscript-sabula\/#primaryimage"},"thumbnailUrl":"https:\/\/hobstop.ee\/media\/4171.jpg","datePublished":"2016-01-13T12:04:41+00:00","dateModified":"2016-01-13T12:04:41+00:00","breadcrumb":{"@id":"https:\/\/hobstop.ee\/lv\/produkts\/kinas-kaligrafijas-otu-komplekts-manuscript-sabula\/#breadcrumb"},"inLanguage":"lv-LV","potentialAction":[{"@type":"ReadAction","target":["https:\/\/hobstop.ee\/lv\/produkts\/kinas-kaligrafijas-otu-komplekts-manuscript-sabula\/"]}]},{"@type":"ImageObject","inLanguage":"lv-LV","@id":"https:\/\/hobstop.ee\/lv\/produkts\/kinas-kaligrafijas-otu-komplekts-manuscript-sabula\/#primaryimage","url":"https:\/\/hobstop.ee\/media\/4171.jpg","contentUrl":"https:\/\/hobstop.ee\/media\/4171.jpg","width":1024,"height":768},{"@type":"BreadcrumbList","@id":"https:\/\/hobstop.ee\/lv\/produkts\/kinas-kaligrafijas-otu-komplekts-manuscript-sabula\/#breadcrumb","itemListElement":[{"@type":"ListItem","position":1,"name":"Avaleht","item":"https:\/\/www.hobstop.ee\/lv\/"},{"@type":"ListItem","position":2,"name":"Veikals","item":"https:\/\/www.hobstop.ee\/lv\/veikals\/"},{"@type":"ListItem","position":3,"name":"\u0136\u012bnas kaligr\u0101fijas otu komplekts Manuscript sabu\u013ca"}]},{"@type":"WebSite","@id":"https:\/\/hobstop.ee\/lv\/#website","url":"https:\/\/hobstop.ee\/lv\/","name":"Skizze","description":"M\u0101kslas, hobiju un skolas preces","publisher":{"@id":"https:\/\/hobstop.ee\/lv\/#organization"},"potentialAction":[{"@type":"SearchAction","target":{"@type":"EntryPoint","urlTemplate":"https:\/\/hobstop.ee\/lv\/?s={search_term_string}"},"query-input":{"@type":"PropertyValueSpecification","valueRequired":true,"valueName":"search_term_string"}}],"inLanguage":"lv-LV"},{"@type":"Organization","@id":"https:\/\/hobstop.ee\/lv\/#organization","name":"Vunder AS","url":"https:\/\/hobstop.ee\/lv\/","logo":{"@type":"ImageObject","inLanguage":"lv-LV","@id":"https:\/\/hobstop.ee\/lv\/#\/schema\/logo\/image\/","url":"https:\/\/hobstop.ee\/media\/vunder-logo.png","contentUrl":"https:\/\/hobstop.ee\/media\/vunder-logo.png","width":127,"height":55,"caption":"Vunder AS"},"image":{"@id":"https:\/\/hobstop.ee\/lv\/#\/schema\/logo\/image\/"},"sameAs":["http:\/\/www.facebook.com\/VunderSkizze"]}]}},"_links":{"self":[{"href":"https:\/\/hobstop.ee\/lv\/wp-json\/wp\/v2\/product\/245310","targetHints":{"allow":["GET"]}}],"collection":[{"href":"https:\/\/hobstop.ee\/lv\/wp-json\/wp\/v2\/product"}],"about":[{"href":"https:\/\/hobstop.ee\/lv\/wp-json\/wp\/v2\/types\/product"}],"replies":[{"embeddable":true,"href":"https:\/\/hobstop.ee\/lv\/wp-json\/wp\/v2\/comments?post=245310"}],"wp:featuredmedia":[{"embeddable":true,"href":"https:\/\/hobstop.ee\/lv\/wp-json\/wp\/v2\/media\/245466"}],"wp:attachment":[{"href":"https:\/\/hobstop.ee\/lv\/wp-json\/wp\/v2\/media?parent=245310"}],"wp:term":[{"taxonomy":"product_cat","embeddable":true,"href":"https:\/\/hobstop.ee\/lv\/wp-json\/wp\/v2\/product_cat?post=245310"},{"taxonomy":"product_tag","embeddable":true,"href":"https:\/\/hobstop.ee\/lv\/wp-json\/wp\/v2\/product_tag?post=245310"}],"curies":[{"name":"wp","href":"https:\/\/api.w.org\/{rel}","templated":true}]}}