{"id":245322,"date":"2016-01-13T14:04:47","date_gmt":"2016-01-13T12:04:47","guid":{"rendered":"http:\/\/www.vunder.ee\/lv\/product\/molberts-mabef-mabef-m05\/"},"modified":"2016-01-13T14:04:47","modified_gmt":"2016-01-13T12:04:47","slug":"molberts-mabef-m05","status":"publish","type":"product","link":"https:\/\/hobstop.ee\/lv\/produkts\/molberts-mabef-m05\/","title":{"rendered":"Molberts Mabef M05"},"content":{"rendered":"<p>Izgatavots no e\u013c\u013cota di\u017esk\u0101bar\u017ea, M05 ir \u012bpa\u0161s klo\u0137is, ar kura pal\u012bdz\u012bbu piel\u0101got darba virsmas augstumu un audekla novietojumu. Pamatnei ir gan \u010detri noblo\u0137\u0113jami riten\u012b\u0161i, gan divas atvilktnes glezno\u0161anas piederumiem. Sl\u012bdmeh\u0101nisms izvelkams no 180cm l\u012bdz 360cm augstumam, var notur\u0113t l\u012bdz 214cm augstu m\u0101kslas darbu. Svars 21.5kg.<\/p>\n","protected":false},"excerpt":{"rendered":"<p>Izgatavots no e\u013c\u013cota di\u017esk\u0101bar\u017ea, M05 ir \u012bpa\u0161s klo\u0137is, ar kura pal\u012bdz\u012bbu piel\u0101got darba virsmas augstumu un audekla novietojumu. Pamatnei ir gan \u010detri noblo\u0137\u0113jami riten\u012b\u0161i, gan divas atvilktnes glezno\u0161anas piederumiem. Sl\u012bdmeh\u0101nisms izvelkams no 180cm l\u012bdz 360cm augstumam, var notur\u0113t l\u012bdz 214cm augstu m\u0101kslas darbu. Svars 21.5kg.<\/p>\n","protected":false},"featured_media":245478,"comment_status":"closed","ping_status":"closed","template":"","meta":{"_acf_changed":false,"ep_exclude_from_search":false},"product_cat":[16123,18934,18366],"product_tag":[],"class_list":{"0":"post-245322","1":"product","2":"type-product","3":"status-publish","4":"has-post-thumbnail","6":"product_cat-makslas-piederumi-2","7":"product_cat-molberti-2","8":"product_cat-molberti-uz-h-ramjiem","10":"first","11":"instock","12":"taxable","13":"shipping-taxable","14":"product-type-simple"},"acf":[],"yoast_head":"<!-- This site is optimized with the Yoast SEO plugin v24.1 - https:\/\/yoast.com\/wordpress\/plugins\/seo\/ -->\n<title>Molberts Mabef M05 &#8211; Skizze<\/title>\n<meta name=\"robots\" content=\"noindex, follow, max-snippet:-1, max-image-preview:large, max-video-preview:-1\" \/>\n<meta property=\"og:locale\" content=\"lv_LV\" \/>\n<meta property=\"og:type\" content=\"article\" \/>\n<meta property=\"og:title\" content=\"Molberts Mabef M05 &#8211; Skizze\" \/>\n<meta property=\"og:description\" content=\"Izgatavots no e\u013c\u013cota di\u017esk\u0101bar\u017ea, M05 ir \u012bpa\u0161s klo\u0137is, ar kura pal\u012bdz\u012bbu piel\u0101got darba virsmas augstumu un audekla novietojumu. Pamatnei ir gan \u010detri noblo\u0137\u0113jami riten\u012b\u0161i, gan divas atvilktnes glezno\u0161anas piederumiem. Sl\u012bdmeh\u0101nisms izvelkams no 180cm l\u012bdz 360cm augstumam, var notur\u0113t l\u012bdz 214cm augstu m\u0101kslas darbu. Svars 21.5kg.\" \/>\n<meta property=\"og:url\" content=\"https:\/\/hobstop.ee\/lv\/produkts\/molberts-mabef-m05\/\" \/>\n<meta property=\"og:site_name\" content=\"Skizze\" \/>\n<meta property=\"article:publisher\" content=\"http:\/\/www.facebook.com\/VunderSkizze\" \/>\n<meta property=\"og:image\" content=\"https:\/\/hobstop.ee\/media\/4175.jpg\" \/>\n\t<meta property=\"og:image:width\" content=\"1024\" \/>\n\t<meta property=\"og:image:height\" content=\"768\" \/>\n\t<meta property=\"og:image:type\" content=\"image\/jpeg\" \/>\n<meta name=\"twitter:card\" content=\"summary_large_image\" \/>\n<script type=\"application\/ld+json\" class=\"yoast-schema-graph\">{\"@context\":\"https:\/\/schema.org\",\"@graph\":[{\"@type\":\"WebPage\",\"@id\":\"https:\/\/hobstop.ee\/lv\/produkts\/molberts-mabef-m05\/\",\"url\":\"https:\/\/hobstop.ee\/lv\/produkts\/molberts-mabef-m05\/\",\"name\":\"Molberts Mabef M05 &#8211; Skizze\",\"isPartOf\":{\"@id\":\"https:\/\/hobstop.ee\/lv\/#website\"},\"primaryImageOfPage\":{\"@id\":\"https:\/\/hobstop.ee\/lv\/produkts\/molberts-mabef-m05\/#primaryimage\"},\"image\":{\"@id\":\"https:\/\/hobstop.ee\/lv\/produkts\/molberts-mabef-m05\/#primaryimage\"},\"thumbnailUrl\":\"https:\/\/hobstop.ee\/media\/4175.jpg\",\"datePublished\":\"2016-01-13T12:04:47+00:00\",\"dateModified\":\"2016-01-13T12:04:47+00:00\",\"breadcrumb\":{\"@id\":\"https:\/\/hobstop.ee\/lv\/produkts\/molberts-mabef-m05\/#breadcrumb\"},\"inLanguage\":\"lv-LV\",\"potentialAction\":[{\"@type\":\"ReadAction\",\"target\":[\"https:\/\/hobstop.ee\/lv\/produkts\/molberts-mabef-m05\/\"]}]},{\"@type\":\"ImageObject\",\"inLanguage\":\"lv-LV\",\"@id\":\"https:\/\/hobstop.ee\/lv\/produkts\/molberts-mabef-m05\/#primaryimage\",\"url\":\"https:\/\/hobstop.ee\/media\/4175.jpg\",\"contentUrl\":\"https:\/\/hobstop.ee\/media\/4175.jpg\",\"width\":1024,\"height\":768},{\"@type\":\"BreadcrumbList\",\"@id\":\"https:\/\/hobstop.ee\/lv\/produkts\/molberts-mabef-m05\/#breadcrumb\",\"itemListElement\":[{\"@type\":\"ListItem\",\"position\":1,\"name\":\"Avaleht\",\"item\":\"https:\/\/www.hobstop.ee\/lv\/\"},{\"@type\":\"ListItem\",\"position\":2,\"name\":\"Veikals\",\"item\":\"https:\/\/www.hobstop.ee\/lv\/veikals\/\"},{\"@type\":\"ListItem\",\"position\":3,\"name\":\"Molberts Mabef M05\"}]},{\"@type\":\"WebSite\",\"@id\":\"https:\/\/hobstop.ee\/lv\/#website\",\"url\":\"https:\/\/hobstop.ee\/lv\/\",\"name\":\"Skizze\",\"description\":\"M\u0101kslas, hobiju un skolas preces\",\"publisher\":{\"@id\":\"https:\/\/hobstop.ee\/lv\/#organization\"},\"potentialAction\":[{\"@type\":\"SearchAction\",\"target\":{\"@type\":\"EntryPoint\",\"urlTemplate\":\"https:\/\/hobstop.ee\/lv\/?s={search_term_string}\"},\"query-input\":{\"@type\":\"PropertyValueSpecification\",\"valueRequired\":true,\"valueName\":\"search_term_string\"}}],\"inLanguage\":\"lv-LV\"},{\"@type\":\"Organization\",\"@id\":\"https:\/\/hobstop.ee\/lv\/#organization\",\"name\":\"Vunder AS\",\"url\":\"https:\/\/hobstop.ee\/lv\/\",\"logo\":{\"@type\":\"ImageObject\",\"inLanguage\":\"lv-LV\",\"@id\":\"https:\/\/hobstop.ee\/lv\/#\/schema\/logo\/image\/\",\"url\":\"https:\/\/hobstop.ee\/media\/vunder-logo.png\",\"contentUrl\":\"https:\/\/hobstop.ee\/media\/vunder-logo.png\",\"width\":127,\"height\":55,\"caption\":\"Vunder AS\"},\"image\":{\"@id\":\"https:\/\/hobstop.ee\/lv\/#\/schema\/logo\/image\/\"},\"sameAs\":[\"http:\/\/www.facebook.com\/VunderSkizze\"]}]}<\/script>\n<!-- \/ Yoast SEO plugin. -->","yoast_head_json":{"title":"Molberts Mabef M05 &#8211; Skizze","robots":{"index":"noindex","follow":"follow","max-snippet":"max-snippet:-1","max-image-preview":"max-image-preview:large","max-video-preview":"max-video-preview:-1"},"og_locale":"lv_LV","og_type":"article","og_title":"Molberts Mabef M05 &#8211; Skizze","og_description":"Izgatavots no e\u013c\u013cota di\u017esk\u0101bar\u017ea, M05 ir \u012bpa\u0161s klo\u0137is, ar kura pal\u012bdz\u012bbu piel\u0101got darba virsmas augstumu un audekla novietojumu. Pamatnei ir gan \u010detri noblo\u0137\u0113jami riten\u012b\u0161i, gan divas atvilktnes glezno\u0161anas piederumiem. Sl\u012bdmeh\u0101nisms izvelkams no 180cm l\u012bdz 360cm augstumam, var notur\u0113t l\u012bdz 214cm augstu m\u0101kslas darbu. Svars 21.5kg.","og_url":"https:\/\/hobstop.ee\/lv\/produkts\/molberts-mabef-m05\/","og_site_name":"Skizze","article_publisher":"http:\/\/www.facebook.com\/VunderSkizze","og_image":[{"width":1024,"height":768,"url":"https:\/\/hobstop.ee\/media\/4175.jpg","type":"image\/jpeg"}],"twitter_card":"summary_large_image","schema":{"@context":"https:\/\/schema.org","@graph":[{"@type":"WebPage","@id":"https:\/\/hobstop.ee\/lv\/produkts\/molberts-mabef-m05\/","url":"https:\/\/hobstop.ee\/lv\/produkts\/molberts-mabef-m05\/","name":"Molberts Mabef M05 &#8211; Skizze","isPartOf":{"@id":"https:\/\/hobstop.ee\/lv\/#website"},"primaryImageOfPage":{"@id":"https:\/\/hobstop.ee\/lv\/produkts\/molberts-mabef-m05\/#primaryimage"},"image":{"@id":"https:\/\/hobstop.ee\/lv\/produkts\/molberts-mabef-m05\/#primaryimage"},"thumbnailUrl":"https:\/\/hobstop.ee\/media\/4175.jpg","datePublished":"2016-01-13T12:04:47+00:00","dateModified":"2016-01-13T12:04:47+00:00","breadcrumb":{"@id":"https:\/\/hobstop.ee\/lv\/produkts\/molberts-mabef-m05\/#breadcrumb"},"inLanguage":"lv-LV","potentialAction":[{"@type":"ReadAction","target":["https:\/\/hobstop.ee\/lv\/produkts\/molberts-mabef-m05\/"]}]},{"@type":"ImageObject","inLanguage":"lv-LV","@id":"https:\/\/hobstop.ee\/lv\/produkts\/molberts-mabef-m05\/#primaryimage","url":"https:\/\/hobstop.ee\/media\/4175.jpg","contentUrl":"https:\/\/hobstop.ee\/media\/4175.jpg","width":1024,"height":768},{"@type":"BreadcrumbList","@id":"https:\/\/hobstop.ee\/lv\/produkts\/molberts-mabef-m05\/#breadcrumb","itemListElement":[{"@type":"ListItem","position":1,"name":"Avaleht","item":"https:\/\/www.hobstop.ee\/lv\/"},{"@type":"ListItem","position":2,"name":"Veikals","item":"https:\/\/www.hobstop.ee\/lv\/veikals\/"},{"@type":"ListItem","position":3,"name":"Molberts Mabef M05"}]},{"@type":"WebSite","@id":"https:\/\/hobstop.ee\/lv\/#website","url":"https:\/\/hobstop.ee\/lv\/","name":"Skizze","description":"M\u0101kslas, hobiju un skolas preces","publisher":{"@id":"https:\/\/hobstop.ee\/lv\/#organization"},"potentialAction":[{"@type":"SearchAction","target":{"@type":"EntryPoint","urlTemplate":"https:\/\/hobstop.ee\/lv\/?s={search_term_string}"},"query-input":{"@type":"PropertyValueSpecification","valueRequired":true,"valueName":"search_term_string"}}],"inLanguage":"lv-LV"},{"@type":"Organization","@id":"https:\/\/hobstop.ee\/lv\/#organization","name":"Vunder AS","url":"https:\/\/hobstop.ee\/lv\/","logo":{"@type":"ImageObject","inLanguage":"lv-LV","@id":"https:\/\/hobstop.ee\/lv\/#\/schema\/logo\/image\/","url":"https:\/\/hobstop.ee\/media\/vunder-logo.png","contentUrl":"https:\/\/hobstop.ee\/media\/vunder-logo.png","width":127,"height":55,"caption":"Vunder AS"},"image":{"@id":"https:\/\/hobstop.ee\/lv\/#\/schema\/logo\/image\/"},"sameAs":["http:\/\/www.facebook.com\/VunderSkizze"]}]}},"_links":{"self":[{"href":"https:\/\/hobstop.ee\/lv\/wp-json\/wp\/v2\/product\/245322","targetHints":{"allow":["GET"]}}],"collection":[{"href":"https:\/\/hobstop.ee\/lv\/wp-json\/wp\/v2\/product"}],"about":[{"href":"https:\/\/hobstop.ee\/lv\/wp-json\/wp\/v2\/types\/product"}],"replies":[{"embeddable":true,"href":"https:\/\/hobstop.ee\/lv\/wp-json\/wp\/v2\/comments?post=245322"}],"wp:featuredmedia":[{"embeddable":true,"href":"https:\/\/hobstop.ee\/lv\/wp-json\/wp\/v2\/media\/245478"}],"wp:attachment":[{"href":"https:\/\/hobstop.ee\/lv\/wp-json\/wp\/v2\/media?parent=245322"}],"wp:term":[{"taxonomy":"product_cat","embeddable":true,"href":"https:\/\/hobstop.ee\/lv\/wp-json\/wp\/v2\/product_cat?post=245322"},{"taxonomy":"product_tag","embeddable":true,"href":"https:\/\/hobstop.ee\/lv\/wp-json\/wp\/v2\/product_tag?post=245322"}],"curies":[{"name":"wp","href":"https:\/\/api.w.org\/{rel}","templated":true}]}}