{"id":245330,"date":"2016-01-13T14:04:51","date_gmt":"2016-01-13T12:04:51","guid":{"rendered":"http:\/\/www.vunder.ee\/lv\/product\/divpuseja-putu-limlente-tesa\/"},"modified":"2016-01-13T14:04:51","modified_gmt":"2016-01-13T12:04:51","slug":"divpuseja-putu-limlente-tesa","status":"publish","type":"product","link":"https:\/\/hobstop.ee\/lv\/produkts\/divpuseja-putu-limlente-tesa\/","title":{"rendered":"Divpus\u0113ja putu l\u012bmlente Tesa"},"content":{"rendered":"<p>Tesa abpus\u0113j\u0101 stiprino\u0161\u0101 lenta celtniec\u012bbas mont\u0101\u017eai sast\u0101v no \u013coti pak\u013c\u0101v\u012bgas PE putu pamatnes un paaugstin\u0101tas lip\u012bbas akrila l\u012bmes. Daudzfunkcion\u0101l\u0101 l\u012bme nodro\u0161ina t\u016bl\u012bt\u0113ju salip\u0161anu ar da\u017e\u0101d\u0101m pamatn\u0113m. Piln\u012bb\u0101 piem\u0113rota izmanto\u0161anai \u0101ra apst\u0101k\u013cos: UV, \u016bdens un noveco\u0161anas iztur\u012bga. Temperat\u016bras notur\u012bba gan \u012bslaic\u012bgi, gan ilglaic\u012bgi ir 80\u00b0C.<\/p>\n","protected":false},"excerpt":{"rendered":"<p>Tesa abpus\u0113j\u0101 stiprino\u0161\u0101 lenta celtniec\u012bbas mont\u0101\u017eai sast\u0101v no \u013coti pak\u013c\u0101v\u012bgas PE putu pamatnes un paaugstin\u0101tas lip\u012bbas akrila l\u012bmes. Daudzfunkcion\u0101l\u0101 l\u012bme nodro\u0161ina t\u016bl\u012bt\u0113ju salip\u0161anu ar da\u017e\u0101d\u0101m pamatn\u0113m. Piln\u012bb\u0101 piem\u0113rota izmanto\u0161anai \u0101ra apst\u0101k\u013cos: UV, \u016bdens un noveco\u0161anas iztur\u012bga. Temperat\u016bras notur\u012bba gan \u012bslaic\u012bgi, gan ilglaic\u012bgi ir 80\u00b0C.<\/p>\n","protected":false},"featured_media":245486,"comment_status":"closed","ping_status":"closed","template":"","meta":{"_acf_changed":false,"ep_exclude_from_search":false},"product_cat":[17913,18054,18919],"product_tag":[],"class_list":{"0":"post-245330","1":"product","2":"type-product","3":"status-publish","4":"has-post-thumbnail","6":"product_cat-biroja-preces","7":"product_cat-limlentes-2","8":"product_cat-ofisa-preces-4","10":"first","11":"instock","12":"taxable","13":"shipping-taxable","14":"purchasable","15":"product-type-simple"},"acf":[],"yoast_head":"<!-- This site is optimized with the Yoast SEO plugin v24.1 - https:\/\/yoast.com\/wordpress\/plugins\/seo\/ -->\n<title>Divpus\u0113ja putu l\u012bmlente Tesa &#8211; Skizze<\/title>\n<meta name=\"robots\" content=\"noindex, follow, max-snippet:-1, max-image-preview:large, max-video-preview:-1\" \/>\n<meta property=\"og:locale\" content=\"lv_LV\" \/>\n<meta property=\"og:type\" content=\"article\" \/>\n<meta property=\"og:title\" content=\"Divpus\u0113ja putu l\u012bmlente Tesa &#8211; Skizze\" \/>\n<meta property=\"og:description\" content=\"Tesa abpus\u0113j\u0101 stiprino\u0161\u0101 lenta celtniec\u012bbas mont\u0101\u017eai sast\u0101v no \u013coti pak\u013c\u0101v\u012bgas PE putu pamatnes un paaugstin\u0101tas lip\u012bbas akrila l\u012bmes. Daudzfunkcion\u0101l\u0101 l\u012bme nodro\u0161ina t\u016bl\u012bt\u0113ju salip\u0161anu ar da\u017e\u0101d\u0101m pamatn\u0113m. Piln\u012bb\u0101 piem\u0113rota izmanto\u0161anai \u0101ra apst\u0101k\u013cos: UV, \u016bdens un noveco\u0161anas iztur\u012bga. Temperat\u016bras notur\u012bba gan \u012bslaic\u012bgi, gan ilglaic\u012bgi ir 80\u00b0C.\" \/>\n<meta property=\"og:url\" content=\"https:\/\/hobstop.ee\/lv\/produkts\/divpuseja-putu-limlente-tesa\/\" \/>\n<meta property=\"og:site_name\" content=\"Skizze\" \/>\n<meta property=\"article:publisher\" content=\"http:\/\/www.facebook.com\/VunderSkizze\" \/>\n<meta property=\"og:image\" content=\"https:\/\/hobstop.ee\/media\/4178.jpg\" \/>\n\t<meta property=\"og:image:width\" content=\"1024\" \/>\n\t<meta property=\"og:image:height\" content=\"768\" \/>\n\t<meta property=\"og:image:type\" content=\"image\/jpeg\" \/>\n<meta name=\"twitter:card\" content=\"summary_large_image\" \/>\n<script type=\"application\/ld+json\" class=\"yoast-schema-graph\">{\"@context\":\"https:\/\/schema.org\",\"@graph\":[{\"@type\":\"WebPage\",\"@id\":\"https:\/\/hobstop.ee\/lv\/produkts\/divpuseja-putu-limlente-tesa\/\",\"url\":\"https:\/\/hobstop.ee\/lv\/produkts\/divpuseja-putu-limlente-tesa\/\",\"name\":\"Divpus\u0113ja putu l\u012bmlente Tesa &#8211; Skizze\",\"isPartOf\":{\"@id\":\"https:\/\/hobstop.ee\/lv\/#website\"},\"primaryImageOfPage\":{\"@id\":\"https:\/\/hobstop.ee\/lv\/produkts\/divpuseja-putu-limlente-tesa\/#primaryimage\"},\"image\":{\"@id\":\"https:\/\/hobstop.ee\/lv\/produkts\/divpuseja-putu-limlente-tesa\/#primaryimage\"},\"thumbnailUrl\":\"https:\/\/hobstop.ee\/media\/4178.jpg\",\"datePublished\":\"2016-01-13T12:04:51+00:00\",\"dateModified\":\"2016-01-13T12:04:51+00:00\",\"breadcrumb\":{\"@id\":\"https:\/\/hobstop.ee\/lv\/produkts\/divpuseja-putu-limlente-tesa\/#breadcrumb\"},\"inLanguage\":\"lv-LV\",\"potentialAction\":[{\"@type\":\"ReadAction\",\"target\":[\"https:\/\/hobstop.ee\/lv\/produkts\/divpuseja-putu-limlente-tesa\/\"]}]},{\"@type\":\"ImageObject\",\"inLanguage\":\"lv-LV\",\"@id\":\"https:\/\/hobstop.ee\/lv\/produkts\/divpuseja-putu-limlente-tesa\/#primaryimage\",\"url\":\"https:\/\/hobstop.ee\/media\/4178.jpg\",\"contentUrl\":\"https:\/\/hobstop.ee\/media\/4178.jpg\",\"width\":1024,\"height\":768},{\"@type\":\"BreadcrumbList\",\"@id\":\"https:\/\/hobstop.ee\/lv\/produkts\/divpuseja-putu-limlente-tesa\/#breadcrumb\",\"itemListElement\":[{\"@type\":\"ListItem\",\"position\":1,\"name\":\"Avaleht\",\"item\":\"https:\/\/www.hobstop.ee\/lv\/\"},{\"@type\":\"ListItem\",\"position\":2,\"name\":\"Veikals\",\"item\":\"https:\/\/www.hobstop.ee\/lv\/veikals\/\"},{\"@type\":\"ListItem\",\"position\":3,\"name\":\"Divpus\u0113ja putu l\u012bmlente Tesa\"}]},{\"@type\":\"WebSite\",\"@id\":\"https:\/\/hobstop.ee\/lv\/#website\",\"url\":\"https:\/\/hobstop.ee\/lv\/\",\"name\":\"Skizze\",\"description\":\"M\u0101kslas, hobiju un skolas preces\",\"publisher\":{\"@id\":\"https:\/\/hobstop.ee\/lv\/#organization\"},\"potentialAction\":[{\"@type\":\"SearchAction\",\"target\":{\"@type\":\"EntryPoint\",\"urlTemplate\":\"https:\/\/hobstop.ee\/lv\/?s={search_term_string}\"},\"query-input\":{\"@type\":\"PropertyValueSpecification\",\"valueRequired\":true,\"valueName\":\"search_term_string\"}}],\"inLanguage\":\"lv-LV\"},{\"@type\":\"Organization\",\"@id\":\"https:\/\/hobstop.ee\/lv\/#organization\",\"name\":\"Vunder AS\",\"url\":\"https:\/\/hobstop.ee\/lv\/\",\"logo\":{\"@type\":\"ImageObject\",\"inLanguage\":\"lv-LV\",\"@id\":\"https:\/\/hobstop.ee\/lv\/#\/schema\/logo\/image\/\",\"url\":\"https:\/\/hobstop.ee\/media\/vunder-logo.png\",\"contentUrl\":\"https:\/\/hobstop.ee\/media\/vunder-logo.png\",\"width\":127,\"height\":55,\"caption\":\"Vunder AS\"},\"image\":{\"@id\":\"https:\/\/hobstop.ee\/lv\/#\/schema\/logo\/image\/\"},\"sameAs\":[\"http:\/\/www.facebook.com\/VunderSkizze\"]}]}<\/script>\n<!-- \/ Yoast SEO plugin. -->","yoast_head_json":{"title":"Divpus\u0113ja putu l\u012bmlente Tesa &#8211; Skizze","robots":{"index":"noindex","follow":"follow","max-snippet":"max-snippet:-1","max-image-preview":"max-image-preview:large","max-video-preview":"max-video-preview:-1"},"og_locale":"lv_LV","og_type":"article","og_title":"Divpus\u0113ja putu l\u012bmlente Tesa &#8211; Skizze","og_description":"Tesa abpus\u0113j\u0101 stiprino\u0161\u0101 lenta celtniec\u012bbas mont\u0101\u017eai sast\u0101v no \u013coti pak\u013c\u0101v\u012bgas PE putu pamatnes un paaugstin\u0101tas lip\u012bbas akrila l\u012bmes. Daudzfunkcion\u0101l\u0101 l\u012bme nodro\u0161ina t\u016bl\u012bt\u0113ju salip\u0161anu ar da\u017e\u0101d\u0101m pamatn\u0113m. Piln\u012bb\u0101 piem\u0113rota izmanto\u0161anai \u0101ra apst\u0101k\u013cos: UV, \u016bdens un noveco\u0161anas iztur\u012bga. Temperat\u016bras notur\u012bba gan \u012bslaic\u012bgi, gan ilglaic\u012bgi ir 80\u00b0C.","og_url":"https:\/\/hobstop.ee\/lv\/produkts\/divpuseja-putu-limlente-tesa\/","og_site_name":"Skizze","article_publisher":"http:\/\/www.facebook.com\/VunderSkizze","og_image":[{"width":1024,"height":768,"url":"https:\/\/hobstop.ee\/media\/4178.jpg","type":"image\/jpeg"}],"twitter_card":"summary_large_image","schema":{"@context":"https:\/\/schema.org","@graph":[{"@type":"WebPage","@id":"https:\/\/hobstop.ee\/lv\/produkts\/divpuseja-putu-limlente-tesa\/","url":"https:\/\/hobstop.ee\/lv\/produkts\/divpuseja-putu-limlente-tesa\/","name":"Divpus\u0113ja putu l\u012bmlente Tesa &#8211; Skizze","isPartOf":{"@id":"https:\/\/hobstop.ee\/lv\/#website"},"primaryImageOfPage":{"@id":"https:\/\/hobstop.ee\/lv\/produkts\/divpuseja-putu-limlente-tesa\/#primaryimage"},"image":{"@id":"https:\/\/hobstop.ee\/lv\/produkts\/divpuseja-putu-limlente-tesa\/#primaryimage"},"thumbnailUrl":"https:\/\/hobstop.ee\/media\/4178.jpg","datePublished":"2016-01-13T12:04:51+00:00","dateModified":"2016-01-13T12:04:51+00:00","breadcrumb":{"@id":"https:\/\/hobstop.ee\/lv\/produkts\/divpuseja-putu-limlente-tesa\/#breadcrumb"},"inLanguage":"lv-LV","potentialAction":[{"@type":"ReadAction","target":["https:\/\/hobstop.ee\/lv\/produkts\/divpuseja-putu-limlente-tesa\/"]}]},{"@type":"ImageObject","inLanguage":"lv-LV","@id":"https:\/\/hobstop.ee\/lv\/produkts\/divpuseja-putu-limlente-tesa\/#primaryimage","url":"https:\/\/hobstop.ee\/media\/4178.jpg","contentUrl":"https:\/\/hobstop.ee\/media\/4178.jpg","width":1024,"height":768},{"@type":"BreadcrumbList","@id":"https:\/\/hobstop.ee\/lv\/produkts\/divpuseja-putu-limlente-tesa\/#breadcrumb","itemListElement":[{"@type":"ListItem","position":1,"name":"Avaleht","item":"https:\/\/www.hobstop.ee\/lv\/"},{"@type":"ListItem","position":2,"name":"Veikals","item":"https:\/\/www.hobstop.ee\/lv\/veikals\/"},{"@type":"ListItem","position":3,"name":"Divpus\u0113ja putu l\u012bmlente Tesa"}]},{"@type":"WebSite","@id":"https:\/\/hobstop.ee\/lv\/#website","url":"https:\/\/hobstop.ee\/lv\/","name":"Skizze","description":"M\u0101kslas, hobiju un skolas preces","publisher":{"@id":"https:\/\/hobstop.ee\/lv\/#organization"},"potentialAction":[{"@type":"SearchAction","target":{"@type":"EntryPoint","urlTemplate":"https:\/\/hobstop.ee\/lv\/?s={search_term_string}"},"query-input":{"@type":"PropertyValueSpecification","valueRequired":true,"valueName":"search_term_string"}}],"inLanguage":"lv-LV"},{"@type":"Organization","@id":"https:\/\/hobstop.ee\/lv\/#organization","name":"Vunder AS","url":"https:\/\/hobstop.ee\/lv\/","logo":{"@type":"ImageObject","inLanguage":"lv-LV","@id":"https:\/\/hobstop.ee\/lv\/#\/schema\/logo\/image\/","url":"https:\/\/hobstop.ee\/media\/vunder-logo.png","contentUrl":"https:\/\/hobstop.ee\/media\/vunder-logo.png","width":127,"height":55,"caption":"Vunder AS"},"image":{"@id":"https:\/\/hobstop.ee\/lv\/#\/schema\/logo\/image\/"},"sameAs":["http:\/\/www.facebook.com\/VunderSkizze"]}]}},"_links":{"self":[{"href":"https:\/\/hobstop.ee\/lv\/wp-json\/wp\/v2\/product\/245330","targetHints":{"allow":["GET"]}}],"collection":[{"href":"https:\/\/hobstop.ee\/lv\/wp-json\/wp\/v2\/product"}],"about":[{"href":"https:\/\/hobstop.ee\/lv\/wp-json\/wp\/v2\/types\/product"}],"replies":[{"embeddable":true,"href":"https:\/\/hobstop.ee\/lv\/wp-json\/wp\/v2\/comments?post=245330"}],"wp:featuredmedia":[{"embeddable":true,"href":"https:\/\/hobstop.ee\/lv\/wp-json\/wp\/v2\/media\/245486"}],"wp:attachment":[{"href":"https:\/\/hobstop.ee\/lv\/wp-json\/wp\/v2\/media?parent=245330"}],"wp:term":[{"taxonomy":"product_cat","embeddable":true,"href":"https:\/\/hobstop.ee\/lv\/wp-json\/wp\/v2\/product_cat?post=245330"},{"taxonomy":"product_tag","embeddable":true,"href":"https:\/\/hobstop.ee\/lv\/wp-json\/wp\/v2\/product_tag?post=245330"}],"curies":[{"name":"wp","href":"https:\/\/api.w.org\/{rel}","templated":true}]}}