{"id":245827,"date":"2016-01-18T13:35:37","date_gmt":"2016-01-18T11:35:37","guid":{"rendered":"http:\/\/www.vunder.ee\/lv\/product\/palielinamais-stikls-daylight-mini\/"},"modified":"2016-01-18T13:35:37","modified_gmt":"2016-01-18T11:35:37","slug":"palielinamais-stikls-daylight-mini","status":"publish","type":"product","link":"https:\/\/hobstop.ee\/lv\/produkts\/palielinamais-stikls-daylight-mini\/","title":{"rendered":"Palielin\u0101mais stikls Daylight Mini"},"content":{"rendered":"<p>Pl\u0101ns, bet sp\u0113c\u012bgs palielin\u0101mais stikls, ko var nostiprin\u0101t neliel\u0101 r\u0101m\u012b vai uz darba virsmas. 9cm liela diametra l\u0113ca (2.25X palielin\u0101jums) ar 2cm augst\u0101ku papildu palielin\u0101juma l\u0113cu (4.0X palielin\u0101jums) un groz\u0101mu stat\u012bvu, kas nodro\u0161ina detaliz\u0113ti prec\u012bzu skat\u012bjumu tie\u0161i tur, kur tas nepiecie\u0161ams.<\/p>\n","protected":false},"excerpt":{"rendered":"<p>Pl\u0101ns, bet sp\u0113c\u012bgs palielin\u0101mais stikls, ko var nostiprin\u0101t neliel\u0101 r\u0101m\u012b vai uz darba virsmas. 9cm liela diametra l\u0113ca (2.25X palielin\u0101jums) ar 2cm augst\u0101ku papildu palielin\u0101juma l\u0113cu (4.0X palielin\u0101jums) un groz\u0101mu stat\u012bvu, kas nodro\u0161ina detaliz\u0113ti prec\u012bzu skat\u012bjumu tie\u0161i tur, kur tas nepiecie\u0161ams.<\/p>\n","protected":false},"featured_media":0,"comment_status":"closed","ping_status":"closed","template":"","meta":{"_acf_changed":false,"ep_exclude_from_search":false},"product_cat":[19870,17918,19760],"product_tag":[],"class_list":{"0":"post-245827","1":"product","2":"type-product","3":"status-publish","5":"product_cat-adisanas-darbariki","6":"product_cat-preces-hobijiem","7":"product_cat-rokdarbi","9":"first","10":"instock","11":"taxable","12":"shipping-taxable","13":"purchasable","14":"product-type-simple"},"acf":[],"yoast_head":"<!-- This site is optimized with the Yoast SEO plugin v24.1 - https:\/\/yoast.com\/wordpress\/plugins\/seo\/ -->\n<title>Palielin\u0101mais stikls Daylight Mini &#8211; Skizze<\/title>\n<meta name=\"robots\" content=\"noindex, follow, max-snippet:-1, max-image-preview:large, max-video-preview:-1\" \/>\n<meta property=\"og:locale\" content=\"lv_LV\" \/>\n<meta property=\"og:type\" content=\"article\" \/>\n<meta property=\"og:title\" content=\"Palielin\u0101mais stikls Daylight Mini &#8211; Skizze\" \/>\n<meta property=\"og:description\" content=\"Pl\u0101ns, bet sp\u0113c\u012bgs palielin\u0101mais stikls, ko var nostiprin\u0101t neliel\u0101 r\u0101m\u012b vai uz darba virsmas. 9cm liela diametra l\u0113ca (2.25X palielin\u0101jums) ar 2cm augst\u0101ku papildu palielin\u0101juma l\u0113cu (4.0X palielin\u0101jums) un groz\u0101mu stat\u012bvu, kas nodro\u0161ina detaliz\u0113ti prec\u012bzu skat\u012bjumu tie\u0161i tur, kur tas nepiecie\u0161ams.\" \/>\n<meta property=\"og:url\" content=\"https:\/\/hobstop.ee\/lv\/produkts\/palielinamais-stikls-daylight-mini\/\" \/>\n<meta property=\"og:site_name\" content=\"Skizze\" \/>\n<meta property=\"article:publisher\" content=\"http:\/\/www.facebook.com\/VunderSkizze\" \/>\n<meta name=\"twitter:card\" content=\"summary_large_image\" \/>\n<script type=\"application\/ld+json\" class=\"yoast-schema-graph\">{\"@context\":\"https:\/\/schema.org\",\"@graph\":[{\"@type\":\"WebPage\",\"@id\":\"https:\/\/hobstop.ee\/lv\/produkts\/palielinamais-stikls-daylight-mini\/\",\"url\":\"https:\/\/hobstop.ee\/lv\/produkts\/palielinamais-stikls-daylight-mini\/\",\"name\":\"Palielin\u0101mais stikls Daylight Mini &#8211; Skizze\",\"isPartOf\":{\"@id\":\"https:\/\/hobstop.ee\/lv\/#website\"},\"datePublished\":\"2016-01-18T11:35:37+00:00\",\"dateModified\":\"2016-01-18T11:35:37+00:00\",\"breadcrumb\":{\"@id\":\"https:\/\/hobstop.ee\/lv\/produkts\/palielinamais-stikls-daylight-mini\/#breadcrumb\"},\"inLanguage\":\"lv-LV\",\"potentialAction\":[{\"@type\":\"ReadAction\",\"target\":[\"https:\/\/hobstop.ee\/lv\/produkts\/palielinamais-stikls-daylight-mini\/\"]}]},{\"@type\":\"BreadcrumbList\",\"@id\":\"https:\/\/hobstop.ee\/lv\/produkts\/palielinamais-stikls-daylight-mini\/#breadcrumb\",\"itemListElement\":[{\"@type\":\"ListItem\",\"position\":1,\"name\":\"Avaleht\",\"item\":\"https:\/\/hobstop.ee\/lv\/\"},{\"@type\":\"ListItem\",\"position\":2,\"name\":\"Veikals\",\"item\":\"https:\/\/hobstop.ee\/lv\/veikals\/\"},{\"@type\":\"ListItem\",\"position\":3,\"name\":\"Palielin\u0101mais stikls Daylight Mini\"}]},{\"@type\":\"WebSite\",\"@id\":\"https:\/\/hobstop.ee\/lv\/#website\",\"url\":\"https:\/\/hobstop.ee\/lv\/\",\"name\":\"Skizze\",\"description\":\"M\u0101kslas, hobiju un skolas preces\",\"publisher\":{\"@id\":\"https:\/\/hobstop.ee\/lv\/#organization\"},\"potentialAction\":[{\"@type\":\"SearchAction\",\"target\":{\"@type\":\"EntryPoint\",\"urlTemplate\":\"https:\/\/hobstop.ee\/lv\/?s={search_term_string}\"},\"query-input\":{\"@type\":\"PropertyValueSpecification\",\"valueRequired\":true,\"valueName\":\"search_term_string\"}}],\"inLanguage\":\"lv-LV\"},{\"@type\":\"Organization\",\"@id\":\"https:\/\/hobstop.ee\/lv\/#organization\",\"name\":\"Vunder AS\",\"url\":\"https:\/\/hobstop.ee\/lv\/\",\"logo\":{\"@type\":\"ImageObject\",\"inLanguage\":\"lv-LV\",\"@id\":\"https:\/\/hobstop.ee\/lv\/#\/schema\/logo\/image\/\",\"url\":\"https:\/\/hobstop.ee\/media\/vunder-logo.png\",\"contentUrl\":\"https:\/\/hobstop.ee\/media\/vunder-logo.png\",\"width\":127,\"height\":55,\"caption\":\"Vunder AS\"},\"image\":{\"@id\":\"https:\/\/hobstop.ee\/lv\/#\/schema\/logo\/image\/\"},\"sameAs\":[\"http:\/\/www.facebook.com\/VunderSkizze\"]}]}<\/script>\n<!-- \/ Yoast SEO plugin. -->","yoast_head_json":{"title":"Palielin\u0101mais stikls Daylight Mini &#8211; Skizze","robots":{"index":"noindex","follow":"follow","max-snippet":"max-snippet:-1","max-image-preview":"max-image-preview:large","max-video-preview":"max-video-preview:-1"},"og_locale":"lv_LV","og_type":"article","og_title":"Palielin\u0101mais stikls Daylight Mini &#8211; Skizze","og_description":"Pl\u0101ns, bet sp\u0113c\u012bgs palielin\u0101mais stikls, ko var nostiprin\u0101t neliel\u0101 r\u0101m\u012b vai uz darba virsmas. 9cm liela diametra l\u0113ca (2.25X palielin\u0101jums) ar 2cm augst\u0101ku papildu palielin\u0101juma l\u0113cu (4.0X palielin\u0101jums) un groz\u0101mu stat\u012bvu, kas nodro\u0161ina detaliz\u0113ti prec\u012bzu skat\u012bjumu tie\u0161i tur, kur tas nepiecie\u0161ams.","og_url":"https:\/\/hobstop.ee\/lv\/produkts\/palielinamais-stikls-daylight-mini\/","og_site_name":"Skizze","article_publisher":"http:\/\/www.facebook.com\/VunderSkizze","twitter_card":"summary_large_image","schema":{"@context":"https:\/\/schema.org","@graph":[{"@type":"WebPage","@id":"https:\/\/hobstop.ee\/lv\/produkts\/palielinamais-stikls-daylight-mini\/","url":"https:\/\/hobstop.ee\/lv\/produkts\/palielinamais-stikls-daylight-mini\/","name":"Palielin\u0101mais stikls Daylight Mini &#8211; Skizze","isPartOf":{"@id":"https:\/\/hobstop.ee\/lv\/#website"},"datePublished":"2016-01-18T11:35:37+00:00","dateModified":"2016-01-18T11:35:37+00:00","breadcrumb":{"@id":"https:\/\/hobstop.ee\/lv\/produkts\/palielinamais-stikls-daylight-mini\/#breadcrumb"},"inLanguage":"lv-LV","potentialAction":[{"@type":"ReadAction","target":["https:\/\/hobstop.ee\/lv\/produkts\/palielinamais-stikls-daylight-mini\/"]}]},{"@type":"BreadcrumbList","@id":"https:\/\/hobstop.ee\/lv\/produkts\/palielinamais-stikls-daylight-mini\/#breadcrumb","itemListElement":[{"@type":"ListItem","position":1,"name":"Avaleht","item":"https:\/\/hobstop.ee\/lv\/"},{"@type":"ListItem","position":2,"name":"Veikals","item":"https:\/\/hobstop.ee\/lv\/veikals\/"},{"@type":"ListItem","position":3,"name":"Palielin\u0101mais stikls Daylight Mini"}]},{"@type":"WebSite","@id":"https:\/\/hobstop.ee\/lv\/#website","url":"https:\/\/hobstop.ee\/lv\/","name":"Skizze","description":"M\u0101kslas, hobiju un skolas preces","publisher":{"@id":"https:\/\/hobstop.ee\/lv\/#organization"},"potentialAction":[{"@type":"SearchAction","target":{"@type":"EntryPoint","urlTemplate":"https:\/\/hobstop.ee\/lv\/?s={search_term_string}"},"query-input":{"@type":"PropertyValueSpecification","valueRequired":true,"valueName":"search_term_string"}}],"inLanguage":"lv-LV"},{"@type":"Organization","@id":"https:\/\/hobstop.ee\/lv\/#organization","name":"Vunder AS","url":"https:\/\/hobstop.ee\/lv\/","logo":{"@type":"ImageObject","inLanguage":"lv-LV","@id":"https:\/\/hobstop.ee\/lv\/#\/schema\/logo\/image\/","url":"https:\/\/hobstop.ee\/media\/vunder-logo.png","contentUrl":"https:\/\/hobstop.ee\/media\/vunder-logo.png","width":127,"height":55,"caption":"Vunder AS"},"image":{"@id":"https:\/\/hobstop.ee\/lv\/#\/schema\/logo\/image\/"},"sameAs":["http:\/\/www.facebook.com\/VunderSkizze"]}]}},"_links":{"self":[{"href":"https:\/\/hobstop.ee\/lv\/wp-json\/wp\/v2\/product\/245827","targetHints":{"allow":["GET"]}}],"collection":[{"href":"https:\/\/hobstop.ee\/lv\/wp-json\/wp\/v2\/product"}],"about":[{"href":"https:\/\/hobstop.ee\/lv\/wp-json\/wp\/v2\/types\/product"}],"replies":[{"embeddable":true,"href":"https:\/\/hobstop.ee\/lv\/wp-json\/wp\/v2\/comments?post=245827"}],"wp:attachment":[{"href":"https:\/\/hobstop.ee\/lv\/wp-json\/wp\/v2\/media?parent=245827"}],"wp:term":[{"taxonomy":"product_cat","embeddable":true,"href":"https:\/\/hobstop.ee\/lv\/wp-json\/wp\/v2\/product_cat?post=245827"},{"taxonomy":"product_tag","embeddable":true,"href":"https:\/\/hobstop.ee\/lv\/wp-json\/wp\/v2\/product_tag?post=245827"}],"curies":[{"name":"wp","href":"https:\/\/api.w.org\/{rel}","templated":true}]}}