{"id":245887,"date":"2016-01-18T14:19:15","date_gmt":"2016-01-18T12:19:15","guid":{"rendered":"http:\/\/www.vunder.ee\/lv\/product\/gaismas-kaste-daylight-wafer\/"},"modified":"2016-01-18T14:19:15","modified_gmt":"2016-01-18T12:19:15","slug":"gaismas-kaste-daylight-wafer","status":"publish","type":"product","link":"https:\/\/hobstop.ee\/lv\/produkts\/gaismas-kaste-daylight-wafer\/","title":{"rendered":"Gaismas kaste Daylight Wafer"},"content":{"rendered":"<p>Wafer gaismas kaste ir tikai 0.8cm bieza. Wafer ir aptum\u0161ojamas LED lampas un nodro\u0161ina vienm\u0113r\u012bgu apgaismojumu no vienas malas l\u012bdz otrai. Tai ir str\u0101vas pievads un \u013coti zems sakar\u0161anas l\u012bmenis. Wafer ir ide\u0101li piem\u0113rota kaligr\u0101fijai, \u0161ablonu tehnikai, atmi\u0146u gr\u0101matu veido\u0161anai, embosinga tehnikai, kviltingam, iz\u0161\u016b\u0161anai, \u0161\u016b\u0161anai un cit\u0101m nodarb\u0113m.<\/p>\n","protected":false},"excerpt":{"rendered":"<p>Wafer gaismas kaste ir tikai 0.8cm bieza. Wafer ir aptum\u0161ojamas LED lampas un nodro\u0161ina vienm\u0113r\u012bgu apgaismojumu no vienas malas l\u012bdz otrai. Tai ir str\u0101vas pievads un \u013coti zems sakar\u0161anas l\u012bmenis. Wafer ir ide\u0101li piem\u0113rota kaligr\u0101fijai, \u0161ablonu tehnikai, atmi\u0146u gr\u0101matu veido\u0161anai, embosinga tehnikai, kviltingam, iz\u0161\u016b\u0161anai, \u0161\u016b\u0161anai un cit\u0101m nodarb\u0113m.<\/p>\n","protected":false},"featured_media":245943,"comment_status":"closed","ping_status":"closed","template":"","meta":{"_acf_changed":false,"ep_exclude_from_search":false},"product_cat":[18798,20060],"product_tag":[],"class_list":{"0":"post-245887","1":"product","2":"type-product","3":"status-publish","4":"has-post-thumbnail","6":"product_cat-lampas-3","7":"product_cat-makslinieku-lampas","9":"first","10":"instock","11":"taxable","12":"shipping-taxable","13":"purchasable","14":"product-type-simple"},"acf":[],"yoast_head":"<!-- This site is optimized with the Yoast SEO plugin v24.1 - https:\/\/yoast.com\/wordpress\/plugins\/seo\/ -->\n<title>Gaismas kaste Daylight Wafer &#8211; Skizze<\/title>\n<meta name=\"robots\" content=\"noindex, follow, max-snippet:-1, max-image-preview:large, max-video-preview:-1\" \/>\n<meta property=\"og:locale\" content=\"lv_LV\" \/>\n<meta property=\"og:type\" content=\"article\" \/>\n<meta property=\"og:title\" content=\"Gaismas kaste Daylight Wafer &#8211; Skizze\" \/>\n<meta property=\"og:description\" content=\"Wafer gaismas kaste ir tikai 0.8cm bieza. Wafer ir aptum\u0161ojamas LED lampas un nodro\u0161ina vienm\u0113r\u012bgu apgaismojumu no vienas malas l\u012bdz otrai. Tai ir str\u0101vas pievads un \u013coti zems sakar\u0161anas l\u012bmenis. Wafer ir ide\u0101li piem\u0113rota kaligr\u0101fijai, \u0161ablonu tehnikai, atmi\u0146u gr\u0101matu veido\u0161anai, embosinga tehnikai, kviltingam, iz\u0161\u016b\u0161anai, \u0161\u016b\u0161anai un cit\u0101m nodarb\u0113m.\" \/>\n<meta property=\"og:url\" content=\"https:\/\/hobstop.ee\/lv\/produkts\/gaismas-kaste-daylight-wafer\/\" \/>\n<meta property=\"og:site_name\" content=\"Skizze\" \/>\n<meta property=\"article:publisher\" content=\"http:\/\/www.facebook.com\/VunderSkizze\" \/>\n<meta property=\"og:image\" content=\"https:\/\/hobstop.ee\/media\/4183.jpg\" \/>\n\t<meta property=\"og:image:width\" content=\"1024\" \/>\n\t<meta property=\"og:image:height\" content=\"768\" \/>\n\t<meta property=\"og:image:type\" content=\"image\/jpeg\" \/>\n<meta name=\"twitter:card\" content=\"summary_large_image\" \/>\n<script type=\"application\/ld+json\" class=\"yoast-schema-graph\">{\"@context\":\"https:\/\/schema.org\",\"@graph\":[{\"@type\":\"WebPage\",\"@id\":\"https:\/\/hobstop.ee\/lv\/produkts\/gaismas-kaste-daylight-wafer\/\",\"url\":\"https:\/\/hobstop.ee\/lv\/produkts\/gaismas-kaste-daylight-wafer\/\",\"name\":\"Gaismas kaste Daylight Wafer &#8211; Skizze\",\"isPartOf\":{\"@id\":\"https:\/\/hobstop.ee\/lv\/#website\"},\"primaryImageOfPage\":{\"@id\":\"https:\/\/hobstop.ee\/lv\/produkts\/gaismas-kaste-daylight-wafer\/#primaryimage\"},\"image\":{\"@id\":\"https:\/\/hobstop.ee\/lv\/produkts\/gaismas-kaste-daylight-wafer\/#primaryimage\"},\"thumbnailUrl\":\"https:\/\/hobstop.ee\/media\/4183.jpg\",\"datePublished\":\"2016-01-18T12:19:15+00:00\",\"dateModified\":\"2016-01-18T12:19:15+00:00\",\"breadcrumb\":{\"@id\":\"https:\/\/hobstop.ee\/lv\/produkts\/gaismas-kaste-daylight-wafer\/#breadcrumb\"},\"inLanguage\":\"lv-LV\",\"potentialAction\":[{\"@type\":\"ReadAction\",\"target\":[\"https:\/\/hobstop.ee\/lv\/produkts\/gaismas-kaste-daylight-wafer\/\"]}]},{\"@type\":\"ImageObject\",\"inLanguage\":\"lv-LV\",\"@id\":\"https:\/\/hobstop.ee\/lv\/produkts\/gaismas-kaste-daylight-wafer\/#primaryimage\",\"url\":\"https:\/\/hobstop.ee\/media\/4183.jpg\",\"contentUrl\":\"https:\/\/hobstop.ee\/media\/4183.jpg\",\"width\":1024,\"height\":768},{\"@type\":\"BreadcrumbList\",\"@id\":\"https:\/\/hobstop.ee\/lv\/produkts\/gaismas-kaste-daylight-wafer\/#breadcrumb\",\"itemListElement\":[{\"@type\":\"ListItem\",\"position\":1,\"name\":\"Avaleht\",\"item\":\"https:\/\/hobstop.ee\/lv\/\"},{\"@type\":\"ListItem\",\"position\":2,\"name\":\"Veikals\",\"item\":\"https:\/\/hobstop.ee\/lv\/veikals\/\"},{\"@type\":\"ListItem\",\"position\":3,\"name\":\"Gaismas kaste Daylight Wafer\"}]},{\"@type\":\"WebSite\",\"@id\":\"https:\/\/hobstop.ee\/lv\/#website\",\"url\":\"https:\/\/hobstop.ee\/lv\/\",\"name\":\"Skizze\",\"description\":\"M\u0101kslas, hobiju un skolas preces\",\"publisher\":{\"@id\":\"https:\/\/hobstop.ee\/lv\/#organization\"},\"potentialAction\":[{\"@type\":\"SearchAction\",\"target\":{\"@type\":\"EntryPoint\",\"urlTemplate\":\"https:\/\/hobstop.ee\/lv\/?s={search_term_string}\"},\"query-input\":{\"@type\":\"PropertyValueSpecification\",\"valueRequired\":true,\"valueName\":\"search_term_string\"}}],\"inLanguage\":\"lv-LV\"},{\"@type\":\"Organization\",\"@id\":\"https:\/\/hobstop.ee\/lv\/#organization\",\"name\":\"Vunder AS\",\"url\":\"https:\/\/hobstop.ee\/lv\/\",\"logo\":{\"@type\":\"ImageObject\",\"inLanguage\":\"lv-LV\",\"@id\":\"https:\/\/hobstop.ee\/lv\/#\/schema\/logo\/image\/\",\"url\":\"https:\/\/hobstop.ee\/media\/vunder-logo.png\",\"contentUrl\":\"https:\/\/hobstop.ee\/media\/vunder-logo.png\",\"width\":127,\"height\":55,\"caption\":\"Vunder AS\"},\"image\":{\"@id\":\"https:\/\/hobstop.ee\/lv\/#\/schema\/logo\/image\/\"},\"sameAs\":[\"http:\/\/www.facebook.com\/VunderSkizze\"]}]}<\/script>\n<!-- \/ Yoast SEO plugin. -->","yoast_head_json":{"title":"Gaismas kaste Daylight Wafer &#8211; Skizze","robots":{"index":"noindex","follow":"follow","max-snippet":"max-snippet:-1","max-image-preview":"max-image-preview:large","max-video-preview":"max-video-preview:-1"},"og_locale":"lv_LV","og_type":"article","og_title":"Gaismas kaste Daylight Wafer &#8211; Skizze","og_description":"Wafer gaismas kaste ir tikai 0.8cm bieza. Wafer ir aptum\u0161ojamas LED lampas un nodro\u0161ina vienm\u0113r\u012bgu apgaismojumu no vienas malas l\u012bdz otrai. Tai ir str\u0101vas pievads un \u013coti zems sakar\u0161anas l\u012bmenis. Wafer ir ide\u0101li piem\u0113rota kaligr\u0101fijai, \u0161ablonu tehnikai, atmi\u0146u gr\u0101matu veido\u0161anai, embosinga tehnikai, kviltingam, iz\u0161\u016b\u0161anai, \u0161\u016b\u0161anai un cit\u0101m nodarb\u0113m.","og_url":"https:\/\/hobstop.ee\/lv\/produkts\/gaismas-kaste-daylight-wafer\/","og_site_name":"Skizze","article_publisher":"http:\/\/www.facebook.com\/VunderSkizze","og_image":[{"width":1024,"height":768,"url":"https:\/\/hobstop.ee\/media\/4183.jpg","type":"image\/jpeg"}],"twitter_card":"summary_large_image","schema":{"@context":"https:\/\/schema.org","@graph":[{"@type":"WebPage","@id":"https:\/\/hobstop.ee\/lv\/produkts\/gaismas-kaste-daylight-wafer\/","url":"https:\/\/hobstop.ee\/lv\/produkts\/gaismas-kaste-daylight-wafer\/","name":"Gaismas kaste Daylight Wafer &#8211; Skizze","isPartOf":{"@id":"https:\/\/hobstop.ee\/lv\/#website"},"primaryImageOfPage":{"@id":"https:\/\/hobstop.ee\/lv\/produkts\/gaismas-kaste-daylight-wafer\/#primaryimage"},"image":{"@id":"https:\/\/hobstop.ee\/lv\/produkts\/gaismas-kaste-daylight-wafer\/#primaryimage"},"thumbnailUrl":"https:\/\/hobstop.ee\/media\/4183.jpg","datePublished":"2016-01-18T12:19:15+00:00","dateModified":"2016-01-18T12:19:15+00:00","breadcrumb":{"@id":"https:\/\/hobstop.ee\/lv\/produkts\/gaismas-kaste-daylight-wafer\/#breadcrumb"},"inLanguage":"lv-LV","potentialAction":[{"@type":"ReadAction","target":["https:\/\/hobstop.ee\/lv\/produkts\/gaismas-kaste-daylight-wafer\/"]}]},{"@type":"ImageObject","inLanguage":"lv-LV","@id":"https:\/\/hobstop.ee\/lv\/produkts\/gaismas-kaste-daylight-wafer\/#primaryimage","url":"https:\/\/hobstop.ee\/media\/4183.jpg","contentUrl":"https:\/\/hobstop.ee\/media\/4183.jpg","width":1024,"height":768},{"@type":"BreadcrumbList","@id":"https:\/\/hobstop.ee\/lv\/produkts\/gaismas-kaste-daylight-wafer\/#breadcrumb","itemListElement":[{"@type":"ListItem","position":1,"name":"Avaleht","item":"https:\/\/hobstop.ee\/lv\/"},{"@type":"ListItem","position":2,"name":"Veikals","item":"https:\/\/hobstop.ee\/lv\/veikals\/"},{"@type":"ListItem","position":3,"name":"Gaismas kaste Daylight Wafer"}]},{"@type":"WebSite","@id":"https:\/\/hobstop.ee\/lv\/#website","url":"https:\/\/hobstop.ee\/lv\/","name":"Skizze","description":"M\u0101kslas, hobiju un skolas preces","publisher":{"@id":"https:\/\/hobstop.ee\/lv\/#organization"},"potentialAction":[{"@type":"SearchAction","target":{"@type":"EntryPoint","urlTemplate":"https:\/\/hobstop.ee\/lv\/?s={search_term_string}"},"query-input":{"@type":"PropertyValueSpecification","valueRequired":true,"valueName":"search_term_string"}}],"inLanguage":"lv-LV"},{"@type":"Organization","@id":"https:\/\/hobstop.ee\/lv\/#organization","name":"Vunder AS","url":"https:\/\/hobstop.ee\/lv\/","logo":{"@type":"ImageObject","inLanguage":"lv-LV","@id":"https:\/\/hobstop.ee\/lv\/#\/schema\/logo\/image\/","url":"https:\/\/hobstop.ee\/media\/vunder-logo.png","contentUrl":"https:\/\/hobstop.ee\/media\/vunder-logo.png","width":127,"height":55,"caption":"Vunder AS"},"image":{"@id":"https:\/\/hobstop.ee\/lv\/#\/schema\/logo\/image\/"},"sameAs":["http:\/\/www.facebook.com\/VunderSkizze"]}]}},"_links":{"self":[{"href":"https:\/\/hobstop.ee\/lv\/wp-json\/wp\/v2\/product\/245887","targetHints":{"allow":["GET"]}}],"collection":[{"href":"https:\/\/hobstop.ee\/lv\/wp-json\/wp\/v2\/product"}],"about":[{"href":"https:\/\/hobstop.ee\/lv\/wp-json\/wp\/v2\/types\/product"}],"replies":[{"embeddable":true,"href":"https:\/\/hobstop.ee\/lv\/wp-json\/wp\/v2\/comments?post=245887"}],"wp:featuredmedia":[{"embeddable":true,"href":"https:\/\/hobstop.ee\/lv\/wp-json\/wp\/v2\/media\/245943"}],"wp:attachment":[{"href":"https:\/\/hobstop.ee\/lv\/wp-json\/wp\/v2\/media?parent=245887"}],"wp:term":[{"taxonomy":"product_cat","embeddable":true,"href":"https:\/\/hobstop.ee\/lv\/wp-json\/wp\/v2\/product_cat?post=245887"},{"taxonomy":"product_tag","embeddable":true,"href":"https:\/\/hobstop.ee\/lv\/wp-json\/wp\/v2\/product_tag?post=245887"}],"curies":[{"name":"wp","href":"https:\/\/api.w.org\/{rel}","templated":true}]}}