{"id":245891,"date":"2016-01-18T14:19:16","date_gmt":"2016-01-18T12:19:17","guid":{"rendered":"http:\/\/www.vunder.ee\/lv\/product\/galda-lampa-daylight-pl\/"},"modified":"2019-11-26T10:37:41","modified_gmt":"2019-11-26T08:37:41","slug":"galda-lampa-daylight-pl","status":"publish","type":"product","link":"https:\/\/hobstop.ee\/lv\/produkts\/galda-lampa-daylight-pl\/","title":{"rendered":"Galda lampa Daylight PL"},"content":{"rendered":"<p>Lampa ir lieliski piem\u0113rota z\u012bm\u0113\u0161anai vai rakst\u012b\u0161anai pie galda. To ir viegli novietot tie\u0161i t\u0101d\u0101 le\u0146\u0137\u012b, lai nodro\u0161in\u0101tu vislab\u0101ko apgaismojumu. PL galda lampu var nostiprin\u0101t pie galda malas vai novietot uz galda. Lampai paredz\u0113ta 11W ekonomisk\u0101 dienasgaismas spuldze (atbilst 220W) kvalitat\u012bvam apgaismojumam.<\/p>\n","protected":false},"excerpt":{"rendered":"<p>Lampa ir lieliski piem\u0113rota z\u012bm\u0113\u0161anai vai rakst\u012b\u0161anai pie galda. To ir viegli novietot tie\u0161i t\u0101d\u0101 le\u0146\u0137\u012b, lai nodro\u0161in\u0101tu vislab\u0101ko apgaismojumu. PL galda lampu var nostiprin\u0101t pie galda malas vai novietot uz galda. Lampai paredz\u0113ta 11W ekonomisk\u0101 dienasgaismas spuldze (atbilst 220W) kvalitat\u012bvam apgaismojumam.<\/p>\n","protected":false},"featured_media":0,"comment_status":"closed","ping_status":"closed","template":"","meta":{"_acf_changed":false,"ep_exclude_from_search":false},"product_cat":[18532,18798],"product_tag":[],"class_list":{"0":"post-245891","1":"product","2":"type-product","3":"status-publish","5":"product_cat-galda-lampas-2","6":"product_cat-lampas-3","7":"pa_kma-20409","9":"first","10":"instock","11":"sale","12":"taxable","13":"shipping-taxable","14":"purchasable","15":"product-type-variable"},"acf":[],"yoast_head":"<!-- This site is optimized with the Yoast SEO plugin v24.1 - https:\/\/yoast.com\/wordpress\/plugins\/seo\/ -->\n<title>Galda lampa Daylight PL &#8211; Skizze<\/title>\n<meta name=\"robots\" content=\"noindex, follow, max-snippet:-1, max-image-preview:large, max-video-preview:-1\" \/>\n<meta property=\"og:locale\" content=\"lv_LV\" \/>\n<meta property=\"og:type\" content=\"article\" \/>\n<meta property=\"og:title\" content=\"Galda lampa Daylight PL &#8211; Skizze\" \/>\n<meta property=\"og:description\" content=\"Lampa ir lieliski piem\u0113rota z\u012bm\u0113\u0161anai vai rakst\u012b\u0161anai pie galda. To ir viegli novietot tie\u0161i t\u0101d\u0101 le\u0146\u0137\u012b, lai nodro\u0161in\u0101tu vislab\u0101ko apgaismojumu. PL galda lampu var nostiprin\u0101t pie galda malas vai novietot uz galda. Lampai paredz\u0113ta 11W ekonomisk\u0101 dienasgaismas spuldze (atbilst 220W) kvalitat\u012bvam apgaismojumam.\" \/>\n<meta property=\"og:url\" content=\"https:\/\/hobstop.ee\/lv\/produkts\/galda-lampa-daylight-pl\/\" \/>\n<meta property=\"og:site_name\" content=\"Skizze\" \/>\n<meta property=\"article:publisher\" content=\"http:\/\/www.facebook.com\/VunderSkizze\" \/>\n<meta property=\"article:modified_time\" content=\"2019-11-26T08:37:41+00:00\" \/>\n<meta name=\"twitter:card\" content=\"summary_large_image\" \/>\n<script type=\"application\/ld+json\" class=\"yoast-schema-graph\">{\"@context\":\"https:\/\/schema.org\",\"@graph\":[{\"@type\":\"WebPage\",\"@id\":\"https:\/\/hobstop.ee\/lv\/produkts\/galda-lampa-daylight-pl\/\",\"url\":\"https:\/\/hobstop.ee\/lv\/produkts\/galda-lampa-daylight-pl\/\",\"name\":\"Galda lampa Daylight PL &#8211; Skizze\",\"isPartOf\":{\"@id\":\"https:\/\/www.hobstop.ee\/lv\/#website\"},\"datePublished\":\"2016-01-18T12:19:17+00:00\",\"dateModified\":\"2019-11-26T08:37:41+00:00\",\"breadcrumb\":{\"@id\":\"https:\/\/hobstop.ee\/lv\/produkts\/galda-lampa-daylight-pl\/#breadcrumb\"},\"inLanguage\":\"lv-LV\",\"potentialAction\":[{\"@type\":\"ReadAction\",\"target\":[\"https:\/\/hobstop.ee\/lv\/produkts\/galda-lampa-daylight-pl\/\"]}]},{\"@type\":\"BreadcrumbList\",\"@id\":\"https:\/\/hobstop.ee\/lv\/produkts\/galda-lampa-daylight-pl\/#breadcrumb\",\"itemListElement\":[{\"@type\":\"ListItem\",\"position\":1,\"name\":\"Avaleht\",\"item\":\"https:\/\/www.hobstop.ee\/lv\/\"},{\"@type\":\"ListItem\",\"position\":2,\"name\":\"Veikals\",\"item\":\"https:\/\/www.hobstop.ee\/lv\/veikals\/\"},{\"@type\":\"ListItem\",\"position\":3,\"name\":\"Galda lampa Daylight PL\"}]},{\"@type\":\"WebSite\",\"@id\":\"https:\/\/www.hobstop.ee\/lv\/#website\",\"url\":\"https:\/\/www.hobstop.ee\/lv\/\",\"name\":\"Skizze\",\"description\":\"M\u0101kslas, hobiju un skolas preces\",\"publisher\":{\"@id\":\"https:\/\/www.hobstop.ee\/lv\/#organization\"},\"potentialAction\":[{\"@type\":\"SearchAction\",\"target\":{\"@type\":\"EntryPoint\",\"urlTemplate\":\"https:\/\/www.hobstop.ee\/lv\/?s={search_term_string}\"},\"query-input\":{\"@type\":\"PropertyValueSpecification\",\"valueRequired\":true,\"valueName\":\"search_term_string\"}}],\"inLanguage\":\"lv-LV\"},{\"@type\":\"Organization\",\"@id\":\"https:\/\/www.hobstop.ee\/lv\/#organization\",\"name\":\"Vunder AS\",\"url\":\"https:\/\/www.hobstop.ee\/lv\/\",\"logo\":{\"@type\":\"ImageObject\",\"inLanguage\":\"lv-LV\",\"@id\":\"https:\/\/www.hobstop.ee\/lv\/#\/schema\/logo\/image\/\",\"url\":\"https:\/\/hobstop.ee\/media\/vunder-logo.png\",\"contentUrl\":\"https:\/\/hobstop.ee\/media\/vunder-logo.png\",\"width\":127,\"height\":55,\"caption\":\"Vunder AS\"},\"image\":{\"@id\":\"https:\/\/www.hobstop.ee\/lv\/#\/schema\/logo\/image\/\"},\"sameAs\":[\"http:\/\/www.facebook.com\/VunderSkizze\"]}]}<\/script>\n<!-- \/ Yoast SEO plugin. -->","yoast_head_json":{"title":"Galda lampa Daylight PL &#8211; Skizze","robots":{"index":"noindex","follow":"follow","max-snippet":"max-snippet:-1","max-image-preview":"max-image-preview:large","max-video-preview":"max-video-preview:-1"},"og_locale":"lv_LV","og_type":"article","og_title":"Galda lampa Daylight PL &#8211; Skizze","og_description":"Lampa ir lieliski piem\u0113rota z\u012bm\u0113\u0161anai vai rakst\u012b\u0161anai pie galda. To ir viegli novietot tie\u0161i t\u0101d\u0101 le\u0146\u0137\u012b, lai nodro\u0161in\u0101tu vislab\u0101ko apgaismojumu. PL galda lampu var nostiprin\u0101t pie galda malas vai novietot uz galda. Lampai paredz\u0113ta 11W ekonomisk\u0101 dienasgaismas spuldze (atbilst 220W) kvalitat\u012bvam apgaismojumam.","og_url":"https:\/\/hobstop.ee\/lv\/produkts\/galda-lampa-daylight-pl\/","og_site_name":"Skizze","article_publisher":"http:\/\/www.facebook.com\/VunderSkizze","article_modified_time":"2019-11-26T08:37:41+00:00","twitter_card":"summary_large_image","schema":{"@context":"https:\/\/schema.org","@graph":[{"@type":"WebPage","@id":"https:\/\/hobstop.ee\/lv\/produkts\/galda-lampa-daylight-pl\/","url":"https:\/\/hobstop.ee\/lv\/produkts\/galda-lampa-daylight-pl\/","name":"Galda lampa Daylight PL &#8211; Skizze","isPartOf":{"@id":"https:\/\/www.hobstop.ee\/lv\/#website"},"datePublished":"2016-01-18T12:19:17+00:00","dateModified":"2019-11-26T08:37:41+00:00","breadcrumb":{"@id":"https:\/\/hobstop.ee\/lv\/produkts\/galda-lampa-daylight-pl\/#breadcrumb"},"inLanguage":"lv-LV","potentialAction":[{"@type":"ReadAction","target":["https:\/\/hobstop.ee\/lv\/produkts\/galda-lampa-daylight-pl\/"]}]},{"@type":"BreadcrumbList","@id":"https:\/\/hobstop.ee\/lv\/produkts\/galda-lampa-daylight-pl\/#breadcrumb","itemListElement":[{"@type":"ListItem","position":1,"name":"Avaleht","item":"https:\/\/www.hobstop.ee\/lv\/"},{"@type":"ListItem","position":2,"name":"Veikals","item":"https:\/\/www.hobstop.ee\/lv\/veikals\/"},{"@type":"ListItem","position":3,"name":"Galda lampa Daylight PL"}]},{"@type":"WebSite","@id":"https:\/\/www.hobstop.ee\/lv\/#website","url":"https:\/\/www.hobstop.ee\/lv\/","name":"Skizze","description":"M\u0101kslas, hobiju un skolas preces","publisher":{"@id":"https:\/\/www.hobstop.ee\/lv\/#organization"},"potentialAction":[{"@type":"SearchAction","target":{"@type":"EntryPoint","urlTemplate":"https:\/\/www.hobstop.ee\/lv\/?s={search_term_string}"},"query-input":{"@type":"PropertyValueSpecification","valueRequired":true,"valueName":"search_term_string"}}],"inLanguage":"lv-LV"},{"@type":"Organization","@id":"https:\/\/www.hobstop.ee\/lv\/#organization","name":"Vunder AS","url":"https:\/\/www.hobstop.ee\/lv\/","logo":{"@type":"ImageObject","inLanguage":"lv-LV","@id":"https:\/\/www.hobstop.ee\/lv\/#\/schema\/logo\/image\/","url":"https:\/\/hobstop.ee\/media\/vunder-logo.png","contentUrl":"https:\/\/hobstop.ee\/media\/vunder-logo.png","width":127,"height":55,"caption":"Vunder AS"},"image":{"@id":"https:\/\/www.hobstop.ee\/lv\/#\/schema\/logo\/image\/"},"sameAs":["http:\/\/www.facebook.com\/VunderSkizze"]}]}},"_links":{"self":[{"href":"https:\/\/hobstop.ee\/lv\/wp-json\/wp\/v2\/product\/245891","targetHints":{"allow":["GET"]}}],"collection":[{"href":"https:\/\/hobstop.ee\/lv\/wp-json\/wp\/v2\/product"}],"about":[{"href":"https:\/\/hobstop.ee\/lv\/wp-json\/wp\/v2\/types\/product"}],"replies":[{"embeddable":true,"href":"https:\/\/hobstop.ee\/lv\/wp-json\/wp\/v2\/comments?post=245891"}],"wp:attachment":[{"href":"https:\/\/hobstop.ee\/lv\/wp-json\/wp\/v2\/media?parent=245891"}],"wp:term":[{"taxonomy":"product_cat","embeddable":true,"href":"https:\/\/hobstop.ee\/lv\/wp-json\/wp\/v2\/product_cat?post=245891"},{"taxonomy":"product_tag","embeddable":true,"href":"https:\/\/hobstop.ee\/lv\/wp-json\/wp\/v2\/product_tag?post=245891"}],"curies":[{"name":"wp","href":"https:\/\/api.w.org\/{rel}","templated":true}]}}