{"id":245895,"date":"2016-01-18T14:19:20","date_gmt":"2016-01-18T12:19:20","guid":{"rendered":"http:\/\/www.vunder.ee\/lv\/product\/galda-lampa-daylight-ultra-bright-slimline-led\/"},"modified":"2016-01-18T14:19:20","modified_gmt":"2016-01-18T12:19:20","slug":"galda-lampa-daylight-ultra-bright-slimline-led","status":"publish","type":"product","link":"https:\/\/hobstop.ee\/lv\/produkts\/galda-lampa-daylight-ultra-bright-slimline-led\/","title":{"rendered":"Galda lampa Daylight Ultra Bright Slimline LED"},"content":{"rendered":"<p>\u0160\u012b varen\u0101 LED galda lampa papildin\u0101s jebkuru m\u0101ju, biroju vai studiju. Izteikti spo\u017e\u0101 LED galda lampa ir aptum\u0161ojama, garais k\u0101ts izstiepjams 90cm att\u0101lum\u0101 un platais, vienm\u0113r\u012bgais apgaismojums ir ide\u0101li piem\u0113rots liel\u0101m darba virsm\u0101m. Dienas gaismas avots samazina acs piep\u016bli un \u017eilbin\u0101jumu vesel\u012bgas redzes saglab\u0101\u0161anai un nodro\u0161ina patiesu kr\u0101su attaino\u0161anu.<\/p>\n","protected":false},"excerpt":{"rendered":"<p>\u0160\u012b varen\u0101 LED galda lampa papildin\u0101s jebkuru m\u0101ju, biroju vai studiju. Izteikti spo\u017e\u0101 LED galda lampa ir aptum\u0161ojama, garais k\u0101ts izstiepjams 90cm att\u0101lum\u0101 un platais, vienm\u0113r\u012bgais apgaismojums ir ide\u0101li piem\u0113rots liel\u0101m darba virsm\u0101m. Dienas gaismas avots samazina acs piep\u016bli un \u017eilbin\u0101jumu vesel\u012bgas redzes saglab\u0101\u0161anai un nodro\u0161ina patiesu kr\u0101su attaino\u0161anu.<\/p>\n","protected":false},"featured_media":0,"comment_status":"closed","ping_status":"closed","template":"","meta":{"_acf_changed":false,"ep_exclude_from_search":false},"product_cat":[18532,18798],"product_tag":[],"class_list":{"0":"post-245895","1":"product","2":"type-product","3":"status-publish","5":"product_cat-galda-lampas-2","6":"product_cat-lampas-3","8":"first","9":"outofstock","10":"taxable","11":"shipping-taxable","12":"purchasable","13":"product-type-simple"},"acf":[],"yoast_head":"<!-- This site is optimized with the Yoast SEO plugin v24.1 - https:\/\/yoast.com\/wordpress\/plugins\/seo\/ -->\n<title>Galda lampa Daylight Ultra Bright Slimline LED &#8211; Skizze<\/title>\n<meta name=\"robots\" content=\"noindex, follow, max-snippet:-1, max-image-preview:large, max-video-preview:-1\" \/>\n<meta property=\"og:locale\" content=\"lv_LV\" \/>\n<meta property=\"og:type\" content=\"article\" \/>\n<meta property=\"og:title\" content=\"Galda lampa Daylight Ultra Bright Slimline LED &#8211; Skizze\" \/>\n<meta property=\"og:description\" content=\"\u0160\u012b varen\u0101 LED galda lampa papildin\u0101s jebkuru m\u0101ju, biroju vai studiju. Izteikti spo\u017e\u0101 LED galda lampa ir aptum\u0161ojama, garais k\u0101ts izstiepjams 90cm att\u0101lum\u0101 un platais, vienm\u0113r\u012bgais apgaismojums ir ide\u0101li piem\u0113rots liel\u0101m darba virsm\u0101m. Dienas gaismas avots samazina acs piep\u016bli un \u017eilbin\u0101jumu vesel\u012bgas redzes saglab\u0101\u0161anai un nodro\u0161ina patiesu kr\u0101su attaino\u0161anu.\" \/>\n<meta property=\"og:url\" content=\"https:\/\/hobstop.ee\/lv\/produkts\/galda-lampa-daylight-ultra-bright-slimline-led\/\" \/>\n<meta property=\"og:site_name\" content=\"Skizze\" \/>\n<meta property=\"article:publisher\" content=\"http:\/\/www.facebook.com\/VunderSkizze\" \/>\n<meta name=\"twitter:card\" content=\"summary_large_image\" \/>\n<script type=\"application\/ld+json\" class=\"yoast-schema-graph\">{\"@context\":\"https:\/\/schema.org\",\"@graph\":[{\"@type\":\"WebPage\",\"@id\":\"https:\/\/hobstop.ee\/lv\/produkts\/galda-lampa-daylight-ultra-bright-slimline-led\/\",\"url\":\"https:\/\/hobstop.ee\/lv\/produkts\/galda-lampa-daylight-ultra-bright-slimline-led\/\",\"name\":\"Galda lampa Daylight Ultra Bright Slimline LED &#8211; Skizze\",\"isPartOf\":{\"@id\":\"https:\/\/www.hobstop.ee\/lv\/#website\"},\"datePublished\":\"2016-01-18T12:19:20+00:00\",\"dateModified\":\"2016-01-18T12:19:20+00:00\",\"breadcrumb\":{\"@id\":\"https:\/\/hobstop.ee\/lv\/produkts\/galda-lampa-daylight-ultra-bright-slimline-led\/#breadcrumb\"},\"inLanguage\":\"lv-LV\",\"potentialAction\":[{\"@type\":\"ReadAction\",\"target\":[\"https:\/\/hobstop.ee\/lv\/produkts\/galda-lampa-daylight-ultra-bright-slimline-led\/\"]}]},{\"@type\":\"BreadcrumbList\",\"@id\":\"https:\/\/hobstop.ee\/lv\/produkts\/galda-lampa-daylight-ultra-bright-slimline-led\/#breadcrumb\",\"itemListElement\":[{\"@type\":\"ListItem\",\"position\":1,\"name\":\"Avaleht\",\"item\":\"https:\/\/www.hobstop.ee\/lv\/\"},{\"@type\":\"ListItem\",\"position\":2,\"name\":\"Veikals\",\"item\":\"https:\/\/www.hobstop.ee\/lv\/veikals\/\"},{\"@type\":\"ListItem\",\"position\":3,\"name\":\"Galda lampa Daylight Ultra Bright Slimline LED\"}]},{\"@type\":\"WebSite\",\"@id\":\"https:\/\/www.hobstop.ee\/lv\/#website\",\"url\":\"https:\/\/www.hobstop.ee\/lv\/\",\"name\":\"Skizze\",\"description\":\"M\u0101kslas, hobiju un skolas preces\",\"publisher\":{\"@id\":\"https:\/\/www.hobstop.ee\/lv\/#organization\"},\"potentialAction\":[{\"@type\":\"SearchAction\",\"target\":{\"@type\":\"EntryPoint\",\"urlTemplate\":\"https:\/\/www.hobstop.ee\/lv\/?s={search_term_string}\"},\"query-input\":{\"@type\":\"PropertyValueSpecification\",\"valueRequired\":true,\"valueName\":\"search_term_string\"}}],\"inLanguage\":\"lv-LV\"},{\"@type\":\"Organization\",\"@id\":\"https:\/\/www.hobstop.ee\/lv\/#organization\",\"name\":\"Vunder AS\",\"url\":\"https:\/\/www.hobstop.ee\/lv\/\",\"logo\":{\"@type\":\"ImageObject\",\"inLanguage\":\"lv-LV\",\"@id\":\"https:\/\/www.hobstop.ee\/lv\/#\/schema\/logo\/image\/\",\"url\":\"https:\/\/hobstop.ee\/media\/vunder-logo.png\",\"contentUrl\":\"https:\/\/hobstop.ee\/media\/vunder-logo.png\",\"width\":127,\"height\":55,\"caption\":\"Vunder AS\"},\"image\":{\"@id\":\"https:\/\/www.hobstop.ee\/lv\/#\/schema\/logo\/image\/\"},\"sameAs\":[\"http:\/\/www.facebook.com\/VunderSkizze\"]}]}<\/script>\n<!-- \/ Yoast SEO plugin. -->","yoast_head_json":{"title":"Galda lampa Daylight Ultra Bright Slimline LED &#8211; Skizze","robots":{"index":"noindex","follow":"follow","max-snippet":"max-snippet:-1","max-image-preview":"max-image-preview:large","max-video-preview":"max-video-preview:-1"},"og_locale":"lv_LV","og_type":"article","og_title":"Galda lampa Daylight Ultra Bright Slimline LED &#8211; Skizze","og_description":"\u0160\u012b varen\u0101 LED galda lampa papildin\u0101s jebkuru m\u0101ju, biroju vai studiju. Izteikti spo\u017e\u0101 LED galda lampa ir aptum\u0161ojama, garais k\u0101ts izstiepjams 90cm att\u0101lum\u0101 un platais, vienm\u0113r\u012bgais apgaismojums ir ide\u0101li piem\u0113rots liel\u0101m darba virsm\u0101m. Dienas gaismas avots samazina acs piep\u016bli un \u017eilbin\u0101jumu vesel\u012bgas redzes saglab\u0101\u0161anai un nodro\u0161ina patiesu kr\u0101su attaino\u0161anu.","og_url":"https:\/\/hobstop.ee\/lv\/produkts\/galda-lampa-daylight-ultra-bright-slimline-led\/","og_site_name":"Skizze","article_publisher":"http:\/\/www.facebook.com\/VunderSkizze","twitter_card":"summary_large_image","schema":{"@context":"https:\/\/schema.org","@graph":[{"@type":"WebPage","@id":"https:\/\/hobstop.ee\/lv\/produkts\/galda-lampa-daylight-ultra-bright-slimline-led\/","url":"https:\/\/hobstop.ee\/lv\/produkts\/galda-lampa-daylight-ultra-bright-slimline-led\/","name":"Galda lampa Daylight Ultra Bright Slimline LED &#8211; Skizze","isPartOf":{"@id":"https:\/\/www.hobstop.ee\/lv\/#website"},"datePublished":"2016-01-18T12:19:20+00:00","dateModified":"2016-01-18T12:19:20+00:00","breadcrumb":{"@id":"https:\/\/hobstop.ee\/lv\/produkts\/galda-lampa-daylight-ultra-bright-slimline-led\/#breadcrumb"},"inLanguage":"lv-LV","potentialAction":[{"@type":"ReadAction","target":["https:\/\/hobstop.ee\/lv\/produkts\/galda-lampa-daylight-ultra-bright-slimline-led\/"]}]},{"@type":"BreadcrumbList","@id":"https:\/\/hobstop.ee\/lv\/produkts\/galda-lampa-daylight-ultra-bright-slimline-led\/#breadcrumb","itemListElement":[{"@type":"ListItem","position":1,"name":"Avaleht","item":"https:\/\/www.hobstop.ee\/lv\/"},{"@type":"ListItem","position":2,"name":"Veikals","item":"https:\/\/www.hobstop.ee\/lv\/veikals\/"},{"@type":"ListItem","position":3,"name":"Galda lampa Daylight Ultra Bright Slimline LED"}]},{"@type":"WebSite","@id":"https:\/\/www.hobstop.ee\/lv\/#website","url":"https:\/\/www.hobstop.ee\/lv\/","name":"Skizze","description":"M\u0101kslas, hobiju un skolas preces","publisher":{"@id":"https:\/\/www.hobstop.ee\/lv\/#organization"},"potentialAction":[{"@type":"SearchAction","target":{"@type":"EntryPoint","urlTemplate":"https:\/\/www.hobstop.ee\/lv\/?s={search_term_string}"},"query-input":{"@type":"PropertyValueSpecification","valueRequired":true,"valueName":"search_term_string"}}],"inLanguage":"lv-LV"},{"@type":"Organization","@id":"https:\/\/www.hobstop.ee\/lv\/#organization","name":"Vunder AS","url":"https:\/\/www.hobstop.ee\/lv\/","logo":{"@type":"ImageObject","inLanguage":"lv-LV","@id":"https:\/\/www.hobstop.ee\/lv\/#\/schema\/logo\/image\/","url":"https:\/\/hobstop.ee\/media\/vunder-logo.png","contentUrl":"https:\/\/hobstop.ee\/media\/vunder-logo.png","width":127,"height":55,"caption":"Vunder AS"},"image":{"@id":"https:\/\/www.hobstop.ee\/lv\/#\/schema\/logo\/image\/"},"sameAs":["http:\/\/www.facebook.com\/VunderSkizze"]}]}},"_links":{"self":[{"href":"https:\/\/hobstop.ee\/lv\/wp-json\/wp\/v2\/product\/245895","targetHints":{"allow":["GET"]}}],"collection":[{"href":"https:\/\/hobstop.ee\/lv\/wp-json\/wp\/v2\/product"}],"about":[{"href":"https:\/\/hobstop.ee\/lv\/wp-json\/wp\/v2\/types\/product"}],"replies":[{"embeddable":true,"href":"https:\/\/hobstop.ee\/lv\/wp-json\/wp\/v2\/comments?post=245895"}],"wp:attachment":[{"href":"https:\/\/hobstop.ee\/lv\/wp-json\/wp\/v2\/media?parent=245895"}],"wp:term":[{"taxonomy":"product_cat","embeddable":true,"href":"https:\/\/hobstop.ee\/lv\/wp-json\/wp\/v2\/product_cat?post=245895"},{"taxonomy":"product_tag","embeddable":true,"href":"https:\/\/hobstop.ee\/lv\/wp-json\/wp\/v2\/product_tag?post=245895"}],"curies":[{"name":"wp","href":"https:\/\/api.w.org\/{rel}","templated":true}]}}