{"id":245899,"date":"2016-01-18T14:19:22","date_gmt":"2016-01-18T12:19:22","guid":{"rendered":"http:\/\/www.vunder.ee\/lv\/product\/lampa-daylight-professional-artist\/"},"modified":"2016-01-18T14:19:22","modified_gmt":"2016-01-18T12:19:22","slug":"lampa-daylight-professional-artist","status":"publish","type":"product","link":"https:\/\/hobstop.ee\/lv\/produkts\/lampa-daylight-professional-artist\/","title":{"rendered":"Lampa Daylight Professional Artist"},"content":{"rendered":"<p>Piln\u012bb\u0101 kontrol\u0113 savu rado\u0161o izpausmi ar piem\u0113rotu apgaismojumu nepiecie\u0161am\u0101 viet\u0101, grozot gaismekli ar 360\u00b0 rot\u0113jamu aba\u017e\u016bru un 320\u00b0 groz\u0101mu gaismekli. T\u0101d\u0113j\u0101di var lampas galvu grozot novietot piln\u012bgi cit\u0101 viet\u0101, palielinot apgaismoto plat\u012bbu l\u012bdz pat A1 izm\u0113ra virsmai (apm\u0113ram 59cm x 84cm). \u0160\u012b meistar\u012bgi veidot\u0101 lampa ir apr\u012bkota ar div\u0101m skav\u0101m. Univers\u0101lo molberta skavu var piestiprin\u0101t pie gandr\u012bz jebkura uz gr\u012bdas st\u0101vo\u0161a met\u0101la vai koka molberta. Iztur\u012bga galda skava \u013cauj izmantot lampu pie uz galda novietojama molberta, pie ski\u010du galda vai darbgalda.<\/p>\n","protected":false},"excerpt":{"rendered":"<p>Piln\u012bb\u0101 kontrol\u0113 savu rado\u0161o izpausmi ar piem\u0113rotu apgaismojumu nepiecie\u0161am\u0101 viet\u0101, grozot gaismekli ar 360\u00b0 rot\u0113jamu aba\u017e\u016bru un 320\u00b0 groz\u0101mu gaismekli. T\u0101d\u0113j\u0101di var lampas galvu grozot novietot piln\u012bgi cit\u0101 viet\u0101, palielinot apgaismoto plat\u012bbu l\u012bdz pat A1 izm\u0113ra virsmai (apm\u0113ram 59cm x 84cm). \u0160\u012b meistar\u012bgi veidot\u0101 lampa ir apr\u012bkota ar div\u0101m skav\u0101m. Univers\u0101lo molberta skavu var piestiprin\u0101t pie gandr\u012bz jebkura uz gr\u012bdas st\u0101vo\u0161a met\u0101la vai koka molberta. Iztur\u012bga galda skava \u013cauj izmantot lampu pie uz galda novietojama molberta, pie ski\u010du galda vai darbgalda.<\/p>\n","protected":false},"featured_media":245955,"comment_status":"closed","ping_status":"closed","template":"","meta":{"_acf_changed":false,"ep_exclude_from_search":false},"product_cat":[18798,20060],"product_tag":[],"class_list":{"0":"post-245899","1":"product","2":"type-product","3":"status-publish","4":"has-post-thumbnail","6":"product_cat-lampas-3","7":"product_cat-makslinieku-lampas","9":"first","10":"instock","11":"taxable","12":"shipping-taxable","13":"purchasable","14":"product-type-simple"},"acf":[],"yoast_head":"<!-- This site is optimized with the Yoast SEO plugin v24.1 - https:\/\/yoast.com\/wordpress\/plugins\/seo\/ -->\n<title>Lampa Daylight Professional Artist &#8211; Skizze<\/title>\n<meta name=\"robots\" content=\"noindex, follow, max-snippet:-1, max-image-preview:large, max-video-preview:-1\" \/>\n<meta property=\"og:locale\" content=\"lv_LV\" \/>\n<meta property=\"og:type\" content=\"article\" \/>\n<meta property=\"og:title\" content=\"Lampa Daylight Professional Artist &#8211; Skizze\" \/>\n<meta property=\"og:description\" content=\"Piln\u012bb\u0101 kontrol\u0113 savu rado\u0161o izpausmi ar piem\u0113rotu apgaismojumu nepiecie\u0161am\u0101 viet\u0101, grozot gaismekli ar 360\u00b0 rot\u0113jamu aba\u017e\u016bru un 320\u00b0 groz\u0101mu gaismekli. T\u0101d\u0113j\u0101di var lampas galvu grozot novietot piln\u012bgi cit\u0101 viet\u0101, palielinot apgaismoto plat\u012bbu l\u012bdz pat A1 izm\u0113ra virsmai (apm\u0113ram 59cm x 84cm). \u0160\u012b meistar\u012bgi veidot\u0101 lampa ir apr\u012bkota ar div\u0101m skav\u0101m. Univers\u0101lo molberta skavu var piestiprin\u0101t pie gandr\u012bz jebkura uz gr\u012bdas st\u0101vo\u0161a met\u0101la vai koka molberta. Iztur\u012bga galda skava \u013cauj izmantot lampu pie uz galda novietojama molberta, pie ski\u010du galda vai darbgalda.\" \/>\n<meta property=\"og:url\" content=\"https:\/\/hobstop.ee\/lv\/produkts\/lampa-daylight-professional-artist\/\" \/>\n<meta property=\"og:site_name\" content=\"Skizze\" \/>\n<meta property=\"article:publisher\" content=\"http:\/\/www.facebook.com\/VunderSkizze\" \/>\n<meta property=\"og:image\" content=\"https:\/\/hobstop.ee\/media\/4186.jpg\" \/>\n\t<meta property=\"og:image:width\" content=\"1024\" \/>\n\t<meta property=\"og:image:height\" content=\"768\" \/>\n\t<meta property=\"og:image:type\" content=\"image\/jpeg\" \/>\n<meta name=\"twitter:card\" content=\"summary_large_image\" \/>\n<meta name=\"twitter:label1\" content=\"Est. reading time\" \/>\n\t<meta name=\"twitter:data1\" content=\"1 min\u016b\u0161u\" \/>\n<script type=\"application\/ld+json\" class=\"yoast-schema-graph\">{\"@context\":\"https:\/\/schema.org\",\"@graph\":[{\"@type\":\"WebPage\",\"@id\":\"https:\/\/hobstop.ee\/lv\/produkts\/lampa-daylight-professional-artist\/\",\"url\":\"https:\/\/hobstop.ee\/lv\/produkts\/lampa-daylight-professional-artist\/\",\"name\":\"Lampa Daylight Professional Artist &#8211; Skizze\",\"isPartOf\":{\"@id\":\"https:\/\/hobstop.ee\/lv\/#website\"},\"primaryImageOfPage\":{\"@id\":\"https:\/\/hobstop.ee\/lv\/produkts\/lampa-daylight-professional-artist\/#primaryimage\"},\"image\":{\"@id\":\"https:\/\/hobstop.ee\/lv\/produkts\/lampa-daylight-professional-artist\/#primaryimage\"},\"thumbnailUrl\":\"https:\/\/hobstop.ee\/media\/4186.jpg\",\"datePublished\":\"2016-01-18T12:19:22+00:00\",\"dateModified\":\"2016-01-18T12:19:22+00:00\",\"breadcrumb\":{\"@id\":\"https:\/\/hobstop.ee\/lv\/produkts\/lampa-daylight-professional-artist\/#breadcrumb\"},\"inLanguage\":\"lv-LV\",\"potentialAction\":[{\"@type\":\"ReadAction\",\"target\":[\"https:\/\/hobstop.ee\/lv\/produkts\/lampa-daylight-professional-artist\/\"]}]},{\"@type\":\"ImageObject\",\"inLanguage\":\"lv-LV\",\"@id\":\"https:\/\/hobstop.ee\/lv\/produkts\/lampa-daylight-professional-artist\/#primaryimage\",\"url\":\"https:\/\/hobstop.ee\/media\/4186.jpg\",\"contentUrl\":\"https:\/\/hobstop.ee\/media\/4186.jpg\",\"width\":1024,\"height\":768},{\"@type\":\"BreadcrumbList\",\"@id\":\"https:\/\/hobstop.ee\/lv\/produkts\/lampa-daylight-professional-artist\/#breadcrumb\",\"itemListElement\":[{\"@type\":\"ListItem\",\"position\":1,\"name\":\"Avaleht\",\"item\":\"https:\/\/hobstop.ee\/lv\/\"},{\"@type\":\"ListItem\",\"position\":2,\"name\":\"Veikals\",\"item\":\"https:\/\/hobstop.ee\/lv\/veikals\/\"},{\"@type\":\"ListItem\",\"position\":3,\"name\":\"Lampa Daylight Professional Artist\"}]},{\"@type\":\"WebSite\",\"@id\":\"https:\/\/hobstop.ee\/lv\/#website\",\"url\":\"https:\/\/hobstop.ee\/lv\/\",\"name\":\"Skizze\",\"description\":\"M\u0101kslas, hobiju un skolas preces\",\"publisher\":{\"@id\":\"https:\/\/hobstop.ee\/lv\/#organization\"},\"potentialAction\":[{\"@type\":\"SearchAction\",\"target\":{\"@type\":\"EntryPoint\",\"urlTemplate\":\"https:\/\/hobstop.ee\/lv\/?s={search_term_string}\"},\"query-input\":{\"@type\":\"PropertyValueSpecification\",\"valueRequired\":true,\"valueName\":\"search_term_string\"}}],\"inLanguage\":\"lv-LV\"},{\"@type\":\"Organization\",\"@id\":\"https:\/\/hobstop.ee\/lv\/#organization\",\"name\":\"Vunder AS\",\"url\":\"https:\/\/hobstop.ee\/lv\/\",\"logo\":{\"@type\":\"ImageObject\",\"inLanguage\":\"lv-LV\",\"@id\":\"https:\/\/hobstop.ee\/lv\/#\/schema\/logo\/image\/\",\"url\":\"https:\/\/hobstop.ee\/media\/vunder-logo.png\",\"contentUrl\":\"https:\/\/hobstop.ee\/media\/vunder-logo.png\",\"width\":127,\"height\":55,\"caption\":\"Vunder AS\"},\"image\":{\"@id\":\"https:\/\/hobstop.ee\/lv\/#\/schema\/logo\/image\/\"},\"sameAs\":[\"http:\/\/www.facebook.com\/VunderSkizze\"]}]}<\/script>\n<!-- \/ Yoast SEO plugin. -->","yoast_head_json":{"title":"Lampa Daylight Professional Artist &#8211; Skizze","robots":{"index":"noindex","follow":"follow","max-snippet":"max-snippet:-1","max-image-preview":"max-image-preview:large","max-video-preview":"max-video-preview:-1"},"og_locale":"lv_LV","og_type":"article","og_title":"Lampa Daylight Professional Artist &#8211; Skizze","og_description":"Piln\u012bb\u0101 kontrol\u0113 savu rado\u0161o izpausmi ar piem\u0113rotu apgaismojumu nepiecie\u0161am\u0101 viet\u0101, grozot gaismekli ar 360\u00b0 rot\u0113jamu aba\u017e\u016bru un 320\u00b0 groz\u0101mu gaismekli. T\u0101d\u0113j\u0101di var lampas galvu grozot novietot piln\u012bgi cit\u0101 viet\u0101, palielinot apgaismoto plat\u012bbu l\u012bdz pat A1 izm\u0113ra virsmai (apm\u0113ram 59cm x 84cm). \u0160\u012b meistar\u012bgi veidot\u0101 lampa ir apr\u012bkota ar div\u0101m skav\u0101m. Univers\u0101lo molberta skavu var piestiprin\u0101t pie gandr\u012bz jebkura uz gr\u012bdas st\u0101vo\u0161a met\u0101la vai koka molberta. Iztur\u012bga galda skava \u013cauj izmantot lampu pie uz galda novietojama molberta, pie ski\u010du galda vai darbgalda.","og_url":"https:\/\/hobstop.ee\/lv\/produkts\/lampa-daylight-professional-artist\/","og_site_name":"Skizze","article_publisher":"http:\/\/www.facebook.com\/VunderSkizze","og_image":[{"width":1024,"height":768,"url":"https:\/\/hobstop.ee\/media\/4186.jpg","type":"image\/jpeg"}],"twitter_card":"summary_large_image","twitter_misc":{"Est. reading time":"1 min\u016b\u0161u"},"schema":{"@context":"https:\/\/schema.org","@graph":[{"@type":"WebPage","@id":"https:\/\/hobstop.ee\/lv\/produkts\/lampa-daylight-professional-artist\/","url":"https:\/\/hobstop.ee\/lv\/produkts\/lampa-daylight-professional-artist\/","name":"Lampa Daylight Professional Artist &#8211; Skizze","isPartOf":{"@id":"https:\/\/hobstop.ee\/lv\/#website"},"primaryImageOfPage":{"@id":"https:\/\/hobstop.ee\/lv\/produkts\/lampa-daylight-professional-artist\/#primaryimage"},"image":{"@id":"https:\/\/hobstop.ee\/lv\/produkts\/lampa-daylight-professional-artist\/#primaryimage"},"thumbnailUrl":"https:\/\/hobstop.ee\/media\/4186.jpg","datePublished":"2016-01-18T12:19:22+00:00","dateModified":"2016-01-18T12:19:22+00:00","breadcrumb":{"@id":"https:\/\/hobstop.ee\/lv\/produkts\/lampa-daylight-professional-artist\/#breadcrumb"},"inLanguage":"lv-LV","potentialAction":[{"@type":"ReadAction","target":["https:\/\/hobstop.ee\/lv\/produkts\/lampa-daylight-professional-artist\/"]}]},{"@type":"ImageObject","inLanguage":"lv-LV","@id":"https:\/\/hobstop.ee\/lv\/produkts\/lampa-daylight-professional-artist\/#primaryimage","url":"https:\/\/hobstop.ee\/media\/4186.jpg","contentUrl":"https:\/\/hobstop.ee\/media\/4186.jpg","width":1024,"height":768},{"@type":"BreadcrumbList","@id":"https:\/\/hobstop.ee\/lv\/produkts\/lampa-daylight-professional-artist\/#breadcrumb","itemListElement":[{"@type":"ListItem","position":1,"name":"Avaleht","item":"https:\/\/hobstop.ee\/lv\/"},{"@type":"ListItem","position":2,"name":"Veikals","item":"https:\/\/hobstop.ee\/lv\/veikals\/"},{"@type":"ListItem","position":3,"name":"Lampa Daylight Professional Artist"}]},{"@type":"WebSite","@id":"https:\/\/hobstop.ee\/lv\/#website","url":"https:\/\/hobstop.ee\/lv\/","name":"Skizze","description":"M\u0101kslas, hobiju un skolas preces","publisher":{"@id":"https:\/\/hobstop.ee\/lv\/#organization"},"potentialAction":[{"@type":"SearchAction","target":{"@type":"EntryPoint","urlTemplate":"https:\/\/hobstop.ee\/lv\/?s={search_term_string}"},"query-input":{"@type":"PropertyValueSpecification","valueRequired":true,"valueName":"search_term_string"}}],"inLanguage":"lv-LV"},{"@type":"Organization","@id":"https:\/\/hobstop.ee\/lv\/#organization","name":"Vunder AS","url":"https:\/\/hobstop.ee\/lv\/","logo":{"@type":"ImageObject","inLanguage":"lv-LV","@id":"https:\/\/hobstop.ee\/lv\/#\/schema\/logo\/image\/","url":"https:\/\/hobstop.ee\/media\/vunder-logo.png","contentUrl":"https:\/\/hobstop.ee\/media\/vunder-logo.png","width":127,"height":55,"caption":"Vunder AS"},"image":{"@id":"https:\/\/hobstop.ee\/lv\/#\/schema\/logo\/image\/"},"sameAs":["http:\/\/www.facebook.com\/VunderSkizze"]}]}},"_links":{"self":[{"href":"https:\/\/hobstop.ee\/lv\/wp-json\/wp\/v2\/product\/245899","targetHints":{"allow":["GET"]}}],"collection":[{"href":"https:\/\/hobstop.ee\/lv\/wp-json\/wp\/v2\/product"}],"about":[{"href":"https:\/\/hobstop.ee\/lv\/wp-json\/wp\/v2\/types\/product"}],"replies":[{"embeddable":true,"href":"https:\/\/hobstop.ee\/lv\/wp-json\/wp\/v2\/comments?post=245899"}],"wp:featuredmedia":[{"embeddable":true,"href":"https:\/\/hobstop.ee\/lv\/wp-json\/wp\/v2\/media\/245955"}],"wp:attachment":[{"href":"https:\/\/hobstop.ee\/lv\/wp-json\/wp\/v2\/media?parent=245899"}],"wp:term":[{"taxonomy":"product_cat","embeddable":true,"href":"https:\/\/hobstop.ee\/lv\/wp-json\/wp\/v2\/product_cat?post=245899"},{"taxonomy":"product_tag","embeddable":true,"href":"https:\/\/hobstop.ee\/lv\/wp-json\/wp\/v2\/product_tag?post=245899"}],"curies":[{"name":"wp","href":"https:\/\/api.w.org\/{rel}","templated":true}]}}