{"id":245903,"date":"2016-01-18T14:19:25","date_gmt":"2016-01-18T12:19:25","guid":{"rendered":"http:\/\/www.vunder.ee\/lv\/product\/gridas-lampa-daylight-flexi-vision\/"},"modified":"2016-01-18T14:19:25","modified_gmt":"2016-01-18T12:19:25","slug":"gridas-lampa-daylight-flexi-vision","status":"publish","type":"product","link":"https:\/\/hobstop.ee\/lv\/produkts\/gridas-lampa-daylight-flexi-vision\/","title":{"rendered":"Gr\u012bdas lampa Daylight Flexi-vision"},"content":{"rendered":"<p>\u0160\u012b lampa rad\u012bta RNIB (Lielbrit\u0101nijas Nacion\u0101lais Karaliskais neredz\u012bgo instit\u016bts) un citu v\u0101jredz\u012bgo speci\u0101listu pla\u0161u p\u0113t\u012bjumu un sadarb\u012bbas rezult\u0101t\u0101. \u0160aj\u0101 st\u0101vlamp\u0101 apvienotas visas lab\u0101k\u0101s \u012bpa\u0161\u012bbas, lai to var\u0113tu atz\u012bt par teicamu lampu las\u012b\u0161anai. 20W ekonomisk\u0101 dienasgaismas spuldze (atbilst 285W) samazina \u017eilbin\u0101jumu un uzlabo kontrastu, pagarinot \u0113rtas las\u012b\u0161anas un rakst\u012b\u0161anas laiku. Lampai ir groz\u0101ms stat\u012bvs, kas nodro\u0161ina prec\u012bzu v\u0113lamo apgaismojumu gan d\u012bv\u0101n\u0101, gan pie galda. \u0160\u012b st\u0101vlampa ir viena nodro\u0161\u0101kajiem produktiem \u0161aj\u0101 jom\u0101: skaidri novietots sl\u0113dzis, eletr\u012bbas pievada tur\u0113t\u0101js un aba\u017e\u016brs ar zemu sakar\u0161anas l\u012bmeni.<\/p>\n","protected":false},"excerpt":{"rendered":"<p>\u0160\u012b lampa rad\u012bta RNIB (Lielbrit\u0101nijas Nacion\u0101lais Karaliskais neredz\u012bgo instit\u016bts) un citu v\u0101jredz\u012bgo speci\u0101listu pla\u0161u p\u0113t\u012bjumu un sadarb\u012bbas rezult\u0101t\u0101. \u0160aj\u0101 st\u0101vlamp\u0101 apvienotas visas lab\u0101k\u0101s \u012bpa\u0161\u012bbas, lai to var\u0113tu atz\u012bt par teicamu lampu las\u012b\u0161anai. 20W ekonomisk\u0101 dienasgaismas spuldze (atbilst 285W) samazina \u017eilbin\u0101jumu un uzlabo kontrastu, pagarinot \u0113rtas las\u012b\u0161anas un rakst\u012b\u0161anas laiku. Lampai ir groz\u0101ms stat\u012bvs, kas nodro\u0161ina prec\u012bzu v\u0113lamo apgaismojumu gan d\u012bv\u0101n\u0101, gan pie galda. \u0160\u012b st\u0101vlampa ir viena nodro\u0161\u0101kajiem produktiem \u0161aj\u0101 jom\u0101: skaidri novietots sl\u0113dzis, eletr\u012bbas pievada tur\u0113t\u0101js un aba\u017e\u016brs ar zemu sakar\u0161anas l\u012bmeni.<\/p>\n","protected":false},"featured_media":0,"comment_status":"closed","ping_status":"closed","template":"","meta":{"_acf_changed":false,"ep_exclude_from_search":false},"product_cat":[18798,19051],"product_tag":[],"class_list":{"0":"post-245903","1":"product","2":"type-product","3":"status-publish","5":"product_cat-lampas-3","6":"product_cat-stavlampas-2","8":"first","9":"instock","10":"taxable","11":"shipping-taxable","12":"purchasable","13":"product-type-simple"},"acf":[],"yoast_head":"<!-- This site is optimized with the Yoast SEO plugin v24.1 - https:\/\/yoast.com\/wordpress\/plugins\/seo\/ -->\n<title>Gr\u012bdas lampa Daylight Flexi-vision &#8211; Skizze<\/title>\n<meta name=\"robots\" content=\"noindex, follow, max-snippet:-1, max-image-preview:large, max-video-preview:-1\" \/>\n<meta property=\"og:locale\" content=\"lv_LV\" \/>\n<meta property=\"og:type\" content=\"article\" \/>\n<meta property=\"og:title\" content=\"Gr\u012bdas lampa Daylight Flexi-vision &#8211; Skizze\" \/>\n<meta property=\"og:description\" content=\"\u0160\u012b lampa rad\u012bta RNIB (Lielbrit\u0101nijas Nacion\u0101lais Karaliskais neredz\u012bgo instit\u016bts) un citu v\u0101jredz\u012bgo speci\u0101listu pla\u0161u p\u0113t\u012bjumu un sadarb\u012bbas rezult\u0101t\u0101. \u0160aj\u0101 st\u0101vlamp\u0101 apvienotas visas lab\u0101k\u0101s \u012bpa\u0161\u012bbas, lai to var\u0113tu atz\u012bt par teicamu lampu las\u012b\u0161anai. 20W ekonomisk\u0101 dienasgaismas spuldze (atbilst 285W) samazina \u017eilbin\u0101jumu un uzlabo kontrastu, pagarinot \u0113rtas las\u012b\u0161anas un rakst\u012b\u0161anas laiku. Lampai ir groz\u0101ms stat\u012bvs, kas nodro\u0161ina prec\u012bzu v\u0113lamo apgaismojumu gan d\u012bv\u0101n\u0101, gan pie galda. \u0160\u012b st\u0101vlampa ir viena nodro\u0161\u0101kajiem produktiem \u0161aj\u0101 jom\u0101: skaidri novietots sl\u0113dzis, eletr\u012bbas pievada tur\u0113t\u0101js un aba\u017e\u016brs ar zemu sakar\u0161anas l\u012bmeni.\" \/>\n<meta property=\"og:url\" content=\"https:\/\/hobstop.ee\/lv\/produkts\/gridas-lampa-daylight-flexi-vision\/\" \/>\n<meta property=\"og:site_name\" content=\"Skizze\" \/>\n<meta property=\"article:publisher\" content=\"http:\/\/www.facebook.com\/VunderSkizze\" \/>\n<meta name=\"twitter:card\" content=\"summary_large_image\" \/>\n<meta name=\"twitter:label1\" content=\"Est. reading time\" \/>\n\t<meta name=\"twitter:data1\" content=\"1 min\u016b\u0161u\" \/>\n<script type=\"application\/ld+json\" class=\"yoast-schema-graph\">{\"@context\":\"https:\/\/schema.org\",\"@graph\":[{\"@type\":\"WebPage\",\"@id\":\"https:\/\/hobstop.ee\/lv\/produkts\/gridas-lampa-daylight-flexi-vision\/\",\"url\":\"https:\/\/hobstop.ee\/lv\/produkts\/gridas-lampa-daylight-flexi-vision\/\",\"name\":\"Gr\u012bdas lampa Daylight Flexi-vision &#8211; Skizze\",\"isPartOf\":{\"@id\":\"https:\/\/hobstop.ee\/lv\/#website\"},\"datePublished\":\"2016-01-18T12:19:25+00:00\",\"dateModified\":\"2016-01-18T12:19:25+00:00\",\"breadcrumb\":{\"@id\":\"https:\/\/hobstop.ee\/lv\/produkts\/gridas-lampa-daylight-flexi-vision\/#breadcrumb\"},\"inLanguage\":\"lv-LV\",\"potentialAction\":[{\"@type\":\"ReadAction\",\"target\":[\"https:\/\/hobstop.ee\/lv\/produkts\/gridas-lampa-daylight-flexi-vision\/\"]}]},{\"@type\":\"BreadcrumbList\",\"@id\":\"https:\/\/hobstop.ee\/lv\/produkts\/gridas-lampa-daylight-flexi-vision\/#breadcrumb\",\"itemListElement\":[{\"@type\":\"ListItem\",\"position\":1,\"name\":\"Avaleht\",\"item\":\"https:\/\/hobstop.ee\/lv\/\"},{\"@type\":\"ListItem\",\"position\":2,\"name\":\"Veikals\",\"item\":\"https:\/\/hobstop.ee\/lv\/veikals\/\"},{\"@type\":\"ListItem\",\"position\":3,\"name\":\"Gr\u012bdas lampa Daylight Flexi-vision\"}]},{\"@type\":\"WebSite\",\"@id\":\"https:\/\/hobstop.ee\/lv\/#website\",\"url\":\"https:\/\/hobstop.ee\/lv\/\",\"name\":\"Skizze\",\"description\":\"M\u0101kslas, hobiju un skolas preces\",\"publisher\":{\"@id\":\"https:\/\/hobstop.ee\/lv\/#organization\"},\"potentialAction\":[{\"@type\":\"SearchAction\",\"target\":{\"@type\":\"EntryPoint\",\"urlTemplate\":\"https:\/\/hobstop.ee\/lv\/?s={search_term_string}\"},\"query-input\":{\"@type\":\"PropertyValueSpecification\",\"valueRequired\":true,\"valueName\":\"search_term_string\"}}],\"inLanguage\":\"lv-LV\"},{\"@type\":\"Organization\",\"@id\":\"https:\/\/hobstop.ee\/lv\/#organization\",\"name\":\"Vunder AS\",\"url\":\"https:\/\/hobstop.ee\/lv\/\",\"logo\":{\"@type\":\"ImageObject\",\"inLanguage\":\"lv-LV\",\"@id\":\"https:\/\/hobstop.ee\/lv\/#\/schema\/logo\/image\/\",\"url\":\"https:\/\/hobstop.ee\/media\/vunder-logo.png\",\"contentUrl\":\"https:\/\/hobstop.ee\/media\/vunder-logo.png\",\"width\":127,\"height\":55,\"caption\":\"Vunder AS\"},\"image\":{\"@id\":\"https:\/\/hobstop.ee\/lv\/#\/schema\/logo\/image\/\"},\"sameAs\":[\"http:\/\/www.facebook.com\/VunderSkizze\"]}]}<\/script>\n<!-- \/ Yoast SEO plugin. -->","yoast_head_json":{"title":"Gr\u012bdas lampa Daylight Flexi-vision &#8211; Skizze","robots":{"index":"noindex","follow":"follow","max-snippet":"max-snippet:-1","max-image-preview":"max-image-preview:large","max-video-preview":"max-video-preview:-1"},"og_locale":"lv_LV","og_type":"article","og_title":"Gr\u012bdas lampa Daylight Flexi-vision &#8211; Skizze","og_description":"\u0160\u012b lampa rad\u012bta RNIB (Lielbrit\u0101nijas Nacion\u0101lais Karaliskais neredz\u012bgo instit\u016bts) un citu v\u0101jredz\u012bgo speci\u0101listu pla\u0161u p\u0113t\u012bjumu un sadarb\u012bbas rezult\u0101t\u0101. \u0160aj\u0101 st\u0101vlamp\u0101 apvienotas visas lab\u0101k\u0101s \u012bpa\u0161\u012bbas, lai to var\u0113tu atz\u012bt par teicamu lampu las\u012b\u0161anai. 20W ekonomisk\u0101 dienasgaismas spuldze (atbilst 285W) samazina \u017eilbin\u0101jumu un uzlabo kontrastu, pagarinot \u0113rtas las\u012b\u0161anas un rakst\u012b\u0161anas laiku. Lampai ir groz\u0101ms stat\u012bvs, kas nodro\u0161ina prec\u012bzu v\u0113lamo apgaismojumu gan d\u012bv\u0101n\u0101, gan pie galda. \u0160\u012b st\u0101vlampa ir viena nodro\u0161\u0101kajiem produktiem \u0161aj\u0101 jom\u0101: skaidri novietots sl\u0113dzis, eletr\u012bbas pievada tur\u0113t\u0101js un aba\u017e\u016brs ar zemu sakar\u0161anas l\u012bmeni.","og_url":"https:\/\/hobstop.ee\/lv\/produkts\/gridas-lampa-daylight-flexi-vision\/","og_site_name":"Skizze","article_publisher":"http:\/\/www.facebook.com\/VunderSkizze","twitter_card":"summary_large_image","twitter_misc":{"Est. reading time":"1 min\u016b\u0161u"},"schema":{"@context":"https:\/\/schema.org","@graph":[{"@type":"WebPage","@id":"https:\/\/hobstop.ee\/lv\/produkts\/gridas-lampa-daylight-flexi-vision\/","url":"https:\/\/hobstop.ee\/lv\/produkts\/gridas-lampa-daylight-flexi-vision\/","name":"Gr\u012bdas lampa Daylight Flexi-vision &#8211; Skizze","isPartOf":{"@id":"https:\/\/hobstop.ee\/lv\/#website"},"datePublished":"2016-01-18T12:19:25+00:00","dateModified":"2016-01-18T12:19:25+00:00","breadcrumb":{"@id":"https:\/\/hobstop.ee\/lv\/produkts\/gridas-lampa-daylight-flexi-vision\/#breadcrumb"},"inLanguage":"lv-LV","potentialAction":[{"@type":"ReadAction","target":["https:\/\/hobstop.ee\/lv\/produkts\/gridas-lampa-daylight-flexi-vision\/"]}]},{"@type":"BreadcrumbList","@id":"https:\/\/hobstop.ee\/lv\/produkts\/gridas-lampa-daylight-flexi-vision\/#breadcrumb","itemListElement":[{"@type":"ListItem","position":1,"name":"Avaleht","item":"https:\/\/hobstop.ee\/lv\/"},{"@type":"ListItem","position":2,"name":"Veikals","item":"https:\/\/hobstop.ee\/lv\/veikals\/"},{"@type":"ListItem","position":3,"name":"Gr\u012bdas lampa Daylight Flexi-vision"}]},{"@type":"WebSite","@id":"https:\/\/hobstop.ee\/lv\/#website","url":"https:\/\/hobstop.ee\/lv\/","name":"Skizze","description":"M\u0101kslas, hobiju un skolas preces","publisher":{"@id":"https:\/\/hobstop.ee\/lv\/#organization"},"potentialAction":[{"@type":"SearchAction","target":{"@type":"EntryPoint","urlTemplate":"https:\/\/hobstop.ee\/lv\/?s={search_term_string}"},"query-input":{"@type":"PropertyValueSpecification","valueRequired":true,"valueName":"search_term_string"}}],"inLanguage":"lv-LV"},{"@type":"Organization","@id":"https:\/\/hobstop.ee\/lv\/#organization","name":"Vunder AS","url":"https:\/\/hobstop.ee\/lv\/","logo":{"@type":"ImageObject","inLanguage":"lv-LV","@id":"https:\/\/hobstop.ee\/lv\/#\/schema\/logo\/image\/","url":"https:\/\/hobstop.ee\/media\/vunder-logo.png","contentUrl":"https:\/\/hobstop.ee\/media\/vunder-logo.png","width":127,"height":55,"caption":"Vunder AS"},"image":{"@id":"https:\/\/hobstop.ee\/lv\/#\/schema\/logo\/image\/"},"sameAs":["http:\/\/www.facebook.com\/VunderSkizze"]}]}},"_links":{"self":[{"href":"https:\/\/hobstop.ee\/lv\/wp-json\/wp\/v2\/product\/245903","targetHints":{"allow":["GET"]}}],"collection":[{"href":"https:\/\/hobstop.ee\/lv\/wp-json\/wp\/v2\/product"}],"about":[{"href":"https:\/\/hobstop.ee\/lv\/wp-json\/wp\/v2\/types\/product"}],"replies":[{"embeddable":true,"href":"https:\/\/hobstop.ee\/lv\/wp-json\/wp\/v2\/comments?post=245903"}],"wp:attachment":[{"href":"https:\/\/hobstop.ee\/lv\/wp-json\/wp\/v2\/media?parent=245903"}],"wp:term":[{"taxonomy":"product_cat","embeddable":true,"href":"https:\/\/hobstop.ee\/lv\/wp-json\/wp\/v2\/product_cat?post=245903"},{"taxonomy":"product_tag","embeddable":true,"href":"https:\/\/hobstop.ee\/lv\/wp-json\/wp\/v2\/product_tag?post=245903"}],"curies":[{"name":"wp","href":"https:\/\/api.w.org\/{rel}","templated":true}]}}