{"id":245907,"date":"2016-01-18T14:19:27","date_gmt":"2016-01-18T12:19:27","guid":{"rendered":"http:\/\/www.vunder.ee\/lv\/product\/gridas-lampa-daylight-slimline-led\/"},"modified":"2016-01-18T14:19:27","modified_gmt":"2016-01-18T12:19:27","slug":"gridas-lampa-daylight-slimline-led","status":"publish","type":"product","link":"https:\/\/hobstop.ee\/lv\/produkts\/gridas-lampa-daylight-slimline-led\/","title":{"rendered":"Gr\u012bdas lampa Daylight Slimline LED"},"content":{"rendered":"<p>Ar \u0161o lampu var apgaismot lielas darba virsmas (m\u0101jas birojs, darbistaba vai dz\u012bvojam\u0101s istabas d\u012bv\u0101ns). \u0160\u012b izcil\u0101 mat\u0113ta hroma lampa nodro\u0161ina daudz spilgtas dienasgaismas \u0113rtai rokdarbu veik\u0161anai vai las\u012b\u0161anai. Ar divu unik\u0101lu savienojuma mezglu pal\u012bdz\u012bbu var veikli v\u0113rst gaismu nepiecie\u0161am\u0101 virzien\u0101. Pl\u0101n\u0101 gaismek\u013ca galva nodro\u0161ina nevainojamu apgaismojumu bez \u0113nas. Lampai paredz\u0113ta spilgta dienasgaismas LED spuldze, kas ir ekonomiska, samazina acu piep\u016bli un nodro\u0161ina patiesu kr\u0101su<\/p>\n","protected":false},"excerpt":{"rendered":"<p>Ar \u0161o lampu var apgaismot lielas darba virsmas (m\u0101jas birojs, darbistaba vai dz\u012bvojam\u0101s istabas d\u012bv\u0101ns). \u0160\u012b izcil\u0101 mat\u0113ta hroma lampa nodro\u0161ina daudz spilgtas dienasgaismas \u0113rtai rokdarbu veik\u0161anai vai las\u012b\u0161anai. Ar divu unik\u0101lu savienojuma mezglu pal\u012bdz\u012bbu var veikli v\u0113rst gaismu nepiecie\u0161am\u0101 virzien\u0101. Pl\u0101n\u0101 gaismek\u013ca galva nodro\u0161ina nevainojamu apgaismojumu bez \u0113nas. Lampai paredz\u0113ta spilgta dienasgaismas LED spuldze, kas ir ekonomiska, samazina acu piep\u016bli un nodro\u0161ina patiesu kr\u0101su<\/p>\n","protected":false},"featured_media":0,"comment_status":"closed","ping_status":"closed","template":"","meta":{"_acf_changed":false,"ep_exclude_from_search":false},"product_cat":[18798,19051],"product_tag":[],"class_list":{"0":"post-245907","1":"product","2":"type-product","3":"status-publish","5":"product_cat-lampas-3","6":"product_cat-stavlampas-2","8":"first","9":"instock","10":"taxable","11":"shipping-taxable","12":"purchasable","13":"product-type-simple"},"acf":[],"yoast_head":"<!-- This site is optimized with the Yoast SEO plugin v24.1 - https:\/\/yoast.com\/wordpress\/plugins\/seo\/ -->\n<title>Gr\u012bdas lampa Daylight Slimline LED &#8211; Skizze<\/title>\n<meta name=\"robots\" content=\"noindex, follow, max-snippet:-1, max-image-preview:large, max-video-preview:-1\" \/>\n<meta property=\"og:locale\" content=\"lv_LV\" \/>\n<meta property=\"og:type\" content=\"article\" \/>\n<meta property=\"og:title\" content=\"Gr\u012bdas lampa Daylight Slimline LED &#8211; Skizze\" \/>\n<meta property=\"og:description\" content=\"Ar \u0161o lampu var apgaismot lielas darba virsmas (m\u0101jas birojs, darbistaba vai dz\u012bvojam\u0101s istabas d\u012bv\u0101ns). \u0160\u012b izcil\u0101 mat\u0113ta hroma lampa nodro\u0161ina daudz spilgtas dienasgaismas \u0113rtai rokdarbu veik\u0161anai vai las\u012b\u0161anai. Ar divu unik\u0101lu savienojuma mezglu pal\u012bdz\u012bbu var veikli v\u0113rst gaismu nepiecie\u0161am\u0101 virzien\u0101. Pl\u0101n\u0101 gaismek\u013ca galva nodro\u0161ina nevainojamu apgaismojumu bez \u0113nas. Lampai paredz\u0113ta spilgta dienasgaismas LED spuldze, kas ir ekonomiska, samazina acu piep\u016bli un nodro\u0161ina patiesu kr\u0101su\" \/>\n<meta property=\"og:url\" content=\"https:\/\/hobstop.ee\/lv\/produkts\/gridas-lampa-daylight-slimline-led\/\" \/>\n<meta property=\"og:site_name\" content=\"Skizze\" \/>\n<meta property=\"article:publisher\" content=\"http:\/\/www.facebook.com\/VunderSkizze\" \/>\n<meta name=\"twitter:card\" content=\"summary_large_image\" \/>\n<script type=\"application\/ld+json\" class=\"yoast-schema-graph\">{\"@context\":\"https:\/\/schema.org\",\"@graph\":[{\"@type\":\"WebPage\",\"@id\":\"https:\/\/hobstop.ee\/lv\/produkts\/gridas-lampa-daylight-slimline-led\/\",\"url\":\"https:\/\/hobstop.ee\/lv\/produkts\/gridas-lampa-daylight-slimline-led\/\",\"name\":\"Gr\u012bdas lampa Daylight Slimline LED &#8211; Skizze\",\"isPartOf\":{\"@id\":\"https:\/\/hobstop.ee\/lv\/#website\"},\"datePublished\":\"2016-01-18T12:19:27+00:00\",\"dateModified\":\"2016-01-18T12:19:27+00:00\",\"breadcrumb\":{\"@id\":\"https:\/\/hobstop.ee\/lv\/produkts\/gridas-lampa-daylight-slimline-led\/#breadcrumb\"},\"inLanguage\":\"lv-LV\",\"potentialAction\":[{\"@type\":\"ReadAction\",\"target\":[\"https:\/\/hobstop.ee\/lv\/produkts\/gridas-lampa-daylight-slimline-led\/\"]}]},{\"@type\":\"BreadcrumbList\",\"@id\":\"https:\/\/hobstop.ee\/lv\/produkts\/gridas-lampa-daylight-slimline-led\/#breadcrumb\",\"itemListElement\":[{\"@type\":\"ListItem\",\"position\":1,\"name\":\"Avaleht\",\"item\":\"https:\/\/hobstop.ee\/lv\/\"},{\"@type\":\"ListItem\",\"position\":2,\"name\":\"Veikals\",\"item\":\"https:\/\/hobstop.ee\/lv\/veikals\/\"},{\"@type\":\"ListItem\",\"position\":3,\"name\":\"Gr\u012bdas lampa Daylight Slimline LED\"}]},{\"@type\":\"WebSite\",\"@id\":\"https:\/\/hobstop.ee\/lv\/#website\",\"url\":\"https:\/\/hobstop.ee\/lv\/\",\"name\":\"Skizze\",\"description\":\"M\u0101kslas, hobiju un skolas preces\",\"publisher\":{\"@id\":\"https:\/\/hobstop.ee\/lv\/#organization\"},\"potentialAction\":[{\"@type\":\"SearchAction\",\"target\":{\"@type\":\"EntryPoint\",\"urlTemplate\":\"https:\/\/hobstop.ee\/lv\/?s={search_term_string}\"},\"query-input\":{\"@type\":\"PropertyValueSpecification\",\"valueRequired\":true,\"valueName\":\"search_term_string\"}}],\"inLanguage\":\"lv-LV\"},{\"@type\":\"Organization\",\"@id\":\"https:\/\/hobstop.ee\/lv\/#organization\",\"name\":\"Vunder AS\",\"url\":\"https:\/\/hobstop.ee\/lv\/\",\"logo\":{\"@type\":\"ImageObject\",\"inLanguage\":\"lv-LV\",\"@id\":\"https:\/\/hobstop.ee\/lv\/#\/schema\/logo\/image\/\",\"url\":\"https:\/\/hobstop.ee\/media\/vunder-logo.png\",\"contentUrl\":\"https:\/\/hobstop.ee\/media\/vunder-logo.png\",\"width\":127,\"height\":55,\"caption\":\"Vunder AS\"},\"image\":{\"@id\":\"https:\/\/hobstop.ee\/lv\/#\/schema\/logo\/image\/\"},\"sameAs\":[\"http:\/\/www.facebook.com\/VunderSkizze\"]}]}<\/script>\n<!-- \/ Yoast SEO plugin. -->","yoast_head_json":{"title":"Gr\u012bdas lampa Daylight Slimline LED &#8211; Skizze","robots":{"index":"noindex","follow":"follow","max-snippet":"max-snippet:-1","max-image-preview":"max-image-preview:large","max-video-preview":"max-video-preview:-1"},"og_locale":"lv_LV","og_type":"article","og_title":"Gr\u012bdas lampa Daylight Slimline LED &#8211; Skizze","og_description":"Ar \u0161o lampu var apgaismot lielas darba virsmas (m\u0101jas birojs, darbistaba vai dz\u012bvojam\u0101s istabas d\u012bv\u0101ns). \u0160\u012b izcil\u0101 mat\u0113ta hroma lampa nodro\u0161ina daudz spilgtas dienasgaismas \u0113rtai rokdarbu veik\u0161anai vai las\u012b\u0161anai. Ar divu unik\u0101lu savienojuma mezglu pal\u012bdz\u012bbu var veikli v\u0113rst gaismu nepiecie\u0161am\u0101 virzien\u0101. Pl\u0101n\u0101 gaismek\u013ca galva nodro\u0161ina nevainojamu apgaismojumu bez \u0113nas. Lampai paredz\u0113ta spilgta dienasgaismas LED spuldze, kas ir ekonomiska, samazina acu piep\u016bli un nodro\u0161ina patiesu kr\u0101su","og_url":"https:\/\/hobstop.ee\/lv\/produkts\/gridas-lampa-daylight-slimline-led\/","og_site_name":"Skizze","article_publisher":"http:\/\/www.facebook.com\/VunderSkizze","twitter_card":"summary_large_image","schema":{"@context":"https:\/\/schema.org","@graph":[{"@type":"WebPage","@id":"https:\/\/hobstop.ee\/lv\/produkts\/gridas-lampa-daylight-slimline-led\/","url":"https:\/\/hobstop.ee\/lv\/produkts\/gridas-lampa-daylight-slimline-led\/","name":"Gr\u012bdas lampa Daylight Slimline LED &#8211; Skizze","isPartOf":{"@id":"https:\/\/hobstop.ee\/lv\/#website"},"datePublished":"2016-01-18T12:19:27+00:00","dateModified":"2016-01-18T12:19:27+00:00","breadcrumb":{"@id":"https:\/\/hobstop.ee\/lv\/produkts\/gridas-lampa-daylight-slimline-led\/#breadcrumb"},"inLanguage":"lv-LV","potentialAction":[{"@type":"ReadAction","target":["https:\/\/hobstop.ee\/lv\/produkts\/gridas-lampa-daylight-slimline-led\/"]}]},{"@type":"BreadcrumbList","@id":"https:\/\/hobstop.ee\/lv\/produkts\/gridas-lampa-daylight-slimline-led\/#breadcrumb","itemListElement":[{"@type":"ListItem","position":1,"name":"Avaleht","item":"https:\/\/hobstop.ee\/lv\/"},{"@type":"ListItem","position":2,"name":"Veikals","item":"https:\/\/hobstop.ee\/lv\/veikals\/"},{"@type":"ListItem","position":3,"name":"Gr\u012bdas lampa Daylight Slimline LED"}]},{"@type":"WebSite","@id":"https:\/\/hobstop.ee\/lv\/#website","url":"https:\/\/hobstop.ee\/lv\/","name":"Skizze","description":"M\u0101kslas, hobiju un skolas preces","publisher":{"@id":"https:\/\/hobstop.ee\/lv\/#organization"},"potentialAction":[{"@type":"SearchAction","target":{"@type":"EntryPoint","urlTemplate":"https:\/\/hobstop.ee\/lv\/?s={search_term_string}"},"query-input":{"@type":"PropertyValueSpecification","valueRequired":true,"valueName":"search_term_string"}}],"inLanguage":"lv-LV"},{"@type":"Organization","@id":"https:\/\/hobstop.ee\/lv\/#organization","name":"Vunder AS","url":"https:\/\/hobstop.ee\/lv\/","logo":{"@type":"ImageObject","inLanguage":"lv-LV","@id":"https:\/\/hobstop.ee\/lv\/#\/schema\/logo\/image\/","url":"https:\/\/hobstop.ee\/media\/vunder-logo.png","contentUrl":"https:\/\/hobstop.ee\/media\/vunder-logo.png","width":127,"height":55,"caption":"Vunder AS"},"image":{"@id":"https:\/\/hobstop.ee\/lv\/#\/schema\/logo\/image\/"},"sameAs":["http:\/\/www.facebook.com\/VunderSkizze"]}]}},"_links":{"self":[{"href":"https:\/\/hobstop.ee\/lv\/wp-json\/wp\/v2\/product\/245907","targetHints":{"allow":["GET"]}}],"collection":[{"href":"https:\/\/hobstop.ee\/lv\/wp-json\/wp\/v2\/product"}],"about":[{"href":"https:\/\/hobstop.ee\/lv\/wp-json\/wp\/v2\/types\/product"}],"replies":[{"embeddable":true,"href":"https:\/\/hobstop.ee\/lv\/wp-json\/wp\/v2\/comments?post=245907"}],"wp:attachment":[{"href":"https:\/\/hobstop.ee\/lv\/wp-json\/wp\/v2\/media?parent=245907"}],"wp:term":[{"taxonomy":"product_cat","embeddable":true,"href":"https:\/\/hobstop.ee\/lv\/wp-json\/wp\/v2\/product_cat?post=245907"},{"taxonomy":"product_tag","embeddable":true,"href":"https:\/\/hobstop.ee\/lv\/wp-json\/wp\/v2\/product_tag?post=245907"}],"curies":[{"name":"wp","href":"https:\/\/api.w.org\/{rel}","templated":true}]}}