{"id":246023,"date":"2016-01-19T10:22:39","date_gmt":"2016-01-19T08:22:39","guid":{"rendered":"http:\/\/www.vunder.ee\/lv\/product\/markieris-winsornewton-brushmarker\/"},"modified":"2016-01-19T10:22:39","modified_gmt":"2016-01-19T08:22:39","slug":"markieris-winsornewton-brushmarker","status":"publish","type":"product","link":"https:\/\/hobstop.ee\/lv\/produkts\/markieris-winsornewton-brushmarker\/","title":{"rendered":"Mar\u0137ieris Winsor&#038;Newton Brushmarker"},"content":{"rendered":"<p>Winsor&#038;Newton Brushmarker ir daudzpus\u012bgs ilustratoru mar\u0137ieris ar diviem galiem. Vien\u0101 gal\u0101 ir plats rakst\u0101mais, otr\u0101 &#8211; iztur\u012bgs otveida rakst\u0101mais prec\u012bzai un daudzveid\u012bgai kr\u0101su l\u012bnijai. Lodveida uzgalis ir veidots no divej\u0101da materi\u0101la, kas ir neticami ilglietojams. Ar to iesp\u0113jams rad\u012bt neiedom\u0101jami da\u017e\u0101dus z\u012bm\u0113jumus. Savuk\u0101rt platais uzgalis ir iesl\u012bps un lieliski piem\u0113rots veikl\u0101m skic\u0113m vai aizpildot lielus laukumus. Brushmarker tinte ir uz alkohola b\u0101zes un satur izsmalcin\u0101t\u0101k\u0101s profesion\u0101l\u0101s izejvielas, t\u0101d\u0113\u013c kr\u0101sa kl\u0101jas vienm\u0113r\u012bgi, nodro\u0161inot izteikti gludu, notur\u012bgu kr\u0101sojumu. Brushmarker kr\u0101sas var kl\u0101t sl\u0101\u0146os, izveidojot jaunus to\u0146us. Atkar\u012bb\u0101 no tintes mitruma pak\u0101pes, var pan\u0101kt vienm\u0113r\u012bgas kr\u0101su p\u0101rejas. &#8220;Click-fit&#8221; kor\u0137is, to cie\u0161i nospie\u017eot ar klik\u0161\u0137i, pasarg\u0101 mar\u0137ieri no iz\u017e\u016b\u0161anas.<\/p>\n","protected":false},"excerpt":{"rendered":"<p>Winsor&#038;Newton Brushmarker ir daudzpus\u012bgs ilustratoru mar\u0137ieris ar diviem galiem. Vien\u0101 gal\u0101 ir plats rakst\u0101mais, otr\u0101 &#8211; iztur\u012bgs otveida rakst\u0101mais prec\u012bzai un daudzveid\u012bgai kr\u0101su l\u012bnijai. Lodveida uzgalis ir veidots no divej\u0101da materi\u0101la, kas ir neticami ilglietojams. Ar to iesp\u0113jams rad\u012bt neiedom\u0101jami da\u017e\u0101dus z\u012bm\u0113jumus. Savuk\u0101rt platais uzgalis ir iesl\u012bps un lieliski piem\u0113rots veikl\u0101m skic\u0113m vai aizpildot lielus laukumus. Brushmarker tinte ir uz alkohola b\u0101zes un satur izsmalcin\u0101t\u0101k\u0101s profesion\u0101l\u0101s izejvielas, t\u0101d\u0113\u013c kr\u0101sa kl\u0101jas vienm\u0113r\u012bgi, nodro\u0161inot izteikti gludu, notur\u012bgu kr\u0101sojumu. Brushmarker kr\u0101sas var kl\u0101t sl\u0101\u0146os, izveidojot jaunus to\u0146us. Atkar\u012bb\u0101 no tintes mitruma pak\u0101pes, var pan\u0101kt vienm\u0113r\u012bgas kr\u0101su p\u0101rejas. &#8220;Click-fit&#8221; kor\u0137is, to cie\u0161i nospie\u017eot ar klik\u0161\u0137i, pasarg\u0101 mar\u0137ieri no iz\u017e\u016b\u0161anas.<\/p>\n","protected":false},"featured_media":355055,"comment_status":"closed","ping_status":"closed","template":"","meta":{"_acf_changed":false,"ep_exclude_from_search":false},"product_cat":[18140,16123,18931],"product_tag":[],"class_list":{"0":"post-246023","1":"product","2":"type-product","3":"status-publish","4":"has-post-thumbnail","6":"product_cat-flomasteri-un-markeri","7":"product_cat-makslas-piederumi-2","8":"product_cat-zimesanas-piederumi-3","10":"first","11":"instock","12":"taxable","13":"shipping-taxable","14":"purchasable","15":"product-type-simple"},"acf":[],"yoast_head":"<!-- This site is optimized with the Yoast SEO plugin v24.1 - https:\/\/yoast.com\/wordpress\/plugins\/seo\/ -->\n<title>Mar\u0137ieris Winsor&amp;Newton Brushmarker &#8211; Skizze<\/title>\n<meta name=\"robots\" content=\"noindex, follow, max-snippet:-1, max-image-preview:large, max-video-preview:-1\" \/>\n<meta property=\"og:locale\" content=\"lv_LV\" \/>\n<meta property=\"og:type\" content=\"article\" \/>\n<meta property=\"og:title\" content=\"Mar\u0137ieris Winsor&amp;Newton Brushmarker &#8211; Skizze\" \/>\n<meta property=\"og:description\" content=\"Winsor&#038;Newton Brushmarker ir daudzpus\u012bgs ilustratoru mar\u0137ieris ar diviem galiem. Vien\u0101 gal\u0101 ir plats rakst\u0101mais, otr\u0101 &#8211; iztur\u012bgs otveida rakst\u0101mais prec\u012bzai un daudzveid\u012bgai kr\u0101su l\u012bnijai. Lodveida uzgalis ir veidots no divej\u0101da materi\u0101la, kas ir neticami ilglietojams. Ar to iesp\u0113jams rad\u012bt neiedom\u0101jami da\u017e\u0101dus z\u012bm\u0113jumus. Savuk\u0101rt platais uzgalis ir iesl\u012bps un lieliski piem\u0113rots veikl\u0101m skic\u0113m vai aizpildot lielus laukumus. Brushmarker tinte ir uz alkohola b\u0101zes un satur izsmalcin\u0101t\u0101k\u0101s profesion\u0101l\u0101s izejvielas, t\u0101d\u0113\u013c kr\u0101sa kl\u0101jas vienm\u0113r\u012bgi, nodro\u0161inot izteikti gludu, notur\u012bgu kr\u0101sojumu. Brushmarker kr\u0101sas var kl\u0101t sl\u0101\u0146os, izveidojot jaunus to\u0146us. Atkar\u012bb\u0101 no tintes mitruma pak\u0101pes, var pan\u0101kt vienm\u0113r\u012bgas kr\u0101su p\u0101rejas. &#8220;Click-fit&#8221; kor\u0137is, to cie\u0161i nospie\u017eot ar klik\u0161\u0137i, pasarg\u0101 mar\u0137ieri no iz\u017e\u016b\u0161anas.\" \/>\n<meta property=\"og:url\" content=\"https:\/\/hobstop.ee\/lv\/produkts\/markieris-winsornewton-brushmarker\/\" \/>\n<meta property=\"og:site_name\" content=\"Skizze\" \/>\n<meta property=\"article:publisher\" content=\"http:\/\/www.facebook.com\/VunderSkizze\" \/>\n<meta property=\"og:image\" content=\"https:\/\/hobstop.ee\/media\/4082.jpg\" \/>\n\t<meta property=\"og:image:width\" content=\"1024\" \/>\n\t<meta property=\"og:image:height\" content=\"768\" \/>\n\t<meta property=\"og:image:type\" content=\"image\/jpeg\" \/>\n<meta name=\"twitter:card\" content=\"summary_large_image\" \/>\n<meta name=\"twitter:label1\" content=\"Est. reading time\" \/>\n\t<meta name=\"twitter:data1\" content=\"1 min\u016b\u0161u\" \/>\n<script type=\"application\/ld+json\" class=\"yoast-schema-graph\">{\"@context\":\"https:\/\/schema.org\",\"@graph\":[{\"@type\":\"WebPage\",\"@id\":\"https:\/\/hobstop.ee\/lv\/produkts\/markieris-winsornewton-brushmarker\/\",\"url\":\"https:\/\/hobstop.ee\/lv\/produkts\/markieris-winsornewton-brushmarker\/\",\"name\":\"Mar\u0137ieris Winsor&Newton Brushmarker &#8211; Skizze\",\"isPartOf\":{\"@id\":\"https:\/\/hobstop.ee\/lv\/#website\"},\"primaryImageOfPage\":{\"@id\":\"https:\/\/hobstop.ee\/lv\/produkts\/markieris-winsornewton-brushmarker\/#primaryimage\"},\"image\":{\"@id\":\"https:\/\/hobstop.ee\/lv\/produkts\/markieris-winsornewton-brushmarker\/#primaryimage\"},\"thumbnailUrl\":\"https:\/\/hobstop.ee\/media\/4082.jpg\",\"datePublished\":\"2016-01-19T08:22:39+00:00\",\"dateModified\":\"2016-01-19T08:22:39+00:00\",\"breadcrumb\":{\"@id\":\"https:\/\/hobstop.ee\/lv\/produkts\/markieris-winsornewton-brushmarker\/#breadcrumb\"},\"inLanguage\":\"lv-LV\",\"potentialAction\":[{\"@type\":\"ReadAction\",\"target\":[\"https:\/\/hobstop.ee\/lv\/produkts\/markieris-winsornewton-brushmarker\/\"]}]},{\"@type\":\"ImageObject\",\"inLanguage\":\"lv-LV\",\"@id\":\"https:\/\/hobstop.ee\/lv\/produkts\/markieris-winsornewton-brushmarker\/#primaryimage\",\"url\":\"https:\/\/hobstop.ee\/media\/4082.jpg\",\"contentUrl\":\"https:\/\/hobstop.ee\/media\/4082.jpg\",\"width\":1024,\"height\":768},{\"@type\":\"BreadcrumbList\",\"@id\":\"https:\/\/hobstop.ee\/lv\/produkts\/markieris-winsornewton-brushmarker\/#breadcrumb\",\"itemListElement\":[{\"@type\":\"ListItem\",\"position\":1,\"name\":\"Avaleht\",\"item\":\"https:\/\/www.hobstop.ee\/lv\/\"},{\"@type\":\"ListItem\",\"position\":2,\"name\":\"Veikals\",\"item\":\"https:\/\/www.hobstop.ee\/lv\/veikals\/\"},{\"@type\":\"ListItem\",\"position\":3,\"name\":\"Mar\u0137ieris Winsor&#038;Newton Brushmarker\"}]},{\"@type\":\"WebSite\",\"@id\":\"https:\/\/hobstop.ee\/lv\/#website\",\"url\":\"https:\/\/hobstop.ee\/lv\/\",\"name\":\"Skizze\",\"description\":\"M\u0101kslas, hobiju un skolas preces\",\"publisher\":{\"@id\":\"https:\/\/hobstop.ee\/lv\/#organization\"},\"potentialAction\":[{\"@type\":\"SearchAction\",\"target\":{\"@type\":\"EntryPoint\",\"urlTemplate\":\"https:\/\/hobstop.ee\/lv\/?s={search_term_string}\"},\"query-input\":{\"@type\":\"PropertyValueSpecification\",\"valueRequired\":true,\"valueName\":\"search_term_string\"}}],\"inLanguage\":\"lv-LV\"},{\"@type\":\"Organization\",\"@id\":\"https:\/\/hobstop.ee\/lv\/#organization\",\"name\":\"Vunder AS\",\"url\":\"https:\/\/hobstop.ee\/lv\/\",\"logo\":{\"@type\":\"ImageObject\",\"inLanguage\":\"lv-LV\",\"@id\":\"https:\/\/hobstop.ee\/lv\/#\/schema\/logo\/image\/\",\"url\":\"https:\/\/hobstop.ee\/media\/vunder-logo.png\",\"contentUrl\":\"https:\/\/hobstop.ee\/media\/vunder-logo.png\",\"width\":127,\"height\":55,\"caption\":\"Vunder AS\"},\"image\":{\"@id\":\"https:\/\/hobstop.ee\/lv\/#\/schema\/logo\/image\/\"},\"sameAs\":[\"http:\/\/www.facebook.com\/VunderSkizze\"]}]}<\/script>\n<!-- \/ Yoast SEO plugin. -->","yoast_head_json":{"title":"Mar\u0137ieris Winsor&Newton Brushmarker &#8211; Skizze","robots":{"index":"noindex","follow":"follow","max-snippet":"max-snippet:-1","max-image-preview":"max-image-preview:large","max-video-preview":"max-video-preview:-1"},"og_locale":"lv_LV","og_type":"article","og_title":"Mar\u0137ieris Winsor&Newton Brushmarker &#8211; Skizze","og_description":"Winsor&#038;Newton Brushmarker ir daudzpus\u012bgs ilustratoru mar\u0137ieris ar diviem galiem. Vien\u0101 gal\u0101 ir plats rakst\u0101mais, otr\u0101 &#8211; iztur\u012bgs otveida rakst\u0101mais prec\u012bzai un daudzveid\u012bgai kr\u0101su l\u012bnijai. Lodveida uzgalis ir veidots no divej\u0101da materi\u0101la, kas ir neticami ilglietojams. Ar to iesp\u0113jams rad\u012bt neiedom\u0101jami da\u017e\u0101dus z\u012bm\u0113jumus. Savuk\u0101rt platais uzgalis ir iesl\u012bps un lieliski piem\u0113rots veikl\u0101m skic\u0113m vai aizpildot lielus laukumus. Brushmarker tinte ir uz alkohola b\u0101zes un satur izsmalcin\u0101t\u0101k\u0101s profesion\u0101l\u0101s izejvielas, t\u0101d\u0113\u013c kr\u0101sa kl\u0101jas vienm\u0113r\u012bgi, nodro\u0161inot izteikti gludu, notur\u012bgu kr\u0101sojumu. Brushmarker kr\u0101sas var kl\u0101t sl\u0101\u0146os, izveidojot jaunus to\u0146us. Atkar\u012bb\u0101 no tintes mitruma pak\u0101pes, var pan\u0101kt vienm\u0113r\u012bgas kr\u0101su p\u0101rejas. &#8220;Click-fit&#8221; kor\u0137is, to cie\u0161i nospie\u017eot ar klik\u0161\u0137i, pasarg\u0101 mar\u0137ieri no iz\u017e\u016b\u0161anas.","og_url":"https:\/\/hobstop.ee\/lv\/produkts\/markieris-winsornewton-brushmarker\/","og_site_name":"Skizze","article_publisher":"http:\/\/www.facebook.com\/VunderSkizze","og_image":[{"width":1024,"height":768,"url":"https:\/\/hobstop.ee\/media\/4082.jpg","type":"image\/jpeg"}],"twitter_card":"summary_large_image","twitter_misc":{"Est. reading time":"1 min\u016b\u0161u"},"schema":{"@context":"https:\/\/schema.org","@graph":[{"@type":"WebPage","@id":"https:\/\/hobstop.ee\/lv\/produkts\/markieris-winsornewton-brushmarker\/","url":"https:\/\/hobstop.ee\/lv\/produkts\/markieris-winsornewton-brushmarker\/","name":"Mar\u0137ieris Winsor&Newton Brushmarker &#8211; Skizze","isPartOf":{"@id":"https:\/\/hobstop.ee\/lv\/#website"},"primaryImageOfPage":{"@id":"https:\/\/hobstop.ee\/lv\/produkts\/markieris-winsornewton-brushmarker\/#primaryimage"},"image":{"@id":"https:\/\/hobstop.ee\/lv\/produkts\/markieris-winsornewton-brushmarker\/#primaryimage"},"thumbnailUrl":"https:\/\/hobstop.ee\/media\/4082.jpg","datePublished":"2016-01-19T08:22:39+00:00","dateModified":"2016-01-19T08:22:39+00:00","breadcrumb":{"@id":"https:\/\/hobstop.ee\/lv\/produkts\/markieris-winsornewton-brushmarker\/#breadcrumb"},"inLanguage":"lv-LV","potentialAction":[{"@type":"ReadAction","target":["https:\/\/hobstop.ee\/lv\/produkts\/markieris-winsornewton-brushmarker\/"]}]},{"@type":"ImageObject","inLanguage":"lv-LV","@id":"https:\/\/hobstop.ee\/lv\/produkts\/markieris-winsornewton-brushmarker\/#primaryimage","url":"https:\/\/hobstop.ee\/media\/4082.jpg","contentUrl":"https:\/\/hobstop.ee\/media\/4082.jpg","width":1024,"height":768},{"@type":"BreadcrumbList","@id":"https:\/\/hobstop.ee\/lv\/produkts\/markieris-winsornewton-brushmarker\/#breadcrumb","itemListElement":[{"@type":"ListItem","position":1,"name":"Avaleht","item":"https:\/\/www.hobstop.ee\/lv\/"},{"@type":"ListItem","position":2,"name":"Veikals","item":"https:\/\/www.hobstop.ee\/lv\/veikals\/"},{"@type":"ListItem","position":3,"name":"Mar\u0137ieris Winsor&#038;Newton Brushmarker"}]},{"@type":"WebSite","@id":"https:\/\/hobstop.ee\/lv\/#website","url":"https:\/\/hobstop.ee\/lv\/","name":"Skizze","description":"M\u0101kslas, hobiju un skolas preces","publisher":{"@id":"https:\/\/hobstop.ee\/lv\/#organization"},"potentialAction":[{"@type":"SearchAction","target":{"@type":"EntryPoint","urlTemplate":"https:\/\/hobstop.ee\/lv\/?s={search_term_string}"},"query-input":{"@type":"PropertyValueSpecification","valueRequired":true,"valueName":"search_term_string"}}],"inLanguage":"lv-LV"},{"@type":"Organization","@id":"https:\/\/hobstop.ee\/lv\/#organization","name":"Vunder AS","url":"https:\/\/hobstop.ee\/lv\/","logo":{"@type":"ImageObject","inLanguage":"lv-LV","@id":"https:\/\/hobstop.ee\/lv\/#\/schema\/logo\/image\/","url":"https:\/\/hobstop.ee\/media\/vunder-logo.png","contentUrl":"https:\/\/hobstop.ee\/media\/vunder-logo.png","width":127,"height":55,"caption":"Vunder AS"},"image":{"@id":"https:\/\/hobstop.ee\/lv\/#\/schema\/logo\/image\/"},"sameAs":["http:\/\/www.facebook.com\/VunderSkizze"]}]}},"_links":{"self":[{"href":"https:\/\/hobstop.ee\/lv\/wp-json\/wp\/v2\/product\/246023","targetHints":{"allow":["GET"]}}],"collection":[{"href":"https:\/\/hobstop.ee\/lv\/wp-json\/wp\/v2\/product"}],"about":[{"href":"https:\/\/hobstop.ee\/lv\/wp-json\/wp\/v2\/types\/product"}],"replies":[{"embeddable":true,"href":"https:\/\/hobstop.ee\/lv\/wp-json\/wp\/v2\/comments?post=246023"}],"wp:featuredmedia":[{"embeddable":true,"href":"https:\/\/hobstop.ee\/lv\/wp-json\/wp\/v2\/media\/355055"}],"wp:attachment":[{"href":"https:\/\/hobstop.ee\/lv\/wp-json\/wp\/v2\/media?parent=246023"}],"wp:term":[{"taxonomy":"product_cat","embeddable":true,"href":"https:\/\/hobstop.ee\/lv\/wp-json\/wp\/v2\/product_cat?post=246023"},{"taxonomy":"product_tag","embeddable":true,"href":"https:\/\/hobstop.ee\/lv\/wp-json\/wp\/v2\/product_tag?post=246023"}],"curies":[{"name":"wp","href":"https:\/\/api.w.org\/{rel}","templated":true}]}}