{"id":246035,"date":"2016-01-19T10:22:45","date_gmt":"2016-01-19T08:22:45","guid":{"rendered":"http:\/\/www.vunder.ee\/lv\/product\/markieris-winsornewton-metallic-komplekts\/"},"modified":"2016-01-19T10:22:45","modified_gmt":"2016-01-19T08:22:45","slug":"markieris-winsornewton-metallic-komplekts","status":"publish","type":"product","link":"https:\/\/hobstop.ee\/lv\/produkts\/markieris-winsornewton-metallic-komplekts\/","title":{"rendered":"Mar\u0137ieris Winsor&#038;Newton Metallic komplekts"},"content":{"rendered":"<p>Div\u0113j\u0101du uzga\u013cu met\u0101liskie mar\u0137ieri ir ar vid\u0113ju platu un smalku uzgali, \u013caujot novilkt da\u017e\u0101da platuma l\u012bnijas. Tos var jaukt ar \u016bdeni, ar\u012b p\u0113c no\u017e\u016b\u0161anas. To tintes uz pigmentu b\u0101zes nesatur sk\u0101bi, ir notur\u012bgas pret gaismu ilgu laiku. Lieliski piem\u0113roti met\u0101liska efekta nodro\u0161in\u0101\u0161anai m\u0101kslas un citos rokdarbu projektos!<\/p>\n","protected":false},"excerpt":{"rendered":"<p>Div\u0113j\u0101du uzga\u013cu met\u0101liskie mar\u0137ieri ir ar vid\u0113ju platu un smalku uzgali, \u013caujot novilkt da\u017e\u0101da platuma l\u012bnijas. Tos var jaukt ar \u016bdeni, ar\u012b p\u0113c no\u017e\u016b\u0161anas. To tintes uz pigmentu b\u0101zes nesatur sk\u0101bi, ir notur\u012bgas pret gaismu ilgu laiku. Lieliski piem\u0113roti met\u0101liska efekta nodro\u0161in\u0101\u0161anai m\u0101kslas un citos rokdarbu projektos!<\/p>\n","protected":false},"featured_media":246371,"comment_status":"closed","ping_status":"closed","template":"","meta":{"_acf_changed":false,"ep_exclude_from_search":false},"product_cat":[18140,16123,18931],"product_tag":[],"class_list":{"0":"post-246035","1":"product","2":"type-product","3":"status-publish","4":"has-post-thumbnail","6":"product_cat-flomasteri-un-markeri","7":"product_cat-makslas-piederumi-2","8":"product_cat-zimesanas-piederumi-3","10":"first","11":"instock","12":"taxable","13":"shipping-taxable","14":"purchasable","15":"product-type-simple"},"acf":[],"yoast_head":"<!-- This site is optimized with the Yoast SEO plugin v24.1 - https:\/\/yoast.com\/wordpress\/plugins\/seo\/ -->\n<title>Mar\u0137ieris Winsor&amp;Newton Metallic komplekts &#8211; Skizze<\/title>\n<meta name=\"robots\" content=\"noindex, follow, max-snippet:-1, max-image-preview:large, max-video-preview:-1\" \/>\n<meta property=\"og:locale\" content=\"lv_LV\" \/>\n<meta property=\"og:type\" content=\"article\" \/>\n<meta property=\"og:title\" content=\"Mar\u0137ieris Winsor&amp;Newton Metallic komplekts &#8211; Skizze\" \/>\n<meta property=\"og:description\" content=\"Div\u0113j\u0101du uzga\u013cu met\u0101liskie mar\u0137ieri ir ar vid\u0113ju platu un smalku uzgali, \u013caujot novilkt da\u017e\u0101da platuma l\u012bnijas. Tos var jaukt ar \u016bdeni, ar\u012b p\u0113c no\u017e\u016b\u0161anas. To tintes uz pigmentu b\u0101zes nesatur sk\u0101bi, ir notur\u012bgas pret gaismu ilgu laiku. Lieliski piem\u0113roti met\u0101liska efekta nodro\u0161in\u0101\u0161anai m\u0101kslas un citos rokdarbu projektos!\" \/>\n<meta property=\"og:url\" content=\"https:\/\/hobstop.ee\/lv\/produkts\/markieris-winsornewton-metallic-komplekts\/\" \/>\n<meta property=\"og:site_name\" content=\"Skizze\" \/>\n<meta property=\"article:publisher\" content=\"http:\/\/www.facebook.com\/VunderSkizze\" \/>\n<meta property=\"og:image\" content=\"https:\/\/hobstop.ee\/media\/4113.jpg\" \/>\n\t<meta property=\"og:image:width\" content=\"1024\" \/>\n\t<meta property=\"og:image:height\" content=\"768\" \/>\n\t<meta property=\"og:image:type\" content=\"image\/jpeg\" \/>\n<meta name=\"twitter:card\" content=\"summary_large_image\" \/>\n<script type=\"application\/ld+json\" class=\"yoast-schema-graph\">{\"@context\":\"https:\/\/schema.org\",\"@graph\":[{\"@type\":\"WebPage\",\"@id\":\"https:\/\/hobstop.ee\/lv\/produkts\/markieris-winsornewton-metallic-komplekts\/\",\"url\":\"https:\/\/hobstop.ee\/lv\/produkts\/markieris-winsornewton-metallic-komplekts\/\",\"name\":\"Mar\u0137ieris Winsor&Newton Metallic komplekts &#8211; Skizze\",\"isPartOf\":{\"@id\":\"https:\/\/hobstop.ee\/lv\/#website\"},\"primaryImageOfPage\":{\"@id\":\"https:\/\/hobstop.ee\/lv\/produkts\/markieris-winsornewton-metallic-komplekts\/#primaryimage\"},\"image\":{\"@id\":\"https:\/\/hobstop.ee\/lv\/produkts\/markieris-winsornewton-metallic-komplekts\/#primaryimage\"},\"thumbnailUrl\":\"https:\/\/hobstop.ee\/media\/4113.jpg\",\"datePublished\":\"2016-01-19T08:22:45+00:00\",\"dateModified\":\"2016-01-19T08:22:45+00:00\",\"breadcrumb\":{\"@id\":\"https:\/\/hobstop.ee\/lv\/produkts\/markieris-winsornewton-metallic-komplekts\/#breadcrumb\"},\"inLanguage\":\"lv-LV\",\"potentialAction\":[{\"@type\":\"ReadAction\",\"target\":[\"https:\/\/hobstop.ee\/lv\/produkts\/markieris-winsornewton-metallic-komplekts\/\"]}]},{\"@type\":\"ImageObject\",\"inLanguage\":\"lv-LV\",\"@id\":\"https:\/\/hobstop.ee\/lv\/produkts\/markieris-winsornewton-metallic-komplekts\/#primaryimage\",\"url\":\"https:\/\/hobstop.ee\/media\/4113.jpg\",\"contentUrl\":\"https:\/\/hobstop.ee\/media\/4113.jpg\",\"width\":1024,\"height\":768},{\"@type\":\"BreadcrumbList\",\"@id\":\"https:\/\/hobstop.ee\/lv\/produkts\/markieris-winsornewton-metallic-komplekts\/#breadcrumb\",\"itemListElement\":[{\"@type\":\"ListItem\",\"position\":1,\"name\":\"Avaleht\",\"item\":\"https:\/\/hobstop.ee\/lv\/\"},{\"@type\":\"ListItem\",\"position\":2,\"name\":\"Veikals\",\"item\":\"https:\/\/hobstop.ee\/lv\/veikals\/\"},{\"@type\":\"ListItem\",\"position\":3,\"name\":\"Mar\u0137ieris Winsor&#038;Newton Metallic komplekts\"}]},{\"@type\":\"WebSite\",\"@id\":\"https:\/\/hobstop.ee\/lv\/#website\",\"url\":\"https:\/\/hobstop.ee\/lv\/\",\"name\":\"Skizze\",\"description\":\"M\u0101kslas, hobiju un skolas preces\",\"publisher\":{\"@id\":\"https:\/\/hobstop.ee\/lv\/#organization\"},\"potentialAction\":[{\"@type\":\"SearchAction\",\"target\":{\"@type\":\"EntryPoint\",\"urlTemplate\":\"https:\/\/hobstop.ee\/lv\/?s={search_term_string}\"},\"query-input\":{\"@type\":\"PropertyValueSpecification\",\"valueRequired\":true,\"valueName\":\"search_term_string\"}}],\"inLanguage\":\"lv-LV\"},{\"@type\":\"Organization\",\"@id\":\"https:\/\/hobstop.ee\/lv\/#organization\",\"name\":\"Vunder AS\",\"url\":\"https:\/\/hobstop.ee\/lv\/\",\"logo\":{\"@type\":\"ImageObject\",\"inLanguage\":\"lv-LV\",\"@id\":\"https:\/\/hobstop.ee\/lv\/#\/schema\/logo\/image\/\",\"url\":\"https:\/\/hobstop.ee\/media\/vunder-logo.png\",\"contentUrl\":\"https:\/\/hobstop.ee\/media\/vunder-logo.png\",\"width\":127,\"height\":55,\"caption\":\"Vunder AS\"},\"image\":{\"@id\":\"https:\/\/hobstop.ee\/lv\/#\/schema\/logo\/image\/\"},\"sameAs\":[\"http:\/\/www.facebook.com\/VunderSkizze\"]}]}<\/script>\n<!-- \/ Yoast SEO plugin. -->","yoast_head_json":{"title":"Mar\u0137ieris Winsor&Newton Metallic komplekts &#8211; Skizze","robots":{"index":"noindex","follow":"follow","max-snippet":"max-snippet:-1","max-image-preview":"max-image-preview:large","max-video-preview":"max-video-preview:-1"},"og_locale":"lv_LV","og_type":"article","og_title":"Mar\u0137ieris Winsor&Newton Metallic komplekts &#8211; Skizze","og_description":"Div\u0113j\u0101du uzga\u013cu met\u0101liskie mar\u0137ieri ir ar vid\u0113ju platu un smalku uzgali, \u013caujot novilkt da\u017e\u0101da platuma l\u012bnijas. Tos var jaukt ar \u016bdeni, ar\u012b p\u0113c no\u017e\u016b\u0161anas. To tintes uz pigmentu b\u0101zes nesatur sk\u0101bi, ir notur\u012bgas pret gaismu ilgu laiku. Lieliski piem\u0113roti met\u0101liska efekta nodro\u0161in\u0101\u0161anai m\u0101kslas un citos rokdarbu projektos!","og_url":"https:\/\/hobstop.ee\/lv\/produkts\/markieris-winsornewton-metallic-komplekts\/","og_site_name":"Skizze","article_publisher":"http:\/\/www.facebook.com\/VunderSkizze","og_image":[{"width":1024,"height":768,"url":"https:\/\/hobstop.ee\/media\/4113.jpg","type":"image\/jpeg"}],"twitter_card":"summary_large_image","schema":{"@context":"https:\/\/schema.org","@graph":[{"@type":"WebPage","@id":"https:\/\/hobstop.ee\/lv\/produkts\/markieris-winsornewton-metallic-komplekts\/","url":"https:\/\/hobstop.ee\/lv\/produkts\/markieris-winsornewton-metallic-komplekts\/","name":"Mar\u0137ieris Winsor&Newton Metallic komplekts &#8211; Skizze","isPartOf":{"@id":"https:\/\/hobstop.ee\/lv\/#website"},"primaryImageOfPage":{"@id":"https:\/\/hobstop.ee\/lv\/produkts\/markieris-winsornewton-metallic-komplekts\/#primaryimage"},"image":{"@id":"https:\/\/hobstop.ee\/lv\/produkts\/markieris-winsornewton-metallic-komplekts\/#primaryimage"},"thumbnailUrl":"https:\/\/hobstop.ee\/media\/4113.jpg","datePublished":"2016-01-19T08:22:45+00:00","dateModified":"2016-01-19T08:22:45+00:00","breadcrumb":{"@id":"https:\/\/hobstop.ee\/lv\/produkts\/markieris-winsornewton-metallic-komplekts\/#breadcrumb"},"inLanguage":"lv-LV","potentialAction":[{"@type":"ReadAction","target":["https:\/\/hobstop.ee\/lv\/produkts\/markieris-winsornewton-metallic-komplekts\/"]}]},{"@type":"ImageObject","inLanguage":"lv-LV","@id":"https:\/\/hobstop.ee\/lv\/produkts\/markieris-winsornewton-metallic-komplekts\/#primaryimage","url":"https:\/\/hobstop.ee\/media\/4113.jpg","contentUrl":"https:\/\/hobstop.ee\/media\/4113.jpg","width":1024,"height":768},{"@type":"BreadcrumbList","@id":"https:\/\/hobstop.ee\/lv\/produkts\/markieris-winsornewton-metallic-komplekts\/#breadcrumb","itemListElement":[{"@type":"ListItem","position":1,"name":"Avaleht","item":"https:\/\/hobstop.ee\/lv\/"},{"@type":"ListItem","position":2,"name":"Veikals","item":"https:\/\/hobstop.ee\/lv\/veikals\/"},{"@type":"ListItem","position":3,"name":"Mar\u0137ieris Winsor&#038;Newton Metallic komplekts"}]},{"@type":"WebSite","@id":"https:\/\/hobstop.ee\/lv\/#website","url":"https:\/\/hobstop.ee\/lv\/","name":"Skizze","description":"M\u0101kslas, hobiju un skolas preces","publisher":{"@id":"https:\/\/hobstop.ee\/lv\/#organization"},"potentialAction":[{"@type":"SearchAction","target":{"@type":"EntryPoint","urlTemplate":"https:\/\/hobstop.ee\/lv\/?s={search_term_string}"},"query-input":{"@type":"PropertyValueSpecification","valueRequired":true,"valueName":"search_term_string"}}],"inLanguage":"lv-LV"},{"@type":"Organization","@id":"https:\/\/hobstop.ee\/lv\/#organization","name":"Vunder AS","url":"https:\/\/hobstop.ee\/lv\/","logo":{"@type":"ImageObject","inLanguage":"lv-LV","@id":"https:\/\/hobstop.ee\/lv\/#\/schema\/logo\/image\/","url":"https:\/\/hobstop.ee\/media\/vunder-logo.png","contentUrl":"https:\/\/hobstop.ee\/media\/vunder-logo.png","width":127,"height":55,"caption":"Vunder AS"},"image":{"@id":"https:\/\/hobstop.ee\/lv\/#\/schema\/logo\/image\/"},"sameAs":["http:\/\/www.facebook.com\/VunderSkizze"]}]}},"_links":{"self":[{"href":"https:\/\/hobstop.ee\/lv\/wp-json\/wp\/v2\/product\/246035","targetHints":{"allow":["GET"]}}],"collection":[{"href":"https:\/\/hobstop.ee\/lv\/wp-json\/wp\/v2\/product"}],"about":[{"href":"https:\/\/hobstop.ee\/lv\/wp-json\/wp\/v2\/types\/product"}],"replies":[{"embeddable":true,"href":"https:\/\/hobstop.ee\/lv\/wp-json\/wp\/v2\/comments?post=246035"}],"wp:featuredmedia":[{"embeddable":true,"href":"https:\/\/hobstop.ee\/lv\/wp-json\/wp\/v2\/media\/246371"}],"wp:attachment":[{"href":"https:\/\/hobstop.ee\/lv\/wp-json\/wp\/v2\/media?parent=246035"}],"wp:term":[{"taxonomy":"product_cat","embeddable":true,"href":"https:\/\/hobstop.ee\/lv\/wp-json\/wp\/v2\/product_cat?post=246035"},{"taxonomy":"product_tag","embeddable":true,"href":"https:\/\/hobstop.ee\/lv\/wp-json\/wp\/v2\/product_tag?post=246035"}],"curies":[{"name":"wp","href":"https:\/\/api.w.org\/{rel}","templated":true}]}}