{"id":24606,"date":"2014-11-08T16:05:03","date_gmt":"2014-11-08T14:05:03","guid":{"rendered":"https:\/\/sharks.ee\/vunder_2019.klient.veebimajutus.ee\/?post_type=product&p=24606"},"modified":"2014-11-08T16:05:03","modified_gmt":"2014-11-08T13:05:03","slug":"akvarelbloks-canson-montval","status":"publish","type":"product","link":"https:\/\/hobstop.ee\/lv\/produkts\/akvarelbloks-canson-montval\/","title":{"rendered":"Akvare\u013cbloks Canson Montval"},"content":{"rendered":"<p>Montval pap\u012bru izstr\u0101d\u0101ja skulptora Arist\u012bda Maijola br\u0101\u013ca d\u0113ls Gaspars Maijols un p\u0113c vi\u0146a l\u016bguma t\u0101 ra\u017eo\u0161ana 20. gadsimt\u0101 tika uzs\u0101kta Canson rupn\u012bc\u0101.  Kop\u0161 t\u0101 laika pap\u012brs ir ticis b\u016btiski uzlabots. Sk\u0101bes un jebk\u0101dus optiskus balin\u0101t\u0101jus nesaturo\u0161s, \u012bpa\u0161i ilgm\u016b\u017e\u012bgs un apstr\u0101d\u0101ts pret pel\u0113\u0161anu \u2013 \u0161is ir augst\u0101k\u0101s kvalit\u0101tes pap\u012brs, kas \u012bpa\u0161i piem\u0113rots, m\u0101coties str\u0101d\u0101t ar akvare\u013ckr\u0101s\u0101m. Tas ir \u013coti viegli lietojams un dod iesp\u0113ju izdar\u012bt labojumus (pap\u012bru var \u201emazg\u0101t\u201d ar otas pal\u012bdz\u012bbu).<br \/>\nIde\u0101li piem\u0113rots: akvare\u013cu tehnikai<br \/>\nPiem\u0113rots ar\u012b: gua\u0161as un akrila kr\u0101s\u0101m<\/p>\n","protected":false},"excerpt":{"rendered":"<p>Montval pap\u012bru izstr\u0101d\u0101ja skulptora Arist\u012bda Maijola br\u0101\u013ca d\u0113ls Gaspars Maijols un p\u0113c vi\u0146a l\u016bguma t\u0101 ra\u017eo\u0161ana 20. gadsimt\u0101 tika uzs\u0101kta Canson rupn\u012bc\u0101. Kop\u0161 t\u0101 laika pap\u012brs ir ticis b\u016btiski uzlabots. Sk\u0101bes un jebk\u0101dus optiskus balin\u0101t\u0101jus nesaturo\u0161s, \u012bpa\u0161i ilgm\u016b\u017e\u012bgs un apstr\u0101d\u0101ts pret pel\u0113\u0161anu \u2013 \u0161is ir augst\u0101k\u0101s kvalit\u0101tes pap\u012brs, kas \u012bpa\u0161i piem\u0113rots, m\u0101coties str\u0101d\u0101t ar akvare\u013ckr\u0101s\u0101m. Tas ir \u013coti viegli lietojams un dod iesp\u0113ju izdar\u012bt labojumus (pap\u012bru var \u201emazg\u0101t\u201d ar otas pal\u012bdz\u012bbu). Ide\u0101li piem\u0113rots: akvare\u013cu tehnikai Piem\u0113rots ar\u012b: gua\u0161as un akrila kr\u0101s\u0101m<\/p>\n","protected":false},"featured_media":355091,"comment_status":"closed","ping_status":"closed","template":"","meta":{"_acf_changed":false,"ep_exclude_from_search":false},"product_cat":[19018,18943,17921],"product_tag":[],"class_list":{"0":"post-24606","1":"product","2":"type-product","3":"status-publish","4":"has-post-thumbnail","6":"product_cat-akvarelpapirs-un-bloki-2","7":"product_cat-makslas-papirs-un-kartons-2","8":"product_cat-papira-izstradajumi","9":"pa_kma-6459","10":"pa_kma-6461","11":"pa_kma-6462","13":"first","14":"instock","15":"taxable","16":"shipping-taxable","17":"purchasable","18":"product-type-variable"},"acf":[],"yoast_head":"<!-- This site is optimized with the Yoast SEO plugin v24.1 - https:\/\/yoast.com\/wordpress\/plugins\/seo\/ -->\n<title>Akvare\u013cbloks Canson Montval &#8211; Skizze<\/title>\n<meta name=\"robots\" content=\"noindex, follow, max-snippet:-1, max-image-preview:large, max-video-preview:-1\" \/>\n<meta property=\"og:locale\" content=\"lv_LV\" \/>\n<meta property=\"og:type\" content=\"article\" \/>\n<meta property=\"og:title\" content=\"Akvare\u013cbloks Canson Montval &#8211; Skizze\" \/>\n<meta property=\"og:description\" content=\"Montval pap\u012bru izstr\u0101d\u0101ja skulptora Arist\u012bda Maijola br\u0101\u013ca d\u0113ls Gaspars Maijols un p\u0113c vi\u0146a l\u016bguma t\u0101 ra\u017eo\u0161ana 20. gadsimt\u0101 tika uzs\u0101kta Canson rupn\u012bc\u0101. Kop\u0161 t\u0101 laika pap\u012brs ir ticis b\u016btiski uzlabots. Sk\u0101bes un jebk\u0101dus optiskus balin\u0101t\u0101jus nesaturo\u0161s, \u012bpa\u0161i ilgm\u016b\u017e\u012bgs un apstr\u0101d\u0101ts pret pel\u0113\u0161anu \u2013 \u0161is ir augst\u0101k\u0101s kvalit\u0101tes pap\u012brs, kas \u012bpa\u0161i piem\u0113rots, m\u0101coties str\u0101d\u0101t ar akvare\u013ckr\u0101s\u0101m. Tas ir \u013coti viegli lietojams un dod iesp\u0113ju izdar\u012bt labojumus (pap\u012bru var \u201emazg\u0101t\u201d ar otas pal\u012bdz\u012bbu). Ide\u0101li piem\u0113rots: akvare\u013cu tehnikai Piem\u0113rots ar\u012b: gua\u0161as un akrila kr\u0101s\u0101m\" \/>\n<meta property=\"og:url\" content=\"https:\/\/hobstop.ee\/lv\/produkts\/akvarelbloks-canson-montval\/\" \/>\n<meta property=\"og:site_name\" content=\"Skizze\" \/>\n<meta property=\"article:publisher\" content=\"http:\/\/www.facebook.com\/VunderSkizze\" \/>\n<meta property=\"article:modified_time\" content=\"-0001-11-30T00:00:00+00:00\" \/>\n<meta property=\"og:image\" content=\"https:\/\/hobstop.ee\/media\/2645.jpg\" \/>\n\t<meta property=\"og:image:width\" content=\"1024\" \/>\n\t<meta property=\"og:image:height\" content=\"768\" \/>\n\t<meta property=\"og:image:type\" content=\"image\/jpeg\" \/>\n<meta name=\"twitter:card\" content=\"summary_large_image\" \/>\n<meta name=\"twitter:label1\" content=\"Est. reading time\" \/>\n\t<meta name=\"twitter:data1\" content=\"1 min\u016b\u0161u\" \/>\n<script type=\"application\/ld+json\" class=\"yoast-schema-graph\">{\"@context\":\"https:\/\/schema.org\",\"@graph\":[{\"@type\":\"WebPage\",\"@id\":\"https:\/\/hobstop.ee\/lv\/produkts\/akvarelbloks-canson-montval\/\",\"url\":\"https:\/\/hobstop.ee\/lv\/produkts\/akvarelbloks-canson-montval\/\",\"name\":\"Akvare\u013cbloks Canson Montval &#8211; Skizze\",\"isPartOf\":{\"@id\":\"https:\/\/hobstop.ee\/lv\/#website\"},\"primaryImageOfPage\":{\"@id\":\"https:\/\/hobstop.ee\/lv\/produkts\/akvarelbloks-canson-montval\/#primaryimage\"},\"image\":{\"@id\":\"https:\/\/hobstop.ee\/lv\/produkts\/akvarelbloks-canson-montval\/#primaryimage\"},\"thumbnailUrl\":\"https:\/\/hobstop.ee\/media\/2645.jpg\",\"datePublished\":\"2014-11-08T14:05:03+00:00\",\"dateModified\":\"-0001-11-30T00:00:00+00:00\",\"breadcrumb\":{\"@id\":\"https:\/\/hobstop.ee\/lv\/produkts\/akvarelbloks-canson-montval\/#breadcrumb\"},\"inLanguage\":\"lv-LV\",\"potentialAction\":[{\"@type\":\"ReadAction\",\"target\":[\"https:\/\/hobstop.ee\/lv\/produkts\/akvarelbloks-canson-montval\/\"]}]},{\"@type\":\"ImageObject\",\"inLanguage\":\"lv-LV\",\"@id\":\"https:\/\/hobstop.ee\/lv\/produkts\/akvarelbloks-canson-montval\/#primaryimage\",\"url\":\"https:\/\/hobstop.ee\/media\/2645.jpg\",\"contentUrl\":\"https:\/\/hobstop.ee\/media\/2645.jpg\",\"width\":1024,\"height\":768},{\"@type\":\"BreadcrumbList\",\"@id\":\"https:\/\/hobstop.ee\/lv\/produkts\/akvarelbloks-canson-montval\/#breadcrumb\",\"itemListElement\":[{\"@type\":\"ListItem\",\"position\":1,\"name\":\"Avaleht\",\"item\":\"https:\/\/www.hobstop.ee\/lv\/\"},{\"@type\":\"ListItem\",\"position\":2,\"name\":\"Veikals\",\"item\":\"https:\/\/www.hobstop.ee\/lv\/veikals\/\"},{\"@type\":\"ListItem\",\"position\":3,\"name\":\"Akvare\u013cbloks Canson Montval\"}]},{\"@type\":\"WebSite\",\"@id\":\"https:\/\/hobstop.ee\/lv\/#website\",\"url\":\"https:\/\/hobstop.ee\/lv\/\",\"name\":\"Skizze\",\"description\":\"M\u0101kslas, hobiju un skolas preces\",\"publisher\":{\"@id\":\"https:\/\/hobstop.ee\/lv\/#organization\"},\"potentialAction\":[{\"@type\":\"SearchAction\",\"target\":{\"@type\":\"EntryPoint\",\"urlTemplate\":\"https:\/\/hobstop.ee\/lv\/?s={search_term_string}\"},\"query-input\":{\"@type\":\"PropertyValueSpecification\",\"valueRequired\":true,\"valueName\":\"search_term_string\"}}],\"inLanguage\":\"lv-LV\"},{\"@type\":\"Organization\",\"@id\":\"https:\/\/hobstop.ee\/lv\/#organization\",\"name\":\"Vunder AS\",\"url\":\"https:\/\/hobstop.ee\/lv\/\",\"logo\":{\"@type\":\"ImageObject\",\"inLanguage\":\"lv-LV\",\"@id\":\"https:\/\/hobstop.ee\/lv\/#\/schema\/logo\/image\/\",\"url\":\"https:\/\/hobstop.ee\/media\/vunder-logo.png\",\"contentUrl\":\"https:\/\/hobstop.ee\/media\/vunder-logo.png\",\"width\":127,\"height\":55,\"caption\":\"Vunder AS\"},\"image\":{\"@id\":\"https:\/\/hobstop.ee\/lv\/#\/schema\/logo\/image\/\"},\"sameAs\":[\"http:\/\/www.facebook.com\/VunderSkizze\"]}]}<\/script>\n<!-- \/ Yoast SEO plugin. -->","yoast_head_json":{"title":"Akvare\u013cbloks Canson Montval &#8211; Skizze","robots":{"index":"noindex","follow":"follow","max-snippet":"max-snippet:-1","max-image-preview":"max-image-preview:large","max-video-preview":"max-video-preview:-1"},"og_locale":"lv_LV","og_type":"article","og_title":"Akvare\u013cbloks Canson Montval &#8211; Skizze","og_description":"Montval pap\u012bru izstr\u0101d\u0101ja skulptora Arist\u012bda Maijola br\u0101\u013ca d\u0113ls Gaspars Maijols un p\u0113c vi\u0146a l\u016bguma t\u0101 ra\u017eo\u0161ana 20. gadsimt\u0101 tika uzs\u0101kta Canson rupn\u012bc\u0101. Kop\u0161 t\u0101 laika pap\u012brs ir ticis b\u016btiski uzlabots. Sk\u0101bes un jebk\u0101dus optiskus balin\u0101t\u0101jus nesaturo\u0161s, \u012bpa\u0161i ilgm\u016b\u017e\u012bgs un apstr\u0101d\u0101ts pret pel\u0113\u0161anu \u2013 \u0161is ir augst\u0101k\u0101s kvalit\u0101tes pap\u012brs, kas \u012bpa\u0161i piem\u0113rots, m\u0101coties str\u0101d\u0101t ar akvare\u013ckr\u0101s\u0101m. Tas ir \u013coti viegli lietojams un dod iesp\u0113ju izdar\u012bt labojumus (pap\u012bru var \u201emazg\u0101t\u201d ar otas pal\u012bdz\u012bbu). Ide\u0101li piem\u0113rots: akvare\u013cu tehnikai Piem\u0113rots ar\u012b: gua\u0161as un akrila kr\u0101s\u0101m","og_url":"https:\/\/hobstop.ee\/lv\/produkts\/akvarelbloks-canson-montval\/","og_site_name":"Skizze","article_publisher":"http:\/\/www.facebook.com\/VunderSkizze","article_modified_time":"-0001-11-30T00:00:00+00:00","og_image":[{"width":1024,"height":768,"url":"https:\/\/hobstop.ee\/media\/2645.jpg","type":"image\/jpeg"}],"twitter_card":"summary_large_image","twitter_misc":{"Est. reading time":"1 min\u016b\u0161u"},"schema":{"@context":"https:\/\/schema.org","@graph":[{"@type":"WebPage","@id":"https:\/\/hobstop.ee\/lv\/produkts\/akvarelbloks-canson-montval\/","url":"https:\/\/hobstop.ee\/lv\/produkts\/akvarelbloks-canson-montval\/","name":"Akvare\u013cbloks Canson Montval &#8211; Skizze","isPartOf":{"@id":"https:\/\/hobstop.ee\/lv\/#website"},"primaryImageOfPage":{"@id":"https:\/\/hobstop.ee\/lv\/produkts\/akvarelbloks-canson-montval\/#primaryimage"},"image":{"@id":"https:\/\/hobstop.ee\/lv\/produkts\/akvarelbloks-canson-montval\/#primaryimage"},"thumbnailUrl":"https:\/\/hobstop.ee\/media\/2645.jpg","datePublished":"2014-11-08T14:05:03+00:00","dateModified":"-0001-11-30T00:00:00+00:00","breadcrumb":{"@id":"https:\/\/hobstop.ee\/lv\/produkts\/akvarelbloks-canson-montval\/#breadcrumb"},"inLanguage":"lv-LV","potentialAction":[{"@type":"ReadAction","target":["https:\/\/hobstop.ee\/lv\/produkts\/akvarelbloks-canson-montval\/"]}]},{"@type":"ImageObject","inLanguage":"lv-LV","@id":"https:\/\/hobstop.ee\/lv\/produkts\/akvarelbloks-canson-montval\/#primaryimage","url":"https:\/\/hobstop.ee\/media\/2645.jpg","contentUrl":"https:\/\/hobstop.ee\/media\/2645.jpg","width":1024,"height":768},{"@type":"BreadcrumbList","@id":"https:\/\/hobstop.ee\/lv\/produkts\/akvarelbloks-canson-montval\/#breadcrumb","itemListElement":[{"@type":"ListItem","position":1,"name":"Avaleht","item":"https:\/\/www.hobstop.ee\/lv\/"},{"@type":"ListItem","position":2,"name":"Veikals","item":"https:\/\/www.hobstop.ee\/lv\/veikals\/"},{"@type":"ListItem","position":3,"name":"Akvare\u013cbloks Canson Montval"}]},{"@type":"WebSite","@id":"https:\/\/hobstop.ee\/lv\/#website","url":"https:\/\/hobstop.ee\/lv\/","name":"Skizze","description":"M\u0101kslas, hobiju un skolas preces","publisher":{"@id":"https:\/\/hobstop.ee\/lv\/#organization"},"potentialAction":[{"@type":"SearchAction","target":{"@type":"EntryPoint","urlTemplate":"https:\/\/hobstop.ee\/lv\/?s={search_term_string}"},"query-input":{"@type":"PropertyValueSpecification","valueRequired":true,"valueName":"search_term_string"}}],"inLanguage":"lv-LV"},{"@type":"Organization","@id":"https:\/\/hobstop.ee\/lv\/#organization","name":"Vunder AS","url":"https:\/\/hobstop.ee\/lv\/","logo":{"@type":"ImageObject","inLanguage":"lv-LV","@id":"https:\/\/hobstop.ee\/lv\/#\/schema\/logo\/image\/","url":"https:\/\/hobstop.ee\/media\/vunder-logo.png","contentUrl":"https:\/\/hobstop.ee\/media\/vunder-logo.png","width":127,"height":55,"caption":"Vunder AS"},"image":{"@id":"https:\/\/hobstop.ee\/lv\/#\/schema\/logo\/image\/"},"sameAs":["http:\/\/www.facebook.com\/VunderSkizze"]}]}},"_links":{"self":[{"href":"https:\/\/hobstop.ee\/lv\/wp-json\/wp\/v2\/product\/24606","targetHints":{"allow":["GET"]}}],"collection":[{"href":"https:\/\/hobstop.ee\/lv\/wp-json\/wp\/v2\/product"}],"about":[{"href":"https:\/\/hobstop.ee\/lv\/wp-json\/wp\/v2\/types\/product"}],"replies":[{"embeddable":true,"href":"https:\/\/hobstop.ee\/lv\/wp-json\/wp\/v2\/comments?post=24606"}],"wp:featuredmedia":[{"embeddable":true,"href":"https:\/\/hobstop.ee\/lv\/wp-json\/wp\/v2\/media\/355091"}],"wp:attachment":[{"href":"https:\/\/hobstop.ee\/lv\/wp-json\/wp\/v2\/media?parent=24606"}],"wp:term":[{"taxonomy":"product_cat","embeddable":true,"href":"https:\/\/hobstop.ee\/lv\/wp-json\/wp\/v2\/product_cat?post=24606"},{"taxonomy":"product_tag","embeddable":true,"href":"https:\/\/hobstop.ee\/lv\/wp-json\/wp\/v2\/product_tag?post=24606"}],"curies":[{"name":"wp","href":"https:\/\/api.w.org\/{rel}","templated":true}]}}