{"id":24786,"date":"2014-12-09T13:01:35","date_gmt":"2014-12-09T11:01:35","guid":{"rendered":"https:\/\/sharks.ee\/vunder_2019.klient.veebimajutus.ee\/?post_type=product&#038;p=24786"},"modified":"2020-11-16T09:03:06","modified_gmt":"2020-11-16T07:03:06","slug":"akrila-krasa-liquitex-heavy-body-59ml","status":"publish","type":"product","link":"https:\/\/hobstop.ee\/lv\/produkts\/akrila-krasa-liquitex-heavy-body-59ml\/","title":{"rendered":"Akrila kr\u0101sa Liquitex Heavy Body 59ml"},"content":{"rendered":"<p>Liquitex Heavy Body akrila kr\u0101sa ir profesion\u0101la akrila kr\u0101sa m\u0101ksliniekiem. Kr\u0101sai piem\u012bt augsts pigmenta daudzuma un t\u012br\u012bbas l\u012bmenis. Kr\u0101sai ir bieza konsistence, kas lieliski piem\u0113rota tehnik\u0101m, kur izmanto otas un na\u017eus. Na\u017eu un otu triepieni paliek kr\u0101s\u0101 redzami. Kr\u0101su ir vienk\u0101r\u0161i lietot, tai ir labas sajauk\u0161anas \u012bpa\u0161\u012bbas. \u017d\u016b\u0161anas laiks ir gar\u0101ks nek\u0101 parasti. Liel\u0101k\u0101 da\u013ca to\u0146u ir ar \u013coti labu gaismas notur\u012bbu, ilgstp\u0113j\u012bgi un iztur\u012bgi pret putek\u013ciem. Iz\u017euvusi kr\u0101sa ir \u016bdensdro\u0161a.<\/p>\n","protected":false},"excerpt":{"rendered":"<p>Liquitex Heavy Body akrila kr\u0101sa ir profesion\u0101la akrila kr\u0101sa m\u0101ksliniekiem. Kr\u0101sai piem\u012bt augsts pigmenta daudzuma un t\u012br\u012bbas l\u012bmenis. Kr\u0101sai ir bieza konsistence, kas lieliski piem\u0113rota tehnik\u0101m, kur izmanto otas un na\u017eus. Na\u017eu un otu triepieni paliek kr\u0101s\u0101 redzami. Kr\u0101su ir vienk\u0101r\u0161i lietot, tai ir labas sajauk\u0161anas \u012bpa\u0161\u012bbas. \u017d\u016b\u0161anas laiks ir gar\u0101ks nek\u0101 parasti. Liel\u0101k\u0101 da\u013ca to\u0146u ir ar \u013coti labu gaismas notur\u012bbu, ilgstp\u0113j\u012bgi un iztur\u012bgi pret putek\u013ciem. Iz\u017euvusi kr\u0101sa ir \u016bdensdro\u0161a.<\/p>\n","protected":false},"featured_media":105562,"comment_status":"closed","ping_status":"closed","template":"","meta":{"_acf_changed":false,"ep_exclude_from_search":false},"product_cat":[18994,17980,16123],"product_tag":[],"class_list":{"0":"post-24786","1":"product","2":"type-product","3":"status-publish","4":"has-post-thumbnail","6":"product_cat-akrila-krasas","7":"product_cat-krasas-un-gleznosanas-paligmateriali","8":"product_cat-makslas-piederumi-2","10":"first","11":"instock","12":"sale","13":"taxable","14":"shipping-taxable","15":"purchasable","16":"product-type-variable"},"acf":[],"yoast_head":"<!-- This site is optimized with the Yoast SEO plugin v24.1 - https:\/\/yoast.com\/wordpress\/plugins\/seo\/ -->\n<title>Akrila kr\u0101sa Liquitex Heavy Body 59ml &#8211; Skizze<\/title>\n<meta name=\"robots\" content=\"noindex, follow, max-snippet:-1, max-image-preview:large, max-video-preview:-1\" \/>\n<meta property=\"og:locale\" content=\"lv_LV\" \/>\n<meta property=\"og:type\" content=\"article\" \/>\n<meta property=\"og:title\" content=\"Akrila kr\u0101sa Liquitex Heavy Body 59ml &#8211; Skizze\" \/>\n<meta property=\"og:description\" content=\"Liquitex Heavy Body akrila kr\u0101sa ir profesion\u0101la akrila kr\u0101sa m\u0101ksliniekiem. Kr\u0101sai piem\u012bt augsts pigmenta daudzuma un t\u012br\u012bbas l\u012bmenis. Kr\u0101sai ir bieza konsistence, kas lieliski piem\u0113rota tehnik\u0101m, kur izmanto otas un na\u017eus. Na\u017eu un otu triepieni paliek kr\u0101s\u0101 redzami. Kr\u0101su ir vienk\u0101r\u0161i lietot, tai ir labas sajauk\u0161anas \u012bpa\u0161\u012bbas. \u017d\u016b\u0161anas laiks ir gar\u0101ks nek\u0101 parasti. Liel\u0101k\u0101 da\u013ca to\u0146u ir ar \u013coti labu gaismas notur\u012bbu, ilgstp\u0113j\u012bgi un iztur\u012bgi pret putek\u013ciem. Iz\u017euvusi kr\u0101sa ir \u016bdensdro\u0161a.\" \/>\n<meta property=\"og:url\" content=\"https:\/\/hobstop.ee\/lv\/produkts\/akrila-krasa-liquitex-heavy-body-59ml\/\" \/>\n<meta property=\"og:site_name\" content=\"Skizze\" \/>\n<meta property=\"article:publisher\" content=\"http:\/\/www.facebook.com\/VunderSkizze\" \/>\n<meta property=\"article:modified_time\" content=\"2020-11-16T07:03:06+00:00\" \/>\n<meta property=\"og:image\" content=\"https:\/\/hobstop.ee\/media\/2849.jpg\" \/>\n\t<meta property=\"og:image:width\" content=\"1024\" \/>\n\t<meta property=\"og:image:height\" content=\"768\" \/>\n\t<meta property=\"og:image:type\" content=\"image\/jpeg\" \/>\n<meta name=\"twitter:card\" content=\"summary_large_image\" \/>\n<meta name=\"twitter:label1\" content=\"Est. reading time\" \/>\n\t<meta name=\"twitter:data1\" content=\"1 min\u016b\u0161u\" \/>\n<script type=\"application\/ld+json\" class=\"yoast-schema-graph\">{\"@context\":\"https:\/\/schema.org\",\"@graph\":[{\"@type\":\"WebPage\",\"@id\":\"https:\/\/hobstop.ee\/lv\/produkts\/akrila-krasa-liquitex-heavy-body-59ml\/\",\"url\":\"https:\/\/hobstop.ee\/lv\/produkts\/akrila-krasa-liquitex-heavy-body-59ml\/\",\"name\":\"Akrila kr\u0101sa Liquitex Heavy Body 59ml &#8211; Skizze\",\"isPartOf\":{\"@id\":\"https:\/\/hobstop.ee\/lv\/#website\"},\"primaryImageOfPage\":{\"@id\":\"https:\/\/hobstop.ee\/lv\/produkts\/akrila-krasa-liquitex-heavy-body-59ml\/#primaryimage\"},\"image\":{\"@id\":\"https:\/\/hobstop.ee\/lv\/produkts\/akrila-krasa-liquitex-heavy-body-59ml\/#primaryimage\"},\"thumbnailUrl\":\"https:\/\/hobstop.ee\/media\/2849.jpg\",\"datePublished\":\"2014-12-09T11:01:35+00:00\",\"dateModified\":\"2020-11-16T07:03:06+00:00\",\"breadcrumb\":{\"@id\":\"https:\/\/hobstop.ee\/lv\/produkts\/akrila-krasa-liquitex-heavy-body-59ml\/#breadcrumb\"},\"inLanguage\":\"lv-LV\",\"potentialAction\":[{\"@type\":\"ReadAction\",\"target\":[\"https:\/\/hobstop.ee\/lv\/produkts\/akrila-krasa-liquitex-heavy-body-59ml\/\"]}]},{\"@type\":\"ImageObject\",\"inLanguage\":\"lv-LV\",\"@id\":\"https:\/\/hobstop.ee\/lv\/produkts\/akrila-krasa-liquitex-heavy-body-59ml\/#primaryimage\",\"url\":\"https:\/\/hobstop.ee\/media\/2849.jpg\",\"contentUrl\":\"https:\/\/hobstop.ee\/media\/2849.jpg\",\"width\":1024,\"height\":768},{\"@type\":\"BreadcrumbList\",\"@id\":\"https:\/\/hobstop.ee\/lv\/produkts\/akrila-krasa-liquitex-heavy-body-59ml\/#breadcrumb\",\"itemListElement\":[{\"@type\":\"ListItem\",\"position\":1,\"name\":\"Avaleht\",\"item\":\"https:\/\/hobstop.ee\/lv\/\"},{\"@type\":\"ListItem\",\"position\":2,\"name\":\"Veikals\",\"item\":\"https:\/\/hobstop.ee\/lv\/veikals\/\"},{\"@type\":\"ListItem\",\"position\":3,\"name\":\"Akrila kr\u0101sa Liquitex Heavy Body 59ml\"}]},{\"@type\":\"WebSite\",\"@id\":\"https:\/\/hobstop.ee\/lv\/#website\",\"url\":\"https:\/\/hobstop.ee\/lv\/\",\"name\":\"Skizze\",\"description\":\"M\u0101kslas, hobiju un skolas preces\",\"publisher\":{\"@id\":\"https:\/\/hobstop.ee\/lv\/#organization\"},\"potentialAction\":[{\"@type\":\"SearchAction\",\"target\":{\"@type\":\"EntryPoint\",\"urlTemplate\":\"https:\/\/hobstop.ee\/lv\/?s={search_term_string}\"},\"query-input\":{\"@type\":\"PropertyValueSpecification\",\"valueRequired\":true,\"valueName\":\"search_term_string\"}}],\"inLanguage\":\"lv-LV\"},{\"@type\":\"Organization\",\"@id\":\"https:\/\/hobstop.ee\/lv\/#organization\",\"name\":\"Vunder AS\",\"url\":\"https:\/\/hobstop.ee\/lv\/\",\"logo\":{\"@type\":\"ImageObject\",\"inLanguage\":\"lv-LV\",\"@id\":\"https:\/\/hobstop.ee\/lv\/#\/schema\/logo\/image\/\",\"url\":\"https:\/\/hobstop.ee\/media\/vunder-logo.png\",\"contentUrl\":\"https:\/\/hobstop.ee\/media\/vunder-logo.png\",\"width\":127,\"height\":55,\"caption\":\"Vunder AS\"},\"image\":{\"@id\":\"https:\/\/hobstop.ee\/lv\/#\/schema\/logo\/image\/\"},\"sameAs\":[\"http:\/\/www.facebook.com\/VunderSkizze\"]}]}<\/script>\n<!-- \/ Yoast SEO plugin. -->","yoast_head_json":{"title":"Akrila kr\u0101sa Liquitex Heavy Body 59ml &#8211; Skizze","robots":{"index":"noindex","follow":"follow","max-snippet":"max-snippet:-1","max-image-preview":"max-image-preview:large","max-video-preview":"max-video-preview:-1"},"og_locale":"lv_LV","og_type":"article","og_title":"Akrila kr\u0101sa Liquitex Heavy Body 59ml &#8211; Skizze","og_description":"Liquitex Heavy Body akrila kr\u0101sa ir profesion\u0101la akrila kr\u0101sa m\u0101ksliniekiem. Kr\u0101sai piem\u012bt augsts pigmenta daudzuma un t\u012br\u012bbas l\u012bmenis. Kr\u0101sai ir bieza konsistence, kas lieliski piem\u0113rota tehnik\u0101m, kur izmanto otas un na\u017eus. Na\u017eu un otu triepieni paliek kr\u0101s\u0101 redzami. Kr\u0101su ir vienk\u0101r\u0161i lietot, tai ir labas sajauk\u0161anas \u012bpa\u0161\u012bbas. \u017d\u016b\u0161anas laiks ir gar\u0101ks nek\u0101 parasti. Liel\u0101k\u0101 da\u013ca to\u0146u ir ar \u013coti labu gaismas notur\u012bbu, ilgstp\u0113j\u012bgi un iztur\u012bgi pret putek\u013ciem. Iz\u017euvusi kr\u0101sa ir \u016bdensdro\u0161a.","og_url":"https:\/\/hobstop.ee\/lv\/produkts\/akrila-krasa-liquitex-heavy-body-59ml\/","og_site_name":"Skizze","article_publisher":"http:\/\/www.facebook.com\/VunderSkizze","article_modified_time":"2020-11-16T07:03:06+00:00","og_image":[{"width":1024,"height":768,"url":"https:\/\/hobstop.ee\/media\/2849.jpg","type":"image\/jpeg"}],"twitter_card":"summary_large_image","twitter_misc":{"Est. reading time":"1 min\u016b\u0161u"},"schema":{"@context":"https:\/\/schema.org","@graph":[{"@type":"WebPage","@id":"https:\/\/hobstop.ee\/lv\/produkts\/akrila-krasa-liquitex-heavy-body-59ml\/","url":"https:\/\/hobstop.ee\/lv\/produkts\/akrila-krasa-liquitex-heavy-body-59ml\/","name":"Akrila kr\u0101sa Liquitex Heavy Body 59ml &#8211; Skizze","isPartOf":{"@id":"https:\/\/hobstop.ee\/lv\/#website"},"primaryImageOfPage":{"@id":"https:\/\/hobstop.ee\/lv\/produkts\/akrila-krasa-liquitex-heavy-body-59ml\/#primaryimage"},"image":{"@id":"https:\/\/hobstop.ee\/lv\/produkts\/akrila-krasa-liquitex-heavy-body-59ml\/#primaryimage"},"thumbnailUrl":"https:\/\/hobstop.ee\/media\/2849.jpg","datePublished":"2014-12-09T11:01:35+00:00","dateModified":"2020-11-16T07:03:06+00:00","breadcrumb":{"@id":"https:\/\/hobstop.ee\/lv\/produkts\/akrila-krasa-liquitex-heavy-body-59ml\/#breadcrumb"},"inLanguage":"lv-LV","potentialAction":[{"@type":"ReadAction","target":["https:\/\/hobstop.ee\/lv\/produkts\/akrila-krasa-liquitex-heavy-body-59ml\/"]}]},{"@type":"ImageObject","inLanguage":"lv-LV","@id":"https:\/\/hobstop.ee\/lv\/produkts\/akrila-krasa-liquitex-heavy-body-59ml\/#primaryimage","url":"https:\/\/hobstop.ee\/media\/2849.jpg","contentUrl":"https:\/\/hobstop.ee\/media\/2849.jpg","width":1024,"height":768},{"@type":"BreadcrumbList","@id":"https:\/\/hobstop.ee\/lv\/produkts\/akrila-krasa-liquitex-heavy-body-59ml\/#breadcrumb","itemListElement":[{"@type":"ListItem","position":1,"name":"Avaleht","item":"https:\/\/hobstop.ee\/lv\/"},{"@type":"ListItem","position":2,"name":"Veikals","item":"https:\/\/hobstop.ee\/lv\/veikals\/"},{"@type":"ListItem","position":3,"name":"Akrila kr\u0101sa Liquitex Heavy Body 59ml"}]},{"@type":"WebSite","@id":"https:\/\/hobstop.ee\/lv\/#website","url":"https:\/\/hobstop.ee\/lv\/","name":"Skizze","description":"M\u0101kslas, hobiju un skolas preces","publisher":{"@id":"https:\/\/hobstop.ee\/lv\/#organization"},"potentialAction":[{"@type":"SearchAction","target":{"@type":"EntryPoint","urlTemplate":"https:\/\/hobstop.ee\/lv\/?s={search_term_string}"},"query-input":{"@type":"PropertyValueSpecification","valueRequired":true,"valueName":"search_term_string"}}],"inLanguage":"lv-LV"},{"@type":"Organization","@id":"https:\/\/hobstop.ee\/lv\/#organization","name":"Vunder AS","url":"https:\/\/hobstop.ee\/lv\/","logo":{"@type":"ImageObject","inLanguage":"lv-LV","@id":"https:\/\/hobstop.ee\/lv\/#\/schema\/logo\/image\/","url":"https:\/\/hobstop.ee\/media\/vunder-logo.png","contentUrl":"https:\/\/hobstop.ee\/media\/vunder-logo.png","width":127,"height":55,"caption":"Vunder AS"},"image":{"@id":"https:\/\/hobstop.ee\/lv\/#\/schema\/logo\/image\/"},"sameAs":["http:\/\/www.facebook.com\/VunderSkizze"]}]}},"_links":{"self":[{"href":"https:\/\/hobstop.ee\/lv\/wp-json\/wp\/v2\/product\/24786","targetHints":{"allow":["GET"]}}],"collection":[{"href":"https:\/\/hobstop.ee\/lv\/wp-json\/wp\/v2\/product"}],"about":[{"href":"https:\/\/hobstop.ee\/lv\/wp-json\/wp\/v2\/types\/product"}],"replies":[{"embeddable":true,"href":"https:\/\/hobstop.ee\/lv\/wp-json\/wp\/v2\/comments?post=24786"}],"wp:featuredmedia":[{"embeddable":true,"href":"https:\/\/hobstop.ee\/lv\/wp-json\/wp\/v2\/media\/105562"}],"wp:attachment":[{"href":"https:\/\/hobstop.ee\/lv\/wp-json\/wp\/v2\/media?parent=24786"}],"wp:term":[{"taxonomy":"product_cat","embeddable":true,"href":"https:\/\/hobstop.ee\/lv\/wp-json\/wp\/v2\/product_cat?post=24786"},{"taxonomy":"product_tag","embeddable":true,"href":"https:\/\/hobstop.ee\/lv\/wp-json\/wp\/v2\/product_tag?post=24786"}],"curies":[{"name":"wp","href":"https:\/\/api.w.org\/{rel}","templated":true}]}}