{"id":248166,"date":"2016-02-12T10:29:07","date_gmt":"2016-02-12T08:29:07","guid":{"rendered":"https:\/\/sharks.ee\/vunder_2019\/lv\/product\/zimesanas-bloks-winsornewton-marker\/"},"modified":"2016-02-12T10:29:07","modified_gmt":"2016-02-12T08:29:07","slug":"zimesanas-bloks-winsornewton-marker","status":"publish","type":"product","link":"https:\/\/hobstop.ee\/lv\/produkts\/zimesanas-bloks-winsornewton-marker\/","title":{"rendered":"Z\u012bm\u0113\u0161anas bloks Winsor&#038;Newton Marker"},"content":{"rendered":"<p>Z\u012bm\u0113\u0161anas blokam ir 50 \u012bp\u0101si apstr\u0101d\u0101ta pap\u012bra (svars 75g\/m2) loksnes. Rezult\u0101t\u0101 tiek nov\u0113rsta tintes izpl\u016b\u0161ana, nodro\u0161inot jebk\u0101du l\u012bniju precizit\u0101ti. Izmantojot Brushmarker vai Promarker, kr\u0101sas b\u016bs bag\u0101t\u012bgas un spilgtas un savienojum\u0101 ar kr\u0101su sajauc\u0113j var ieg\u016bt nebeidzamu to\u0146u kl\u0101stu.<\/p>\n","protected":false},"excerpt":{"rendered":"<p>Z\u012bm\u0113\u0161anas blokam ir 50 \u012bp\u0101si apstr\u0101d\u0101ta pap\u012bra (svars 75g\/m2) loksnes. Rezult\u0101t\u0101 tiek nov\u0113rsta tintes izpl\u016b\u0161ana, nodro\u0161inot jebk\u0101du l\u012bniju precizit\u0101ti. Izmantojot Brushmarker vai Promarker, kr\u0101sas b\u016bs bag\u0101t\u012bgas un spilgtas un savienojum\u0101 ar kr\u0101su sajauc\u0113j var ieg\u016bt nebeidzamu to\u0146u kl\u0101stu.<\/p>\n","protected":false},"featured_media":355059,"comment_status":"closed","ping_status":"closed","template":"","meta":{"_acf_changed":false,"ep_exclude_from_search":false},"product_cat":[18943,17921,19024],"product_tag":[],"class_list":{"0":"post-248166","1":"product","2":"type-product","3":"status-publish","4":"has-post-thumbnail","6":"product_cat-makslas-papirs-un-kartons-2","7":"product_cat-papira-izstradajumi","8":"product_cat-zimesanas-papirs-un-bloki-3","10":"first","11":"instock","12":"taxable","13":"shipping-taxable","14":"purchasable","15":"product-type-simple"},"acf":[],"yoast_head":"<!-- This site is optimized with the Yoast SEO plugin v24.1 - https:\/\/yoast.com\/wordpress\/plugins\/seo\/ -->\n<title>Z\u012bm\u0113\u0161anas bloks Winsor&amp;Newton Marker &#8211; Skizze<\/title>\n<meta name=\"robots\" content=\"noindex, follow, max-snippet:-1, max-image-preview:large, max-video-preview:-1\" \/>\n<meta property=\"og:locale\" content=\"lv_LV\" \/>\n<meta property=\"og:type\" content=\"article\" \/>\n<meta property=\"og:title\" content=\"Z\u012bm\u0113\u0161anas bloks Winsor&amp;Newton Marker &#8211; Skizze\" \/>\n<meta property=\"og:description\" content=\"Z\u012bm\u0113\u0161anas blokam ir 50 \u012bp\u0101si apstr\u0101d\u0101ta pap\u012bra (svars 75g\/m2) loksnes. Rezult\u0101t\u0101 tiek nov\u0113rsta tintes izpl\u016b\u0161ana, nodro\u0161inot jebk\u0101du l\u012bniju precizit\u0101ti. Izmantojot Brushmarker vai Promarker, kr\u0101sas b\u016bs bag\u0101t\u012bgas un spilgtas un savienojum\u0101 ar kr\u0101su sajauc\u0113j var ieg\u016bt nebeidzamu to\u0146u kl\u0101stu.\" \/>\n<meta property=\"og:url\" content=\"https:\/\/hobstop.ee\/lv\/produkts\/zimesanas-bloks-winsornewton-marker\/\" \/>\n<meta property=\"og:site_name\" content=\"Skizze\" \/>\n<meta property=\"article:publisher\" content=\"http:\/\/www.facebook.com\/VunderSkizze\" \/>\n<meta property=\"og:image\" content=\"https:\/\/hobstop.ee\/media\/4114.jpg\" \/>\n\t<meta property=\"og:image:width\" content=\"1024\" \/>\n\t<meta property=\"og:image:height\" content=\"768\" \/>\n\t<meta property=\"og:image:type\" content=\"image\/jpeg\" \/>\n<meta name=\"twitter:card\" content=\"summary_large_image\" \/>\n<script type=\"application\/ld+json\" class=\"yoast-schema-graph\">{\"@context\":\"https:\/\/schema.org\",\"@graph\":[{\"@type\":\"WebPage\",\"@id\":\"https:\/\/hobstop.ee\/lv\/produkts\/zimesanas-bloks-winsornewton-marker\/\",\"url\":\"https:\/\/hobstop.ee\/lv\/produkts\/zimesanas-bloks-winsornewton-marker\/\",\"name\":\"Z\u012bm\u0113\u0161anas bloks Winsor&Newton Marker &#8211; Skizze\",\"isPartOf\":{\"@id\":\"https:\/\/www.hobstop.ee\/lv\/#website\"},\"primaryImageOfPage\":{\"@id\":\"https:\/\/hobstop.ee\/lv\/produkts\/zimesanas-bloks-winsornewton-marker\/#primaryimage\"},\"image\":{\"@id\":\"https:\/\/hobstop.ee\/lv\/produkts\/zimesanas-bloks-winsornewton-marker\/#primaryimage\"},\"thumbnailUrl\":\"https:\/\/hobstop.ee\/media\/4114.jpg\",\"datePublished\":\"2016-02-12T08:29:07+00:00\",\"dateModified\":\"2016-02-12T08:29:07+00:00\",\"breadcrumb\":{\"@id\":\"https:\/\/hobstop.ee\/lv\/produkts\/zimesanas-bloks-winsornewton-marker\/#breadcrumb\"},\"inLanguage\":\"lv-LV\",\"potentialAction\":[{\"@type\":\"ReadAction\",\"target\":[\"https:\/\/hobstop.ee\/lv\/produkts\/zimesanas-bloks-winsornewton-marker\/\"]}]},{\"@type\":\"ImageObject\",\"inLanguage\":\"lv-LV\",\"@id\":\"https:\/\/hobstop.ee\/lv\/produkts\/zimesanas-bloks-winsornewton-marker\/#primaryimage\",\"url\":\"https:\/\/hobstop.ee\/media\/4114.jpg\",\"contentUrl\":\"https:\/\/hobstop.ee\/media\/4114.jpg\",\"width\":1024,\"height\":768},{\"@type\":\"BreadcrumbList\",\"@id\":\"https:\/\/hobstop.ee\/lv\/produkts\/zimesanas-bloks-winsornewton-marker\/#breadcrumb\",\"itemListElement\":[{\"@type\":\"ListItem\",\"position\":1,\"name\":\"Avaleht\",\"item\":\"https:\/\/www.hobstop.ee\/lv\/\"},{\"@type\":\"ListItem\",\"position\":2,\"name\":\"Veikals\",\"item\":\"https:\/\/www.hobstop.ee\/lv\/veikals\/\"},{\"@type\":\"ListItem\",\"position\":3,\"name\":\"Z\u012bm\u0113\u0161anas bloks Winsor&#038;Newton Marker\"}]},{\"@type\":\"WebSite\",\"@id\":\"https:\/\/www.hobstop.ee\/lv\/#website\",\"url\":\"https:\/\/www.hobstop.ee\/lv\/\",\"name\":\"Skizze\",\"description\":\"M\u0101kslas, hobiju un skolas preces\",\"publisher\":{\"@id\":\"https:\/\/www.hobstop.ee\/lv\/#organization\"},\"potentialAction\":[{\"@type\":\"SearchAction\",\"target\":{\"@type\":\"EntryPoint\",\"urlTemplate\":\"https:\/\/www.hobstop.ee\/lv\/?s={search_term_string}\"},\"query-input\":{\"@type\":\"PropertyValueSpecification\",\"valueRequired\":true,\"valueName\":\"search_term_string\"}}],\"inLanguage\":\"lv-LV\"},{\"@type\":\"Organization\",\"@id\":\"https:\/\/www.hobstop.ee\/lv\/#organization\",\"name\":\"Vunder AS\",\"url\":\"https:\/\/www.hobstop.ee\/lv\/\",\"logo\":{\"@type\":\"ImageObject\",\"inLanguage\":\"lv-LV\",\"@id\":\"https:\/\/www.hobstop.ee\/lv\/#\/schema\/logo\/image\/\",\"url\":\"https:\/\/hobstop.ee\/media\/vunder-logo.png\",\"contentUrl\":\"https:\/\/hobstop.ee\/media\/vunder-logo.png\",\"width\":127,\"height\":55,\"caption\":\"Vunder AS\"},\"image\":{\"@id\":\"https:\/\/www.hobstop.ee\/lv\/#\/schema\/logo\/image\/\"},\"sameAs\":[\"http:\/\/www.facebook.com\/VunderSkizze\"]}]}<\/script>\n<!-- \/ Yoast SEO plugin. -->","yoast_head_json":{"title":"Z\u012bm\u0113\u0161anas bloks Winsor&Newton Marker &#8211; Skizze","robots":{"index":"noindex","follow":"follow","max-snippet":"max-snippet:-1","max-image-preview":"max-image-preview:large","max-video-preview":"max-video-preview:-1"},"og_locale":"lv_LV","og_type":"article","og_title":"Z\u012bm\u0113\u0161anas bloks Winsor&Newton Marker &#8211; Skizze","og_description":"Z\u012bm\u0113\u0161anas blokam ir 50 \u012bp\u0101si apstr\u0101d\u0101ta pap\u012bra (svars 75g\/m2) loksnes. Rezult\u0101t\u0101 tiek nov\u0113rsta tintes izpl\u016b\u0161ana, nodro\u0161inot jebk\u0101du l\u012bniju precizit\u0101ti. Izmantojot Brushmarker vai Promarker, kr\u0101sas b\u016bs bag\u0101t\u012bgas un spilgtas un savienojum\u0101 ar kr\u0101su sajauc\u0113j var ieg\u016bt nebeidzamu to\u0146u kl\u0101stu.","og_url":"https:\/\/hobstop.ee\/lv\/produkts\/zimesanas-bloks-winsornewton-marker\/","og_site_name":"Skizze","article_publisher":"http:\/\/www.facebook.com\/VunderSkizze","og_image":[{"width":1024,"height":768,"url":"https:\/\/hobstop.ee\/media\/4114.jpg","type":"image\/jpeg"}],"twitter_card":"summary_large_image","schema":{"@context":"https:\/\/schema.org","@graph":[{"@type":"WebPage","@id":"https:\/\/hobstop.ee\/lv\/produkts\/zimesanas-bloks-winsornewton-marker\/","url":"https:\/\/hobstop.ee\/lv\/produkts\/zimesanas-bloks-winsornewton-marker\/","name":"Z\u012bm\u0113\u0161anas bloks Winsor&Newton Marker &#8211; Skizze","isPartOf":{"@id":"https:\/\/www.hobstop.ee\/lv\/#website"},"primaryImageOfPage":{"@id":"https:\/\/hobstop.ee\/lv\/produkts\/zimesanas-bloks-winsornewton-marker\/#primaryimage"},"image":{"@id":"https:\/\/hobstop.ee\/lv\/produkts\/zimesanas-bloks-winsornewton-marker\/#primaryimage"},"thumbnailUrl":"https:\/\/hobstop.ee\/media\/4114.jpg","datePublished":"2016-02-12T08:29:07+00:00","dateModified":"2016-02-12T08:29:07+00:00","breadcrumb":{"@id":"https:\/\/hobstop.ee\/lv\/produkts\/zimesanas-bloks-winsornewton-marker\/#breadcrumb"},"inLanguage":"lv-LV","potentialAction":[{"@type":"ReadAction","target":["https:\/\/hobstop.ee\/lv\/produkts\/zimesanas-bloks-winsornewton-marker\/"]}]},{"@type":"ImageObject","inLanguage":"lv-LV","@id":"https:\/\/hobstop.ee\/lv\/produkts\/zimesanas-bloks-winsornewton-marker\/#primaryimage","url":"https:\/\/hobstop.ee\/media\/4114.jpg","contentUrl":"https:\/\/hobstop.ee\/media\/4114.jpg","width":1024,"height":768},{"@type":"BreadcrumbList","@id":"https:\/\/hobstop.ee\/lv\/produkts\/zimesanas-bloks-winsornewton-marker\/#breadcrumb","itemListElement":[{"@type":"ListItem","position":1,"name":"Avaleht","item":"https:\/\/www.hobstop.ee\/lv\/"},{"@type":"ListItem","position":2,"name":"Veikals","item":"https:\/\/www.hobstop.ee\/lv\/veikals\/"},{"@type":"ListItem","position":3,"name":"Z\u012bm\u0113\u0161anas bloks Winsor&#038;Newton Marker"}]},{"@type":"WebSite","@id":"https:\/\/www.hobstop.ee\/lv\/#website","url":"https:\/\/www.hobstop.ee\/lv\/","name":"Skizze","description":"M\u0101kslas, hobiju un skolas preces","publisher":{"@id":"https:\/\/www.hobstop.ee\/lv\/#organization"},"potentialAction":[{"@type":"SearchAction","target":{"@type":"EntryPoint","urlTemplate":"https:\/\/www.hobstop.ee\/lv\/?s={search_term_string}"},"query-input":{"@type":"PropertyValueSpecification","valueRequired":true,"valueName":"search_term_string"}}],"inLanguage":"lv-LV"},{"@type":"Organization","@id":"https:\/\/www.hobstop.ee\/lv\/#organization","name":"Vunder AS","url":"https:\/\/www.hobstop.ee\/lv\/","logo":{"@type":"ImageObject","inLanguage":"lv-LV","@id":"https:\/\/www.hobstop.ee\/lv\/#\/schema\/logo\/image\/","url":"https:\/\/hobstop.ee\/media\/vunder-logo.png","contentUrl":"https:\/\/hobstop.ee\/media\/vunder-logo.png","width":127,"height":55,"caption":"Vunder AS"},"image":{"@id":"https:\/\/www.hobstop.ee\/lv\/#\/schema\/logo\/image\/"},"sameAs":["http:\/\/www.facebook.com\/VunderSkizze"]}]}},"_links":{"self":[{"href":"https:\/\/hobstop.ee\/lv\/wp-json\/wp\/v2\/product\/248166","targetHints":{"allow":["GET"]}}],"collection":[{"href":"https:\/\/hobstop.ee\/lv\/wp-json\/wp\/v2\/product"}],"about":[{"href":"https:\/\/hobstop.ee\/lv\/wp-json\/wp\/v2\/types\/product"}],"replies":[{"embeddable":true,"href":"https:\/\/hobstop.ee\/lv\/wp-json\/wp\/v2\/comments?post=248166"}],"wp:featuredmedia":[{"embeddable":true,"href":"https:\/\/hobstop.ee\/lv\/wp-json\/wp\/v2\/media\/355059"}],"wp:attachment":[{"href":"https:\/\/hobstop.ee\/lv\/wp-json\/wp\/v2\/media?parent=248166"}],"wp:term":[{"taxonomy":"product_cat","embeddable":true,"href":"https:\/\/hobstop.ee\/lv\/wp-json\/wp\/v2\/product_cat?post=248166"},{"taxonomy":"product_tag","embeddable":true,"href":"https:\/\/hobstop.ee\/lv\/wp-json\/wp\/v2\/product_tag?post=248166"}],"curies":[{"name":"wp","href":"https:\/\/api.w.org\/{rel}","templated":true}]}}