{"id":248358,"date":"2016-02-15T15:35:03","date_gmt":"2016-02-15T13:35:03","guid":{"rendered":"https:\/\/sharks.ee\/vunder_2019\/lv\/product\/cieta-vaska-ella-liberon-2-5l\/"},"modified":"2016-02-15T15:35:03","modified_gmt":"2016-02-15T13:35:03","slug":"cieta-vaska-ella-liberon-2-5l","status":"publish","type":"product","link":"https:\/\/hobstop.ee\/lv\/produkts\/cieta-vaska-ella-liberon-2-5l\/","title":{"rendered":"Ciet\u0101 vaska e\u013c\u013ca Liberon 2.5L"},"content":{"rendered":"<p>Apvienojot e\u013c\u013cas un vaska lab\u0101k\u0101s \u012bpa\u0161\u012bbas, sp\u0113c\u012bgs e\u013c\u013cas vasks dom\u0101ts iek\u0161telp\u0101s eso\u0161u koka virsmu apdarei. Piem\u0113rots gan neapstr\u0101d\u0101t\u0101m, gan iepriek\u0161 ar e\u013c\u013cu vai e\u013c\u013cas vasku apstr\u0101d\u0101t\u0101m virsm\u0101m. E\u013c\u013cas vasks nodro\u0161ina koka virsmas dabisku \u201celpo\u0161anu\u201d un notur\u012bgu, vienm\u0113r\u012bgu un dabisku toni. Apstr\u0101d\u0101tas virsmas k\u013c\u016bst iztur\u012bgas pret \u016bdeni un net\u012brumiem. Var izmantot ar\u012b mitr\u0101ku telpu m\u0113be\u013cu un darba virsmu aizsardz\u012bbai, k\u0101 ar\u012b iek\u0161telpu gr\u012bdu, sienu un griestu apstr\u0101dei.<br \/>\nP\u0101rkl\u0101jums: 30m\u00b2\/L<br \/>\nNo\u017e\u016b\u0161anas laiks: 8-10h<br \/>\nDarba r\u012bki: plata ota vai lako\u0161anas rullis<br \/>\nDarba r\u012bku t\u012br\u012b\u0161ana: lakbenz\u012bns<\/p>\n","protected":false},"excerpt":{"rendered":"<p>Apvienojot e\u013c\u013cas un vaska lab\u0101k\u0101s \u012bpa\u0161\u012bbas, sp\u0113c\u012bgs e\u013c\u013cas vasks dom\u0101ts iek\u0161telp\u0101s eso\u0161u koka virsmu apdarei. Piem\u0113rots gan neapstr\u0101d\u0101t\u0101m, gan iepriek\u0161 ar e\u013c\u013cu vai e\u013c\u013cas vasku apstr\u0101d\u0101t\u0101m virsm\u0101m. E\u013c\u013cas vasks nodro\u0161ina koka virsmas dabisku \u201celpo\u0161anu\u201d un notur\u012bgu, vienm\u0113r\u012bgu un dabisku toni. Apstr\u0101d\u0101tas virsmas k\u013c\u016bst iztur\u012bgas pret \u016bdeni un net\u012brumiem. Var izmantot ar\u012b mitr\u0101ku telpu m\u0113be\u013cu un darba virsmu aizsardz\u012bbai, k\u0101 ar\u012b iek\u0161telpu gr\u012bdu, sienu un griestu apstr\u0101dei. P\u0101rkl\u0101jums: 30m\u00b2\/L No\u017e\u016b\u0161anas laiks: 8-10h Darba r\u012bki: plata ota vai lako\u0161anas rullis Darba r\u012bku t\u012br\u012b\u0161ana: lakbenz\u012bns<\/p>\n","protected":false},"featured_media":248782,"comment_status":"closed","ping_status":"closed","template":"","meta":{"_acf_changed":false,"ep_exclude_from_search":false},"product_cat":[18585,18563,14970],"product_tag":[],"class_list":{"0":"post-248358","1":"product","2":"type-product","3":"status-publish","4":"has-post-thumbnail","6":"product_cat-ellas","7":"product_cat-iekstelpu-apdare","8":"product_cat-restauracija-un-iekstelpu-apdare-2","10":"first","11":"instock","12":"taxable","13":"shipping-taxable","14":"product-type-simple"},"acf":[],"yoast_head":"<!-- This site is optimized with the Yoast SEO plugin v24.1 - https:\/\/yoast.com\/wordpress\/plugins\/seo\/ -->\n<title>Ciet\u0101 vaska e\u013c\u013ca Liberon 2.5L &#8211; Skizze<\/title>\n<meta name=\"robots\" content=\"noindex, follow, max-snippet:-1, max-image-preview:large, max-video-preview:-1\" \/>\n<meta property=\"og:locale\" content=\"lv_LV\" \/>\n<meta property=\"og:type\" content=\"article\" \/>\n<meta property=\"og:title\" content=\"Ciet\u0101 vaska e\u013c\u013ca Liberon 2.5L &#8211; Skizze\" \/>\n<meta property=\"og:description\" content=\"Apvienojot e\u013c\u013cas un vaska lab\u0101k\u0101s \u012bpa\u0161\u012bbas, sp\u0113c\u012bgs e\u013c\u013cas vasks dom\u0101ts iek\u0161telp\u0101s eso\u0161u koka virsmu apdarei. Piem\u0113rots gan neapstr\u0101d\u0101t\u0101m, gan iepriek\u0161 ar e\u013c\u013cu vai e\u013c\u013cas vasku apstr\u0101d\u0101t\u0101m virsm\u0101m. E\u013c\u013cas vasks nodro\u0161ina koka virsmas dabisku \u201celpo\u0161anu\u201d un notur\u012bgu, vienm\u0113r\u012bgu un dabisku toni. Apstr\u0101d\u0101tas virsmas k\u013c\u016bst iztur\u012bgas pret \u016bdeni un net\u012brumiem. Var izmantot ar\u012b mitr\u0101ku telpu m\u0113be\u013cu un darba virsmu aizsardz\u012bbai, k\u0101 ar\u012b iek\u0161telpu gr\u012bdu, sienu un griestu apstr\u0101dei. P\u0101rkl\u0101jums: 30m\u00b2\/L No\u017e\u016b\u0161anas laiks: 8-10h Darba r\u012bki: plata ota vai lako\u0161anas rullis Darba r\u012bku t\u012br\u012b\u0161ana: lakbenz\u012bns\" \/>\n<meta property=\"og:url\" content=\"https:\/\/hobstop.ee\/lv\/produkts\/cieta-vaska-ella-liberon-2-5l\/\" \/>\n<meta property=\"og:site_name\" content=\"Skizze\" \/>\n<meta property=\"article:publisher\" content=\"http:\/\/www.facebook.com\/VunderSkizze\" \/>\n<meta property=\"og:image\" content=\"https:\/\/hobstop.ee\/media\/4066.jpg\" \/>\n\t<meta property=\"og:image:width\" content=\"1024\" \/>\n\t<meta property=\"og:image:height\" content=\"768\" \/>\n\t<meta property=\"og:image:type\" content=\"image\/jpeg\" \/>\n<meta name=\"twitter:card\" content=\"summary_large_image\" \/>\n<meta name=\"twitter:label1\" content=\"Est. reading time\" \/>\n\t<meta name=\"twitter:data1\" content=\"1 min\u016b\u0161u\" \/>\n<script type=\"application\/ld+json\" class=\"yoast-schema-graph\">{\"@context\":\"https:\/\/schema.org\",\"@graph\":[{\"@type\":\"WebPage\",\"@id\":\"https:\/\/hobstop.ee\/lv\/produkts\/cieta-vaska-ella-liberon-2-5l\/\",\"url\":\"https:\/\/hobstop.ee\/lv\/produkts\/cieta-vaska-ella-liberon-2-5l\/\",\"name\":\"Ciet\u0101 vaska e\u013c\u013ca Liberon 2.5L &#8211; Skizze\",\"isPartOf\":{\"@id\":\"https:\/\/hobstop.ee\/lv\/#website\"},\"primaryImageOfPage\":{\"@id\":\"https:\/\/hobstop.ee\/lv\/produkts\/cieta-vaska-ella-liberon-2-5l\/#primaryimage\"},\"image\":{\"@id\":\"https:\/\/hobstop.ee\/lv\/produkts\/cieta-vaska-ella-liberon-2-5l\/#primaryimage\"},\"thumbnailUrl\":\"https:\/\/hobstop.ee\/media\/4066.jpg\",\"datePublished\":\"2016-02-15T13:35:03+00:00\",\"dateModified\":\"2016-02-15T13:35:03+00:00\",\"breadcrumb\":{\"@id\":\"https:\/\/hobstop.ee\/lv\/produkts\/cieta-vaska-ella-liberon-2-5l\/#breadcrumb\"},\"inLanguage\":\"lv-LV\",\"potentialAction\":[{\"@type\":\"ReadAction\",\"target\":[\"https:\/\/hobstop.ee\/lv\/produkts\/cieta-vaska-ella-liberon-2-5l\/\"]}]},{\"@type\":\"ImageObject\",\"inLanguage\":\"lv-LV\",\"@id\":\"https:\/\/hobstop.ee\/lv\/produkts\/cieta-vaska-ella-liberon-2-5l\/#primaryimage\",\"url\":\"https:\/\/hobstop.ee\/media\/4066.jpg\",\"contentUrl\":\"https:\/\/hobstop.ee\/media\/4066.jpg\",\"width\":1024,\"height\":768},{\"@type\":\"BreadcrumbList\",\"@id\":\"https:\/\/hobstop.ee\/lv\/produkts\/cieta-vaska-ella-liberon-2-5l\/#breadcrumb\",\"itemListElement\":[{\"@type\":\"ListItem\",\"position\":1,\"name\":\"Avaleht\",\"item\":\"https:\/\/hobstop.ee\/lv\/\"},{\"@type\":\"ListItem\",\"position\":2,\"name\":\"Veikals\",\"item\":\"https:\/\/hobstop.ee\/lv\/veikals\/\"},{\"@type\":\"ListItem\",\"position\":3,\"name\":\"Ciet\u0101 vaska e\u013c\u013ca Liberon 2.5L\"}]},{\"@type\":\"WebSite\",\"@id\":\"https:\/\/hobstop.ee\/lv\/#website\",\"url\":\"https:\/\/hobstop.ee\/lv\/\",\"name\":\"Skizze\",\"description\":\"M\u0101kslas, hobiju un skolas preces\",\"publisher\":{\"@id\":\"https:\/\/hobstop.ee\/lv\/#organization\"},\"potentialAction\":[{\"@type\":\"SearchAction\",\"target\":{\"@type\":\"EntryPoint\",\"urlTemplate\":\"https:\/\/hobstop.ee\/lv\/?s={search_term_string}\"},\"query-input\":{\"@type\":\"PropertyValueSpecification\",\"valueRequired\":true,\"valueName\":\"search_term_string\"}}],\"inLanguage\":\"lv-LV\"},{\"@type\":\"Organization\",\"@id\":\"https:\/\/hobstop.ee\/lv\/#organization\",\"name\":\"Vunder AS\",\"url\":\"https:\/\/hobstop.ee\/lv\/\",\"logo\":{\"@type\":\"ImageObject\",\"inLanguage\":\"lv-LV\",\"@id\":\"https:\/\/hobstop.ee\/lv\/#\/schema\/logo\/image\/\",\"url\":\"https:\/\/hobstop.ee\/media\/vunder-logo.png\",\"contentUrl\":\"https:\/\/hobstop.ee\/media\/vunder-logo.png\",\"width\":127,\"height\":55,\"caption\":\"Vunder AS\"},\"image\":{\"@id\":\"https:\/\/hobstop.ee\/lv\/#\/schema\/logo\/image\/\"},\"sameAs\":[\"http:\/\/www.facebook.com\/VunderSkizze\"]}]}<\/script>\n<!-- \/ Yoast SEO plugin. -->","yoast_head_json":{"title":"Ciet\u0101 vaska e\u013c\u013ca Liberon 2.5L &#8211; Skizze","robots":{"index":"noindex","follow":"follow","max-snippet":"max-snippet:-1","max-image-preview":"max-image-preview:large","max-video-preview":"max-video-preview:-1"},"og_locale":"lv_LV","og_type":"article","og_title":"Ciet\u0101 vaska e\u013c\u013ca Liberon 2.5L &#8211; Skizze","og_description":"Apvienojot e\u013c\u013cas un vaska lab\u0101k\u0101s \u012bpa\u0161\u012bbas, sp\u0113c\u012bgs e\u013c\u013cas vasks dom\u0101ts iek\u0161telp\u0101s eso\u0161u koka virsmu apdarei. Piem\u0113rots gan neapstr\u0101d\u0101t\u0101m, gan iepriek\u0161 ar e\u013c\u013cu vai e\u013c\u013cas vasku apstr\u0101d\u0101t\u0101m virsm\u0101m. E\u013c\u013cas vasks nodro\u0161ina koka virsmas dabisku \u201celpo\u0161anu\u201d un notur\u012bgu, vienm\u0113r\u012bgu un dabisku toni. Apstr\u0101d\u0101tas virsmas k\u013c\u016bst iztur\u012bgas pret \u016bdeni un net\u012brumiem. Var izmantot ar\u012b mitr\u0101ku telpu m\u0113be\u013cu un darba virsmu aizsardz\u012bbai, k\u0101 ar\u012b iek\u0161telpu gr\u012bdu, sienu un griestu apstr\u0101dei. P\u0101rkl\u0101jums: 30m\u00b2\/L No\u017e\u016b\u0161anas laiks: 8-10h Darba r\u012bki: plata ota vai lako\u0161anas rullis Darba r\u012bku t\u012br\u012b\u0161ana: lakbenz\u012bns","og_url":"https:\/\/hobstop.ee\/lv\/produkts\/cieta-vaska-ella-liberon-2-5l\/","og_site_name":"Skizze","article_publisher":"http:\/\/www.facebook.com\/VunderSkizze","og_image":[{"width":1024,"height":768,"url":"https:\/\/hobstop.ee\/media\/4066.jpg","type":"image\/jpeg"}],"twitter_card":"summary_large_image","twitter_misc":{"Est. reading time":"1 min\u016b\u0161u"},"schema":{"@context":"https:\/\/schema.org","@graph":[{"@type":"WebPage","@id":"https:\/\/hobstop.ee\/lv\/produkts\/cieta-vaska-ella-liberon-2-5l\/","url":"https:\/\/hobstop.ee\/lv\/produkts\/cieta-vaska-ella-liberon-2-5l\/","name":"Ciet\u0101 vaska e\u013c\u013ca Liberon 2.5L &#8211; Skizze","isPartOf":{"@id":"https:\/\/hobstop.ee\/lv\/#website"},"primaryImageOfPage":{"@id":"https:\/\/hobstop.ee\/lv\/produkts\/cieta-vaska-ella-liberon-2-5l\/#primaryimage"},"image":{"@id":"https:\/\/hobstop.ee\/lv\/produkts\/cieta-vaska-ella-liberon-2-5l\/#primaryimage"},"thumbnailUrl":"https:\/\/hobstop.ee\/media\/4066.jpg","datePublished":"2016-02-15T13:35:03+00:00","dateModified":"2016-02-15T13:35:03+00:00","breadcrumb":{"@id":"https:\/\/hobstop.ee\/lv\/produkts\/cieta-vaska-ella-liberon-2-5l\/#breadcrumb"},"inLanguage":"lv-LV","potentialAction":[{"@type":"ReadAction","target":["https:\/\/hobstop.ee\/lv\/produkts\/cieta-vaska-ella-liberon-2-5l\/"]}]},{"@type":"ImageObject","inLanguage":"lv-LV","@id":"https:\/\/hobstop.ee\/lv\/produkts\/cieta-vaska-ella-liberon-2-5l\/#primaryimage","url":"https:\/\/hobstop.ee\/media\/4066.jpg","contentUrl":"https:\/\/hobstop.ee\/media\/4066.jpg","width":1024,"height":768},{"@type":"BreadcrumbList","@id":"https:\/\/hobstop.ee\/lv\/produkts\/cieta-vaska-ella-liberon-2-5l\/#breadcrumb","itemListElement":[{"@type":"ListItem","position":1,"name":"Avaleht","item":"https:\/\/hobstop.ee\/lv\/"},{"@type":"ListItem","position":2,"name":"Veikals","item":"https:\/\/hobstop.ee\/lv\/veikals\/"},{"@type":"ListItem","position":3,"name":"Ciet\u0101 vaska e\u013c\u013ca Liberon 2.5L"}]},{"@type":"WebSite","@id":"https:\/\/hobstop.ee\/lv\/#website","url":"https:\/\/hobstop.ee\/lv\/","name":"Skizze","description":"M\u0101kslas, hobiju un skolas preces","publisher":{"@id":"https:\/\/hobstop.ee\/lv\/#organization"},"potentialAction":[{"@type":"SearchAction","target":{"@type":"EntryPoint","urlTemplate":"https:\/\/hobstop.ee\/lv\/?s={search_term_string}"},"query-input":{"@type":"PropertyValueSpecification","valueRequired":true,"valueName":"search_term_string"}}],"inLanguage":"lv-LV"},{"@type":"Organization","@id":"https:\/\/hobstop.ee\/lv\/#organization","name":"Vunder AS","url":"https:\/\/hobstop.ee\/lv\/","logo":{"@type":"ImageObject","inLanguage":"lv-LV","@id":"https:\/\/hobstop.ee\/lv\/#\/schema\/logo\/image\/","url":"https:\/\/hobstop.ee\/media\/vunder-logo.png","contentUrl":"https:\/\/hobstop.ee\/media\/vunder-logo.png","width":127,"height":55,"caption":"Vunder AS"},"image":{"@id":"https:\/\/hobstop.ee\/lv\/#\/schema\/logo\/image\/"},"sameAs":["http:\/\/www.facebook.com\/VunderSkizze"]}]}},"_links":{"self":[{"href":"https:\/\/hobstop.ee\/lv\/wp-json\/wp\/v2\/product\/248358","targetHints":{"allow":["GET"]}}],"collection":[{"href":"https:\/\/hobstop.ee\/lv\/wp-json\/wp\/v2\/product"}],"about":[{"href":"https:\/\/hobstop.ee\/lv\/wp-json\/wp\/v2\/types\/product"}],"replies":[{"embeddable":true,"href":"https:\/\/hobstop.ee\/lv\/wp-json\/wp\/v2\/comments?post=248358"}],"wp:featuredmedia":[{"embeddable":true,"href":"https:\/\/hobstop.ee\/lv\/wp-json\/wp\/v2\/media\/248782"}],"wp:attachment":[{"href":"https:\/\/hobstop.ee\/lv\/wp-json\/wp\/v2\/media?parent=248358"}],"wp:term":[{"taxonomy":"product_cat","embeddable":true,"href":"https:\/\/hobstop.ee\/lv\/wp-json\/wp\/v2\/product_cat?post=248358"},{"taxonomy":"product_tag","embeddable":true,"href":"https:\/\/hobstop.ee\/lv\/wp-json\/wp\/v2\/product_tag?post=248358"}],"curies":[{"name":"wp","href":"https:\/\/api.w.org\/{rel}","templated":true}]}}