{"id":248362,"date":"2016-02-15T15:35:04","date_gmt":"2016-02-15T13:35:04","guid":{"rendered":"https:\/\/sharks.ee\/vunder_2019\/lv\/product\/markieris-winsornewton-promarker\/"},"modified":"2016-02-15T15:35:04","modified_gmt":"2016-02-15T13:35:04","slug":"markieris-winsornewton-promarker","status":"publish","type":"product","link":"https:\/\/hobstop.ee\/lv\/produkts\/markieris-winsornewton-promarker\/","title":{"rendered":"Mar\u0137ieris Winsor&#038;Newton Promarker"},"content":{"rendered":"<p>Winsor&#038;Newton Promarker mar\u0137ieri nodro\u0161ina nevainojamu kr\u0101so\u0161anu un vienm\u0113r\u012bgu kl\u0101jumu. Mar\u0137iera l\u012bnija neizsm\u0113r\u0113jas. Promarker mar\u0137ieri ir ide\u0101li darba piederumi dizaineriem, ilustratoriem, komiksu veidot\u0101jiem, k\u0101 ar\u012b rokdarbiem. Augstas kvalit\u0101tes, uz alkohola b\u0101zes notur\u012bgas tintes mar\u0137ieri ar diviem serde\u0146iem: griezts plats un smalks apa\u013c\u0161. Tinte ir notur\u012bga un piem\u0113rota izmanto\u0161anai uz pap\u012bra, stikla, plastmasas, keramikas, koka un met\u0101la. Caursp\u012bd\u012bg\u0101s kr\u0101sas var kl\u0101t sl\u0101\u0146os vienu otrai virs\u016b un sajaukt, lai izveidotu da\u017e\u0101das nokr\u0101sas un to\u0146us. &#8220;Click-fit&#8221; kor\u0137is, to cie\u0161i nospie\u017eot ar klik\u0161\u0137i, pasarg\u0101 mar\u0137ieri no iz\u017e\u016b\u0161anas.<\/p>\n","protected":false},"excerpt":{"rendered":"<p>Winsor&#038;Newton Promarker mar\u0137ieri nodro\u0161ina nevainojamu kr\u0101so\u0161anu un vienm\u0113r\u012bgu kl\u0101jumu. Mar\u0137iera l\u012bnija neizsm\u0113r\u0113jas. Promarker mar\u0137ieri ir ide\u0101li darba piederumi dizaineriem, ilustratoriem, komiksu veidot\u0101jiem, k\u0101 ar\u012b rokdarbiem. Augstas kvalit\u0101tes, uz alkohola b\u0101zes notur\u012bgas tintes mar\u0137ieri ar diviem serde\u0146iem: griezts plats un smalks apa\u013c\u0161. Tinte ir notur\u012bga un piem\u0113rota izmanto\u0161anai uz pap\u012bra, stikla, plastmasas, keramikas, koka un met\u0101la. Caursp\u012bd\u012bg\u0101s kr\u0101sas var kl\u0101t sl\u0101\u0146os vienu otrai virs\u016b un sajaukt, lai izveidotu da\u017e\u0101das nokr\u0101sas un to\u0146us. &#8220;Click-fit&#8221; kor\u0137is, to cie\u0161i nospie\u017eot ar klik\u0161\u0137i, pasarg\u0101 mar\u0137ieri no iz\u017e\u016b\u0161anas.<\/p>\n","protected":false},"featured_media":354607,"comment_status":"closed","ping_status":"closed","template":"","meta":{"_acf_changed":false,"ep_exclude_from_search":false},"product_cat":[18140,16123,18931],"product_tag":[],"class_list":{"0":"post-248362","1":"product","2":"type-product","3":"status-publish","4":"has-post-thumbnail","6":"product_cat-flomasteri-un-markeri","7":"product_cat-makslas-piederumi-2","8":"product_cat-zimesanas-piederumi-3","10":"first","11":"instock","12":"taxable","13":"shipping-taxable","14":"purchasable","15":"product-type-variable"},"acf":[],"yoast_head":"<!-- This site is optimized with the Yoast SEO plugin v24.1 - https:\/\/yoast.com\/wordpress\/plugins\/seo\/ -->\n<title>Mar\u0137ieris Winsor&amp;Newton Promarker &#8211; Skizze<\/title>\n<meta name=\"robots\" content=\"noindex, follow, max-snippet:-1, max-image-preview:large, max-video-preview:-1\" \/>\n<meta property=\"og:locale\" content=\"lv_LV\" \/>\n<meta property=\"og:type\" content=\"article\" \/>\n<meta property=\"og:title\" content=\"Mar\u0137ieris Winsor&amp;Newton Promarker &#8211; Skizze\" \/>\n<meta property=\"og:description\" content=\"Winsor&#038;Newton Promarker mar\u0137ieri nodro\u0161ina nevainojamu kr\u0101so\u0161anu un vienm\u0113r\u012bgu kl\u0101jumu. Mar\u0137iera l\u012bnija neizsm\u0113r\u0113jas. Promarker mar\u0137ieri ir ide\u0101li darba piederumi dizaineriem, ilustratoriem, komiksu veidot\u0101jiem, k\u0101 ar\u012b rokdarbiem. Augstas kvalit\u0101tes, uz alkohola b\u0101zes notur\u012bgas tintes mar\u0137ieri ar diviem serde\u0146iem: griezts plats un smalks apa\u013c\u0161. Tinte ir notur\u012bga un piem\u0113rota izmanto\u0161anai uz pap\u012bra, stikla, plastmasas, keramikas, koka un met\u0101la. Caursp\u012bd\u012bg\u0101s kr\u0101sas var kl\u0101t sl\u0101\u0146os vienu otrai virs\u016b un sajaukt, lai izveidotu da\u017e\u0101das nokr\u0101sas un to\u0146us. &#8220;Click-fit&#8221; kor\u0137is, to cie\u0161i nospie\u017eot ar klik\u0161\u0137i, pasarg\u0101 mar\u0137ieri no iz\u017e\u016b\u0161anas.\" \/>\n<meta property=\"og:url\" content=\"https:\/\/hobstop.ee\/lv\/produkts\/markieris-winsornewton-promarker\/\" \/>\n<meta property=\"og:site_name\" content=\"Skizze\" \/>\n<meta property=\"article:publisher\" content=\"http:\/\/www.facebook.com\/VunderSkizze\" \/>\n<meta property=\"og:image\" content=\"https:\/\/hobstop.ee\/media\/4081.jpg\" \/>\n\t<meta property=\"og:image:width\" content=\"1024\" \/>\n\t<meta property=\"og:image:height\" content=\"768\" \/>\n\t<meta property=\"og:image:type\" content=\"image\/jpeg\" \/>\n<meta name=\"twitter:card\" content=\"summary_large_image\" \/>\n<meta name=\"twitter:label1\" content=\"Est. reading time\" \/>\n\t<meta name=\"twitter:data1\" content=\"1 min\u016b\u0161u\" \/>\n<script type=\"application\/ld+json\" class=\"yoast-schema-graph\">{\"@context\":\"https:\/\/schema.org\",\"@graph\":[{\"@type\":\"WebPage\",\"@id\":\"https:\/\/hobstop.ee\/lv\/produkts\/markieris-winsornewton-promarker\/\",\"url\":\"https:\/\/hobstop.ee\/lv\/produkts\/markieris-winsornewton-promarker\/\",\"name\":\"Mar\u0137ieris Winsor&Newton Promarker &#8211; Skizze\",\"isPartOf\":{\"@id\":\"https:\/\/hobstop.ee\/lv\/#website\"},\"primaryImageOfPage\":{\"@id\":\"https:\/\/hobstop.ee\/lv\/produkts\/markieris-winsornewton-promarker\/#primaryimage\"},\"image\":{\"@id\":\"https:\/\/hobstop.ee\/lv\/produkts\/markieris-winsornewton-promarker\/#primaryimage\"},\"thumbnailUrl\":\"https:\/\/hobstop.ee\/media\/4081.jpg\",\"datePublished\":\"2016-02-15T13:35:04+00:00\",\"dateModified\":\"2016-02-15T13:35:04+00:00\",\"breadcrumb\":{\"@id\":\"https:\/\/hobstop.ee\/lv\/produkts\/markieris-winsornewton-promarker\/#breadcrumb\"},\"inLanguage\":\"lv-LV\",\"potentialAction\":[{\"@type\":\"ReadAction\",\"target\":[\"https:\/\/hobstop.ee\/lv\/produkts\/markieris-winsornewton-promarker\/\"]}]},{\"@type\":\"ImageObject\",\"inLanguage\":\"lv-LV\",\"@id\":\"https:\/\/hobstop.ee\/lv\/produkts\/markieris-winsornewton-promarker\/#primaryimage\",\"url\":\"https:\/\/hobstop.ee\/media\/4081.jpg\",\"contentUrl\":\"https:\/\/hobstop.ee\/media\/4081.jpg\",\"width\":1024,\"height\":768},{\"@type\":\"BreadcrumbList\",\"@id\":\"https:\/\/hobstop.ee\/lv\/produkts\/markieris-winsornewton-promarker\/#breadcrumb\",\"itemListElement\":[{\"@type\":\"ListItem\",\"position\":1,\"name\":\"Avaleht\",\"item\":\"https:\/\/hobstop.ee\/lv\/\"},{\"@type\":\"ListItem\",\"position\":2,\"name\":\"Veikals\",\"item\":\"https:\/\/hobstop.ee\/lv\/veikals\/\"},{\"@type\":\"ListItem\",\"position\":3,\"name\":\"Mar\u0137ieris Winsor&#038;Newton Promarker\"}]},{\"@type\":\"WebSite\",\"@id\":\"https:\/\/hobstop.ee\/lv\/#website\",\"url\":\"https:\/\/hobstop.ee\/lv\/\",\"name\":\"Skizze\",\"description\":\"M\u0101kslas, hobiju un skolas preces\",\"publisher\":{\"@id\":\"https:\/\/hobstop.ee\/lv\/#organization\"},\"potentialAction\":[{\"@type\":\"SearchAction\",\"target\":{\"@type\":\"EntryPoint\",\"urlTemplate\":\"https:\/\/hobstop.ee\/lv\/?s={search_term_string}\"},\"query-input\":{\"@type\":\"PropertyValueSpecification\",\"valueRequired\":true,\"valueName\":\"search_term_string\"}}],\"inLanguage\":\"lv-LV\"},{\"@type\":\"Organization\",\"@id\":\"https:\/\/hobstop.ee\/lv\/#organization\",\"name\":\"Vunder AS\",\"url\":\"https:\/\/hobstop.ee\/lv\/\",\"logo\":{\"@type\":\"ImageObject\",\"inLanguage\":\"lv-LV\",\"@id\":\"https:\/\/hobstop.ee\/lv\/#\/schema\/logo\/image\/\",\"url\":\"https:\/\/hobstop.ee\/media\/vunder-logo.png\",\"contentUrl\":\"https:\/\/hobstop.ee\/media\/vunder-logo.png\",\"width\":127,\"height\":55,\"caption\":\"Vunder AS\"},\"image\":{\"@id\":\"https:\/\/hobstop.ee\/lv\/#\/schema\/logo\/image\/\"},\"sameAs\":[\"http:\/\/www.facebook.com\/VunderSkizze\"]}]}<\/script>\n<!-- \/ Yoast SEO plugin. -->","yoast_head_json":{"title":"Mar\u0137ieris Winsor&Newton Promarker &#8211; Skizze","robots":{"index":"noindex","follow":"follow","max-snippet":"max-snippet:-1","max-image-preview":"max-image-preview:large","max-video-preview":"max-video-preview:-1"},"og_locale":"lv_LV","og_type":"article","og_title":"Mar\u0137ieris Winsor&Newton Promarker &#8211; Skizze","og_description":"Winsor&#038;Newton Promarker mar\u0137ieri nodro\u0161ina nevainojamu kr\u0101so\u0161anu un vienm\u0113r\u012bgu kl\u0101jumu. Mar\u0137iera l\u012bnija neizsm\u0113r\u0113jas. Promarker mar\u0137ieri ir ide\u0101li darba piederumi dizaineriem, ilustratoriem, komiksu veidot\u0101jiem, k\u0101 ar\u012b rokdarbiem. Augstas kvalit\u0101tes, uz alkohola b\u0101zes notur\u012bgas tintes mar\u0137ieri ar diviem serde\u0146iem: griezts plats un smalks apa\u013c\u0161. Tinte ir notur\u012bga un piem\u0113rota izmanto\u0161anai uz pap\u012bra, stikla, plastmasas, keramikas, koka un met\u0101la. Caursp\u012bd\u012bg\u0101s kr\u0101sas var kl\u0101t sl\u0101\u0146os vienu otrai virs\u016b un sajaukt, lai izveidotu da\u017e\u0101das nokr\u0101sas un to\u0146us. &#8220;Click-fit&#8221; kor\u0137is, to cie\u0161i nospie\u017eot ar klik\u0161\u0137i, pasarg\u0101 mar\u0137ieri no iz\u017e\u016b\u0161anas.","og_url":"https:\/\/hobstop.ee\/lv\/produkts\/markieris-winsornewton-promarker\/","og_site_name":"Skizze","article_publisher":"http:\/\/www.facebook.com\/VunderSkizze","og_image":[{"width":1024,"height":768,"url":"https:\/\/hobstop.ee\/media\/4081.jpg","type":"image\/jpeg"}],"twitter_card":"summary_large_image","twitter_misc":{"Est. reading time":"1 min\u016b\u0161u"},"schema":{"@context":"https:\/\/schema.org","@graph":[{"@type":"WebPage","@id":"https:\/\/hobstop.ee\/lv\/produkts\/markieris-winsornewton-promarker\/","url":"https:\/\/hobstop.ee\/lv\/produkts\/markieris-winsornewton-promarker\/","name":"Mar\u0137ieris Winsor&Newton Promarker &#8211; Skizze","isPartOf":{"@id":"https:\/\/hobstop.ee\/lv\/#website"},"primaryImageOfPage":{"@id":"https:\/\/hobstop.ee\/lv\/produkts\/markieris-winsornewton-promarker\/#primaryimage"},"image":{"@id":"https:\/\/hobstop.ee\/lv\/produkts\/markieris-winsornewton-promarker\/#primaryimage"},"thumbnailUrl":"https:\/\/hobstop.ee\/media\/4081.jpg","datePublished":"2016-02-15T13:35:04+00:00","dateModified":"2016-02-15T13:35:04+00:00","breadcrumb":{"@id":"https:\/\/hobstop.ee\/lv\/produkts\/markieris-winsornewton-promarker\/#breadcrumb"},"inLanguage":"lv-LV","potentialAction":[{"@type":"ReadAction","target":["https:\/\/hobstop.ee\/lv\/produkts\/markieris-winsornewton-promarker\/"]}]},{"@type":"ImageObject","inLanguage":"lv-LV","@id":"https:\/\/hobstop.ee\/lv\/produkts\/markieris-winsornewton-promarker\/#primaryimage","url":"https:\/\/hobstop.ee\/media\/4081.jpg","contentUrl":"https:\/\/hobstop.ee\/media\/4081.jpg","width":1024,"height":768},{"@type":"BreadcrumbList","@id":"https:\/\/hobstop.ee\/lv\/produkts\/markieris-winsornewton-promarker\/#breadcrumb","itemListElement":[{"@type":"ListItem","position":1,"name":"Avaleht","item":"https:\/\/hobstop.ee\/lv\/"},{"@type":"ListItem","position":2,"name":"Veikals","item":"https:\/\/hobstop.ee\/lv\/veikals\/"},{"@type":"ListItem","position":3,"name":"Mar\u0137ieris Winsor&#038;Newton Promarker"}]},{"@type":"WebSite","@id":"https:\/\/hobstop.ee\/lv\/#website","url":"https:\/\/hobstop.ee\/lv\/","name":"Skizze","description":"M\u0101kslas, hobiju un skolas preces","publisher":{"@id":"https:\/\/hobstop.ee\/lv\/#organization"},"potentialAction":[{"@type":"SearchAction","target":{"@type":"EntryPoint","urlTemplate":"https:\/\/hobstop.ee\/lv\/?s={search_term_string}"},"query-input":{"@type":"PropertyValueSpecification","valueRequired":true,"valueName":"search_term_string"}}],"inLanguage":"lv-LV"},{"@type":"Organization","@id":"https:\/\/hobstop.ee\/lv\/#organization","name":"Vunder AS","url":"https:\/\/hobstop.ee\/lv\/","logo":{"@type":"ImageObject","inLanguage":"lv-LV","@id":"https:\/\/hobstop.ee\/lv\/#\/schema\/logo\/image\/","url":"https:\/\/hobstop.ee\/media\/vunder-logo.png","contentUrl":"https:\/\/hobstop.ee\/media\/vunder-logo.png","width":127,"height":55,"caption":"Vunder AS"},"image":{"@id":"https:\/\/hobstop.ee\/lv\/#\/schema\/logo\/image\/"},"sameAs":["http:\/\/www.facebook.com\/VunderSkizze"]}]}},"_links":{"self":[{"href":"https:\/\/hobstop.ee\/lv\/wp-json\/wp\/v2\/product\/248362","targetHints":{"allow":["GET"]}}],"collection":[{"href":"https:\/\/hobstop.ee\/lv\/wp-json\/wp\/v2\/product"}],"about":[{"href":"https:\/\/hobstop.ee\/lv\/wp-json\/wp\/v2\/types\/product"}],"replies":[{"embeddable":true,"href":"https:\/\/hobstop.ee\/lv\/wp-json\/wp\/v2\/comments?post=248362"}],"wp:featuredmedia":[{"embeddable":true,"href":"https:\/\/hobstop.ee\/lv\/wp-json\/wp\/v2\/media\/354607"}],"wp:attachment":[{"href":"https:\/\/hobstop.ee\/lv\/wp-json\/wp\/v2\/media?parent=248362"}],"wp:term":[{"taxonomy":"product_cat","embeddable":true,"href":"https:\/\/hobstop.ee\/lv\/wp-json\/wp\/v2\/product_cat?post=248362"},{"taxonomy":"product_tag","embeddable":true,"href":"https:\/\/hobstop.ee\/lv\/wp-json\/wp\/v2\/product_tag?post=248362"}],"curies":[{"name":"wp","href":"https:\/\/api.w.org\/{rel}","templated":true}]}}