{"id":24854,"date":"2014-12-09T13:02:11","date_gmt":"2014-12-09T11:02:11","guid":{"rendered":"https:\/\/sharks.ee\/vunder_2019.klient.veebimajutus.ee\/?post_type=product&#038;p=24854"},"modified":"2014-12-09T13:02:11","modified_gmt":"2014-12-09T11:02:11","slug":"ogles-zimulis-derwent-tinted-charcoal-metala-kaste","status":"publish","type":"product","link":"https:\/\/hobstop.ee\/lv\/produkts\/ogles-zimulis-derwent-tinted-charcoal-metala-kaste\/","title":{"rendered":"Ogles z\u012bmulis Derwent Tinted Charcoal met\u0101la kast\u0113"},"content":{"rendered":"<p>Tinted Charcoal z\u012bmulis apvieno bag\u0101t\u012bgas un izteiktas ogles \u012bpa\u0161\u012bbas ar smalku kr\u0101su piesk\u0101rienu. \u0160ie viegli izmantojamie z\u012bmu\u013ci apvieno dramatismu un smalkumu vien\u0101 darbar\u012bk\u0101. Tie pal\u012bdz\u0113s rad\u012bt da\u017e\u0101dus rado\u0161os efektus, s\u0101kot no bag\u0101t\u012bgiem un dzi\u013ciem to\u0146iem l\u012bdz pat caursp\u012bd\u012bgiem un it k\u0101 migl\u0101 t\u012btiem elementiem, pie\u0161\u0137irot t\u0113lainu noska\u0146u jebkuram ogles z\u012bm\u0113jumam.<br \/>\nApa\u013c\u0161 8mm korpuss, serdenis d=4mm<\/p>\n","protected":false},"excerpt":{"rendered":"<p>Tinted Charcoal z\u012bmulis apvieno bag\u0101t\u012bgas un izteiktas ogles \u012bpa\u0161\u012bbas ar smalku kr\u0101su piesk\u0101rienu. \u0160ie viegli izmantojamie z\u012bmu\u013ci apvieno dramatismu un smalkumu vien\u0101 darbar\u012bk\u0101. Tie pal\u012bdz\u0113s rad\u012bt da\u017e\u0101dus rado\u0161os efektus, s\u0101kot no bag\u0101t\u012bgiem un dzi\u013ciem to\u0146iem l\u012bdz pat caursp\u012bd\u012bgiem un it k\u0101 migl\u0101 t\u012btiem elementiem, pie\u0161\u0137irot t\u0113lainu noska\u0146u jebkuram ogles z\u012bm\u0113jumam. Apa\u013c\u0161 8mm korpuss, serdenis d=4mm<\/p>\n","protected":false},"featured_media":305849,"comment_status":"closed","ping_status":"closed","template":"","meta":{"_acf_changed":false,"ep_exclude_from_search":false},"product_cat":[16123,18327,18931],"product_tag":[],"class_list":{"0":"post-24854","1":"product","2":"type-product","3":"status-publish","4":"has-post-thumbnail","6":"product_cat-makslas-piederumi-2","7":"product_cat-ogle-un-ogles-zimuli","8":"product_cat-zimesanas-piederumi-3","10":"first","11":"outofstock","12":"taxable","13":"shipping-taxable","14":"purchasable","15":"product-type-variable"},"acf":[],"yoast_head":"<!-- This site is optimized with the Yoast SEO plugin v24.1 - https:\/\/yoast.com\/wordpress\/plugins\/seo\/ -->\n<title>Ogles z\u012bmulis Derwent Tinted Charcoal met\u0101la kast\u0113 &#8211; Skizze<\/title>\n<meta name=\"robots\" content=\"noindex, follow, max-snippet:-1, max-image-preview:large, max-video-preview:-1\" \/>\n<meta property=\"og:locale\" content=\"lv_LV\" \/>\n<meta property=\"og:type\" content=\"article\" \/>\n<meta property=\"og:title\" content=\"Ogles z\u012bmulis Derwent Tinted Charcoal met\u0101la kast\u0113 &#8211; Skizze\" \/>\n<meta property=\"og:description\" content=\"Tinted Charcoal z\u012bmulis apvieno bag\u0101t\u012bgas un izteiktas ogles \u012bpa\u0161\u012bbas ar smalku kr\u0101su piesk\u0101rienu. \u0160ie viegli izmantojamie z\u012bmu\u013ci apvieno dramatismu un smalkumu vien\u0101 darbar\u012bk\u0101. Tie pal\u012bdz\u0113s rad\u012bt da\u017e\u0101dus rado\u0161os efektus, s\u0101kot no bag\u0101t\u012bgiem un dzi\u013ciem to\u0146iem l\u012bdz pat caursp\u012bd\u012bgiem un it k\u0101 migl\u0101 t\u012btiem elementiem, pie\u0161\u0137irot t\u0113lainu noska\u0146u jebkuram ogles z\u012bm\u0113jumam. Apa\u013c\u0161 8mm korpuss, serdenis d=4mm\" \/>\n<meta property=\"og:url\" content=\"https:\/\/hobstop.ee\/lv\/produkts\/ogles-zimulis-derwent-tinted-charcoal-metala-kaste\/\" \/>\n<meta property=\"og:site_name\" content=\"Skizze\" \/>\n<meta property=\"article:publisher\" content=\"http:\/\/www.facebook.com\/VunderSkizze\" \/>\n<meta property=\"og:image\" content=\"https:\/\/hobstop.ee\/media\/2931.jpg\" \/>\n\t<meta property=\"og:image:width\" content=\"1024\" \/>\n\t<meta property=\"og:image:height\" content=\"768\" \/>\n\t<meta property=\"og:image:type\" content=\"image\/jpeg\" \/>\n<meta name=\"twitter:card\" content=\"summary_large_image\" \/>\n<script type=\"application\/ld+json\" class=\"yoast-schema-graph\">{\"@context\":\"https:\/\/schema.org\",\"@graph\":[{\"@type\":\"WebPage\",\"@id\":\"https:\/\/hobstop.ee\/lv\/produkts\/ogles-zimulis-derwent-tinted-charcoal-metala-kaste\/\",\"url\":\"https:\/\/hobstop.ee\/lv\/produkts\/ogles-zimulis-derwent-tinted-charcoal-metala-kaste\/\",\"name\":\"Ogles z\u012bmulis Derwent Tinted Charcoal met\u0101la kast\u0113 &#8211; Skizze\",\"isPartOf\":{\"@id\":\"https:\/\/hobstop.ee\/lv\/#website\"},\"primaryImageOfPage\":{\"@id\":\"https:\/\/hobstop.ee\/lv\/produkts\/ogles-zimulis-derwent-tinted-charcoal-metala-kaste\/#primaryimage\"},\"image\":{\"@id\":\"https:\/\/hobstop.ee\/lv\/produkts\/ogles-zimulis-derwent-tinted-charcoal-metala-kaste\/#primaryimage\"},\"thumbnailUrl\":\"https:\/\/hobstop.ee\/media\/2931.jpg\",\"datePublished\":\"2014-12-09T11:02:11+00:00\",\"dateModified\":\"2014-12-09T11:02:11+00:00\",\"breadcrumb\":{\"@id\":\"https:\/\/hobstop.ee\/lv\/produkts\/ogles-zimulis-derwent-tinted-charcoal-metala-kaste\/#breadcrumb\"},\"inLanguage\":\"lv-LV\",\"potentialAction\":[{\"@type\":\"ReadAction\",\"target\":[\"https:\/\/hobstop.ee\/lv\/produkts\/ogles-zimulis-derwent-tinted-charcoal-metala-kaste\/\"]}]},{\"@type\":\"ImageObject\",\"inLanguage\":\"lv-LV\",\"@id\":\"https:\/\/hobstop.ee\/lv\/produkts\/ogles-zimulis-derwent-tinted-charcoal-metala-kaste\/#primaryimage\",\"url\":\"https:\/\/hobstop.ee\/media\/2931.jpg\",\"contentUrl\":\"https:\/\/hobstop.ee\/media\/2931.jpg\",\"width\":1024,\"height\":768},{\"@type\":\"BreadcrumbList\",\"@id\":\"https:\/\/hobstop.ee\/lv\/produkts\/ogles-zimulis-derwent-tinted-charcoal-metala-kaste\/#breadcrumb\",\"itemListElement\":[{\"@type\":\"ListItem\",\"position\":1,\"name\":\"Avaleht\",\"item\":\"https:\/\/hobstop.ee\/lv\/\"},{\"@type\":\"ListItem\",\"position\":2,\"name\":\"Veikals\",\"item\":\"https:\/\/hobstop.ee\/lv\/veikals\/\"},{\"@type\":\"ListItem\",\"position\":3,\"name\":\"Ogles z\u012bmulis Derwent Tinted Charcoal met\u0101la kast\u0113\"}]},{\"@type\":\"WebSite\",\"@id\":\"https:\/\/hobstop.ee\/lv\/#website\",\"url\":\"https:\/\/hobstop.ee\/lv\/\",\"name\":\"Skizze\",\"description\":\"M\u0101kslas, hobiju un skolas preces\",\"publisher\":{\"@id\":\"https:\/\/hobstop.ee\/lv\/#organization\"},\"potentialAction\":[{\"@type\":\"SearchAction\",\"target\":{\"@type\":\"EntryPoint\",\"urlTemplate\":\"https:\/\/hobstop.ee\/lv\/?s={search_term_string}\"},\"query-input\":{\"@type\":\"PropertyValueSpecification\",\"valueRequired\":true,\"valueName\":\"search_term_string\"}}],\"inLanguage\":\"lv-LV\"},{\"@type\":\"Organization\",\"@id\":\"https:\/\/hobstop.ee\/lv\/#organization\",\"name\":\"Vunder AS\",\"url\":\"https:\/\/hobstop.ee\/lv\/\",\"logo\":{\"@type\":\"ImageObject\",\"inLanguage\":\"lv-LV\",\"@id\":\"https:\/\/hobstop.ee\/lv\/#\/schema\/logo\/image\/\",\"url\":\"https:\/\/hobstop.ee\/media\/vunder-logo.png\",\"contentUrl\":\"https:\/\/hobstop.ee\/media\/vunder-logo.png\",\"width\":127,\"height\":55,\"caption\":\"Vunder AS\"},\"image\":{\"@id\":\"https:\/\/hobstop.ee\/lv\/#\/schema\/logo\/image\/\"},\"sameAs\":[\"http:\/\/www.facebook.com\/VunderSkizze\"]}]}<\/script>\n<!-- \/ Yoast SEO plugin. -->","yoast_head_json":{"title":"Ogles z\u012bmulis Derwent Tinted Charcoal met\u0101la kast\u0113 &#8211; Skizze","robots":{"index":"noindex","follow":"follow","max-snippet":"max-snippet:-1","max-image-preview":"max-image-preview:large","max-video-preview":"max-video-preview:-1"},"og_locale":"lv_LV","og_type":"article","og_title":"Ogles z\u012bmulis Derwent Tinted Charcoal met\u0101la kast\u0113 &#8211; Skizze","og_description":"Tinted Charcoal z\u012bmulis apvieno bag\u0101t\u012bgas un izteiktas ogles \u012bpa\u0161\u012bbas ar smalku kr\u0101su piesk\u0101rienu. \u0160ie viegli izmantojamie z\u012bmu\u013ci apvieno dramatismu un smalkumu vien\u0101 darbar\u012bk\u0101. Tie pal\u012bdz\u0113s rad\u012bt da\u017e\u0101dus rado\u0161os efektus, s\u0101kot no bag\u0101t\u012bgiem un dzi\u013ciem to\u0146iem l\u012bdz pat caursp\u012bd\u012bgiem un it k\u0101 migl\u0101 t\u012btiem elementiem, pie\u0161\u0137irot t\u0113lainu noska\u0146u jebkuram ogles z\u012bm\u0113jumam. Apa\u013c\u0161 8mm korpuss, serdenis d=4mm","og_url":"https:\/\/hobstop.ee\/lv\/produkts\/ogles-zimulis-derwent-tinted-charcoal-metala-kaste\/","og_site_name":"Skizze","article_publisher":"http:\/\/www.facebook.com\/VunderSkizze","og_image":[{"width":1024,"height":768,"url":"https:\/\/hobstop.ee\/media\/2931.jpg","type":"image\/jpeg"}],"twitter_card":"summary_large_image","schema":{"@context":"https:\/\/schema.org","@graph":[{"@type":"WebPage","@id":"https:\/\/hobstop.ee\/lv\/produkts\/ogles-zimulis-derwent-tinted-charcoal-metala-kaste\/","url":"https:\/\/hobstop.ee\/lv\/produkts\/ogles-zimulis-derwent-tinted-charcoal-metala-kaste\/","name":"Ogles z\u012bmulis Derwent Tinted Charcoal met\u0101la kast\u0113 &#8211; Skizze","isPartOf":{"@id":"https:\/\/hobstop.ee\/lv\/#website"},"primaryImageOfPage":{"@id":"https:\/\/hobstop.ee\/lv\/produkts\/ogles-zimulis-derwent-tinted-charcoal-metala-kaste\/#primaryimage"},"image":{"@id":"https:\/\/hobstop.ee\/lv\/produkts\/ogles-zimulis-derwent-tinted-charcoal-metala-kaste\/#primaryimage"},"thumbnailUrl":"https:\/\/hobstop.ee\/media\/2931.jpg","datePublished":"2014-12-09T11:02:11+00:00","dateModified":"2014-12-09T11:02:11+00:00","breadcrumb":{"@id":"https:\/\/hobstop.ee\/lv\/produkts\/ogles-zimulis-derwent-tinted-charcoal-metala-kaste\/#breadcrumb"},"inLanguage":"lv-LV","potentialAction":[{"@type":"ReadAction","target":["https:\/\/hobstop.ee\/lv\/produkts\/ogles-zimulis-derwent-tinted-charcoal-metala-kaste\/"]}]},{"@type":"ImageObject","inLanguage":"lv-LV","@id":"https:\/\/hobstop.ee\/lv\/produkts\/ogles-zimulis-derwent-tinted-charcoal-metala-kaste\/#primaryimage","url":"https:\/\/hobstop.ee\/media\/2931.jpg","contentUrl":"https:\/\/hobstop.ee\/media\/2931.jpg","width":1024,"height":768},{"@type":"BreadcrumbList","@id":"https:\/\/hobstop.ee\/lv\/produkts\/ogles-zimulis-derwent-tinted-charcoal-metala-kaste\/#breadcrumb","itemListElement":[{"@type":"ListItem","position":1,"name":"Avaleht","item":"https:\/\/hobstop.ee\/lv\/"},{"@type":"ListItem","position":2,"name":"Veikals","item":"https:\/\/hobstop.ee\/lv\/veikals\/"},{"@type":"ListItem","position":3,"name":"Ogles z\u012bmulis Derwent Tinted Charcoal met\u0101la kast\u0113"}]},{"@type":"WebSite","@id":"https:\/\/hobstop.ee\/lv\/#website","url":"https:\/\/hobstop.ee\/lv\/","name":"Skizze","description":"M\u0101kslas, hobiju un skolas preces","publisher":{"@id":"https:\/\/hobstop.ee\/lv\/#organization"},"potentialAction":[{"@type":"SearchAction","target":{"@type":"EntryPoint","urlTemplate":"https:\/\/hobstop.ee\/lv\/?s={search_term_string}"},"query-input":{"@type":"PropertyValueSpecification","valueRequired":true,"valueName":"search_term_string"}}],"inLanguage":"lv-LV"},{"@type":"Organization","@id":"https:\/\/hobstop.ee\/lv\/#organization","name":"Vunder AS","url":"https:\/\/hobstop.ee\/lv\/","logo":{"@type":"ImageObject","inLanguage":"lv-LV","@id":"https:\/\/hobstop.ee\/lv\/#\/schema\/logo\/image\/","url":"https:\/\/hobstop.ee\/media\/vunder-logo.png","contentUrl":"https:\/\/hobstop.ee\/media\/vunder-logo.png","width":127,"height":55,"caption":"Vunder AS"},"image":{"@id":"https:\/\/hobstop.ee\/lv\/#\/schema\/logo\/image\/"},"sameAs":["http:\/\/www.facebook.com\/VunderSkizze"]}]}},"_links":{"self":[{"href":"https:\/\/hobstop.ee\/lv\/wp-json\/wp\/v2\/product\/24854","targetHints":{"allow":["GET"]}}],"collection":[{"href":"https:\/\/hobstop.ee\/lv\/wp-json\/wp\/v2\/product"}],"about":[{"href":"https:\/\/hobstop.ee\/lv\/wp-json\/wp\/v2\/types\/product"}],"replies":[{"embeddable":true,"href":"https:\/\/hobstop.ee\/lv\/wp-json\/wp\/v2\/comments?post=24854"}],"wp:featuredmedia":[{"embeddable":true,"href":"https:\/\/hobstop.ee\/lv\/wp-json\/wp\/v2\/media\/305849"}],"wp:attachment":[{"href":"https:\/\/hobstop.ee\/lv\/wp-json\/wp\/v2\/media?parent=24854"}],"wp:term":[{"taxonomy":"product_cat","embeddable":true,"href":"https:\/\/hobstop.ee\/lv\/wp-json\/wp\/v2\/product_cat?post=24854"},{"taxonomy":"product_tag","embeddable":true,"href":"https:\/\/hobstop.ee\/lv\/wp-json\/wp\/v2\/product_tag?post=24854"}],"curies":[{"name":"wp","href":"https:\/\/api.w.org\/{rel}","templated":true}]}}