{"id":24982,"date":"2014-12-09T13:02:42","date_gmt":"2014-12-09T11:02:42","guid":{"rendered":"https:\/\/sharks.ee\/vunder_2019.klient.veebimajutus.ee\/?post_type=product&#038;p=24982"},"modified":"2014-12-09T13:02:42","modified_gmt":"2014-12-09T11:02:42","slug":"spiedogs-marabu-4gab","status":"publish","type":"product","link":"https:\/\/hobstop.ee\/lv\/produkts\/spiedogs-marabu-4gab\/","title":{"rendered":"Spiedogs Marabu 4gab."},"content":{"rendered":"<p>Mini spiedogi var tikt izmantoti da\u017e\u0101du kr\u0101su uzkl\u0101\u0161anai un ir piem\u0113roti gandr\u012bz visu materi\u0101lu, piem\u0113ram, pap\u012bra, stikla, porcel\u0101na, tekstila, met\u0101la, koka un m\u0101la dekor\u0113\u0161anai.  Kvalitat\u012bvos spiedogus var izmantot akrila, tekstila un porcel\u0101na kr\u0101su uzkl\u0101\u0161anai.  Komplekt\u0101 ietilpst \u010detri spiedogi, kas izgatavoti no kvalitat\u012bv\u0101m s\u012bkporu put\u0101m.  P\u0113c lieto\u0161anas spiedogus var viegli nomazg\u0101t ar \u016bdeni un tie ir lietojami atk\u0101rtoti.  Mazie spiedogi ir ide\u0101li piem\u0113roti ar\u012b b\u0113rniem.<\/p>\n","protected":false},"excerpt":{"rendered":"<p>Mini spiedogi var tikt izmantoti da\u017e\u0101du kr\u0101su uzkl\u0101\u0161anai un ir piem\u0113roti gandr\u012bz visu materi\u0101lu, piem\u0113ram, pap\u012bra, stikla, porcel\u0101na, tekstila, met\u0101la, koka un m\u0101la dekor\u0113\u0161anai. Kvalitat\u012bvos spiedogus var izmantot akrila, tekstila un porcel\u0101na kr\u0101su uzkl\u0101\u0161anai. Komplekt\u0101 ietilpst \u010detri spiedogi, kas izgatavoti no kvalitat\u012bv\u0101m s\u012bkporu put\u0101m. P\u0113c lieto\u0161anas spiedogus var viegli nomazg\u0101t ar \u016bdeni un tie ir lietojami atk\u0101rtoti. Mazie spiedogi ir ide\u0101li piem\u0113roti ar\u012b b\u0113rniem.<\/p>\n","protected":false},"featured_media":105906,"comment_status":"closed","ping_status":"closed","template":"","meta":{"_acf_changed":false,"ep_exclude_from_search":false},"product_cat":[17954,17918,20021],"product_tag":[],"class_list":{"0":"post-24982","1":"product","2":"type-product","3":"status-publish","4":"has-post-thumbnail","6":"product_cat-decor-krasas","7":"product_cat-preces-hobijiem","8":"product_cat-sabloni-un-spiedogi","10":"first","11":"instock","12":"sale","13":"taxable","14":"shipping-taxable","15":"purchasable","16":"product-type-variable"},"acf":[],"yoast_head":"<!-- This site is optimized with the Yoast SEO plugin v24.1 - https:\/\/yoast.com\/wordpress\/plugins\/seo\/ -->\n<title>Spiedogs Marabu 4gab. &#8211; Skizze<\/title>\n<meta name=\"robots\" content=\"noindex, follow, max-snippet:-1, max-image-preview:large, max-video-preview:-1\" \/>\n<meta property=\"og:locale\" content=\"lv_LV\" \/>\n<meta property=\"og:type\" content=\"article\" \/>\n<meta property=\"og:title\" content=\"Spiedogs Marabu 4gab. &#8211; Skizze\" \/>\n<meta property=\"og:description\" content=\"Mini spiedogi var tikt izmantoti da\u017e\u0101du kr\u0101su uzkl\u0101\u0161anai un ir piem\u0113roti gandr\u012bz visu materi\u0101lu, piem\u0113ram, pap\u012bra, stikla, porcel\u0101na, tekstila, met\u0101la, koka un m\u0101la dekor\u0113\u0161anai. Kvalitat\u012bvos spiedogus var izmantot akrila, tekstila un porcel\u0101na kr\u0101su uzkl\u0101\u0161anai. Komplekt\u0101 ietilpst \u010detri spiedogi, kas izgatavoti no kvalitat\u012bv\u0101m s\u012bkporu put\u0101m. P\u0113c lieto\u0161anas spiedogus var viegli nomazg\u0101t ar \u016bdeni un tie ir lietojami atk\u0101rtoti. Mazie spiedogi ir ide\u0101li piem\u0113roti ar\u012b b\u0113rniem.\" \/>\n<meta property=\"og:url\" content=\"https:\/\/hobstop.ee\/lv\/produkts\/spiedogs-marabu-4gab\/\" \/>\n<meta property=\"og:site_name\" content=\"Skizze\" \/>\n<meta property=\"article:publisher\" content=\"http:\/\/www.facebook.com\/VunderSkizze\" \/>\n<meta property=\"og:image\" content=\"https:\/\/hobstop.ee\/media\/3059.jpg\" \/>\n\t<meta property=\"og:image:width\" content=\"1024\" \/>\n\t<meta property=\"og:image:height\" content=\"768\" \/>\n\t<meta property=\"og:image:type\" content=\"image\/jpeg\" \/>\n<meta name=\"twitter:card\" content=\"summary_large_image\" \/>\n<script type=\"application\/ld+json\" class=\"yoast-schema-graph\">{\"@context\":\"https:\/\/schema.org\",\"@graph\":[{\"@type\":\"WebPage\",\"@id\":\"https:\/\/hobstop.ee\/lv\/produkts\/spiedogs-marabu-4gab\/\",\"url\":\"https:\/\/hobstop.ee\/lv\/produkts\/spiedogs-marabu-4gab\/\",\"name\":\"Spiedogs Marabu 4gab. &#8211; Skizze\",\"isPartOf\":{\"@id\":\"https:\/\/www.hobstop.ee\/lv\/#website\"},\"primaryImageOfPage\":{\"@id\":\"https:\/\/hobstop.ee\/lv\/produkts\/spiedogs-marabu-4gab\/#primaryimage\"},\"image\":{\"@id\":\"https:\/\/hobstop.ee\/lv\/produkts\/spiedogs-marabu-4gab\/#primaryimage\"},\"thumbnailUrl\":\"https:\/\/hobstop.ee\/media\/3059.jpg\",\"datePublished\":\"2014-12-09T11:02:42+00:00\",\"dateModified\":\"2014-12-09T11:02:42+00:00\",\"breadcrumb\":{\"@id\":\"https:\/\/hobstop.ee\/lv\/produkts\/spiedogs-marabu-4gab\/#breadcrumb\"},\"inLanguage\":\"lv-LV\",\"potentialAction\":[{\"@type\":\"ReadAction\",\"target\":[\"https:\/\/hobstop.ee\/lv\/produkts\/spiedogs-marabu-4gab\/\"]}]},{\"@type\":\"ImageObject\",\"inLanguage\":\"lv-LV\",\"@id\":\"https:\/\/hobstop.ee\/lv\/produkts\/spiedogs-marabu-4gab\/#primaryimage\",\"url\":\"https:\/\/hobstop.ee\/media\/3059.jpg\",\"contentUrl\":\"https:\/\/hobstop.ee\/media\/3059.jpg\",\"width\":1024,\"height\":768},{\"@type\":\"BreadcrumbList\",\"@id\":\"https:\/\/hobstop.ee\/lv\/produkts\/spiedogs-marabu-4gab\/#breadcrumb\",\"itemListElement\":[{\"@type\":\"ListItem\",\"position\":1,\"name\":\"Avaleht\",\"item\":\"https:\/\/www.hobstop.ee\/lv\/\"},{\"@type\":\"ListItem\",\"position\":2,\"name\":\"Veikals\",\"item\":\"https:\/\/www.hobstop.ee\/lv\/veikals\/\"},{\"@type\":\"ListItem\",\"position\":3,\"name\":\"Spiedogs Marabu 4gab.\"}]},{\"@type\":\"WebSite\",\"@id\":\"https:\/\/www.hobstop.ee\/lv\/#website\",\"url\":\"https:\/\/www.hobstop.ee\/lv\/\",\"name\":\"Skizze\",\"description\":\"M\u0101kslas, hobiju un skolas preces\",\"publisher\":{\"@id\":\"https:\/\/www.hobstop.ee\/lv\/#organization\"},\"potentialAction\":[{\"@type\":\"SearchAction\",\"target\":{\"@type\":\"EntryPoint\",\"urlTemplate\":\"https:\/\/www.hobstop.ee\/lv\/?s={search_term_string}\"},\"query-input\":{\"@type\":\"PropertyValueSpecification\",\"valueRequired\":true,\"valueName\":\"search_term_string\"}}],\"inLanguage\":\"lv-LV\"},{\"@type\":\"Organization\",\"@id\":\"https:\/\/www.hobstop.ee\/lv\/#organization\",\"name\":\"Vunder AS\",\"url\":\"https:\/\/www.hobstop.ee\/lv\/\",\"logo\":{\"@type\":\"ImageObject\",\"inLanguage\":\"lv-LV\",\"@id\":\"https:\/\/www.hobstop.ee\/lv\/#\/schema\/logo\/image\/\",\"url\":\"https:\/\/hobstop.ee\/media\/vunder-logo.png\",\"contentUrl\":\"https:\/\/hobstop.ee\/media\/vunder-logo.png\",\"width\":127,\"height\":55,\"caption\":\"Vunder AS\"},\"image\":{\"@id\":\"https:\/\/www.hobstop.ee\/lv\/#\/schema\/logo\/image\/\"},\"sameAs\":[\"http:\/\/www.facebook.com\/VunderSkizze\"]}]}<\/script>\n<!-- \/ Yoast SEO plugin. -->","yoast_head_json":{"title":"Spiedogs Marabu 4gab. &#8211; Skizze","robots":{"index":"noindex","follow":"follow","max-snippet":"max-snippet:-1","max-image-preview":"max-image-preview:large","max-video-preview":"max-video-preview:-1"},"og_locale":"lv_LV","og_type":"article","og_title":"Spiedogs Marabu 4gab. &#8211; Skizze","og_description":"Mini spiedogi var tikt izmantoti da\u017e\u0101du kr\u0101su uzkl\u0101\u0161anai un ir piem\u0113roti gandr\u012bz visu materi\u0101lu, piem\u0113ram, pap\u012bra, stikla, porcel\u0101na, tekstila, met\u0101la, koka un m\u0101la dekor\u0113\u0161anai. Kvalitat\u012bvos spiedogus var izmantot akrila, tekstila un porcel\u0101na kr\u0101su uzkl\u0101\u0161anai. Komplekt\u0101 ietilpst \u010detri spiedogi, kas izgatavoti no kvalitat\u012bv\u0101m s\u012bkporu put\u0101m. P\u0113c lieto\u0161anas spiedogus var viegli nomazg\u0101t ar \u016bdeni un tie ir lietojami atk\u0101rtoti. Mazie spiedogi ir ide\u0101li piem\u0113roti ar\u012b b\u0113rniem.","og_url":"https:\/\/hobstop.ee\/lv\/produkts\/spiedogs-marabu-4gab\/","og_site_name":"Skizze","article_publisher":"http:\/\/www.facebook.com\/VunderSkizze","og_image":[{"width":1024,"height":768,"url":"https:\/\/hobstop.ee\/media\/3059.jpg","type":"image\/jpeg"}],"twitter_card":"summary_large_image","schema":{"@context":"https:\/\/schema.org","@graph":[{"@type":"WebPage","@id":"https:\/\/hobstop.ee\/lv\/produkts\/spiedogs-marabu-4gab\/","url":"https:\/\/hobstop.ee\/lv\/produkts\/spiedogs-marabu-4gab\/","name":"Spiedogs Marabu 4gab. &#8211; Skizze","isPartOf":{"@id":"https:\/\/www.hobstop.ee\/lv\/#website"},"primaryImageOfPage":{"@id":"https:\/\/hobstop.ee\/lv\/produkts\/spiedogs-marabu-4gab\/#primaryimage"},"image":{"@id":"https:\/\/hobstop.ee\/lv\/produkts\/spiedogs-marabu-4gab\/#primaryimage"},"thumbnailUrl":"https:\/\/hobstop.ee\/media\/3059.jpg","datePublished":"2014-12-09T11:02:42+00:00","dateModified":"2014-12-09T11:02:42+00:00","breadcrumb":{"@id":"https:\/\/hobstop.ee\/lv\/produkts\/spiedogs-marabu-4gab\/#breadcrumb"},"inLanguage":"lv-LV","potentialAction":[{"@type":"ReadAction","target":["https:\/\/hobstop.ee\/lv\/produkts\/spiedogs-marabu-4gab\/"]}]},{"@type":"ImageObject","inLanguage":"lv-LV","@id":"https:\/\/hobstop.ee\/lv\/produkts\/spiedogs-marabu-4gab\/#primaryimage","url":"https:\/\/hobstop.ee\/media\/3059.jpg","contentUrl":"https:\/\/hobstop.ee\/media\/3059.jpg","width":1024,"height":768},{"@type":"BreadcrumbList","@id":"https:\/\/hobstop.ee\/lv\/produkts\/spiedogs-marabu-4gab\/#breadcrumb","itemListElement":[{"@type":"ListItem","position":1,"name":"Avaleht","item":"https:\/\/www.hobstop.ee\/lv\/"},{"@type":"ListItem","position":2,"name":"Veikals","item":"https:\/\/www.hobstop.ee\/lv\/veikals\/"},{"@type":"ListItem","position":3,"name":"Spiedogs Marabu 4gab."}]},{"@type":"WebSite","@id":"https:\/\/www.hobstop.ee\/lv\/#website","url":"https:\/\/www.hobstop.ee\/lv\/","name":"Skizze","description":"M\u0101kslas, hobiju un skolas preces","publisher":{"@id":"https:\/\/www.hobstop.ee\/lv\/#organization"},"potentialAction":[{"@type":"SearchAction","target":{"@type":"EntryPoint","urlTemplate":"https:\/\/www.hobstop.ee\/lv\/?s={search_term_string}"},"query-input":{"@type":"PropertyValueSpecification","valueRequired":true,"valueName":"search_term_string"}}],"inLanguage":"lv-LV"},{"@type":"Organization","@id":"https:\/\/www.hobstop.ee\/lv\/#organization","name":"Vunder AS","url":"https:\/\/www.hobstop.ee\/lv\/","logo":{"@type":"ImageObject","inLanguage":"lv-LV","@id":"https:\/\/www.hobstop.ee\/lv\/#\/schema\/logo\/image\/","url":"https:\/\/hobstop.ee\/media\/vunder-logo.png","contentUrl":"https:\/\/hobstop.ee\/media\/vunder-logo.png","width":127,"height":55,"caption":"Vunder AS"},"image":{"@id":"https:\/\/www.hobstop.ee\/lv\/#\/schema\/logo\/image\/"},"sameAs":["http:\/\/www.facebook.com\/VunderSkizze"]}]}},"_links":{"self":[{"href":"https:\/\/hobstop.ee\/lv\/wp-json\/wp\/v2\/product\/24982","targetHints":{"allow":["GET"]}}],"collection":[{"href":"https:\/\/hobstop.ee\/lv\/wp-json\/wp\/v2\/product"}],"about":[{"href":"https:\/\/hobstop.ee\/lv\/wp-json\/wp\/v2\/types\/product"}],"replies":[{"embeddable":true,"href":"https:\/\/hobstop.ee\/lv\/wp-json\/wp\/v2\/comments?post=24982"}],"wp:featuredmedia":[{"embeddable":true,"href":"https:\/\/hobstop.ee\/lv\/wp-json\/wp\/v2\/media\/105906"}],"wp:attachment":[{"href":"https:\/\/hobstop.ee\/lv\/wp-json\/wp\/v2\/media?parent=24982"}],"wp:term":[{"taxonomy":"product_cat","embeddable":true,"href":"https:\/\/hobstop.ee\/lv\/wp-json\/wp\/v2\/product_cat?post=24982"},{"taxonomy":"product_tag","embeddable":true,"href":"https:\/\/hobstop.ee\/lv\/wp-json\/wp\/v2\/product_tag?post=24982"}],"curies":[{"name":"wp","href":"https:\/\/api.w.org\/{rel}","templated":true}]}}