{"id":25282,"date":"2014-12-09T13:34:46","date_gmt":"2014-12-09T11:34:46","guid":{"rendered":"https:\/\/sharks.ee\/vunder_2019.klient.veebimajutus.ee\/?post_type=product&#038;p=25282"},"modified":"2014-12-09T13:34:46","modified_gmt":"2014-12-09T11:34:46","slug":"krasa-aerosola-liquitex-400ml","status":"publish","type":"product","link":"https:\/\/hobstop.ee\/lv\/produkts\/krasa-aerosola-liquitex-400ml\/","title":{"rendered":"Kr\u0101sa aerosol\u0101 Liquitex 400ml"},"content":{"rendered":"<p>Uz \u016bdens b\u0101zes veidots, inovat\u012bvs produkts m\u0101ksliniekiem, kur\u0101 izmantoti augstas kvalit\u0101tes pigmenti. Izmanto\u0161anai profesion\u0101laj\u0101 m\u0101ksl\u0101 speci\u0101li izstr\u0101d\u0101tas, uz \u016bdens b\u0101zes ra\u017eotas past\u0101v\u012bgas kr\u0101sas ar v\u0101ju smaku, labu gaismas notur\u012bbu un iztur\u012bbu, kas piem\u0113rotas lieto\u0161anai uz da\u017e\u0101d\u0101m virsm\u0101m.<br \/>\nPiem\u0113rotas izmanto\u0161anai kop\u0101 ar cit\u0101m Liquitex akrila kr\u0101s\u0101m un papildviel\u0101m.<br \/>\nIesp\u0113jams ieg\u0101d\u0101ties atsevi\u0161\u0137us pude\u013cu uzga\u013cus.<\/p>\n","protected":false},"excerpt":{"rendered":"<p>Uz \u016bdens b\u0101zes veidots, inovat\u012bvs produkts m\u0101ksliniekiem, kur\u0101 izmantoti augstas kvalit\u0101tes pigmenti. Izmanto\u0161anai profesion\u0101laj\u0101 m\u0101ksl\u0101 speci\u0101li izstr\u0101d\u0101tas, uz \u016bdens b\u0101zes ra\u017eotas past\u0101v\u012bgas kr\u0101sas ar v\u0101ju smaku, labu gaismas notur\u012bbu un iztur\u012bbu, kas piem\u0113rotas lieto\u0161anai uz da\u017e\u0101d\u0101m virsm\u0101m. Piem\u0113rotas izmanto\u0161anai kop\u0101 ar cit\u0101m Liquitex akrila kr\u0101s\u0101m un papildviel\u0101m. Iesp\u0113jams ieg\u0101d\u0101ties atsevi\u0161\u0137us pude\u013cu uzga\u013cus.<\/p>\n","protected":false},"featured_media":352691,"comment_status":"closed","ping_status":"closed","template":"","meta":{"_acf_changed":false,"ep_exclude_from_search":false},"product_cat":[18994,17980,16123],"product_tag":[],"class_list":{"0":"post-25282","1":"product","2":"type-product","3":"status-publish","4":"has-post-thumbnail","6":"product_cat-akrila-krasas","7":"product_cat-krasas-un-gleznosanas-paligmateriali","8":"product_cat-makslas-piederumi-2","10":"first","11":"instock","12":"sale","13":"taxable","14":"shipping-taxable","15":"purchasable","16":"product-type-variable"},"acf":[],"yoast_head":"<!-- This site is optimized with the Yoast SEO plugin v24.1 - https:\/\/yoast.com\/wordpress\/plugins\/seo\/ -->\n<title>Kr\u0101sa aerosol\u0101 Liquitex 400ml &#8211; Skizze<\/title>\n<meta name=\"robots\" content=\"noindex, follow, max-snippet:-1, max-image-preview:large, max-video-preview:-1\" \/>\n<meta property=\"og:locale\" content=\"lv_LV\" \/>\n<meta property=\"og:type\" content=\"article\" \/>\n<meta property=\"og:title\" content=\"Kr\u0101sa aerosol\u0101 Liquitex 400ml &#8211; Skizze\" \/>\n<meta property=\"og:description\" content=\"Uz \u016bdens b\u0101zes veidots, inovat\u012bvs produkts m\u0101ksliniekiem, kur\u0101 izmantoti augstas kvalit\u0101tes pigmenti. Izmanto\u0161anai profesion\u0101laj\u0101 m\u0101ksl\u0101 speci\u0101li izstr\u0101d\u0101tas, uz \u016bdens b\u0101zes ra\u017eotas past\u0101v\u012bgas kr\u0101sas ar v\u0101ju smaku, labu gaismas notur\u012bbu un iztur\u012bbu, kas piem\u0113rotas lieto\u0161anai uz da\u017e\u0101d\u0101m virsm\u0101m. Piem\u0113rotas izmanto\u0161anai kop\u0101 ar cit\u0101m Liquitex akrila kr\u0101s\u0101m un papildviel\u0101m. Iesp\u0113jams ieg\u0101d\u0101ties atsevi\u0161\u0137us pude\u013cu uzga\u013cus.\" \/>\n<meta property=\"og:url\" content=\"https:\/\/hobstop.ee\/lv\/produkts\/krasa-aerosola-liquitex-400ml\/\" \/>\n<meta property=\"og:site_name\" content=\"Skizze\" \/>\n<meta property=\"article:publisher\" content=\"http:\/\/www.facebook.com\/VunderSkizze\" \/>\n<meta property=\"og:image\" content=\"https:\/\/www.hobstop.ee\/media\/3259.jpg\" \/>\n\t<meta property=\"og:image:width\" content=\"1024\" \/>\n\t<meta property=\"og:image:height\" content=\"768\" \/>\n\t<meta property=\"og:image:type\" content=\"image\/jpeg\" \/>\n<meta name=\"twitter:card\" content=\"summary_large_image\" \/>\n<script type=\"application\/ld+json\" class=\"yoast-schema-graph\">{\"@context\":\"https:\/\/schema.org\",\"@graph\":[{\"@type\":\"WebPage\",\"@id\":\"https:\/\/hobstop.ee\/lv\/produkts\/krasa-aerosola-liquitex-400ml\/\",\"url\":\"https:\/\/hobstop.ee\/lv\/produkts\/krasa-aerosola-liquitex-400ml\/\",\"name\":\"Kr\u0101sa aerosol\u0101 Liquitex 400ml &#8211; Skizze\",\"isPartOf\":{\"@id\":\"https:\/\/hobstop.ee\/lv\/#website\"},\"primaryImageOfPage\":{\"@id\":\"https:\/\/hobstop.ee\/lv\/produkts\/krasa-aerosola-liquitex-400ml\/#primaryimage\"},\"image\":{\"@id\":\"https:\/\/hobstop.ee\/lv\/produkts\/krasa-aerosola-liquitex-400ml\/#primaryimage\"},\"thumbnailUrl\":\"https:\/\/hobstop.ee\/media\/3259.jpg\",\"datePublished\":\"2014-12-09T11:34:46+00:00\",\"dateModified\":\"2014-12-09T11:34:46+00:00\",\"breadcrumb\":{\"@id\":\"https:\/\/hobstop.ee\/lv\/produkts\/krasa-aerosola-liquitex-400ml\/#breadcrumb\"},\"inLanguage\":\"lv-LV\",\"potentialAction\":[{\"@type\":\"ReadAction\",\"target\":[\"https:\/\/hobstop.ee\/lv\/produkts\/krasa-aerosola-liquitex-400ml\/\"]}]},{\"@type\":\"ImageObject\",\"inLanguage\":\"lv-LV\",\"@id\":\"https:\/\/hobstop.ee\/lv\/produkts\/krasa-aerosola-liquitex-400ml\/#primaryimage\",\"url\":\"https:\/\/hobstop.ee\/media\/3259.jpg\",\"contentUrl\":\"https:\/\/hobstop.ee\/media\/3259.jpg\",\"width\":1024,\"height\":768},{\"@type\":\"BreadcrumbList\",\"@id\":\"https:\/\/hobstop.ee\/lv\/produkts\/krasa-aerosola-liquitex-400ml\/#breadcrumb\",\"itemListElement\":[{\"@type\":\"ListItem\",\"position\":1,\"name\":\"Avaleht\",\"item\":\"https:\/\/hobstop.ee\/lv\/\"},{\"@type\":\"ListItem\",\"position\":2,\"name\":\"Veikals\",\"item\":\"https:\/\/hobstop.ee\/lv\/veikals\/\"},{\"@type\":\"ListItem\",\"position\":3,\"name\":\"Kr\u0101sa aerosol\u0101 Liquitex 400ml\"}]},{\"@type\":\"WebSite\",\"@id\":\"https:\/\/hobstop.ee\/lv\/#website\",\"url\":\"https:\/\/hobstop.ee\/lv\/\",\"name\":\"Skizze\",\"description\":\"M\u0101kslas, hobiju un skolas preces\",\"publisher\":{\"@id\":\"https:\/\/hobstop.ee\/lv\/#organization\"},\"potentialAction\":[{\"@type\":\"SearchAction\",\"target\":{\"@type\":\"EntryPoint\",\"urlTemplate\":\"https:\/\/hobstop.ee\/lv\/?s={search_term_string}\"},\"query-input\":{\"@type\":\"PropertyValueSpecification\",\"valueRequired\":true,\"valueName\":\"search_term_string\"}}],\"inLanguage\":\"lv-LV\"},{\"@type\":\"Organization\",\"@id\":\"https:\/\/hobstop.ee\/lv\/#organization\",\"name\":\"Vunder AS\",\"url\":\"https:\/\/hobstop.ee\/lv\/\",\"logo\":{\"@type\":\"ImageObject\",\"inLanguage\":\"lv-LV\",\"@id\":\"https:\/\/hobstop.ee\/lv\/#\/schema\/logo\/image\/\",\"url\":\"https:\/\/hobstop.ee\/media\/vunder-logo.png\",\"contentUrl\":\"https:\/\/hobstop.ee\/media\/vunder-logo.png\",\"width\":127,\"height\":55,\"caption\":\"Vunder AS\"},\"image\":{\"@id\":\"https:\/\/hobstop.ee\/lv\/#\/schema\/logo\/image\/\"},\"sameAs\":[\"http:\/\/www.facebook.com\/VunderSkizze\"]}]}<\/script>\n<!-- \/ Yoast SEO plugin. -->","yoast_head_json":{"title":"Kr\u0101sa aerosol\u0101 Liquitex 400ml &#8211; Skizze","robots":{"index":"noindex","follow":"follow","max-snippet":"max-snippet:-1","max-image-preview":"max-image-preview:large","max-video-preview":"max-video-preview:-1"},"og_locale":"lv_LV","og_type":"article","og_title":"Kr\u0101sa aerosol\u0101 Liquitex 400ml &#8211; Skizze","og_description":"Uz \u016bdens b\u0101zes veidots, inovat\u012bvs produkts m\u0101ksliniekiem, kur\u0101 izmantoti augstas kvalit\u0101tes pigmenti. Izmanto\u0161anai profesion\u0101laj\u0101 m\u0101ksl\u0101 speci\u0101li izstr\u0101d\u0101tas, uz \u016bdens b\u0101zes ra\u017eotas past\u0101v\u012bgas kr\u0101sas ar v\u0101ju smaku, labu gaismas notur\u012bbu un iztur\u012bbu, kas piem\u0113rotas lieto\u0161anai uz da\u017e\u0101d\u0101m virsm\u0101m. Piem\u0113rotas izmanto\u0161anai kop\u0101 ar cit\u0101m Liquitex akrila kr\u0101s\u0101m un papildviel\u0101m. Iesp\u0113jams ieg\u0101d\u0101ties atsevi\u0161\u0137us pude\u013cu uzga\u013cus.","og_url":"https:\/\/hobstop.ee\/lv\/produkts\/krasa-aerosola-liquitex-400ml\/","og_site_name":"Skizze","article_publisher":"http:\/\/www.facebook.com\/VunderSkizze","og_image":[{"width":1024,"height":768,"url":"https:\/\/www.hobstop.ee\/media\/3259.jpg","type":"image\/jpeg"}],"twitter_card":"summary_large_image","schema":{"@context":"https:\/\/schema.org","@graph":[{"@type":"WebPage","@id":"https:\/\/hobstop.ee\/lv\/produkts\/krasa-aerosola-liquitex-400ml\/","url":"https:\/\/hobstop.ee\/lv\/produkts\/krasa-aerosola-liquitex-400ml\/","name":"Kr\u0101sa aerosol\u0101 Liquitex 400ml &#8211; Skizze","isPartOf":{"@id":"https:\/\/hobstop.ee\/lv\/#website"},"primaryImageOfPage":{"@id":"https:\/\/hobstop.ee\/lv\/produkts\/krasa-aerosola-liquitex-400ml\/#primaryimage"},"image":{"@id":"https:\/\/hobstop.ee\/lv\/produkts\/krasa-aerosola-liquitex-400ml\/#primaryimage"},"thumbnailUrl":"https:\/\/hobstop.ee\/media\/3259.jpg","datePublished":"2014-12-09T11:34:46+00:00","dateModified":"2014-12-09T11:34:46+00:00","breadcrumb":{"@id":"https:\/\/hobstop.ee\/lv\/produkts\/krasa-aerosola-liquitex-400ml\/#breadcrumb"},"inLanguage":"lv-LV","potentialAction":[{"@type":"ReadAction","target":["https:\/\/hobstop.ee\/lv\/produkts\/krasa-aerosola-liquitex-400ml\/"]}]},{"@type":"ImageObject","inLanguage":"lv-LV","@id":"https:\/\/hobstop.ee\/lv\/produkts\/krasa-aerosola-liquitex-400ml\/#primaryimage","url":"https:\/\/hobstop.ee\/media\/3259.jpg","contentUrl":"https:\/\/hobstop.ee\/media\/3259.jpg","width":1024,"height":768},{"@type":"BreadcrumbList","@id":"https:\/\/hobstop.ee\/lv\/produkts\/krasa-aerosola-liquitex-400ml\/#breadcrumb","itemListElement":[{"@type":"ListItem","position":1,"name":"Avaleht","item":"https:\/\/hobstop.ee\/lv\/"},{"@type":"ListItem","position":2,"name":"Veikals","item":"https:\/\/hobstop.ee\/lv\/veikals\/"},{"@type":"ListItem","position":3,"name":"Kr\u0101sa aerosol\u0101 Liquitex 400ml"}]},{"@type":"WebSite","@id":"https:\/\/hobstop.ee\/lv\/#website","url":"https:\/\/hobstop.ee\/lv\/","name":"Skizze","description":"M\u0101kslas, hobiju un skolas preces","publisher":{"@id":"https:\/\/hobstop.ee\/lv\/#organization"},"potentialAction":[{"@type":"SearchAction","target":{"@type":"EntryPoint","urlTemplate":"https:\/\/hobstop.ee\/lv\/?s={search_term_string}"},"query-input":{"@type":"PropertyValueSpecification","valueRequired":true,"valueName":"search_term_string"}}],"inLanguage":"lv-LV"},{"@type":"Organization","@id":"https:\/\/hobstop.ee\/lv\/#organization","name":"Vunder AS","url":"https:\/\/hobstop.ee\/lv\/","logo":{"@type":"ImageObject","inLanguage":"lv-LV","@id":"https:\/\/hobstop.ee\/lv\/#\/schema\/logo\/image\/","url":"https:\/\/hobstop.ee\/media\/vunder-logo.png","contentUrl":"https:\/\/hobstop.ee\/media\/vunder-logo.png","width":127,"height":55,"caption":"Vunder AS"},"image":{"@id":"https:\/\/hobstop.ee\/lv\/#\/schema\/logo\/image\/"},"sameAs":["http:\/\/www.facebook.com\/VunderSkizze"]}]}},"_links":{"self":[{"href":"https:\/\/hobstop.ee\/lv\/wp-json\/wp\/v2\/product\/25282","targetHints":{"allow":["GET"]}}],"collection":[{"href":"https:\/\/hobstop.ee\/lv\/wp-json\/wp\/v2\/product"}],"about":[{"href":"https:\/\/hobstop.ee\/lv\/wp-json\/wp\/v2\/types\/product"}],"replies":[{"embeddable":true,"href":"https:\/\/hobstop.ee\/lv\/wp-json\/wp\/v2\/comments?post=25282"}],"wp:featuredmedia":[{"embeddable":true,"href":"https:\/\/hobstop.ee\/lv\/wp-json\/wp\/v2\/media\/352691"}],"wp:attachment":[{"href":"https:\/\/hobstop.ee\/lv\/wp-json\/wp\/v2\/media?parent=25282"}],"wp:term":[{"taxonomy":"product_cat","embeddable":true,"href":"https:\/\/hobstop.ee\/lv\/wp-json\/wp\/v2\/product_cat?post=25282"},{"taxonomy":"product_tag","embeddable":true,"href":"https:\/\/hobstop.ee\/lv\/wp-json\/wp\/v2\/product_tag?post=25282"}],"curies":[{"name":"wp","href":"https:\/\/api.w.org\/{rel}","templated":true}]}}