{"id":25314,"date":"2014-12-09T13:34:55","date_gmt":"2014-12-09T11:34:55","guid":{"rendered":"https:\/\/sharks.ee\/vunder_2019.klient.veebimajutus.ee\/?post_type=product&#038;p=25314"},"modified":"2014-12-09T13:34:55","modified_gmt":"2014-12-09T11:34:55","slug":"izsmidzinatajs-artbar","status":"publish","type":"product","link":"https:\/\/hobstop.ee\/lv\/produkts\/izsmidzinatajs-artbar\/","title":{"rendered":"Izsmidzin\u0101t\u0101js Artbar"},"content":{"rendered":"<p>Spritzer smidzin\u0101t\u0101js pie\u0161\u0137irs jaunas rado\u0161\u0101 izpild\u012bjuma iesp\u0113jas ar \u016bden\u012b \u0161\u0137\u012bsto\u0161\u0101m kr\u0101s\u0101m veidotam darbam. Izsmidzini \u016bdeni tie\u0161i uz z\u012bm\u0113juma, kas z\u012bm\u0113ts ar \u016bden\u012b \u0161\u0137\u012bsto\u0161\u0101m kr\u0101s\u0101m, un ieg\u016bsi  interesantu fakt\u016bru, kr\u0101su p\u0101rejas un pil\u0113\u0161anas efektu. Vari ar\u012b iz\u0161\u0137\u012bdin\u0101t kr\u0101su pigmentu \u016bden\u012b, izmantojot Grate&#8217;n&#8217;Shake (piem\u0113ram, Inktense vai Watercolour), iepild\u012bt \u0161\u0137\u012bdumu izsmidzin\u0101t\u0101ju un izsmidzin\u0101t kr\u0101su tie\u0161i uz darba. Daudzi m\u0101kslinieki izmanto smidzin\u0101t\u0101ju mitras darba zonas uztur\u0113\u0161anai.<\/p>\n","protected":false},"excerpt":{"rendered":"<p>Spritzer smidzin\u0101t\u0101js pie\u0161\u0137irs jaunas rado\u0161\u0101 izpild\u012bjuma iesp\u0113jas ar \u016bden\u012b \u0161\u0137\u012bsto\u0161\u0101m kr\u0101s\u0101m veidotam darbam. Izsmidzini \u016bdeni tie\u0161i uz z\u012bm\u0113juma, kas z\u012bm\u0113ts ar \u016bden\u012b \u0161\u0137\u012bsto\u0161\u0101m kr\u0101s\u0101m, un ieg\u016bsi interesantu fakt\u016bru, kr\u0101su p\u0101rejas un pil\u0113\u0161anas efektu. Vari ar\u012b iz\u0161\u0137\u012bdin\u0101t kr\u0101su pigmentu \u016bden\u012b, izmantojot Grate&#8217;n&#8217;Shake (piem\u0113ram, Inktense vai Watercolour), iepild\u012bt \u0161\u0137\u012bdumu izsmidzin\u0101t\u0101ju un izsmidzin\u0101t kr\u0101su tie\u0161i uz darba. Daudzi m\u0101kslinieki izmanto smidzin\u0101t\u0101ju mitras darba zonas uztur\u0113\u0161anai.<\/p>\n","protected":false},"featured_media":148349,"comment_status":"closed","ping_status":"closed","template":"","meta":{"_acf_changed":false,"ep_exclude_from_search":false},"product_cat":[16123,18754,18931],"product_tag":[],"class_list":{"0":"post-25314","1":"product","2":"type-product","3":"status-publish","4":"has-post-thumbnail","6":"product_cat-makslas-piederumi-2","7":"product_cat-papildus-piederumi","8":"product_cat-zimesanas-piederumi-3","10":"first","11":"instock","12":"taxable","13":"shipping-taxable","14":"purchasable","15":"product-type-variable"},"acf":[],"yoast_head":"<!-- This site is optimized with the Yoast SEO plugin v24.1 - https:\/\/yoast.com\/wordpress\/plugins\/seo\/ -->\n<title>Izsmidzin\u0101t\u0101js Artbar &#8211; Skizze<\/title>\n<meta name=\"robots\" content=\"noindex, follow, max-snippet:-1, max-image-preview:large, max-video-preview:-1\" \/>\n<meta property=\"og:locale\" content=\"lv_LV\" \/>\n<meta property=\"og:type\" content=\"article\" \/>\n<meta property=\"og:title\" content=\"Izsmidzin\u0101t\u0101js Artbar &#8211; Skizze\" \/>\n<meta property=\"og:description\" content=\"Spritzer smidzin\u0101t\u0101js pie\u0161\u0137irs jaunas rado\u0161\u0101 izpild\u012bjuma iesp\u0113jas ar \u016bden\u012b \u0161\u0137\u012bsto\u0161\u0101m kr\u0101s\u0101m veidotam darbam. Izsmidzini \u016bdeni tie\u0161i uz z\u012bm\u0113juma, kas z\u012bm\u0113ts ar \u016bden\u012b \u0161\u0137\u012bsto\u0161\u0101m kr\u0101s\u0101m, un ieg\u016bsi interesantu fakt\u016bru, kr\u0101su p\u0101rejas un pil\u0113\u0161anas efektu. Vari ar\u012b iz\u0161\u0137\u012bdin\u0101t kr\u0101su pigmentu \u016bden\u012b, izmantojot Grate&#8217;n&#8217;Shake (piem\u0113ram, Inktense vai Watercolour), iepild\u012bt \u0161\u0137\u012bdumu izsmidzin\u0101t\u0101ju un izsmidzin\u0101t kr\u0101su tie\u0161i uz darba. Daudzi m\u0101kslinieki izmanto smidzin\u0101t\u0101ju mitras darba zonas uztur\u0113\u0161anai.\" \/>\n<meta property=\"og:url\" content=\"https:\/\/hobstop.ee\/lv\/produkts\/izsmidzinatajs-artbar\/\" \/>\n<meta property=\"og:site_name\" content=\"Skizze\" \/>\n<meta property=\"article:publisher\" content=\"http:\/\/www.facebook.com\/VunderSkizze\" \/>\n<meta property=\"og:image\" content=\"https:\/\/hobstop.ee\/media\/3302.jpg\" \/>\n\t<meta property=\"og:image:width\" content=\"1024\" \/>\n\t<meta property=\"og:image:height\" content=\"768\" \/>\n\t<meta property=\"og:image:type\" content=\"image\/jpeg\" \/>\n<meta name=\"twitter:card\" content=\"summary_large_image\" \/>\n<script type=\"application\/ld+json\" class=\"yoast-schema-graph\">{\"@context\":\"https:\/\/schema.org\",\"@graph\":[{\"@type\":\"WebPage\",\"@id\":\"https:\/\/hobstop.ee\/lv\/produkts\/izsmidzinatajs-artbar\/\",\"url\":\"https:\/\/hobstop.ee\/lv\/produkts\/izsmidzinatajs-artbar\/\",\"name\":\"Izsmidzin\u0101t\u0101js Artbar &#8211; Skizze\",\"isPartOf\":{\"@id\":\"https:\/\/hobstop.ee\/lv\/#website\"},\"primaryImageOfPage\":{\"@id\":\"https:\/\/hobstop.ee\/lv\/produkts\/izsmidzinatajs-artbar\/#primaryimage\"},\"image\":{\"@id\":\"https:\/\/hobstop.ee\/lv\/produkts\/izsmidzinatajs-artbar\/#primaryimage\"},\"thumbnailUrl\":\"https:\/\/hobstop.ee\/media\/3302.jpg\",\"datePublished\":\"2014-12-09T11:34:55+00:00\",\"dateModified\":\"2014-12-09T11:34:55+00:00\",\"breadcrumb\":{\"@id\":\"https:\/\/hobstop.ee\/lv\/produkts\/izsmidzinatajs-artbar\/#breadcrumb\"},\"inLanguage\":\"lv-LV\",\"potentialAction\":[{\"@type\":\"ReadAction\",\"target\":[\"https:\/\/hobstop.ee\/lv\/produkts\/izsmidzinatajs-artbar\/\"]}]},{\"@type\":\"ImageObject\",\"inLanguage\":\"lv-LV\",\"@id\":\"https:\/\/hobstop.ee\/lv\/produkts\/izsmidzinatajs-artbar\/#primaryimage\",\"url\":\"https:\/\/hobstop.ee\/media\/3302.jpg\",\"contentUrl\":\"https:\/\/hobstop.ee\/media\/3302.jpg\",\"width\":1024,\"height\":768},{\"@type\":\"BreadcrumbList\",\"@id\":\"https:\/\/hobstop.ee\/lv\/produkts\/izsmidzinatajs-artbar\/#breadcrumb\",\"itemListElement\":[{\"@type\":\"ListItem\",\"position\":1,\"name\":\"Avaleht\",\"item\":\"https:\/\/hobstop.ee\/lv\/\"},{\"@type\":\"ListItem\",\"position\":2,\"name\":\"Veikals\",\"item\":\"https:\/\/hobstop.ee\/lv\/veikals\/\"},{\"@type\":\"ListItem\",\"position\":3,\"name\":\"Izsmidzin\u0101t\u0101js Artbar\"}]},{\"@type\":\"WebSite\",\"@id\":\"https:\/\/hobstop.ee\/lv\/#website\",\"url\":\"https:\/\/hobstop.ee\/lv\/\",\"name\":\"Skizze\",\"description\":\"M\u0101kslas, hobiju un skolas preces\",\"publisher\":{\"@id\":\"https:\/\/hobstop.ee\/lv\/#organization\"},\"potentialAction\":[{\"@type\":\"SearchAction\",\"target\":{\"@type\":\"EntryPoint\",\"urlTemplate\":\"https:\/\/hobstop.ee\/lv\/?s={search_term_string}\"},\"query-input\":{\"@type\":\"PropertyValueSpecification\",\"valueRequired\":true,\"valueName\":\"search_term_string\"}}],\"inLanguage\":\"lv-LV\"},{\"@type\":\"Organization\",\"@id\":\"https:\/\/hobstop.ee\/lv\/#organization\",\"name\":\"Vunder AS\",\"url\":\"https:\/\/hobstop.ee\/lv\/\",\"logo\":{\"@type\":\"ImageObject\",\"inLanguage\":\"lv-LV\",\"@id\":\"https:\/\/hobstop.ee\/lv\/#\/schema\/logo\/image\/\",\"url\":\"https:\/\/hobstop.ee\/media\/vunder-logo.png\",\"contentUrl\":\"https:\/\/hobstop.ee\/media\/vunder-logo.png\",\"width\":127,\"height\":55,\"caption\":\"Vunder AS\"},\"image\":{\"@id\":\"https:\/\/hobstop.ee\/lv\/#\/schema\/logo\/image\/\"},\"sameAs\":[\"http:\/\/www.facebook.com\/VunderSkizze\"]}]}<\/script>\n<!-- \/ Yoast SEO plugin. -->","yoast_head_json":{"title":"Izsmidzin\u0101t\u0101js Artbar &#8211; Skizze","robots":{"index":"noindex","follow":"follow","max-snippet":"max-snippet:-1","max-image-preview":"max-image-preview:large","max-video-preview":"max-video-preview:-1"},"og_locale":"lv_LV","og_type":"article","og_title":"Izsmidzin\u0101t\u0101js Artbar &#8211; Skizze","og_description":"Spritzer smidzin\u0101t\u0101js pie\u0161\u0137irs jaunas rado\u0161\u0101 izpild\u012bjuma iesp\u0113jas ar \u016bden\u012b \u0161\u0137\u012bsto\u0161\u0101m kr\u0101s\u0101m veidotam darbam. Izsmidzini \u016bdeni tie\u0161i uz z\u012bm\u0113juma, kas z\u012bm\u0113ts ar \u016bden\u012b \u0161\u0137\u012bsto\u0161\u0101m kr\u0101s\u0101m, un ieg\u016bsi interesantu fakt\u016bru, kr\u0101su p\u0101rejas un pil\u0113\u0161anas efektu. Vari ar\u012b iz\u0161\u0137\u012bdin\u0101t kr\u0101su pigmentu \u016bden\u012b, izmantojot Grate&#8217;n&#8217;Shake (piem\u0113ram, Inktense vai Watercolour), iepild\u012bt \u0161\u0137\u012bdumu izsmidzin\u0101t\u0101ju un izsmidzin\u0101t kr\u0101su tie\u0161i uz darba. Daudzi m\u0101kslinieki izmanto smidzin\u0101t\u0101ju mitras darba zonas uztur\u0113\u0161anai.","og_url":"https:\/\/hobstop.ee\/lv\/produkts\/izsmidzinatajs-artbar\/","og_site_name":"Skizze","article_publisher":"http:\/\/www.facebook.com\/VunderSkizze","og_image":[{"width":1024,"height":768,"url":"https:\/\/hobstop.ee\/media\/3302.jpg","type":"image\/jpeg"}],"twitter_card":"summary_large_image","schema":{"@context":"https:\/\/schema.org","@graph":[{"@type":"WebPage","@id":"https:\/\/hobstop.ee\/lv\/produkts\/izsmidzinatajs-artbar\/","url":"https:\/\/hobstop.ee\/lv\/produkts\/izsmidzinatajs-artbar\/","name":"Izsmidzin\u0101t\u0101js Artbar &#8211; Skizze","isPartOf":{"@id":"https:\/\/hobstop.ee\/lv\/#website"},"primaryImageOfPage":{"@id":"https:\/\/hobstop.ee\/lv\/produkts\/izsmidzinatajs-artbar\/#primaryimage"},"image":{"@id":"https:\/\/hobstop.ee\/lv\/produkts\/izsmidzinatajs-artbar\/#primaryimage"},"thumbnailUrl":"https:\/\/hobstop.ee\/media\/3302.jpg","datePublished":"2014-12-09T11:34:55+00:00","dateModified":"2014-12-09T11:34:55+00:00","breadcrumb":{"@id":"https:\/\/hobstop.ee\/lv\/produkts\/izsmidzinatajs-artbar\/#breadcrumb"},"inLanguage":"lv-LV","potentialAction":[{"@type":"ReadAction","target":["https:\/\/hobstop.ee\/lv\/produkts\/izsmidzinatajs-artbar\/"]}]},{"@type":"ImageObject","inLanguage":"lv-LV","@id":"https:\/\/hobstop.ee\/lv\/produkts\/izsmidzinatajs-artbar\/#primaryimage","url":"https:\/\/hobstop.ee\/media\/3302.jpg","contentUrl":"https:\/\/hobstop.ee\/media\/3302.jpg","width":1024,"height":768},{"@type":"BreadcrumbList","@id":"https:\/\/hobstop.ee\/lv\/produkts\/izsmidzinatajs-artbar\/#breadcrumb","itemListElement":[{"@type":"ListItem","position":1,"name":"Avaleht","item":"https:\/\/hobstop.ee\/lv\/"},{"@type":"ListItem","position":2,"name":"Veikals","item":"https:\/\/hobstop.ee\/lv\/veikals\/"},{"@type":"ListItem","position":3,"name":"Izsmidzin\u0101t\u0101js Artbar"}]},{"@type":"WebSite","@id":"https:\/\/hobstop.ee\/lv\/#website","url":"https:\/\/hobstop.ee\/lv\/","name":"Skizze","description":"M\u0101kslas, hobiju un skolas preces","publisher":{"@id":"https:\/\/hobstop.ee\/lv\/#organization"},"potentialAction":[{"@type":"SearchAction","target":{"@type":"EntryPoint","urlTemplate":"https:\/\/hobstop.ee\/lv\/?s={search_term_string}"},"query-input":{"@type":"PropertyValueSpecification","valueRequired":true,"valueName":"search_term_string"}}],"inLanguage":"lv-LV"},{"@type":"Organization","@id":"https:\/\/hobstop.ee\/lv\/#organization","name":"Vunder AS","url":"https:\/\/hobstop.ee\/lv\/","logo":{"@type":"ImageObject","inLanguage":"lv-LV","@id":"https:\/\/hobstop.ee\/lv\/#\/schema\/logo\/image\/","url":"https:\/\/hobstop.ee\/media\/vunder-logo.png","contentUrl":"https:\/\/hobstop.ee\/media\/vunder-logo.png","width":127,"height":55,"caption":"Vunder AS"},"image":{"@id":"https:\/\/hobstop.ee\/lv\/#\/schema\/logo\/image\/"},"sameAs":["http:\/\/www.facebook.com\/VunderSkizze"]}]}},"_links":{"self":[{"href":"https:\/\/hobstop.ee\/lv\/wp-json\/wp\/v2\/product\/25314","targetHints":{"allow":["GET"]}}],"collection":[{"href":"https:\/\/hobstop.ee\/lv\/wp-json\/wp\/v2\/product"}],"about":[{"href":"https:\/\/hobstop.ee\/lv\/wp-json\/wp\/v2\/types\/product"}],"replies":[{"embeddable":true,"href":"https:\/\/hobstop.ee\/lv\/wp-json\/wp\/v2\/comments?post=25314"}],"wp:featuredmedia":[{"embeddable":true,"href":"https:\/\/hobstop.ee\/lv\/wp-json\/wp\/v2\/media\/148349"}],"wp:attachment":[{"href":"https:\/\/hobstop.ee\/lv\/wp-json\/wp\/v2\/media?parent=25314"}],"wp:term":[{"taxonomy":"product_cat","embeddable":true,"href":"https:\/\/hobstop.ee\/lv\/wp-json\/wp\/v2\/product_cat?post=25314"},{"taxonomy":"product_tag","embeddable":true,"href":"https:\/\/hobstop.ee\/lv\/wp-json\/wp\/v2\/product_tag?post=25314"}],"curies":[{"name":"wp","href":"https:\/\/api.w.org\/{rel}","templated":true}]}}