{"id":25318,"date":"2014-12-09T13:34:56","date_gmt":"2014-12-09T11:34:56","guid":{"rendered":"https:\/\/sharks.ee\/vunder_2019.klient.veebimajutus.ee\/?post_type=product&#038;p=25318"},"modified":"2014-12-09T13:34:56","modified_gmt":"2014-12-09T11:34:56","slug":"izkliedesanas-kocini-derwent","status":"publish","type":"product","link":"https:\/\/hobstop.ee\/lv\/produkts\/izkliedesanas-kocini-derwent\/","title":{"rendered":"Izklied\u0113\u0161anas koci\u0146i Derwent"},"content":{"rendered":"<p>Ja j\u016bs str\u0101d\u0101jat ar kr\u012bti\u0146iem, ogli vai jebkuru citu putek\u013cainu l\u012bdzekli, pres\u0113ta pap\u012bra mediji padar\u012bs sare\u017e\u0123\u012bto darbu veik\u0161anu daudz viegl\u0101ku un t\u012br\u0101ku.<br \/>\n\u0160ie mediji ir ide\u0101li prec\u012bzu darbu veik\u0161anai. Un, kad tie k\u013c\u016bs net\u012bri, bet to gali noapa\u013cosies, tos var\u0113s viegli not\u012br\u012bt un atk\u0101rtoti noasin\u0101t, izmantojot smil\u0161pap\u012bru.<\/p>\n","protected":false},"excerpt":{"rendered":"<p>Ja j\u016bs str\u0101d\u0101jat ar kr\u012bti\u0146iem, ogli vai jebkuru citu putek\u013cainu l\u012bdzekli, pres\u0113ta pap\u012bra mediji padar\u012bs sare\u017e\u0123\u012bto darbu veik\u0161anu daudz viegl\u0101ku un t\u012br\u0101ku. \u0160ie mediji ir ide\u0101li prec\u012bzu darbu veik\u0161anai. Un, kad tie k\u013c\u016bs net\u012bri, bet to gali noapa\u013cosies, tos var\u0113s viegli not\u012br\u012bt un atk\u0101rtoti noasin\u0101t, izmantojot smil\u0161pap\u012bru.<\/p>\n","protected":false},"featured_media":148353,"comment_status":"closed","ping_status":"closed","template":"","meta":{"_acf_changed":false,"ep_exclude_from_search":false},"product_cat":[16123,18754,18931],"product_tag":[],"class_list":{"0":"post-25318","1":"product","2":"type-product","3":"status-publish","4":"has-post-thumbnail","6":"product_cat-makslas-piederumi-2","7":"product_cat-papildus-piederumi","8":"product_cat-zimesanas-piederumi-3","10":"first","11":"outofstock","12":"taxable","13":"shipping-taxable","14":"purchasable","15":"product-type-variable"},"acf":[],"yoast_head":"<!-- This site is optimized with the Yoast SEO plugin v24.1 - https:\/\/yoast.com\/wordpress\/plugins\/seo\/ -->\n<title>Izklied\u0113\u0161anas koci\u0146i Derwent &#8211; Skizze<\/title>\n<meta name=\"robots\" content=\"noindex, follow, max-snippet:-1, max-image-preview:large, max-video-preview:-1\" \/>\n<meta property=\"og:locale\" content=\"lv_LV\" \/>\n<meta property=\"og:type\" content=\"article\" \/>\n<meta property=\"og:title\" content=\"Izklied\u0113\u0161anas koci\u0146i Derwent &#8211; Skizze\" \/>\n<meta property=\"og:description\" content=\"Ja j\u016bs str\u0101d\u0101jat ar kr\u012bti\u0146iem, ogli vai jebkuru citu putek\u013cainu l\u012bdzekli, pres\u0113ta pap\u012bra mediji padar\u012bs sare\u017e\u0123\u012bto darbu veik\u0161anu daudz viegl\u0101ku un t\u012br\u0101ku. \u0160ie mediji ir ide\u0101li prec\u012bzu darbu veik\u0161anai. Un, kad tie k\u013c\u016bs net\u012bri, bet to gali noapa\u013cosies, tos var\u0113s viegli not\u012br\u012bt un atk\u0101rtoti noasin\u0101t, izmantojot smil\u0161pap\u012bru.\" \/>\n<meta property=\"og:url\" content=\"https:\/\/hobstop.ee\/lv\/produkts\/izkliedesanas-kocini-derwent\/\" \/>\n<meta property=\"og:site_name\" content=\"Skizze\" \/>\n<meta property=\"article:publisher\" content=\"http:\/\/www.facebook.com\/VunderSkizze\" \/>\n<meta property=\"og:image\" content=\"https:\/\/hobstop.ee\/media\/3304.jpg\" \/>\n\t<meta property=\"og:image:width\" content=\"1024\" \/>\n\t<meta property=\"og:image:height\" content=\"768\" \/>\n\t<meta property=\"og:image:type\" content=\"image\/jpeg\" \/>\n<meta name=\"twitter:card\" content=\"summary_large_image\" \/>\n<script type=\"application\/ld+json\" class=\"yoast-schema-graph\">{\"@context\":\"https:\/\/schema.org\",\"@graph\":[{\"@type\":\"WebPage\",\"@id\":\"https:\/\/hobstop.ee\/lv\/produkts\/izkliedesanas-kocini-derwent\/\",\"url\":\"https:\/\/hobstop.ee\/lv\/produkts\/izkliedesanas-kocini-derwent\/\",\"name\":\"Izklied\u0113\u0161anas koci\u0146i Derwent &#8211; Skizze\",\"isPartOf\":{\"@id\":\"https:\/\/hobstop.ee\/lv\/#website\"},\"primaryImageOfPage\":{\"@id\":\"https:\/\/hobstop.ee\/lv\/produkts\/izkliedesanas-kocini-derwent\/#primaryimage\"},\"image\":{\"@id\":\"https:\/\/hobstop.ee\/lv\/produkts\/izkliedesanas-kocini-derwent\/#primaryimage\"},\"thumbnailUrl\":\"https:\/\/hobstop.ee\/media\/3304.jpg\",\"datePublished\":\"2014-12-09T11:34:56+00:00\",\"dateModified\":\"2014-12-09T11:34:56+00:00\",\"breadcrumb\":{\"@id\":\"https:\/\/hobstop.ee\/lv\/produkts\/izkliedesanas-kocini-derwent\/#breadcrumb\"},\"inLanguage\":\"lv-LV\",\"potentialAction\":[{\"@type\":\"ReadAction\",\"target\":[\"https:\/\/hobstop.ee\/lv\/produkts\/izkliedesanas-kocini-derwent\/\"]}]},{\"@type\":\"ImageObject\",\"inLanguage\":\"lv-LV\",\"@id\":\"https:\/\/hobstop.ee\/lv\/produkts\/izkliedesanas-kocini-derwent\/#primaryimage\",\"url\":\"https:\/\/hobstop.ee\/media\/3304.jpg\",\"contentUrl\":\"https:\/\/hobstop.ee\/media\/3304.jpg\",\"width\":1024,\"height\":768},{\"@type\":\"BreadcrumbList\",\"@id\":\"https:\/\/hobstop.ee\/lv\/produkts\/izkliedesanas-kocini-derwent\/#breadcrumb\",\"itemListElement\":[{\"@type\":\"ListItem\",\"position\":1,\"name\":\"Avaleht\",\"item\":\"https:\/\/hobstop.ee\/lv\/\"},{\"@type\":\"ListItem\",\"position\":2,\"name\":\"Veikals\",\"item\":\"https:\/\/hobstop.ee\/lv\/veikals\/\"},{\"@type\":\"ListItem\",\"position\":3,\"name\":\"Izklied\u0113\u0161anas koci\u0146i Derwent\"}]},{\"@type\":\"WebSite\",\"@id\":\"https:\/\/hobstop.ee\/lv\/#website\",\"url\":\"https:\/\/hobstop.ee\/lv\/\",\"name\":\"Skizze\",\"description\":\"M\u0101kslas, hobiju un skolas preces\",\"publisher\":{\"@id\":\"https:\/\/hobstop.ee\/lv\/#organization\"},\"potentialAction\":[{\"@type\":\"SearchAction\",\"target\":{\"@type\":\"EntryPoint\",\"urlTemplate\":\"https:\/\/hobstop.ee\/lv\/?s={search_term_string}\"},\"query-input\":{\"@type\":\"PropertyValueSpecification\",\"valueRequired\":true,\"valueName\":\"search_term_string\"}}],\"inLanguage\":\"lv-LV\"},{\"@type\":\"Organization\",\"@id\":\"https:\/\/hobstop.ee\/lv\/#organization\",\"name\":\"Vunder AS\",\"url\":\"https:\/\/hobstop.ee\/lv\/\",\"logo\":{\"@type\":\"ImageObject\",\"inLanguage\":\"lv-LV\",\"@id\":\"https:\/\/hobstop.ee\/lv\/#\/schema\/logo\/image\/\",\"url\":\"https:\/\/hobstop.ee\/media\/vunder-logo.png\",\"contentUrl\":\"https:\/\/hobstop.ee\/media\/vunder-logo.png\",\"width\":127,\"height\":55,\"caption\":\"Vunder AS\"},\"image\":{\"@id\":\"https:\/\/hobstop.ee\/lv\/#\/schema\/logo\/image\/\"},\"sameAs\":[\"http:\/\/www.facebook.com\/VunderSkizze\"]}]}<\/script>\n<!-- \/ Yoast SEO plugin. -->","yoast_head_json":{"title":"Izklied\u0113\u0161anas koci\u0146i Derwent &#8211; Skizze","robots":{"index":"noindex","follow":"follow","max-snippet":"max-snippet:-1","max-image-preview":"max-image-preview:large","max-video-preview":"max-video-preview:-1"},"og_locale":"lv_LV","og_type":"article","og_title":"Izklied\u0113\u0161anas koci\u0146i Derwent &#8211; Skizze","og_description":"Ja j\u016bs str\u0101d\u0101jat ar kr\u012bti\u0146iem, ogli vai jebkuru citu putek\u013cainu l\u012bdzekli, pres\u0113ta pap\u012bra mediji padar\u012bs sare\u017e\u0123\u012bto darbu veik\u0161anu daudz viegl\u0101ku un t\u012br\u0101ku. \u0160ie mediji ir ide\u0101li prec\u012bzu darbu veik\u0161anai. Un, kad tie k\u013c\u016bs net\u012bri, bet to gali noapa\u013cosies, tos var\u0113s viegli not\u012br\u012bt un atk\u0101rtoti noasin\u0101t, izmantojot smil\u0161pap\u012bru.","og_url":"https:\/\/hobstop.ee\/lv\/produkts\/izkliedesanas-kocini-derwent\/","og_site_name":"Skizze","article_publisher":"http:\/\/www.facebook.com\/VunderSkizze","og_image":[{"width":1024,"height":768,"url":"https:\/\/hobstop.ee\/media\/3304.jpg","type":"image\/jpeg"}],"twitter_card":"summary_large_image","schema":{"@context":"https:\/\/schema.org","@graph":[{"@type":"WebPage","@id":"https:\/\/hobstop.ee\/lv\/produkts\/izkliedesanas-kocini-derwent\/","url":"https:\/\/hobstop.ee\/lv\/produkts\/izkliedesanas-kocini-derwent\/","name":"Izklied\u0113\u0161anas koci\u0146i Derwent &#8211; Skizze","isPartOf":{"@id":"https:\/\/hobstop.ee\/lv\/#website"},"primaryImageOfPage":{"@id":"https:\/\/hobstop.ee\/lv\/produkts\/izkliedesanas-kocini-derwent\/#primaryimage"},"image":{"@id":"https:\/\/hobstop.ee\/lv\/produkts\/izkliedesanas-kocini-derwent\/#primaryimage"},"thumbnailUrl":"https:\/\/hobstop.ee\/media\/3304.jpg","datePublished":"2014-12-09T11:34:56+00:00","dateModified":"2014-12-09T11:34:56+00:00","breadcrumb":{"@id":"https:\/\/hobstop.ee\/lv\/produkts\/izkliedesanas-kocini-derwent\/#breadcrumb"},"inLanguage":"lv-LV","potentialAction":[{"@type":"ReadAction","target":["https:\/\/hobstop.ee\/lv\/produkts\/izkliedesanas-kocini-derwent\/"]}]},{"@type":"ImageObject","inLanguage":"lv-LV","@id":"https:\/\/hobstop.ee\/lv\/produkts\/izkliedesanas-kocini-derwent\/#primaryimage","url":"https:\/\/hobstop.ee\/media\/3304.jpg","contentUrl":"https:\/\/hobstop.ee\/media\/3304.jpg","width":1024,"height":768},{"@type":"BreadcrumbList","@id":"https:\/\/hobstop.ee\/lv\/produkts\/izkliedesanas-kocini-derwent\/#breadcrumb","itemListElement":[{"@type":"ListItem","position":1,"name":"Avaleht","item":"https:\/\/hobstop.ee\/lv\/"},{"@type":"ListItem","position":2,"name":"Veikals","item":"https:\/\/hobstop.ee\/lv\/veikals\/"},{"@type":"ListItem","position":3,"name":"Izklied\u0113\u0161anas koci\u0146i Derwent"}]},{"@type":"WebSite","@id":"https:\/\/hobstop.ee\/lv\/#website","url":"https:\/\/hobstop.ee\/lv\/","name":"Skizze","description":"M\u0101kslas, hobiju un skolas preces","publisher":{"@id":"https:\/\/hobstop.ee\/lv\/#organization"},"potentialAction":[{"@type":"SearchAction","target":{"@type":"EntryPoint","urlTemplate":"https:\/\/hobstop.ee\/lv\/?s={search_term_string}"},"query-input":{"@type":"PropertyValueSpecification","valueRequired":true,"valueName":"search_term_string"}}],"inLanguage":"lv-LV"},{"@type":"Organization","@id":"https:\/\/hobstop.ee\/lv\/#organization","name":"Vunder AS","url":"https:\/\/hobstop.ee\/lv\/","logo":{"@type":"ImageObject","inLanguage":"lv-LV","@id":"https:\/\/hobstop.ee\/lv\/#\/schema\/logo\/image\/","url":"https:\/\/hobstop.ee\/media\/vunder-logo.png","contentUrl":"https:\/\/hobstop.ee\/media\/vunder-logo.png","width":127,"height":55,"caption":"Vunder AS"},"image":{"@id":"https:\/\/hobstop.ee\/lv\/#\/schema\/logo\/image\/"},"sameAs":["http:\/\/www.facebook.com\/VunderSkizze"]}]}},"_links":{"self":[{"href":"https:\/\/hobstop.ee\/lv\/wp-json\/wp\/v2\/product\/25318","targetHints":{"allow":["GET"]}}],"collection":[{"href":"https:\/\/hobstop.ee\/lv\/wp-json\/wp\/v2\/product"}],"about":[{"href":"https:\/\/hobstop.ee\/lv\/wp-json\/wp\/v2\/types\/product"}],"replies":[{"embeddable":true,"href":"https:\/\/hobstop.ee\/lv\/wp-json\/wp\/v2\/comments?post=25318"}],"wp:featuredmedia":[{"embeddable":true,"href":"https:\/\/hobstop.ee\/lv\/wp-json\/wp\/v2\/media\/148353"}],"wp:attachment":[{"href":"https:\/\/hobstop.ee\/lv\/wp-json\/wp\/v2\/media?parent=25318"}],"wp:term":[{"taxonomy":"product_cat","embeddable":true,"href":"https:\/\/hobstop.ee\/lv\/wp-json\/wp\/v2\/product_cat?post=25318"},{"taxonomy":"product_tag","embeddable":true,"href":"https:\/\/hobstop.ee\/lv\/wp-json\/wp\/v2\/product_tag?post=25318"}],"curies":[{"name":"wp","href":"https:\/\/api.w.org\/{rel}","templated":true}]}}