{"id":254488,"date":"2016-03-10T11:12:29","date_gmt":"2016-03-10T09:12:29","guid":{"rendered":"https:\/\/sharks.ee\/vunder_2019\/lv\/product\/sapnu-kerajs-kaklarota-rayher-luna\/"},"modified":"2016-03-10T11:12:29","modified_gmt":"2016-03-10T09:12:29","slug":"sapnu-kerajs-kaklarota-rayher-luna","status":"publish","type":"product","link":"https:\/\/hobstop.ee\/lv\/produkts\/sapnu-kerajs-kaklarota-rayher-luna\/","title":{"rendered":"Sap\u0146u \u0137\u0113r\u0101js-kaklarota Rayher Luna"},"content":{"rendered":"<p>\u0160o rotaslietu pamat\u0101 ir indi\u0101\u0146u kult\u016br\u0101 iesak\u0146ojusies tic\u012bba, ka sap\u0146u \u0137\u0113r\u0101ji sp\u0113j at\u0161\u0137irt labos sap\u0146us no sliktajiem un p\u0101rv\u0113r\u0161 labos sap\u0146us pozit\u012bv\u0101 ener\u0123ij\u0101. T\u0101d\u0113j\u0101di \u0161\u012bs rotaslietas ir vislab\u0101kie pavado\u0146i dienas gait\u0101s!<\/p>\n","protected":false},"excerpt":{"rendered":"<p>\u0160o rotaslietu pamat\u0101 ir indi\u0101\u0146u kult\u016br\u0101 iesak\u0146ojusies tic\u012bba, ka sap\u0146u \u0137\u0113r\u0101ji sp\u0113j at\u0161\u0137irt labos sap\u0146us no sliktajiem un p\u0101rv\u0113r\u0161 labos sap\u0146us pozit\u012bv\u0101 ener\u0123ij\u0101. T\u0101d\u0113j\u0101di \u0161\u012bs rotaslietas ir vislab\u0101kie pavado\u0146i dienas gait\u0101s!<\/p>\n","protected":false},"featured_media":0,"comment_status":"closed","ping_status":"closed","template":"","meta":{"_acf_changed":false,"ep_exclude_from_search":false},"product_cat":[20083,17918,19659],"product_tag":[],"class_list":{"0":"post-254488","1":"product","2":"type-product","3":"status-publish","5":"product_cat-dazadi-2","6":"product_cat-preces-hobijiem","7":"product_cat-rotu-izgatavosana","9":"first","10":"instock","11":"taxable","12":"shipping-taxable","13":"purchasable","14":"product-type-simple"},"acf":[],"yoast_head":"<!-- This site is optimized with the Yoast SEO plugin v24.1 - https:\/\/yoast.com\/wordpress\/plugins\/seo\/ -->\n<title>Sap\u0146u \u0137\u0113r\u0101js-kaklarota Rayher Luna &#8211; Skizze<\/title>\n<meta name=\"robots\" content=\"noindex, follow, max-snippet:-1, max-image-preview:large, max-video-preview:-1\" \/>\n<meta property=\"og:locale\" content=\"lv_LV\" \/>\n<meta property=\"og:type\" content=\"article\" \/>\n<meta property=\"og:title\" content=\"Sap\u0146u \u0137\u0113r\u0101js-kaklarota Rayher Luna &#8211; Skizze\" \/>\n<meta property=\"og:description\" content=\"\u0160o rotaslietu pamat\u0101 ir indi\u0101\u0146u kult\u016br\u0101 iesak\u0146ojusies tic\u012bba, ka sap\u0146u \u0137\u0113r\u0101ji sp\u0113j at\u0161\u0137irt labos sap\u0146us no sliktajiem un p\u0101rv\u0113r\u0161 labos sap\u0146us pozit\u012bv\u0101 ener\u0123ij\u0101. T\u0101d\u0113j\u0101di \u0161\u012bs rotaslietas ir vislab\u0101kie pavado\u0146i dienas gait\u0101s!\" \/>\n<meta property=\"og:url\" content=\"https:\/\/hobstop.ee\/lv\/produkts\/sapnu-kerajs-kaklarota-rayher-luna\/\" \/>\n<meta property=\"og:site_name\" content=\"Skizze\" \/>\n<meta property=\"article:publisher\" content=\"http:\/\/www.facebook.com\/VunderSkizze\" \/>\n<meta name=\"twitter:card\" content=\"summary_large_image\" \/>\n<script type=\"application\/ld+json\" class=\"yoast-schema-graph\">{\"@context\":\"https:\/\/schema.org\",\"@graph\":[{\"@type\":\"WebPage\",\"@id\":\"https:\/\/hobstop.ee\/lv\/produkts\/sapnu-kerajs-kaklarota-rayher-luna\/\",\"url\":\"https:\/\/hobstop.ee\/lv\/produkts\/sapnu-kerajs-kaklarota-rayher-luna\/\",\"name\":\"Sap\u0146u \u0137\u0113r\u0101js-kaklarota Rayher Luna &#8211; Skizze\",\"isPartOf\":{\"@id\":\"https:\/\/hobstop.ee\/lv\/#website\"},\"datePublished\":\"2016-03-10T09:12:29+00:00\",\"dateModified\":\"2016-03-10T09:12:29+00:00\",\"breadcrumb\":{\"@id\":\"https:\/\/hobstop.ee\/lv\/produkts\/sapnu-kerajs-kaklarota-rayher-luna\/#breadcrumb\"},\"inLanguage\":\"lv-LV\",\"potentialAction\":[{\"@type\":\"ReadAction\",\"target\":[\"https:\/\/hobstop.ee\/lv\/produkts\/sapnu-kerajs-kaklarota-rayher-luna\/\"]}]},{\"@type\":\"BreadcrumbList\",\"@id\":\"https:\/\/hobstop.ee\/lv\/produkts\/sapnu-kerajs-kaklarota-rayher-luna\/#breadcrumb\",\"itemListElement\":[{\"@type\":\"ListItem\",\"position\":1,\"name\":\"Avaleht\",\"item\":\"https:\/\/www.hobstop.ee\/lv\/\"},{\"@type\":\"ListItem\",\"position\":2,\"name\":\"Veikals\",\"item\":\"https:\/\/www.hobstop.ee\/lv\/veikals\/\"},{\"@type\":\"ListItem\",\"position\":3,\"name\":\"Sap\u0146u \u0137\u0113r\u0101js-kaklarota Rayher Luna\"}]},{\"@type\":\"WebSite\",\"@id\":\"https:\/\/hobstop.ee\/lv\/#website\",\"url\":\"https:\/\/hobstop.ee\/lv\/\",\"name\":\"Skizze\",\"description\":\"M\u0101kslas, hobiju un skolas preces\",\"publisher\":{\"@id\":\"https:\/\/hobstop.ee\/lv\/#organization\"},\"potentialAction\":[{\"@type\":\"SearchAction\",\"target\":{\"@type\":\"EntryPoint\",\"urlTemplate\":\"https:\/\/hobstop.ee\/lv\/?s={search_term_string}\"},\"query-input\":{\"@type\":\"PropertyValueSpecification\",\"valueRequired\":true,\"valueName\":\"search_term_string\"}}],\"inLanguage\":\"lv-LV\"},{\"@type\":\"Organization\",\"@id\":\"https:\/\/hobstop.ee\/lv\/#organization\",\"name\":\"Vunder AS\",\"url\":\"https:\/\/hobstop.ee\/lv\/\",\"logo\":{\"@type\":\"ImageObject\",\"inLanguage\":\"lv-LV\",\"@id\":\"https:\/\/hobstop.ee\/lv\/#\/schema\/logo\/image\/\",\"url\":\"https:\/\/hobstop.ee\/media\/vunder-logo.png\",\"contentUrl\":\"https:\/\/hobstop.ee\/media\/vunder-logo.png\",\"width\":127,\"height\":55,\"caption\":\"Vunder AS\"},\"image\":{\"@id\":\"https:\/\/hobstop.ee\/lv\/#\/schema\/logo\/image\/\"},\"sameAs\":[\"http:\/\/www.facebook.com\/VunderSkizze\"]}]}<\/script>\n<!-- \/ Yoast SEO plugin. -->","yoast_head_json":{"title":"Sap\u0146u \u0137\u0113r\u0101js-kaklarota Rayher Luna &#8211; Skizze","robots":{"index":"noindex","follow":"follow","max-snippet":"max-snippet:-1","max-image-preview":"max-image-preview:large","max-video-preview":"max-video-preview:-1"},"og_locale":"lv_LV","og_type":"article","og_title":"Sap\u0146u \u0137\u0113r\u0101js-kaklarota Rayher Luna &#8211; Skizze","og_description":"\u0160o rotaslietu pamat\u0101 ir indi\u0101\u0146u kult\u016br\u0101 iesak\u0146ojusies tic\u012bba, ka sap\u0146u \u0137\u0113r\u0101ji sp\u0113j at\u0161\u0137irt labos sap\u0146us no sliktajiem un p\u0101rv\u0113r\u0161 labos sap\u0146us pozit\u012bv\u0101 ener\u0123ij\u0101. T\u0101d\u0113j\u0101di \u0161\u012bs rotaslietas ir vislab\u0101kie pavado\u0146i dienas gait\u0101s!","og_url":"https:\/\/hobstop.ee\/lv\/produkts\/sapnu-kerajs-kaklarota-rayher-luna\/","og_site_name":"Skizze","article_publisher":"http:\/\/www.facebook.com\/VunderSkizze","twitter_card":"summary_large_image","schema":{"@context":"https:\/\/schema.org","@graph":[{"@type":"WebPage","@id":"https:\/\/hobstop.ee\/lv\/produkts\/sapnu-kerajs-kaklarota-rayher-luna\/","url":"https:\/\/hobstop.ee\/lv\/produkts\/sapnu-kerajs-kaklarota-rayher-luna\/","name":"Sap\u0146u \u0137\u0113r\u0101js-kaklarota Rayher Luna &#8211; Skizze","isPartOf":{"@id":"https:\/\/hobstop.ee\/lv\/#website"},"datePublished":"2016-03-10T09:12:29+00:00","dateModified":"2016-03-10T09:12:29+00:00","breadcrumb":{"@id":"https:\/\/hobstop.ee\/lv\/produkts\/sapnu-kerajs-kaklarota-rayher-luna\/#breadcrumb"},"inLanguage":"lv-LV","potentialAction":[{"@type":"ReadAction","target":["https:\/\/hobstop.ee\/lv\/produkts\/sapnu-kerajs-kaklarota-rayher-luna\/"]}]},{"@type":"BreadcrumbList","@id":"https:\/\/hobstop.ee\/lv\/produkts\/sapnu-kerajs-kaklarota-rayher-luna\/#breadcrumb","itemListElement":[{"@type":"ListItem","position":1,"name":"Avaleht","item":"https:\/\/www.hobstop.ee\/lv\/"},{"@type":"ListItem","position":2,"name":"Veikals","item":"https:\/\/www.hobstop.ee\/lv\/veikals\/"},{"@type":"ListItem","position":3,"name":"Sap\u0146u \u0137\u0113r\u0101js-kaklarota Rayher Luna"}]},{"@type":"WebSite","@id":"https:\/\/hobstop.ee\/lv\/#website","url":"https:\/\/hobstop.ee\/lv\/","name":"Skizze","description":"M\u0101kslas, hobiju un skolas preces","publisher":{"@id":"https:\/\/hobstop.ee\/lv\/#organization"},"potentialAction":[{"@type":"SearchAction","target":{"@type":"EntryPoint","urlTemplate":"https:\/\/hobstop.ee\/lv\/?s={search_term_string}"},"query-input":{"@type":"PropertyValueSpecification","valueRequired":true,"valueName":"search_term_string"}}],"inLanguage":"lv-LV"},{"@type":"Organization","@id":"https:\/\/hobstop.ee\/lv\/#organization","name":"Vunder AS","url":"https:\/\/hobstop.ee\/lv\/","logo":{"@type":"ImageObject","inLanguage":"lv-LV","@id":"https:\/\/hobstop.ee\/lv\/#\/schema\/logo\/image\/","url":"https:\/\/hobstop.ee\/media\/vunder-logo.png","contentUrl":"https:\/\/hobstop.ee\/media\/vunder-logo.png","width":127,"height":55,"caption":"Vunder AS"},"image":{"@id":"https:\/\/hobstop.ee\/lv\/#\/schema\/logo\/image\/"},"sameAs":["http:\/\/www.facebook.com\/VunderSkizze"]}]}},"_links":{"self":[{"href":"https:\/\/hobstop.ee\/lv\/wp-json\/wp\/v2\/product\/254488","targetHints":{"allow":["GET"]}}],"collection":[{"href":"https:\/\/hobstop.ee\/lv\/wp-json\/wp\/v2\/product"}],"about":[{"href":"https:\/\/hobstop.ee\/lv\/wp-json\/wp\/v2\/types\/product"}],"replies":[{"embeddable":true,"href":"https:\/\/hobstop.ee\/lv\/wp-json\/wp\/v2\/comments?post=254488"}],"wp:attachment":[{"href":"https:\/\/hobstop.ee\/lv\/wp-json\/wp\/v2\/media?parent=254488"}],"wp:term":[{"taxonomy":"product_cat","embeddable":true,"href":"https:\/\/hobstop.ee\/lv\/wp-json\/wp\/v2\/product_cat?post=254488"},{"taxonomy":"product_tag","embeddable":true,"href":"https:\/\/hobstop.ee\/lv\/wp-json\/wp\/v2\/product_tag?post=254488"}],"curies":[{"name":"wp","href":"https:\/\/api.w.org\/{rel}","templated":true}]}}