{"id":254508,"date":"2016-03-10T11:12:33","date_gmt":"2016-03-10T09:12:33","guid":{"rendered":"https:\/\/sharks.ee\/vunder_2019\/lv\/product\/dekorativs-paliktnis-rayher-caurspidigs-pakarinams\/"},"modified":"2016-03-10T11:12:33","modified_gmt":"2016-03-10T09:12:33","slug":"dekorativs-paliktnis-rayher-caurspidigs-pakarinams","status":"publish","type":"product","link":"https:\/\/hobstop.ee\/lv\/produkts\/dekorativs-paliktnis-rayher-caurspidigs-pakarinams\/","title":{"rendered":"Dekorat\u012bvs paliktnis Rayher caursp\u012bd\u012bgs pakarin\u0101ms"},"content":{"rendered":"<p>Lieliski piem\u0113rots b\u0113rniem meistaro\u0161anai, dzim\u0161anas dienu pas\u0101kumiem vai ar\u012b k\u0101 jauka ideja d\u0101vanai. Viegli kr\u0101sojams ar \u0113rt\u0101m 3D kr\u0101s\u0101m. Z\u012bm\u0113jum\u0101 ir rievas, t\u0101d\u0113\u013c kr\u0101sa autom\u0101tiski iepl\u016bd\u012bs atsevi\u0161\u0137os nodal\u012bjumos. Meln\u0101s kont\u016brl\u012bnijas \u013coti labi izce\u013c z\u012bm\u0113jumu.<\/p>\n","protected":false},"excerpt":{"rendered":"<p>Lieliski piem\u0113rots b\u0113rniem meistaro\u0161anai, dzim\u0161anas dienu pas\u0101kumiem vai ar\u012b k\u0101 jauka ideja d\u0101vanai. Viegli kr\u0101sojams ar \u0113rt\u0101m 3D kr\u0101s\u0101m. Z\u012bm\u0113jum\u0101 ir rievas, t\u0101d\u0113\u013c kr\u0101sa autom\u0101tiski iepl\u016bd\u012bs atsevi\u0161\u0137os nodal\u012bjumos. Meln\u0101s kont\u016brl\u012bnijas \u013coti labi izce\u013c z\u012bm\u0113jumu.<\/p>\n","protected":false},"featured_media":0,"comment_status":"closed","ping_status":"closed","template":"","meta":{"_acf_changed":false,"ep_exclude_from_search":false},"product_cat":[20158,17918,17971],"product_tag":[],"class_list":{"0":"post-254508","1":"product","2":"type-product","3":"status-publish","5":"product_cat-plastmasas","6":"product_cat-preces-hobijiem","7":"product_cat-sagataves","9":"first","10":"instock","11":"taxable","12":"shipping-taxable","13":"purchasable","14":"product-type-simple"},"acf":[],"yoast_head":"<!-- This site is optimized with the Yoast SEO plugin v24.1 - https:\/\/yoast.com\/wordpress\/plugins\/seo\/ -->\n<title>Dekorat\u012bvs paliktnis Rayher caursp\u012bd\u012bgs pakarin\u0101ms &#8211; Skizze<\/title>\n<meta name=\"robots\" content=\"noindex, follow, max-snippet:-1, max-image-preview:large, max-video-preview:-1\" \/>\n<meta property=\"og:locale\" content=\"lv_LV\" \/>\n<meta property=\"og:type\" content=\"article\" \/>\n<meta property=\"og:title\" content=\"Dekorat\u012bvs paliktnis Rayher caursp\u012bd\u012bgs pakarin\u0101ms &#8211; Skizze\" \/>\n<meta property=\"og:description\" content=\"Lieliski piem\u0113rots b\u0113rniem meistaro\u0161anai, dzim\u0161anas dienu pas\u0101kumiem vai ar\u012b k\u0101 jauka ideja d\u0101vanai. Viegli kr\u0101sojams ar \u0113rt\u0101m 3D kr\u0101s\u0101m. Z\u012bm\u0113jum\u0101 ir rievas, t\u0101d\u0113\u013c kr\u0101sa autom\u0101tiski iepl\u016bd\u012bs atsevi\u0161\u0137os nodal\u012bjumos. Meln\u0101s kont\u016brl\u012bnijas \u013coti labi izce\u013c z\u012bm\u0113jumu.\" \/>\n<meta property=\"og:url\" content=\"https:\/\/hobstop.ee\/lv\/produkts\/dekorativs-paliktnis-rayher-caurspidigs-pakarinams\/\" \/>\n<meta property=\"og:site_name\" content=\"Skizze\" \/>\n<meta property=\"article:publisher\" content=\"http:\/\/www.facebook.com\/VunderSkizze\" \/>\n<meta name=\"twitter:card\" content=\"summary_large_image\" \/>\n<script type=\"application\/ld+json\" class=\"yoast-schema-graph\">{\"@context\":\"https:\/\/schema.org\",\"@graph\":[{\"@type\":\"WebPage\",\"@id\":\"https:\/\/hobstop.ee\/lv\/produkts\/dekorativs-paliktnis-rayher-caurspidigs-pakarinams\/\",\"url\":\"https:\/\/hobstop.ee\/lv\/produkts\/dekorativs-paliktnis-rayher-caurspidigs-pakarinams\/\",\"name\":\"Dekorat\u012bvs paliktnis Rayher caursp\u012bd\u012bgs pakarin\u0101ms &#8211; Skizze\",\"isPartOf\":{\"@id\":\"https:\/\/hobstop.ee\/lv\/#website\"},\"datePublished\":\"2016-03-10T09:12:33+00:00\",\"dateModified\":\"2016-03-10T09:12:33+00:00\",\"breadcrumb\":{\"@id\":\"https:\/\/hobstop.ee\/lv\/produkts\/dekorativs-paliktnis-rayher-caurspidigs-pakarinams\/#breadcrumb\"},\"inLanguage\":\"lv-LV\",\"potentialAction\":[{\"@type\":\"ReadAction\",\"target\":[\"https:\/\/hobstop.ee\/lv\/produkts\/dekorativs-paliktnis-rayher-caurspidigs-pakarinams\/\"]}]},{\"@type\":\"BreadcrumbList\",\"@id\":\"https:\/\/hobstop.ee\/lv\/produkts\/dekorativs-paliktnis-rayher-caurspidigs-pakarinams\/#breadcrumb\",\"itemListElement\":[{\"@type\":\"ListItem\",\"position\":1,\"name\":\"Avaleht\",\"item\":\"https:\/\/www.hobstop.ee\/lv\/\"},{\"@type\":\"ListItem\",\"position\":2,\"name\":\"Veikals\",\"item\":\"https:\/\/www.hobstop.ee\/lv\/veikals\/\"},{\"@type\":\"ListItem\",\"position\":3,\"name\":\"Dekorat\u012bvs paliktnis Rayher caursp\u012bd\u012bgs pakarin\u0101ms\"}]},{\"@type\":\"WebSite\",\"@id\":\"https:\/\/hobstop.ee\/lv\/#website\",\"url\":\"https:\/\/hobstop.ee\/lv\/\",\"name\":\"Skizze\",\"description\":\"M\u0101kslas, hobiju un skolas preces\",\"publisher\":{\"@id\":\"https:\/\/hobstop.ee\/lv\/#organization\"},\"potentialAction\":[{\"@type\":\"SearchAction\",\"target\":{\"@type\":\"EntryPoint\",\"urlTemplate\":\"https:\/\/hobstop.ee\/lv\/?s={search_term_string}\"},\"query-input\":{\"@type\":\"PropertyValueSpecification\",\"valueRequired\":true,\"valueName\":\"search_term_string\"}}],\"inLanguage\":\"lv-LV\"},{\"@type\":\"Organization\",\"@id\":\"https:\/\/hobstop.ee\/lv\/#organization\",\"name\":\"Vunder AS\",\"url\":\"https:\/\/hobstop.ee\/lv\/\",\"logo\":{\"@type\":\"ImageObject\",\"inLanguage\":\"lv-LV\",\"@id\":\"https:\/\/hobstop.ee\/lv\/#\/schema\/logo\/image\/\",\"url\":\"https:\/\/hobstop.ee\/media\/vunder-logo.png\",\"contentUrl\":\"https:\/\/hobstop.ee\/media\/vunder-logo.png\",\"width\":127,\"height\":55,\"caption\":\"Vunder AS\"},\"image\":{\"@id\":\"https:\/\/hobstop.ee\/lv\/#\/schema\/logo\/image\/\"},\"sameAs\":[\"http:\/\/www.facebook.com\/VunderSkizze\"]}]}<\/script>\n<!-- \/ Yoast SEO plugin. -->","yoast_head_json":{"title":"Dekorat\u012bvs paliktnis Rayher caursp\u012bd\u012bgs pakarin\u0101ms &#8211; Skizze","robots":{"index":"noindex","follow":"follow","max-snippet":"max-snippet:-1","max-image-preview":"max-image-preview:large","max-video-preview":"max-video-preview:-1"},"og_locale":"lv_LV","og_type":"article","og_title":"Dekorat\u012bvs paliktnis Rayher caursp\u012bd\u012bgs pakarin\u0101ms &#8211; Skizze","og_description":"Lieliski piem\u0113rots b\u0113rniem meistaro\u0161anai, dzim\u0161anas dienu pas\u0101kumiem vai ar\u012b k\u0101 jauka ideja d\u0101vanai. Viegli kr\u0101sojams ar \u0113rt\u0101m 3D kr\u0101s\u0101m. Z\u012bm\u0113jum\u0101 ir rievas, t\u0101d\u0113\u013c kr\u0101sa autom\u0101tiski iepl\u016bd\u012bs atsevi\u0161\u0137os nodal\u012bjumos. Meln\u0101s kont\u016brl\u012bnijas \u013coti labi izce\u013c z\u012bm\u0113jumu.","og_url":"https:\/\/hobstop.ee\/lv\/produkts\/dekorativs-paliktnis-rayher-caurspidigs-pakarinams\/","og_site_name":"Skizze","article_publisher":"http:\/\/www.facebook.com\/VunderSkizze","twitter_card":"summary_large_image","schema":{"@context":"https:\/\/schema.org","@graph":[{"@type":"WebPage","@id":"https:\/\/hobstop.ee\/lv\/produkts\/dekorativs-paliktnis-rayher-caurspidigs-pakarinams\/","url":"https:\/\/hobstop.ee\/lv\/produkts\/dekorativs-paliktnis-rayher-caurspidigs-pakarinams\/","name":"Dekorat\u012bvs paliktnis Rayher caursp\u012bd\u012bgs pakarin\u0101ms &#8211; Skizze","isPartOf":{"@id":"https:\/\/hobstop.ee\/lv\/#website"},"datePublished":"2016-03-10T09:12:33+00:00","dateModified":"2016-03-10T09:12:33+00:00","breadcrumb":{"@id":"https:\/\/hobstop.ee\/lv\/produkts\/dekorativs-paliktnis-rayher-caurspidigs-pakarinams\/#breadcrumb"},"inLanguage":"lv-LV","potentialAction":[{"@type":"ReadAction","target":["https:\/\/hobstop.ee\/lv\/produkts\/dekorativs-paliktnis-rayher-caurspidigs-pakarinams\/"]}]},{"@type":"BreadcrumbList","@id":"https:\/\/hobstop.ee\/lv\/produkts\/dekorativs-paliktnis-rayher-caurspidigs-pakarinams\/#breadcrumb","itemListElement":[{"@type":"ListItem","position":1,"name":"Avaleht","item":"https:\/\/www.hobstop.ee\/lv\/"},{"@type":"ListItem","position":2,"name":"Veikals","item":"https:\/\/www.hobstop.ee\/lv\/veikals\/"},{"@type":"ListItem","position":3,"name":"Dekorat\u012bvs paliktnis Rayher caursp\u012bd\u012bgs pakarin\u0101ms"}]},{"@type":"WebSite","@id":"https:\/\/hobstop.ee\/lv\/#website","url":"https:\/\/hobstop.ee\/lv\/","name":"Skizze","description":"M\u0101kslas, hobiju un skolas preces","publisher":{"@id":"https:\/\/hobstop.ee\/lv\/#organization"},"potentialAction":[{"@type":"SearchAction","target":{"@type":"EntryPoint","urlTemplate":"https:\/\/hobstop.ee\/lv\/?s={search_term_string}"},"query-input":{"@type":"PropertyValueSpecification","valueRequired":true,"valueName":"search_term_string"}}],"inLanguage":"lv-LV"},{"@type":"Organization","@id":"https:\/\/hobstop.ee\/lv\/#organization","name":"Vunder AS","url":"https:\/\/hobstop.ee\/lv\/","logo":{"@type":"ImageObject","inLanguage":"lv-LV","@id":"https:\/\/hobstop.ee\/lv\/#\/schema\/logo\/image\/","url":"https:\/\/hobstop.ee\/media\/vunder-logo.png","contentUrl":"https:\/\/hobstop.ee\/media\/vunder-logo.png","width":127,"height":55,"caption":"Vunder AS"},"image":{"@id":"https:\/\/hobstop.ee\/lv\/#\/schema\/logo\/image\/"},"sameAs":["http:\/\/www.facebook.com\/VunderSkizze"]}]}},"_links":{"self":[{"href":"https:\/\/hobstop.ee\/lv\/wp-json\/wp\/v2\/product\/254508","targetHints":{"allow":["GET"]}}],"collection":[{"href":"https:\/\/hobstop.ee\/lv\/wp-json\/wp\/v2\/product"}],"about":[{"href":"https:\/\/hobstop.ee\/lv\/wp-json\/wp\/v2\/types\/product"}],"replies":[{"embeddable":true,"href":"https:\/\/hobstop.ee\/lv\/wp-json\/wp\/v2\/comments?post=254508"}],"wp:attachment":[{"href":"https:\/\/hobstop.ee\/lv\/wp-json\/wp\/v2\/media?parent=254508"}],"wp:term":[{"taxonomy":"product_cat","embeddable":true,"href":"https:\/\/hobstop.ee\/lv\/wp-json\/wp\/v2\/product_cat?post=254508"},{"taxonomy":"product_tag","embeddable":true,"href":"https:\/\/hobstop.ee\/lv\/wp-json\/wp\/v2\/product_tag?post=254508"}],"curies":[{"name":"wp","href":"https:\/\/api.w.org\/{rel}","templated":true}]}}