{"id":25453,"date":"2014-12-09T13:35:28","date_gmt":"2014-12-09T11:35:28","guid":{"rendered":"https:\/\/sharks.ee\/vunder_2019.klient.veebimajutus.ee\/?post_type=product&#038;p=25453"},"modified":"2014-12-09T13:35:28","modified_gmt":"2014-12-09T11:35:28","slug":"lampa-daylight-artist-studio-clip-on","status":"publish","type":"product","link":"https:\/\/hobstop.ee\/lv\/produkts\/lampa-daylight-artist-studio-clip-on\/","title":{"rendered":"Lampa Daylight Artist Studio Clip-on"},"content":{"rendered":"<p>Izstr\u0101d\u0101ts speci\u0101li to m\u0101kslinieku, restauratoru un fotogr\u0101fu vajadz\u012bb\u0101m, kas str\u0101d\u0101 pie vid\u0113j\u0101m vai liel\u0101k\u0101m glezn\u0101m, sienas da\u013c\u0101m vai citiem liel\u0101kiem objektiem. Stat\u012bvs sasniedz 2.2 m augstumu un spilgt\u0101 Daylight 32W spuldze nodro\u0161ina ide\u0101lu apgaismojumu darbam ar kr\u0101s\u0101m. Dienasgaisma maz\u0101k nogurdina acis, \u013cauj lab\u0101k saskat\u012bt atsevi\u0161\u0137as deta\u013cas, k\u0101s ar\u012b ir optim\u0101lais apgaismojums cilv\u0113kiem ar pasliktin\u0101tu redzi.  Uz stat\u012bva ir iesp\u0113jams nostiprin\u0101t vair\u0101kus Daylight Clip-on Studio gaismek\u013cus. Pateicoties speci\u0101lajam stiprin\u0101jumam, gaismek\u013ci ir stingri fiks\u0113ti uz stat\u012bva ar\u012b apgaismojuma virziena iestat\u012b\u0161anas laik\u0101. Komplekt\u0101 3m gar\u0161 vads.<\/p>\n","protected":false},"excerpt":{"rendered":"<p>Izstr\u0101d\u0101ts speci\u0101li to m\u0101kslinieku, restauratoru un fotogr\u0101fu vajadz\u012bb\u0101m, kas str\u0101d\u0101 pie vid\u0113j\u0101m vai liel\u0101k\u0101m glezn\u0101m, sienas da\u013c\u0101m vai citiem liel\u0101kiem objektiem. Stat\u012bvs sasniedz 2.2 m augstumu un spilgt\u0101 Daylight 32W spuldze nodro\u0161ina ide\u0101lu apgaismojumu darbam ar kr\u0101s\u0101m. Dienasgaisma maz\u0101k nogurdina acis, \u013cauj lab\u0101k saskat\u012bt atsevi\u0161\u0137as deta\u013cas, k\u0101s ar\u012b ir optim\u0101lais apgaismojums cilv\u0113kiem ar pasliktin\u0101tu redzi. Uz stat\u012bva ir iesp\u0113jams nostiprin\u0101t vair\u0101kus Daylight Clip-on Studio gaismek\u013cus. Pateicoties speci\u0101lajam stiprin\u0101jumam, gaismek\u013ci ir stingri fiks\u0113ti uz stat\u012bva ar\u012b apgaismojuma virziena iestat\u012b\u0161anas laik\u0101. Komplekt\u0101 3m gar\u0161 vads.<\/p>\n","protected":false},"featured_media":106850,"comment_status":"closed","ping_status":"closed","template":"","meta":{"_acf_changed":false,"ep_exclude_from_search":false},"product_cat":[18798,20060],"product_tag":[],"class_list":{"0":"post-25453","1":"product","2":"type-product","3":"status-publish","4":"has-post-thumbnail","6":"product_cat-lampas-3","7":"product_cat-makslinieku-lampas","9":"first","10":"instock","11":"taxable","12":"shipping-taxable","13":"purchasable","14":"product-type-variable"},"acf":[],"yoast_head":"<!-- This site is optimized with the Yoast SEO plugin v24.1 - https:\/\/yoast.com\/wordpress\/plugins\/seo\/ -->\n<title>Lampa Daylight Artist Studio Clip-on &#8211; Skizze<\/title>\n<meta name=\"robots\" content=\"noindex, follow, max-snippet:-1, max-image-preview:large, max-video-preview:-1\" \/>\n<meta property=\"og:locale\" content=\"lv_LV\" \/>\n<meta property=\"og:type\" content=\"article\" \/>\n<meta property=\"og:title\" content=\"Lampa Daylight Artist Studio Clip-on &#8211; Skizze\" \/>\n<meta property=\"og:description\" content=\"Izstr\u0101d\u0101ts speci\u0101li to m\u0101kslinieku, restauratoru un fotogr\u0101fu vajadz\u012bb\u0101m, kas str\u0101d\u0101 pie vid\u0113j\u0101m vai liel\u0101k\u0101m glezn\u0101m, sienas da\u013c\u0101m vai citiem liel\u0101kiem objektiem. Stat\u012bvs sasniedz 2.2 m augstumu un spilgt\u0101 Daylight 32W spuldze nodro\u0161ina ide\u0101lu apgaismojumu darbam ar kr\u0101s\u0101m. Dienasgaisma maz\u0101k nogurdina acis, \u013cauj lab\u0101k saskat\u012bt atsevi\u0161\u0137as deta\u013cas, k\u0101s ar\u012b ir optim\u0101lais apgaismojums cilv\u0113kiem ar pasliktin\u0101tu redzi. Uz stat\u012bva ir iesp\u0113jams nostiprin\u0101t vair\u0101kus Daylight Clip-on Studio gaismek\u013cus. Pateicoties speci\u0101lajam stiprin\u0101jumam, gaismek\u013ci ir stingri fiks\u0113ti uz stat\u012bva ar\u012b apgaismojuma virziena iestat\u012b\u0161anas laik\u0101. Komplekt\u0101 3m gar\u0161 vads.\" \/>\n<meta property=\"og:url\" content=\"https:\/\/hobstop.ee\/lv\/produkts\/lampa-daylight-artist-studio-clip-on\/\" \/>\n<meta property=\"og:site_name\" content=\"Skizze\" \/>\n<meta property=\"article:publisher\" content=\"http:\/\/www.facebook.com\/VunderSkizze\" \/>\n<meta property=\"og:image\" content=\"https:\/\/www.hobstop.ee\/media\/3379.jpg\" \/>\n\t<meta property=\"og:image:width\" content=\"1024\" \/>\n\t<meta property=\"og:image:height\" content=\"768\" \/>\n\t<meta property=\"og:image:type\" content=\"image\/jpeg\" \/>\n<meta name=\"twitter:card\" content=\"summary_large_image\" \/>\n<meta name=\"twitter:label1\" content=\"Est. reading time\" \/>\n\t<meta name=\"twitter:data1\" content=\"1 min\u016b\u0161u\" \/>\n<script type=\"application\/ld+json\" class=\"yoast-schema-graph\">{\"@context\":\"https:\/\/schema.org\",\"@graph\":[{\"@type\":\"WebPage\",\"@id\":\"https:\/\/hobstop.ee\/lv\/produkts\/lampa-daylight-artist-studio-clip-on\/\",\"url\":\"https:\/\/hobstop.ee\/lv\/produkts\/lampa-daylight-artist-studio-clip-on\/\",\"name\":\"Lampa Daylight Artist Studio Clip-on &#8211; Skizze\",\"isPartOf\":{\"@id\":\"https:\/\/hobstop.ee\/lv\/#website\"},\"primaryImageOfPage\":{\"@id\":\"https:\/\/hobstop.ee\/lv\/produkts\/lampa-daylight-artist-studio-clip-on\/#primaryimage\"},\"image\":{\"@id\":\"https:\/\/hobstop.ee\/lv\/produkts\/lampa-daylight-artist-studio-clip-on\/#primaryimage\"},\"thumbnailUrl\":\"https:\/\/hobstop.ee\/media\/3379.jpg\",\"datePublished\":\"2014-12-09T11:35:28+00:00\",\"dateModified\":\"2014-12-09T11:35:28+00:00\",\"breadcrumb\":{\"@id\":\"https:\/\/hobstop.ee\/lv\/produkts\/lampa-daylight-artist-studio-clip-on\/#breadcrumb\"},\"inLanguage\":\"lv-LV\",\"potentialAction\":[{\"@type\":\"ReadAction\",\"target\":[\"https:\/\/hobstop.ee\/lv\/produkts\/lampa-daylight-artist-studio-clip-on\/\"]}]},{\"@type\":\"ImageObject\",\"inLanguage\":\"lv-LV\",\"@id\":\"https:\/\/hobstop.ee\/lv\/produkts\/lampa-daylight-artist-studio-clip-on\/#primaryimage\",\"url\":\"https:\/\/hobstop.ee\/media\/3379.jpg\",\"contentUrl\":\"https:\/\/hobstop.ee\/media\/3379.jpg\",\"width\":1024,\"height\":768},{\"@type\":\"BreadcrumbList\",\"@id\":\"https:\/\/hobstop.ee\/lv\/produkts\/lampa-daylight-artist-studio-clip-on\/#breadcrumb\",\"itemListElement\":[{\"@type\":\"ListItem\",\"position\":1,\"name\":\"Avaleht\",\"item\":\"https:\/\/www.hobstop.ee\/lv\/\"},{\"@type\":\"ListItem\",\"position\":2,\"name\":\"Veikals\",\"item\":\"https:\/\/www.hobstop.ee\/lv\/veikals\/\"},{\"@type\":\"ListItem\",\"position\":3,\"name\":\"Lampa Daylight Artist Studio Clip-on\"}]},{\"@type\":\"WebSite\",\"@id\":\"https:\/\/hobstop.ee\/lv\/#website\",\"url\":\"https:\/\/hobstop.ee\/lv\/\",\"name\":\"Skizze\",\"description\":\"M\u0101kslas, hobiju un skolas preces\",\"publisher\":{\"@id\":\"https:\/\/hobstop.ee\/lv\/#organization\"},\"potentialAction\":[{\"@type\":\"SearchAction\",\"target\":{\"@type\":\"EntryPoint\",\"urlTemplate\":\"https:\/\/hobstop.ee\/lv\/?s={search_term_string}\"},\"query-input\":{\"@type\":\"PropertyValueSpecification\",\"valueRequired\":true,\"valueName\":\"search_term_string\"}}],\"inLanguage\":\"lv-LV\"},{\"@type\":\"Organization\",\"@id\":\"https:\/\/hobstop.ee\/lv\/#organization\",\"name\":\"Vunder AS\",\"url\":\"https:\/\/hobstop.ee\/lv\/\",\"logo\":{\"@type\":\"ImageObject\",\"inLanguage\":\"lv-LV\",\"@id\":\"https:\/\/hobstop.ee\/lv\/#\/schema\/logo\/image\/\",\"url\":\"https:\/\/hobstop.ee\/media\/vunder-logo.png\",\"contentUrl\":\"https:\/\/hobstop.ee\/media\/vunder-logo.png\",\"width\":127,\"height\":55,\"caption\":\"Vunder AS\"},\"image\":{\"@id\":\"https:\/\/hobstop.ee\/lv\/#\/schema\/logo\/image\/\"},\"sameAs\":[\"http:\/\/www.facebook.com\/VunderSkizze\"]}]}<\/script>\n<!-- \/ Yoast SEO plugin. -->","yoast_head_json":{"title":"Lampa Daylight Artist Studio Clip-on &#8211; Skizze","robots":{"index":"noindex","follow":"follow","max-snippet":"max-snippet:-1","max-image-preview":"max-image-preview:large","max-video-preview":"max-video-preview:-1"},"og_locale":"lv_LV","og_type":"article","og_title":"Lampa Daylight Artist Studio Clip-on &#8211; Skizze","og_description":"Izstr\u0101d\u0101ts speci\u0101li to m\u0101kslinieku, restauratoru un fotogr\u0101fu vajadz\u012bb\u0101m, kas str\u0101d\u0101 pie vid\u0113j\u0101m vai liel\u0101k\u0101m glezn\u0101m, sienas da\u013c\u0101m vai citiem liel\u0101kiem objektiem. Stat\u012bvs sasniedz 2.2 m augstumu un spilgt\u0101 Daylight 32W spuldze nodro\u0161ina ide\u0101lu apgaismojumu darbam ar kr\u0101s\u0101m. Dienasgaisma maz\u0101k nogurdina acis, \u013cauj lab\u0101k saskat\u012bt atsevi\u0161\u0137as deta\u013cas, k\u0101s ar\u012b ir optim\u0101lais apgaismojums cilv\u0113kiem ar pasliktin\u0101tu redzi. Uz stat\u012bva ir iesp\u0113jams nostiprin\u0101t vair\u0101kus Daylight Clip-on Studio gaismek\u013cus. Pateicoties speci\u0101lajam stiprin\u0101jumam, gaismek\u013ci ir stingri fiks\u0113ti uz stat\u012bva ar\u012b apgaismojuma virziena iestat\u012b\u0161anas laik\u0101. Komplekt\u0101 3m gar\u0161 vads.","og_url":"https:\/\/hobstop.ee\/lv\/produkts\/lampa-daylight-artist-studio-clip-on\/","og_site_name":"Skizze","article_publisher":"http:\/\/www.facebook.com\/VunderSkizze","og_image":[{"width":1024,"height":768,"url":"https:\/\/www.hobstop.ee\/media\/3379.jpg","type":"image\/jpeg"}],"twitter_card":"summary_large_image","twitter_misc":{"Est. reading time":"1 min\u016b\u0161u"},"schema":{"@context":"https:\/\/schema.org","@graph":[{"@type":"WebPage","@id":"https:\/\/hobstop.ee\/lv\/produkts\/lampa-daylight-artist-studio-clip-on\/","url":"https:\/\/hobstop.ee\/lv\/produkts\/lampa-daylight-artist-studio-clip-on\/","name":"Lampa Daylight Artist Studio Clip-on &#8211; Skizze","isPartOf":{"@id":"https:\/\/hobstop.ee\/lv\/#website"},"primaryImageOfPage":{"@id":"https:\/\/hobstop.ee\/lv\/produkts\/lampa-daylight-artist-studio-clip-on\/#primaryimage"},"image":{"@id":"https:\/\/hobstop.ee\/lv\/produkts\/lampa-daylight-artist-studio-clip-on\/#primaryimage"},"thumbnailUrl":"https:\/\/hobstop.ee\/media\/3379.jpg","datePublished":"2014-12-09T11:35:28+00:00","dateModified":"2014-12-09T11:35:28+00:00","breadcrumb":{"@id":"https:\/\/hobstop.ee\/lv\/produkts\/lampa-daylight-artist-studio-clip-on\/#breadcrumb"},"inLanguage":"lv-LV","potentialAction":[{"@type":"ReadAction","target":["https:\/\/hobstop.ee\/lv\/produkts\/lampa-daylight-artist-studio-clip-on\/"]}]},{"@type":"ImageObject","inLanguage":"lv-LV","@id":"https:\/\/hobstop.ee\/lv\/produkts\/lampa-daylight-artist-studio-clip-on\/#primaryimage","url":"https:\/\/hobstop.ee\/media\/3379.jpg","contentUrl":"https:\/\/hobstop.ee\/media\/3379.jpg","width":1024,"height":768},{"@type":"BreadcrumbList","@id":"https:\/\/hobstop.ee\/lv\/produkts\/lampa-daylight-artist-studio-clip-on\/#breadcrumb","itemListElement":[{"@type":"ListItem","position":1,"name":"Avaleht","item":"https:\/\/www.hobstop.ee\/lv\/"},{"@type":"ListItem","position":2,"name":"Veikals","item":"https:\/\/www.hobstop.ee\/lv\/veikals\/"},{"@type":"ListItem","position":3,"name":"Lampa Daylight Artist Studio Clip-on"}]},{"@type":"WebSite","@id":"https:\/\/hobstop.ee\/lv\/#website","url":"https:\/\/hobstop.ee\/lv\/","name":"Skizze","description":"M\u0101kslas, hobiju un skolas preces","publisher":{"@id":"https:\/\/hobstop.ee\/lv\/#organization"},"potentialAction":[{"@type":"SearchAction","target":{"@type":"EntryPoint","urlTemplate":"https:\/\/hobstop.ee\/lv\/?s={search_term_string}"},"query-input":{"@type":"PropertyValueSpecification","valueRequired":true,"valueName":"search_term_string"}}],"inLanguage":"lv-LV"},{"@type":"Organization","@id":"https:\/\/hobstop.ee\/lv\/#organization","name":"Vunder AS","url":"https:\/\/hobstop.ee\/lv\/","logo":{"@type":"ImageObject","inLanguage":"lv-LV","@id":"https:\/\/hobstop.ee\/lv\/#\/schema\/logo\/image\/","url":"https:\/\/hobstop.ee\/media\/vunder-logo.png","contentUrl":"https:\/\/hobstop.ee\/media\/vunder-logo.png","width":127,"height":55,"caption":"Vunder AS"},"image":{"@id":"https:\/\/hobstop.ee\/lv\/#\/schema\/logo\/image\/"},"sameAs":["http:\/\/www.facebook.com\/VunderSkizze"]}]}},"_links":{"self":[{"href":"https:\/\/hobstop.ee\/lv\/wp-json\/wp\/v2\/product\/25453","targetHints":{"allow":["GET"]}}],"collection":[{"href":"https:\/\/hobstop.ee\/lv\/wp-json\/wp\/v2\/product"}],"about":[{"href":"https:\/\/hobstop.ee\/lv\/wp-json\/wp\/v2\/types\/product"}],"replies":[{"embeddable":true,"href":"https:\/\/hobstop.ee\/lv\/wp-json\/wp\/v2\/comments?post=25453"}],"wp:featuredmedia":[{"embeddable":true,"href":"https:\/\/hobstop.ee\/lv\/wp-json\/wp\/v2\/media\/106850"}],"wp:attachment":[{"href":"https:\/\/hobstop.ee\/lv\/wp-json\/wp\/v2\/media?parent=25453"}],"wp:term":[{"taxonomy":"product_cat","embeddable":true,"href":"https:\/\/hobstop.ee\/lv\/wp-json\/wp\/v2\/product_cat?post=25453"},{"taxonomy":"product_tag","embeddable":true,"href":"https:\/\/hobstop.ee\/lv\/wp-json\/wp\/v2\/product_tag?post=25453"}],"curies":[{"name":"wp","href":"https:\/\/api.w.org\/{rel}","templated":true}]}}