{"id":255784,"date":"2016-03-10T12:59:48","date_gmt":"2016-03-10T10:59:48","guid":{"rendered":"https:\/\/sharks.ee\/vunder_2019\/lv\/product\/veidosanas-masa-darwi-kids\/"},"modified":"2016-03-10T12:59:48","modified_gmt":"2016-03-10T10:59:48","slug":"veidosanas-masa-darwi-kids","status":"publish","type":"product","link":"https:\/\/hobstop.ee\/lv\/produkts\/veidosanas-masa-darwi-kids\/","title":{"rendered":"Veido\u0161anas masa Darwi Kids"},"content":{"rendered":"<p>Darwi Kids ir \u013coti m\u012bksts veido\u0161anas m\u0101ls, kas iz\u017e\u016bst un saciet\u0113 gaisa ietkm\u0113. Tas ir piem\u0113rots materi\u0101ls b\u0113rniem, k\u0101 ar\u012b noder atvese\u013co\u0161an\u0101s proces\u0101 p\u0113c pirkstu traum\u0101m. Var izmantot veido\u0161an\u0101, skulpt\u016bru, le\u013c\u013cu, rotaslietu, rot\u0101jumu, sienu dekor\u0113jumu, miniat\u016bru veido\u0161an\u0101 utt. Darwi Kids veido\u0161anas m\u0101lam nav smar\u017eas, tas nel\u012bp pie rok\u0101m. \u017d\u016b\u0161anas laiks ir 24 stundas, iz\u017e\u016bstot nesaraujas.<\/p>\n","protected":false},"excerpt":{"rendered":"<p>Darwi Kids ir \u013coti m\u012bksts veido\u0161anas m\u0101ls, kas iz\u017e\u016bst un saciet\u0113 gaisa ietkm\u0113. Tas ir piem\u0113rots materi\u0101ls b\u0113rniem, k\u0101 ar\u012b noder atvese\u013co\u0161an\u0101s proces\u0101 p\u0113c pirkstu traum\u0101m. Var izmantot veido\u0161an\u0101, skulpt\u016bru, le\u013c\u013cu, rotaslietu, rot\u0101jumu, sienu dekor\u0113jumu, miniat\u016bru veido\u0161an\u0101 utt. Darwi Kids veido\u0161anas m\u0101lam nav smar\u017eas, tas nel\u012bp pie rok\u0101m. \u017d\u016b\u0161anas laiks ir 24 stundas, iz\u017e\u016bstot nesaraujas.<\/p>\n","protected":false},"featured_media":353255,"comment_status":"closed","ping_status":"closed","template":"","meta":{"_acf_changed":false,"ep_exclude_from_search":false},"product_cat":[18191,17918,20086],"product_tag":[],"class_list":{"0":"post-255784","1":"product","2":"type-product","3":"status-publish","4":"has-post-thumbnail","6":"product_cat-mali-2","7":"product_cat-preces-hobijiem","8":"product_cat-veidosanas-masas-un-piederumi-2","10":"first","11":"instock","12":"taxable","13":"shipping-taxable","14":"purchasable","15":"product-type-simple"},"acf":[],"yoast_head":"<!-- This site is optimized with the Yoast SEO plugin v24.1 - https:\/\/yoast.com\/wordpress\/plugins\/seo\/ -->\n<title>Veido\u0161anas masa Darwi Kids &#8211; Skizze<\/title>\n<meta name=\"robots\" content=\"noindex, follow, max-snippet:-1, max-image-preview:large, max-video-preview:-1\" \/>\n<meta property=\"og:locale\" content=\"lv_LV\" \/>\n<meta property=\"og:type\" content=\"article\" \/>\n<meta property=\"og:title\" content=\"Veido\u0161anas masa Darwi Kids &#8211; Skizze\" \/>\n<meta property=\"og:description\" content=\"Darwi Kids ir \u013coti m\u012bksts veido\u0161anas m\u0101ls, kas iz\u017e\u016bst un saciet\u0113 gaisa ietkm\u0113. Tas ir piem\u0113rots materi\u0101ls b\u0113rniem, k\u0101 ar\u012b noder atvese\u013co\u0161an\u0101s proces\u0101 p\u0113c pirkstu traum\u0101m. Var izmantot veido\u0161an\u0101, skulpt\u016bru, le\u013c\u013cu, rotaslietu, rot\u0101jumu, sienu dekor\u0113jumu, miniat\u016bru veido\u0161an\u0101 utt. Darwi Kids veido\u0161anas m\u0101lam nav smar\u017eas, tas nel\u012bp pie rok\u0101m. \u017d\u016b\u0161anas laiks ir 24 stundas, iz\u017e\u016bstot nesaraujas.\" \/>\n<meta property=\"og:url\" content=\"https:\/\/hobstop.ee\/lv\/produkts\/veidosanas-masa-darwi-kids\/\" \/>\n<meta property=\"og:site_name\" content=\"Skizze\" \/>\n<meta property=\"article:publisher\" content=\"http:\/\/www.facebook.com\/VunderSkizze\" \/>\n<meta property=\"og:image\" content=\"https:\/\/hobstop.ee\/media\/4157.jpg\" \/>\n\t<meta property=\"og:image:width\" content=\"1024\" \/>\n\t<meta property=\"og:image:height\" content=\"768\" \/>\n\t<meta property=\"og:image:type\" content=\"image\/jpeg\" \/>\n<meta name=\"twitter:card\" content=\"summary_large_image\" \/>\n<script type=\"application\/ld+json\" class=\"yoast-schema-graph\">{\"@context\":\"https:\/\/schema.org\",\"@graph\":[{\"@type\":\"WebPage\",\"@id\":\"https:\/\/hobstop.ee\/lv\/produkts\/veidosanas-masa-darwi-kids\/\",\"url\":\"https:\/\/hobstop.ee\/lv\/produkts\/veidosanas-masa-darwi-kids\/\",\"name\":\"Veido\u0161anas masa Darwi Kids &#8211; Skizze\",\"isPartOf\":{\"@id\":\"https:\/\/hobstop.ee\/lv\/#website\"},\"primaryImageOfPage\":{\"@id\":\"https:\/\/hobstop.ee\/lv\/produkts\/veidosanas-masa-darwi-kids\/#primaryimage\"},\"image\":{\"@id\":\"https:\/\/hobstop.ee\/lv\/produkts\/veidosanas-masa-darwi-kids\/#primaryimage\"},\"thumbnailUrl\":\"https:\/\/hobstop.ee\/media\/4157.jpg\",\"datePublished\":\"2016-03-10T10:59:48+00:00\",\"dateModified\":\"2016-03-10T10:59:48+00:00\",\"breadcrumb\":{\"@id\":\"https:\/\/hobstop.ee\/lv\/produkts\/veidosanas-masa-darwi-kids\/#breadcrumb\"},\"inLanguage\":\"lv-LV\",\"potentialAction\":[{\"@type\":\"ReadAction\",\"target\":[\"https:\/\/hobstop.ee\/lv\/produkts\/veidosanas-masa-darwi-kids\/\"]}]},{\"@type\":\"ImageObject\",\"inLanguage\":\"lv-LV\",\"@id\":\"https:\/\/hobstop.ee\/lv\/produkts\/veidosanas-masa-darwi-kids\/#primaryimage\",\"url\":\"https:\/\/hobstop.ee\/media\/4157.jpg\",\"contentUrl\":\"https:\/\/hobstop.ee\/media\/4157.jpg\",\"width\":1024,\"height\":768},{\"@type\":\"BreadcrumbList\",\"@id\":\"https:\/\/hobstop.ee\/lv\/produkts\/veidosanas-masa-darwi-kids\/#breadcrumb\",\"itemListElement\":[{\"@type\":\"ListItem\",\"position\":1,\"name\":\"Avaleht\",\"item\":\"https:\/\/hobstop.ee\/lv\/\"},{\"@type\":\"ListItem\",\"position\":2,\"name\":\"Veikals\",\"item\":\"https:\/\/hobstop.ee\/lv\/veikals\/\"},{\"@type\":\"ListItem\",\"position\":3,\"name\":\"Veido\u0161anas masa Darwi Kids\"}]},{\"@type\":\"WebSite\",\"@id\":\"https:\/\/hobstop.ee\/lv\/#website\",\"url\":\"https:\/\/hobstop.ee\/lv\/\",\"name\":\"Skizze\",\"description\":\"M\u0101kslas, hobiju un skolas preces\",\"publisher\":{\"@id\":\"https:\/\/hobstop.ee\/lv\/#organization\"},\"potentialAction\":[{\"@type\":\"SearchAction\",\"target\":{\"@type\":\"EntryPoint\",\"urlTemplate\":\"https:\/\/hobstop.ee\/lv\/?s={search_term_string}\"},\"query-input\":{\"@type\":\"PropertyValueSpecification\",\"valueRequired\":true,\"valueName\":\"search_term_string\"}}],\"inLanguage\":\"lv-LV\"},{\"@type\":\"Organization\",\"@id\":\"https:\/\/hobstop.ee\/lv\/#organization\",\"name\":\"Vunder AS\",\"url\":\"https:\/\/hobstop.ee\/lv\/\",\"logo\":{\"@type\":\"ImageObject\",\"inLanguage\":\"lv-LV\",\"@id\":\"https:\/\/hobstop.ee\/lv\/#\/schema\/logo\/image\/\",\"url\":\"https:\/\/hobstop.ee\/media\/vunder-logo.png\",\"contentUrl\":\"https:\/\/hobstop.ee\/media\/vunder-logo.png\",\"width\":127,\"height\":55,\"caption\":\"Vunder AS\"},\"image\":{\"@id\":\"https:\/\/hobstop.ee\/lv\/#\/schema\/logo\/image\/\"},\"sameAs\":[\"http:\/\/www.facebook.com\/VunderSkizze\"]}]}<\/script>\n<!-- \/ Yoast SEO plugin. -->","yoast_head_json":{"title":"Veido\u0161anas masa Darwi Kids &#8211; Skizze","robots":{"index":"noindex","follow":"follow","max-snippet":"max-snippet:-1","max-image-preview":"max-image-preview:large","max-video-preview":"max-video-preview:-1"},"og_locale":"lv_LV","og_type":"article","og_title":"Veido\u0161anas masa Darwi Kids &#8211; Skizze","og_description":"Darwi Kids ir \u013coti m\u012bksts veido\u0161anas m\u0101ls, kas iz\u017e\u016bst un saciet\u0113 gaisa ietkm\u0113. Tas ir piem\u0113rots materi\u0101ls b\u0113rniem, k\u0101 ar\u012b noder atvese\u013co\u0161an\u0101s proces\u0101 p\u0113c pirkstu traum\u0101m. Var izmantot veido\u0161an\u0101, skulpt\u016bru, le\u013c\u013cu, rotaslietu, rot\u0101jumu, sienu dekor\u0113jumu, miniat\u016bru veido\u0161an\u0101 utt. Darwi Kids veido\u0161anas m\u0101lam nav smar\u017eas, tas nel\u012bp pie rok\u0101m. \u017d\u016b\u0161anas laiks ir 24 stundas, iz\u017e\u016bstot nesaraujas.","og_url":"https:\/\/hobstop.ee\/lv\/produkts\/veidosanas-masa-darwi-kids\/","og_site_name":"Skizze","article_publisher":"http:\/\/www.facebook.com\/VunderSkizze","og_image":[{"width":1024,"height":768,"url":"https:\/\/hobstop.ee\/media\/4157.jpg","type":"image\/jpeg"}],"twitter_card":"summary_large_image","schema":{"@context":"https:\/\/schema.org","@graph":[{"@type":"WebPage","@id":"https:\/\/hobstop.ee\/lv\/produkts\/veidosanas-masa-darwi-kids\/","url":"https:\/\/hobstop.ee\/lv\/produkts\/veidosanas-masa-darwi-kids\/","name":"Veido\u0161anas masa Darwi Kids &#8211; Skizze","isPartOf":{"@id":"https:\/\/hobstop.ee\/lv\/#website"},"primaryImageOfPage":{"@id":"https:\/\/hobstop.ee\/lv\/produkts\/veidosanas-masa-darwi-kids\/#primaryimage"},"image":{"@id":"https:\/\/hobstop.ee\/lv\/produkts\/veidosanas-masa-darwi-kids\/#primaryimage"},"thumbnailUrl":"https:\/\/hobstop.ee\/media\/4157.jpg","datePublished":"2016-03-10T10:59:48+00:00","dateModified":"2016-03-10T10:59:48+00:00","breadcrumb":{"@id":"https:\/\/hobstop.ee\/lv\/produkts\/veidosanas-masa-darwi-kids\/#breadcrumb"},"inLanguage":"lv-LV","potentialAction":[{"@type":"ReadAction","target":["https:\/\/hobstop.ee\/lv\/produkts\/veidosanas-masa-darwi-kids\/"]}]},{"@type":"ImageObject","inLanguage":"lv-LV","@id":"https:\/\/hobstop.ee\/lv\/produkts\/veidosanas-masa-darwi-kids\/#primaryimage","url":"https:\/\/hobstop.ee\/media\/4157.jpg","contentUrl":"https:\/\/hobstop.ee\/media\/4157.jpg","width":1024,"height":768},{"@type":"BreadcrumbList","@id":"https:\/\/hobstop.ee\/lv\/produkts\/veidosanas-masa-darwi-kids\/#breadcrumb","itemListElement":[{"@type":"ListItem","position":1,"name":"Avaleht","item":"https:\/\/hobstop.ee\/lv\/"},{"@type":"ListItem","position":2,"name":"Veikals","item":"https:\/\/hobstop.ee\/lv\/veikals\/"},{"@type":"ListItem","position":3,"name":"Veido\u0161anas masa Darwi Kids"}]},{"@type":"WebSite","@id":"https:\/\/hobstop.ee\/lv\/#website","url":"https:\/\/hobstop.ee\/lv\/","name":"Skizze","description":"M\u0101kslas, hobiju un skolas preces","publisher":{"@id":"https:\/\/hobstop.ee\/lv\/#organization"},"potentialAction":[{"@type":"SearchAction","target":{"@type":"EntryPoint","urlTemplate":"https:\/\/hobstop.ee\/lv\/?s={search_term_string}"},"query-input":{"@type":"PropertyValueSpecification","valueRequired":true,"valueName":"search_term_string"}}],"inLanguage":"lv-LV"},{"@type":"Organization","@id":"https:\/\/hobstop.ee\/lv\/#organization","name":"Vunder AS","url":"https:\/\/hobstop.ee\/lv\/","logo":{"@type":"ImageObject","inLanguage":"lv-LV","@id":"https:\/\/hobstop.ee\/lv\/#\/schema\/logo\/image\/","url":"https:\/\/hobstop.ee\/media\/vunder-logo.png","contentUrl":"https:\/\/hobstop.ee\/media\/vunder-logo.png","width":127,"height":55,"caption":"Vunder AS"},"image":{"@id":"https:\/\/hobstop.ee\/lv\/#\/schema\/logo\/image\/"},"sameAs":["http:\/\/www.facebook.com\/VunderSkizze"]}]}},"_links":{"self":[{"href":"https:\/\/hobstop.ee\/lv\/wp-json\/wp\/v2\/product\/255784","targetHints":{"allow":["GET"]}}],"collection":[{"href":"https:\/\/hobstop.ee\/lv\/wp-json\/wp\/v2\/product"}],"about":[{"href":"https:\/\/hobstop.ee\/lv\/wp-json\/wp\/v2\/types\/product"}],"replies":[{"embeddable":true,"href":"https:\/\/hobstop.ee\/lv\/wp-json\/wp\/v2\/comments?post=255784"}],"wp:featuredmedia":[{"embeddable":true,"href":"https:\/\/hobstop.ee\/lv\/wp-json\/wp\/v2\/media\/353255"}],"wp:attachment":[{"href":"https:\/\/hobstop.ee\/lv\/wp-json\/wp\/v2\/media?parent=255784"}],"wp:term":[{"taxonomy":"product_cat","embeddable":true,"href":"https:\/\/hobstop.ee\/lv\/wp-json\/wp\/v2\/product_cat?post=255784"},{"taxonomy":"product_tag","embeddable":true,"href":"https:\/\/hobstop.ee\/lv\/wp-json\/wp\/v2\/product_tag?post=255784"}],"curies":[{"name":"wp","href":"https:\/\/api.w.org\/{rel}","templated":true}]}}