{"id":255788,"date":"2016-03-10T12:59:49","date_gmt":"2016-03-10T10:59:49","guid":{"rendered":"https:\/\/sharks.ee\/vunder_2019\/lv\/product\/veidosanas-masa-darwi-extra-light\/"},"modified":"2016-03-10T12:59:49","modified_gmt":"2016-03-10T10:59:49","slug":"veidosanas-masa-darwi-extra-light","status":"publish","type":"product","link":"https:\/\/hobstop.ee\/lv\/produkts\/veidosanas-masa-darwi-extra-light\/","title":{"rendered":"Veido\u0161anas masa Darwi Extra Light"},"content":{"rendered":"<p>Darwi Extra Light ir \u013coti viegls, m\u012bksts un vij\u012bgs veido\u0161anas m\u0101ls, kas iz\u017e\u016bst un saciet\u0113 gaisa ietekm\u0113. Nesm\u0113r\u0113 rokas un ap\u0123\u0113rbu. Lieliski piem\u0113rots kart\u012b\u0161u veido\u0161anai un citiem rokdarbiem, kur nepiecie\u0161ami veidoti elementi, kas nav smagi. \u0160is m\u0101ls nenogrimst pat \u016bden\u012b! Darwi Extra Light ir hipoaler\u0123isks, ar \u012bpa\u0161i m\u012bkstu strukt\u016bru, viegli veidojams, t\u0101d\u0113\u013c ir lieliski piem\u0113rots mazu\u013cu roku vai p\u0113du nospiedumiem. \u017d\u016b\u0161anas laiks ir 24 stundas, iz\u017e\u016bstot nesaraujas.<\/p>\n","protected":false},"excerpt":{"rendered":"<p>Darwi Extra Light ir \u013coti viegls, m\u012bksts un vij\u012bgs veido\u0161anas m\u0101ls, kas iz\u017e\u016bst un saciet\u0113 gaisa ietekm\u0113. Nesm\u0113r\u0113 rokas un ap\u0123\u0113rbu. Lieliski piem\u0113rots kart\u012b\u0161u veido\u0161anai un citiem rokdarbiem, kur nepiecie\u0161ami veidoti elementi, kas nav smagi. \u0160is m\u0101ls nenogrimst pat \u016bden\u012b! Darwi Extra Light ir hipoaler\u0123isks, ar \u012bpa\u0161i m\u012bkstu strukt\u016bru, viegli veidojams, t\u0101d\u0113\u013c ir lieliski piem\u0113rots mazu\u013cu roku vai p\u0113du nospiedumiem. \u017d\u016b\u0161anas laiks ir 24 stundas, iz\u017e\u016bstot nesaraujas.<\/p>\n","protected":false},"featured_media":354423,"comment_status":"closed","ping_status":"closed","template":"","meta":{"_acf_changed":false,"ep_exclude_from_search":false},"product_cat":[18191,17918,20086],"product_tag":[],"class_list":{"0":"post-255788","1":"product","2":"type-product","3":"status-publish","4":"has-post-thumbnail","6":"product_cat-mali-2","7":"product_cat-preces-hobijiem","8":"product_cat-veidosanas-masas-un-piederumi-2","10":"first","11":"instock","12":"taxable","13":"shipping-taxable","14":"purchasable","15":"product-type-simple"},"acf":[],"yoast_head":"<!-- This site is optimized with the Yoast SEO plugin v24.1 - https:\/\/yoast.com\/wordpress\/plugins\/seo\/ -->\n<title>Veido\u0161anas masa Darwi Extra Light &#8211; Skizze<\/title>\n<meta name=\"robots\" content=\"noindex, follow, max-snippet:-1, max-image-preview:large, max-video-preview:-1\" \/>\n<meta property=\"og:locale\" content=\"lv_LV\" \/>\n<meta property=\"og:type\" content=\"article\" \/>\n<meta property=\"og:title\" content=\"Veido\u0161anas masa Darwi Extra Light &#8211; Skizze\" \/>\n<meta property=\"og:description\" content=\"Darwi Extra Light ir \u013coti viegls, m\u012bksts un vij\u012bgs veido\u0161anas m\u0101ls, kas iz\u017e\u016bst un saciet\u0113 gaisa ietekm\u0113. Nesm\u0113r\u0113 rokas un ap\u0123\u0113rbu. Lieliski piem\u0113rots kart\u012b\u0161u veido\u0161anai un citiem rokdarbiem, kur nepiecie\u0161ami veidoti elementi, kas nav smagi. \u0160is m\u0101ls nenogrimst pat \u016bden\u012b! Darwi Extra Light ir hipoaler\u0123isks, ar \u012bpa\u0161i m\u012bkstu strukt\u016bru, viegli veidojams, t\u0101d\u0113\u013c ir lieliski piem\u0113rots mazu\u013cu roku vai p\u0113du nospiedumiem. \u017d\u016b\u0161anas laiks ir 24 stundas, iz\u017e\u016bstot nesaraujas.\" \/>\n<meta property=\"og:url\" content=\"https:\/\/hobstop.ee\/lv\/produkts\/veidosanas-masa-darwi-extra-light\/\" \/>\n<meta property=\"og:site_name\" content=\"Skizze\" \/>\n<meta property=\"article:publisher\" content=\"http:\/\/www.facebook.com\/VunderSkizze\" \/>\n<meta property=\"og:image\" content=\"https:\/\/hobstop.ee\/media\/4158.jpg\" \/>\n\t<meta property=\"og:image:width\" content=\"1024\" \/>\n\t<meta property=\"og:image:height\" content=\"768\" \/>\n\t<meta property=\"og:image:type\" content=\"image\/jpeg\" \/>\n<meta name=\"twitter:card\" content=\"summary_large_image\" \/>\n<script type=\"application\/ld+json\" class=\"yoast-schema-graph\">{\"@context\":\"https:\/\/schema.org\",\"@graph\":[{\"@type\":\"WebPage\",\"@id\":\"https:\/\/hobstop.ee\/lv\/produkts\/veidosanas-masa-darwi-extra-light\/\",\"url\":\"https:\/\/hobstop.ee\/lv\/produkts\/veidosanas-masa-darwi-extra-light\/\",\"name\":\"Veido\u0161anas masa Darwi Extra Light &#8211; Skizze\",\"isPartOf\":{\"@id\":\"https:\/\/hobstop.ee\/lv\/#website\"},\"primaryImageOfPage\":{\"@id\":\"https:\/\/hobstop.ee\/lv\/produkts\/veidosanas-masa-darwi-extra-light\/#primaryimage\"},\"image\":{\"@id\":\"https:\/\/hobstop.ee\/lv\/produkts\/veidosanas-masa-darwi-extra-light\/#primaryimage\"},\"thumbnailUrl\":\"https:\/\/hobstop.ee\/media\/4158.jpg\",\"datePublished\":\"2016-03-10T10:59:49+00:00\",\"dateModified\":\"2016-03-10T10:59:49+00:00\",\"breadcrumb\":{\"@id\":\"https:\/\/hobstop.ee\/lv\/produkts\/veidosanas-masa-darwi-extra-light\/#breadcrumb\"},\"inLanguage\":\"lv-LV\",\"potentialAction\":[{\"@type\":\"ReadAction\",\"target\":[\"https:\/\/hobstop.ee\/lv\/produkts\/veidosanas-masa-darwi-extra-light\/\"]}]},{\"@type\":\"ImageObject\",\"inLanguage\":\"lv-LV\",\"@id\":\"https:\/\/hobstop.ee\/lv\/produkts\/veidosanas-masa-darwi-extra-light\/#primaryimage\",\"url\":\"https:\/\/hobstop.ee\/media\/4158.jpg\",\"contentUrl\":\"https:\/\/hobstop.ee\/media\/4158.jpg\",\"width\":1024,\"height\":768},{\"@type\":\"BreadcrumbList\",\"@id\":\"https:\/\/hobstop.ee\/lv\/produkts\/veidosanas-masa-darwi-extra-light\/#breadcrumb\",\"itemListElement\":[{\"@type\":\"ListItem\",\"position\":1,\"name\":\"Avaleht\",\"item\":\"https:\/\/www.hobstop.ee\/lv\/\"},{\"@type\":\"ListItem\",\"position\":2,\"name\":\"Veikals\",\"item\":\"https:\/\/www.hobstop.ee\/lv\/veikals\/\"},{\"@type\":\"ListItem\",\"position\":3,\"name\":\"Veido\u0161anas masa Darwi Extra Light\"}]},{\"@type\":\"WebSite\",\"@id\":\"https:\/\/hobstop.ee\/lv\/#website\",\"url\":\"https:\/\/hobstop.ee\/lv\/\",\"name\":\"Skizze\",\"description\":\"M\u0101kslas, hobiju un skolas preces\",\"publisher\":{\"@id\":\"https:\/\/hobstop.ee\/lv\/#organization\"},\"potentialAction\":[{\"@type\":\"SearchAction\",\"target\":{\"@type\":\"EntryPoint\",\"urlTemplate\":\"https:\/\/hobstop.ee\/lv\/?s={search_term_string}\"},\"query-input\":{\"@type\":\"PropertyValueSpecification\",\"valueRequired\":true,\"valueName\":\"search_term_string\"}}],\"inLanguage\":\"lv-LV\"},{\"@type\":\"Organization\",\"@id\":\"https:\/\/hobstop.ee\/lv\/#organization\",\"name\":\"Vunder AS\",\"url\":\"https:\/\/hobstop.ee\/lv\/\",\"logo\":{\"@type\":\"ImageObject\",\"inLanguage\":\"lv-LV\",\"@id\":\"https:\/\/hobstop.ee\/lv\/#\/schema\/logo\/image\/\",\"url\":\"https:\/\/hobstop.ee\/media\/vunder-logo.png\",\"contentUrl\":\"https:\/\/hobstop.ee\/media\/vunder-logo.png\",\"width\":127,\"height\":55,\"caption\":\"Vunder AS\"},\"image\":{\"@id\":\"https:\/\/hobstop.ee\/lv\/#\/schema\/logo\/image\/\"},\"sameAs\":[\"http:\/\/www.facebook.com\/VunderSkizze\"]}]}<\/script>\n<!-- \/ Yoast SEO plugin. -->","yoast_head_json":{"title":"Veido\u0161anas masa Darwi Extra Light &#8211; Skizze","robots":{"index":"noindex","follow":"follow","max-snippet":"max-snippet:-1","max-image-preview":"max-image-preview:large","max-video-preview":"max-video-preview:-1"},"og_locale":"lv_LV","og_type":"article","og_title":"Veido\u0161anas masa Darwi Extra Light &#8211; Skizze","og_description":"Darwi Extra Light ir \u013coti viegls, m\u012bksts un vij\u012bgs veido\u0161anas m\u0101ls, kas iz\u017e\u016bst un saciet\u0113 gaisa ietekm\u0113. Nesm\u0113r\u0113 rokas un ap\u0123\u0113rbu. Lieliski piem\u0113rots kart\u012b\u0161u veido\u0161anai un citiem rokdarbiem, kur nepiecie\u0161ami veidoti elementi, kas nav smagi. \u0160is m\u0101ls nenogrimst pat \u016bden\u012b! Darwi Extra Light ir hipoaler\u0123isks, ar \u012bpa\u0161i m\u012bkstu strukt\u016bru, viegli veidojams, t\u0101d\u0113\u013c ir lieliski piem\u0113rots mazu\u013cu roku vai p\u0113du nospiedumiem. \u017d\u016b\u0161anas laiks ir 24 stundas, iz\u017e\u016bstot nesaraujas.","og_url":"https:\/\/hobstop.ee\/lv\/produkts\/veidosanas-masa-darwi-extra-light\/","og_site_name":"Skizze","article_publisher":"http:\/\/www.facebook.com\/VunderSkizze","og_image":[{"width":1024,"height":768,"url":"https:\/\/hobstop.ee\/media\/4158.jpg","type":"image\/jpeg"}],"twitter_card":"summary_large_image","schema":{"@context":"https:\/\/schema.org","@graph":[{"@type":"WebPage","@id":"https:\/\/hobstop.ee\/lv\/produkts\/veidosanas-masa-darwi-extra-light\/","url":"https:\/\/hobstop.ee\/lv\/produkts\/veidosanas-masa-darwi-extra-light\/","name":"Veido\u0161anas masa Darwi Extra Light &#8211; Skizze","isPartOf":{"@id":"https:\/\/hobstop.ee\/lv\/#website"},"primaryImageOfPage":{"@id":"https:\/\/hobstop.ee\/lv\/produkts\/veidosanas-masa-darwi-extra-light\/#primaryimage"},"image":{"@id":"https:\/\/hobstop.ee\/lv\/produkts\/veidosanas-masa-darwi-extra-light\/#primaryimage"},"thumbnailUrl":"https:\/\/hobstop.ee\/media\/4158.jpg","datePublished":"2016-03-10T10:59:49+00:00","dateModified":"2016-03-10T10:59:49+00:00","breadcrumb":{"@id":"https:\/\/hobstop.ee\/lv\/produkts\/veidosanas-masa-darwi-extra-light\/#breadcrumb"},"inLanguage":"lv-LV","potentialAction":[{"@type":"ReadAction","target":["https:\/\/hobstop.ee\/lv\/produkts\/veidosanas-masa-darwi-extra-light\/"]}]},{"@type":"ImageObject","inLanguage":"lv-LV","@id":"https:\/\/hobstop.ee\/lv\/produkts\/veidosanas-masa-darwi-extra-light\/#primaryimage","url":"https:\/\/hobstop.ee\/media\/4158.jpg","contentUrl":"https:\/\/hobstop.ee\/media\/4158.jpg","width":1024,"height":768},{"@type":"BreadcrumbList","@id":"https:\/\/hobstop.ee\/lv\/produkts\/veidosanas-masa-darwi-extra-light\/#breadcrumb","itemListElement":[{"@type":"ListItem","position":1,"name":"Avaleht","item":"https:\/\/www.hobstop.ee\/lv\/"},{"@type":"ListItem","position":2,"name":"Veikals","item":"https:\/\/www.hobstop.ee\/lv\/veikals\/"},{"@type":"ListItem","position":3,"name":"Veido\u0161anas masa Darwi Extra Light"}]},{"@type":"WebSite","@id":"https:\/\/hobstop.ee\/lv\/#website","url":"https:\/\/hobstop.ee\/lv\/","name":"Skizze","description":"M\u0101kslas, hobiju un skolas preces","publisher":{"@id":"https:\/\/hobstop.ee\/lv\/#organization"},"potentialAction":[{"@type":"SearchAction","target":{"@type":"EntryPoint","urlTemplate":"https:\/\/hobstop.ee\/lv\/?s={search_term_string}"},"query-input":{"@type":"PropertyValueSpecification","valueRequired":true,"valueName":"search_term_string"}}],"inLanguage":"lv-LV"},{"@type":"Organization","@id":"https:\/\/hobstop.ee\/lv\/#organization","name":"Vunder AS","url":"https:\/\/hobstop.ee\/lv\/","logo":{"@type":"ImageObject","inLanguage":"lv-LV","@id":"https:\/\/hobstop.ee\/lv\/#\/schema\/logo\/image\/","url":"https:\/\/hobstop.ee\/media\/vunder-logo.png","contentUrl":"https:\/\/hobstop.ee\/media\/vunder-logo.png","width":127,"height":55,"caption":"Vunder AS"},"image":{"@id":"https:\/\/hobstop.ee\/lv\/#\/schema\/logo\/image\/"},"sameAs":["http:\/\/www.facebook.com\/VunderSkizze"]}]}},"_links":{"self":[{"href":"https:\/\/hobstop.ee\/lv\/wp-json\/wp\/v2\/product\/255788","targetHints":{"allow":["GET"]}}],"collection":[{"href":"https:\/\/hobstop.ee\/lv\/wp-json\/wp\/v2\/product"}],"about":[{"href":"https:\/\/hobstop.ee\/lv\/wp-json\/wp\/v2\/types\/product"}],"replies":[{"embeddable":true,"href":"https:\/\/hobstop.ee\/lv\/wp-json\/wp\/v2\/comments?post=255788"}],"wp:featuredmedia":[{"embeddable":true,"href":"https:\/\/hobstop.ee\/lv\/wp-json\/wp\/v2\/media\/354423"}],"wp:attachment":[{"href":"https:\/\/hobstop.ee\/lv\/wp-json\/wp\/v2\/media?parent=255788"}],"wp:term":[{"taxonomy":"product_cat","embeddable":true,"href":"https:\/\/hobstop.ee\/lv\/wp-json\/wp\/v2\/product_cat?post=255788"},{"taxonomy":"product_tag","embeddable":true,"href":"https:\/\/hobstop.ee\/lv\/wp-json\/wp\/v2\/product_tag?post=255788"}],"curies":[{"name":"wp","href":"https:\/\/api.w.org\/{rel}","templated":true}]}}