{"id":255792,"date":"2016-03-10T12:59:50","date_gmt":"2016-03-10T10:59:50","guid":{"rendered":"https:\/\/sharks.ee\/vunder_2019\/lv\/product\/rokdarbu-cements-rayher-rotajumu-izgatavosanai\/"},"modified":"2016-03-10T12:59:50","modified_gmt":"2016-03-10T10:59:50","slug":"rokdarbu-cements-rayher-rotajumu-izgatavosanai","status":"publish","type":"product","link":"https:\/\/hobstop.ee\/lv\/produkts\/rokdarbu-cements-rayher-rotajumu-izgatavosanai\/","title":{"rendered":"Rokdarbu cements Rayher rot\u0101jumu izgatavo\u0161anai"},"content":{"rendered":"<p>\u012apa\u0161i smalks rotaslietu cements \u013cauj viegli izpausties savu rotaslietu izveid\u0113! Raupjais un stil\u012bgais cements pie\u0161\u0137ir vienk\u0101r\u0161\u0101m rotasliet\u0101m \u012bpa\u0161u akcentu. Tavas rotaslietas izskat\u012bsies augstas kvalit\u0101tes, ori\u0123in\u0101las un modernas, pateicoties Rayher rado\u0161ajam cementam. Vienk\u0101r\u0161i samaisi pulveri ar \u016bdeni un ielej form\u0101! Lieliski piem\u0113rots, lai dekor\u0113tu ar apzelt\u012bjumiem, dekup\u0101\u017eu, dekorat\u012bvaj\u0101m kr\u0101s\u0101m, k\u0101 ar\u012b krist\u0101liem un citiem elementiem, lai pie\u0161\u0137irtu \u012bpa\u0161o stilu.<\/p>\n","protected":false},"excerpt":{"rendered":"<p>\u012apa\u0161i smalks rotaslietu cements \u013cauj viegli izpausties savu rotaslietu izveid\u0113! Raupjais un stil\u012bgais cements pie\u0161\u0137ir vienk\u0101r\u0161\u0101m rotasliet\u0101m \u012bpa\u0161u akcentu. Tavas rotaslietas izskat\u012bsies augstas kvalit\u0101tes, ori\u0123in\u0101las un modernas, pateicoties Rayher rado\u0161ajam cementam. Vienk\u0101r\u0161i samaisi pulveri ar \u016bdeni un ielej form\u0101! Lieliski piem\u0113rots, lai dekor\u0113tu ar apzelt\u012bjumiem, dekup\u0101\u017eu, dekorat\u012bvaj\u0101m kr\u0101s\u0101m, k\u0101 ar\u012b krist\u0101liem un citiem elementiem, lai pie\u0161\u0137irtu \u012bpa\u0161o stilu.<\/p>\n","protected":false},"featured_media":255840,"comment_status":"closed","ping_status":"closed","template":"","meta":{"_acf_changed":false,"ep_exclude_from_search":false},"product_cat":[20083,17918,19659],"product_tag":[],"class_list":{"0":"post-255792","1":"product","2":"type-product","3":"status-publish","4":"has-post-thumbnail","6":"product_cat-citi-7","7":"product_cat-preces-hobijiem","8":"product_cat-rotu-izgatavosana","10":"first","11":"instock","12":"taxable","13":"shipping-taxable","14":"purchasable","15":"product-type-simple"},"acf":[],"yoast_head":"<!-- This site is optimized with the Yoast SEO plugin v24.1 - https:\/\/yoast.com\/wordpress\/plugins\/seo\/ -->\n<title>Rokdarbu cements Rayher rot\u0101jumu izgatavo\u0161anai &#8211; Skizze<\/title>\n<meta name=\"robots\" content=\"noindex, follow, max-snippet:-1, max-image-preview:large, max-video-preview:-1\" \/>\n<meta property=\"og:locale\" content=\"lv_LV\" \/>\n<meta property=\"og:type\" content=\"article\" \/>\n<meta property=\"og:title\" content=\"Rokdarbu cements Rayher rot\u0101jumu izgatavo\u0161anai &#8211; Skizze\" \/>\n<meta property=\"og:description\" content=\"\u012apa\u0161i smalks rotaslietu cements \u013cauj viegli izpausties savu rotaslietu izveid\u0113! Raupjais un stil\u012bgais cements pie\u0161\u0137ir vienk\u0101r\u0161\u0101m rotasliet\u0101m \u012bpa\u0161u akcentu. Tavas rotaslietas izskat\u012bsies augstas kvalit\u0101tes, ori\u0123in\u0101las un modernas, pateicoties Rayher rado\u0161ajam cementam. Vienk\u0101r\u0161i samaisi pulveri ar \u016bdeni un ielej form\u0101! Lieliski piem\u0113rots, lai dekor\u0113tu ar apzelt\u012bjumiem, dekup\u0101\u017eu, dekorat\u012bvaj\u0101m kr\u0101s\u0101m, k\u0101 ar\u012b krist\u0101liem un citiem elementiem, lai pie\u0161\u0137irtu \u012bpa\u0161o stilu.\" \/>\n<meta property=\"og:url\" content=\"https:\/\/hobstop.ee\/lv\/produkts\/rokdarbu-cements-rayher-rotajumu-izgatavosanai\/\" \/>\n<meta property=\"og:site_name\" content=\"Skizze\" \/>\n<meta property=\"article:publisher\" content=\"http:\/\/www.facebook.com\/VunderSkizze\" \/>\n<meta property=\"og:image\" content=\"https:\/\/hobstop.ee\/media\/4213.jpg\" \/>\n\t<meta property=\"og:image:width\" content=\"1024\" \/>\n\t<meta property=\"og:image:height\" content=\"768\" \/>\n\t<meta property=\"og:image:type\" content=\"image\/jpeg\" \/>\n<meta name=\"twitter:card\" content=\"summary_large_image\" \/>\n<script type=\"application\/ld+json\" class=\"yoast-schema-graph\">{\"@context\":\"https:\/\/schema.org\",\"@graph\":[{\"@type\":\"WebPage\",\"@id\":\"https:\/\/hobstop.ee\/lv\/produkts\/rokdarbu-cements-rayher-rotajumu-izgatavosanai\/\",\"url\":\"https:\/\/hobstop.ee\/lv\/produkts\/rokdarbu-cements-rayher-rotajumu-izgatavosanai\/\",\"name\":\"Rokdarbu cements Rayher rot\u0101jumu izgatavo\u0161anai &#8211; Skizze\",\"isPartOf\":{\"@id\":\"https:\/\/hobstop.ee\/lv\/#website\"},\"primaryImageOfPage\":{\"@id\":\"https:\/\/hobstop.ee\/lv\/produkts\/rokdarbu-cements-rayher-rotajumu-izgatavosanai\/#primaryimage\"},\"image\":{\"@id\":\"https:\/\/hobstop.ee\/lv\/produkts\/rokdarbu-cements-rayher-rotajumu-izgatavosanai\/#primaryimage\"},\"thumbnailUrl\":\"https:\/\/hobstop.ee\/media\/4213.jpg\",\"datePublished\":\"2016-03-10T10:59:50+00:00\",\"dateModified\":\"2016-03-10T10:59:50+00:00\",\"breadcrumb\":{\"@id\":\"https:\/\/hobstop.ee\/lv\/produkts\/rokdarbu-cements-rayher-rotajumu-izgatavosanai\/#breadcrumb\"},\"inLanguage\":\"lv-LV\",\"potentialAction\":[{\"@type\":\"ReadAction\",\"target\":[\"https:\/\/hobstop.ee\/lv\/produkts\/rokdarbu-cements-rayher-rotajumu-izgatavosanai\/\"]}]},{\"@type\":\"ImageObject\",\"inLanguage\":\"lv-LV\",\"@id\":\"https:\/\/hobstop.ee\/lv\/produkts\/rokdarbu-cements-rayher-rotajumu-izgatavosanai\/#primaryimage\",\"url\":\"https:\/\/hobstop.ee\/media\/4213.jpg\",\"contentUrl\":\"https:\/\/hobstop.ee\/media\/4213.jpg\",\"width\":1024,\"height\":768},{\"@type\":\"BreadcrumbList\",\"@id\":\"https:\/\/hobstop.ee\/lv\/produkts\/rokdarbu-cements-rayher-rotajumu-izgatavosanai\/#breadcrumb\",\"itemListElement\":[{\"@type\":\"ListItem\",\"position\":1,\"name\":\"Avaleht\",\"item\":\"https:\/\/hobstop.ee\/lv\/\"},{\"@type\":\"ListItem\",\"position\":2,\"name\":\"Veikals\",\"item\":\"https:\/\/hobstop.ee\/lv\/veikals\/\"},{\"@type\":\"ListItem\",\"position\":3,\"name\":\"Rokdarbu cements Rayher rot\u0101jumu izgatavo\u0161anai\"}]},{\"@type\":\"WebSite\",\"@id\":\"https:\/\/hobstop.ee\/lv\/#website\",\"url\":\"https:\/\/hobstop.ee\/lv\/\",\"name\":\"Skizze\",\"description\":\"M\u0101kslas, hobiju un skolas preces\",\"publisher\":{\"@id\":\"https:\/\/hobstop.ee\/lv\/#organization\"},\"potentialAction\":[{\"@type\":\"SearchAction\",\"target\":{\"@type\":\"EntryPoint\",\"urlTemplate\":\"https:\/\/hobstop.ee\/lv\/?s={search_term_string}\"},\"query-input\":{\"@type\":\"PropertyValueSpecification\",\"valueRequired\":true,\"valueName\":\"search_term_string\"}}],\"inLanguage\":\"lv-LV\"},{\"@type\":\"Organization\",\"@id\":\"https:\/\/hobstop.ee\/lv\/#organization\",\"name\":\"Vunder AS\",\"url\":\"https:\/\/hobstop.ee\/lv\/\",\"logo\":{\"@type\":\"ImageObject\",\"inLanguage\":\"lv-LV\",\"@id\":\"https:\/\/hobstop.ee\/lv\/#\/schema\/logo\/image\/\",\"url\":\"https:\/\/hobstop.ee\/media\/vunder-logo.png\",\"contentUrl\":\"https:\/\/hobstop.ee\/media\/vunder-logo.png\",\"width\":127,\"height\":55,\"caption\":\"Vunder AS\"},\"image\":{\"@id\":\"https:\/\/hobstop.ee\/lv\/#\/schema\/logo\/image\/\"},\"sameAs\":[\"http:\/\/www.facebook.com\/VunderSkizze\"]}]}<\/script>\n<!-- \/ Yoast SEO plugin. -->","yoast_head_json":{"title":"Rokdarbu cements Rayher rot\u0101jumu izgatavo\u0161anai &#8211; Skizze","robots":{"index":"noindex","follow":"follow","max-snippet":"max-snippet:-1","max-image-preview":"max-image-preview:large","max-video-preview":"max-video-preview:-1"},"og_locale":"lv_LV","og_type":"article","og_title":"Rokdarbu cements Rayher rot\u0101jumu izgatavo\u0161anai &#8211; Skizze","og_description":"\u012apa\u0161i smalks rotaslietu cements \u013cauj viegli izpausties savu rotaslietu izveid\u0113! Raupjais un stil\u012bgais cements pie\u0161\u0137ir vienk\u0101r\u0161\u0101m rotasliet\u0101m \u012bpa\u0161u akcentu. Tavas rotaslietas izskat\u012bsies augstas kvalit\u0101tes, ori\u0123in\u0101las un modernas, pateicoties Rayher rado\u0161ajam cementam. Vienk\u0101r\u0161i samaisi pulveri ar \u016bdeni un ielej form\u0101! Lieliski piem\u0113rots, lai dekor\u0113tu ar apzelt\u012bjumiem, dekup\u0101\u017eu, dekorat\u012bvaj\u0101m kr\u0101s\u0101m, k\u0101 ar\u012b krist\u0101liem un citiem elementiem, lai pie\u0161\u0137irtu \u012bpa\u0161o stilu.","og_url":"https:\/\/hobstop.ee\/lv\/produkts\/rokdarbu-cements-rayher-rotajumu-izgatavosanai\/","og_site_name":"Skizze","article_publisher":"http:\/\/www.facebook.com\/VunderSkizze","og_image":[{"width":1024,"height":768,"url":"https:\/\/hobstop.ee\/media\/4213.jpg","type":"image\/jpeg"}],"twitter_card":"summary_large_image","schema":{"@context":"https:\/\/schema.org","@graph":[{"@type":"WebPage","@id":"https:\/\/hobstop.ee\/lv\/produkts\/rokdarbu-cements-rayher-rotajumu-izgatavosanai\/","url":"https:\/\/hobstop.ee\/lv\/produkts\/rokdarbu-cements-rayher-rotajumu-izgatavosanai\/","name":"Rokdarbu cements Rayher rot\u0101jumu izgatavo\u0161anai &#8211; Skizze","isPartOf":{"@id":"https:\/\/hobstop.ee\/lv\/#website"},"primaryImageOfPage":{"@id":"https:\/\/hobstop.ee\/lv\/produkts\/rokdarbu-cements-rayher-rotajumu-izgatavosanai\/#primaryimage"},"image":{"@id":"https:\/\/hobstop.ee\/lv\/produkts\/rokdarbu-cements-rayher-rotajumu-izgatavosanai\/#primaryimage"},"thumbnailUrl":"https:\/\/hobstop.ee\/media\/4213.jpg","datePublished":"2016-03-10T10:59:50+00:00","dateModified":"2016-03-10T10:59:50+00:00","breadcrumb":{"@id":"https:\/\/hobstop.ee\/lv\/produkts\/rokdarbu-cements-rayher-rotajumu-izgatavosanai\/#breadcrumb"},"inLanguage":"lv-LV","potentialAction":[{"@type":"ReadAction","target":["https:\/\/hobstop.ee\/lv\/produkts\/rokdarbu-cements-rayher-rotajumu-izgatavosanai\/"]}]},{"@type":"ImageObject","inLanguage":"lv-LV","@id":"https:\/\/hobstop.ee\/lv\/produkts\/rokdarbu-cements-rayher-rotajumu-izgatavosanai\/#primaryimage","url":"https:\/\/hobstop.ee\/media\/4213.jpg","contentUrl":"https:\/\/hobstop.ee\/media\/4213.jpg","width":1024,"height":768},{"@type":"BreadcrumbList","@id":"https:\/\/hobstop.ee\/lv\/produkts\/rokdarbu-cements-rayher-rotajumu-izgatavosanai\/#breadcrumb","itemListElement":[{"@type":"ListItem","position":1,"name":"Avaleht","item":"https:\/\/hobstop.ee\/lv\/"},{"@type":"ListItem","position":2,"name":"Veikals","item":"https:\/\/hobstop.ee\/lv\/veikals\/"},{"@type":"ListItem","position":3,"name":"Rokdarbu cements Rayher rot\u0101jumu izgatavo\u0161anai"}]},{"@type":"WebSite","@id":"https:\/\/hobstop.ee\/lv\/#website","url":"https:\/\/hobstop.ee\/lv\/","name":"Skizze","description":"M\u0101kslas, hobiju un skolas preces","publisher":{"@id":"https:\/\/hobstop.ee\/lv\/#organization"},"potentialAction":[{"@type":"SearchAction","target":{"@type":"EntryPoint","urlTemplate":"https:\/\/hobstop.ee\/lv\/?s={search_term_string}"},"query-input":{"@type":"PropertyValueSpecification","valueRequired":true,"valueName":"search_term_string"}}],"inLanguage":"lv-LV"},{"@type":"Organization","@id":"https:\/\/hobstop.ee\/lv\/#organization","name":"Vunder AS","url":"https:\/\/hobstop.ee\/lv\/","logo":{"@type":"ImageObject","inLanguage":"lv-LV","@id":"https:\/\/hobstop.ee\/lv\/#\/schema\/logo\/image\/","url":"https:\/\/hobstop.ee\/media\/vunder-logo.png","contentUrl":"https:\/\/hobstop.ee\/media\/vunder-logo.png","width":127,"height":55,"caption":"Vunder AS"},"image":{"@id":"https:\/\/hobstop.ee\/lv\/#\/schema\/logo\/image\/"},"sameAs":["http:\/\/www.facebook.com\/VunderSkizze"]}]}},"_links":{"self":[{"href":"https:\/\/hobstop.ee\/lv\/wp-json\/wp\/v2\/product\/255792","targetHints":{"allow":["GET"]}}],"collection":[{"href":"https:\/\/hobstop.ee\/lv\/wp-json\/wp\/v2\/product"}],"about":[{"href":"https:\/\/hobstop.ee\/lv\/wp-json\/wp\/v2\/types\/product"}],"replies":[{"embeddable":true,"href":"https:\/\/hobstop.ee\/lv\/wp-json\/wp\/v2\/comments?post=255792"}],"wp:featuredmedia":[{"embeddable":true,"href":"https:\/\/hobstop.ee\/lv\/wp-json\/wp\/v2\/media\/255840"}],"wp:attachment":[{"href":"https:\/\/hobstop.ee\/lv\/wp-json\/wp\/v2\/media?parent=255792"}],"wp:term":[{"taxonomy":"product_cat","embeddable":true,"href":"https:\/\/hobstop.ee\/lv\/wp-json\/wp\/v2\/product_cat?post=255792"},{"taxonomy":"product_tag","embeddable":true,"href":"https:\/\/hobstop.ee\/lv\/wp-json\/wp\/v2\/product_tag?post=255792"}],"curies":[{"name":"wp","href":"https:\/\/api.w.org\/{rel}","templated":true}]}}