{"id":255934,"date":"2016-03-15T18:45:40","date_gmt":"2016-03-15T16:45:40","guid":{"rendered":"https:\/\/sharks.ee\/vunder_2019\/lv\/product\/celmetala-skidrais-schjerning\/"},"modified":"2016-03-15T18:45:40","modified_gmt":"2016-03-15T16:45:40","slug":"celmetala-skidrais-schjerning","status":"publish","type":"product","link":"https:\/\/hobstop.ee\/lv\/produkts\/celmetala-skidrais-schjerning\/","title":{"rendered":"C\u0113lmet\u0101la \u0161\u0137idrais Schjerning"},"content":{"rendered":"<p>Zelta un plat\u012bna Schjerning ir \u0161\u0137idrin\u0101ti c\u0113lmet\u0101li sp\u012bduma kr\u0101su form\u0101. T\u0101s var kl\u0101t ar otu vai pildspalvu. Dekor\u0113jamiem priek\u0161metiem j\u0101b\u016bt piln\u012bgi sausiem un bez pirkstu nospiedumiem. Pirms lieto\u0161anas sakrat\u012bt pudeli un, ja zelta kr\u0101sa sabiez\u0113jusi, at\u0161\u0137aid\u012bt ar da\u017eiem pilieniem \u0161\u0137\u012bdin\u0101t\u0101ja.<br \/>\nDedzin\u0101\u0161ana: Ies\u0101kum\u0101 dedzin\u0101t neliel\u0101 karstum\u0101, tvaikiem j\u0101b\u016bt iztvaikoju\u0161iem pirms kr\u0101sns tiek aiztais\u012bta. 550-580\u00b0C stiklam, 700-730\u00b0C fajansam un 780-800\u00b0C porcel\u0101nam.<\/p>\n","protected":false},"excerpt":{"rendered":"<p>Zelta un plat\u012bna Schjerning ir \u0161\u0137idrin\u0101ti c\u0113lmet\u0101li sp\u012bduma kr\u0101su form\u0101. T\u0101s var kl\u0101t ar otu vai pildspalvu. Dekor\u0113jamiem priek\u0161metiem j\u0101b\u016bt piln\u012bgi sausiem un bez pirkstu nospiedumiem. Pirms lieto\u0161anas sakrat\u012bt pudeli un, ja zelta kr\u0101sa sabiez\u0113jusi, at\u0161\u0137aid\u012bt ar da\u017eiem pilieniem \u0161\u0137\u012bdin\u0101t\u0101ja. Dedzin\u0101\u0161ana: Ies\u0101kum\u0101 dedzin\u0101t neliel\u0101 karstum\u0101, tvaikiem j\u0101b\u016bt iztvaikoju\u0161iem pirms kr\u0101sns tiek aiztais\u012bta. 550-580\u00b0C stiklam, 700-730\u00b0C fajansam un 780-800\u00b0C porcel\u0101nam.<\/p>\n","protected":false},"featured_media":257328,"comment_status":"closed","ping_status":"closed","template":"","meta":{"_acf_changed":false,"ep_exclude_from_search":false},"product_cat":[17962,18243,17918],"product_tag":[],"class_list":{"0":"post-255934","1":"product","2":"type-product","3":"status-publish","4":"has-post-thumbnail","6":"product_cat-karsejamas-krasas","7":"product_cat-porcelana-krasas","8":"product_cat-preces-hobijiem","10":"first","11":"instock","12":"taxable","13":"shipping-taxable","14":"purchasable","15":"product-type-variable"},"acf":[],"yoast_head":"<!-- This site is optimized with the Yoast SEO plugin v24.1 - https:\/\/yoast.com\/wordpress\/plugins\/seo\/ -->\n<title>C\u0113lmet\u0101la \u0161\u0137idrais Schjerning &#8211; Skizze<\/title>\n<meta name=\"robots\" content=\"noindex, follow, max-snippet:-1, max-image-preview:large, max-video-preview:-1\" \/>\n<meta property=\"og:locale\" content=\"lv_LV\" \/>\n<meta property=\"og:type\" content=\"article\" \/>\n<meta property=\"og:title\" content=\"C\u0113lmet\u0101la \u0161\u0137idrais Schjerning &#8211; Skizze\" \/>\n<meta property=\"og:description\" content=\"Zelta un plat\u012bna Schjerning ir \u0161\u0137idrin\u0101ti c\u0113lmet\u0101li sp\u012bduma kr\u0101su form\u0101. T\u0101s var kl\u0101t ar otu vai pildspalvu. Dekor\u0113jamiem priek\u0161metiem j\u0101b\u016bt piln\u012bgi sausiem un bez pirkstu nospiedumiem. Pirms lieto\u0161anas sakrat\u012bt pudeli un, ja zelta kr\u0101sa sabiez\u0113jusi, at\u0161\u0137aid\u012bt ar da\u017eiem pilieniem \u0161\u0137\u012bdin\u0101t\u0101ja. Dedzin\u0101\u0161ana: Ies\u0101kum\u0101 dedzin\u0101t neliel\u0101 karstum\u0101, tvaikiem j\u0101b\u016bt iztvaikoju\u0161iem pirms kr\u0101sns tiek aiztais\u012bta. 550-580\u00b0C stiklam, 700-730\u00b0C fajansam un 780-800\u00b0C porcel\u0101nam.\" \/>\n<meta property=\"og:url\" content=\"https:\/\/hobstop.ee\/lv\/produkts\/celmetala-skidrais-schjerning\/\" \/>\n<meta property=\"og:site_name\" content=\"Skizze\" \/>\n<meta property=\"article:publisher\" content=\"http:\/\/www.facebook.com\/VunderSkizze\" \/>\n<meta property=\"og:image\" content=\"https:\/\/hobstop.ee\/media\/4220.jpg\" \/>\n\t<meta property=\"og:image:width\" content=\"1024\" \/>\n\t<meta property=\"og:image:height\" content=\"768\" \/>\n\t<meta property=\"og:image:type\" content=\"image\/jpeg\" \/>\n<meta name=\"twitter:card\" content=\"summary_large_image\" \/>\n<script type=\"application\/ld+json\" class=\"yoast-schema-graph\">{\"@context\":\"https:\/\/schema.org\",\"@graph\":[{\"@type\":\"WebPage\",\"@id\":\"https:\/\/hobstop.ee\/lv\/produkts\/celmetala-skidrais-schjerning\/\",\"url\":\"https:\/\/hobstop.ee\/lv\/produkts\/celmetala-skidrais-schjerning\/\",\"name\":\"C\u0113lmet\u0101la \u0161\u0137idrais Schjerning &#8211; Skizze\",\"isPartOf\":{\"@id\":\"https:\/\/hobstop.ee\/lv\/#website\"},\"primaryImageOfPage\":{\"@id\":\"https:\/\/hobstop.ee\/lv\/produkts\/celmetala-skidrais-schjerning\/#primaryimage\"},\"image\":{\"@id\":\"https:\/\/hobstop.ee\/lv\/produkts\/celmetala-skidrais-schjerning\/#primaryimage\"},\"thumbnailUrl\":\"https:\/\/hobstop.ee\/media\/4220.jpg\",\"datePublished\":\"2016-03-15T16:45:40+00:00\",\"dateModified\":\"2016-03-15T16:45:40+00:00\",\"breadcrumb\":{\"@id\":\"https:\/\/hobstop.ee\/lv\/produkts\/celmetala-skidrais-schjerning\/#breadcrumb\"},\"inLanguage\":\"lv-LV\",\"potentialAction\":[{\"@type\":\"ReadAction\",\"target\":[\"https:\/\/hobstop.ee\/lv\/produkts\/celmetala-skidrais-schjerning\/\"]}]},{\"@type\":\"ImageObject\",\"inLanguage\":\"lv-LV\",\"@id\":\"https:\/\/hobstop.ee\/lv\/produkts\/celmetala-skidrais-schjerning\/#primaryimage\",\"url\":\"https:\/\/hobstop.ee\/media\/4220.jpg\",\"contentUrl\":\"https:\/\/hobstop.ee\/media\/4220.jpg\",\"width\":1024,\"height\":768},{\"@type\":\"BreadcrumbList\",\"@id\":\"https:\/\/hobstop.ee\/lv\/produkts\/celmetala-skidrais-schjerning\/#breadcrumb\",\"itemListElement\":[{\"@type\":\"ListItem\",\"position\":1,\"name\":\"Avaleht\",\"item\":\"https:\/\/www.hobstop.ee\/lv\/\"},{\"@type\":\"ListItem\",\"position\":2,\"name\":\"Veikals\",\"item\":\"https:\/\/www.hobstop.ee\/lv\/veikals\/\"},{\"@type\":\"ListItem\",\"position\":3,\"name\":\"C\u0113lmet\u0101la \u0161\u0137idrais Schjerning\"}]},{\"@type\":\"WebSite\",\"@id\":\"https:\/\/hobstop.ee\/lv\/#website\",\"url\":\"https:\/\/hobstop.ee\/lv\/\",\"name\":\"Skizze\",\"description\":\"M\u0101kslas, hobiju un skolas preces\",\"publisher\":{\"@id\":\"https:\/\/hobstop.ee\/lv\/#organization\"},\"potentialAction\":[{\"@type\":\"SearchAction\",\"target\":{\"@type\":\"EntryPoint\",\"urlTemplate\":\"https:\/\/hobstop.ee\/lv\/?s={search_term_string}\"},\"query-input\":{\"@type\":\"PropertyValueSpecification\",\"valueRequired\":true,\"valueName\":\"search_term_string\"}}],\"inLanguage\":\"lv-LV\"},{\"@type\":\"Organization\",\"@id\":\"https:\/\/hobstop.ee\/lv\/#organization\",\"name\":\"Vunder AS\",\"url\":\"https:\/\/hobstop.ee\/lv\/\",\"logo\":{\"@type\":\"ImageObject\",\"inLanguage\":\"lv-LV\",\"@id\":\"https:\/\/hobstop.ee\/lv\/#\/schema\/logo\/image\/\",\"url\":\"https:\/\/hobstop.ee\/media\/vunder-logo.png\",\"contentUrl\":\"https:\/\/hobstop.ee\/media\/vunder-logo.png\",\"width\":127,\"height\":55,\"caption\":\"Vunder AS\"},\"image\":{\"@id\":\"https:\/\/hobstop.ee\/lv\/#\/schema\/logo\/image\/\"},\"sameAs\":[\"http:\/\/www.facebook.com\/VunderSkizze\"]}]}<\/script>\n<!-- \/ Yoast SEO plugin. -->","yoast_head_json":{"title":"C\u0113lmet\u0101la \u0161\u0137idrais Schjerning &#8211; Skizze","robots":{"index":"noindex","follow":"follow","max-snippet":"max-snippet:-1","max-image-preview":"max-image-preview:large","max-video-preview":"max-video-preview:-1"},"og_locale":"lv_LV","og_type":"article","og_title":"C\u0113lmet\u0101la \u0161\u0137idrais Schjerning &#8211; Skizze","og_description":"Zelta un plat\u012bna Schjerning ir \u0161\u0137idrin\u0101ti c\u0113lmet\u0101li sp\u012bduma kr\u0101su form\u0101. T\u0101s var kl\u0101t ar otu vai pildspalvu. Dekor\u0113jamiem priek\u0161metiem j\u0101b\u016bt piln\u012bgi sausiem un bez pirkstu nospiedumiem. Pirms lieto\u0161anas sakrat\u012bt pudeli un, ja zelta kr\u0101sa sabiez\u0113jusi, at\u0161\u0137aid\u012bt ar da\u017eiem pilieniem \u0161\u0137\u012bdin\u0101t\u0101ja. Dedzin\u0101\u0161ana: Ies\u0101kum\u0101 dedzin\u0101t neliel\u0101 karstum\u0101, tvaikiem j\u0101b\u016bt iztvaikoju\u0161iem pirms kr\u0101sns tiek aiztais\u012bta. 550-580\u00b0C stiklam, 700-730\u00b0C fajansam un 780-800\u00b0C porcel\u0101nam.","og_url":"https:\/\/hobstop.ee\/lv\/produkts\/celmetala-skidrais-schjerning\/","og_site_name":"Skizze","article_publisher":"http:\/\/www.facebook.com\/VunderSkizze","og_image":[{"width":1024,"height":768,"url":"https:\/\/hobstop.ee\/media\/4220.jpg","type":"image\/jpeg"}],"twitter_card":"summary_large_image","schema":{"@context":"https:\/\/schema.org","@graph":[{"@type":"WebPage","@id":"https:\/\/hobstop.ee\/lv\/produkts\/celmetala-skidrais-schjerning\/","url":"https:\/\/hobstop.ee\/lv\/produkts\/celmetala-skidrais-schjerning\/","name":"C\u0113lmet\u0101la \u0161\u0137idrais Schjerning &#8211; Skizze","isPartOf":{"@id":"https:\/\/hobstop.ee\/lv\/#website"},"primaryImageOfPage":{"@id":"https:\/\/hobstop.ee\/lv\/produkts\/celmetala-skidrais-schjerning\/#primaryimage"},"image":{"@id":"https:\/\/hobstop.ee\/lv\/produkts\/celmetala-skidrais-schjerning\/#primaryimage"},"thumbnailUrl":"https:\/\/hobstop.ee\/media\/4220.jpg","datePublished":"2016-03-15T16:45:40+00:00","dateModified":"2016-03-15T16:45:40+00:00","breadcrumb":{"@id":"https:\/\/hobstop.ee\/lv\/produkts\/celmetala-skidrais-schjerning\/#breadcrumb"},"inLanguage":"lv-LV","potentialAction":[{"@type":"ReadAction","target":["https:\/\/hobstop.ee\/lv\/produkts\/celmetala-skidrais-schjerning\/"]}]},{"@type":"ImageObject","inLanguage":"lv-LV","@id":"https:\/\/hobstop.ee\/lv\/produkts\/celmetala-skidrais-schjerning\/#primaryimage","url":"https:\/\/hobstop.ee\/media\/4220.jpg","contentUrl":"https:\/\/hobstop.ee\/media\/4220.jpg","width":1024,"height":768},{"@type":"BreadcrumbList","@id":"https:\/\/hobstop.ee\/lv\/produkts\/celmetala-skidrais-schjerning\/#breadcrumb","itemListElement":[{"@type":"ListItem","position":1,"name":"Avaleht","item":"https:\/\/www.hobstop.ee\/lv\/"},{"@type":"ListItem","position":2,"name":"Veikals","item":"https:\/\/www.hobstop.ee\/lv\/veikals\/"},{"@type":"ListItem","position":3,"name":"C\u0113lmet\u0101la \u0161\u0137idrais Schjerning"}]},{"@type":"WebSite","@id":"https:\/\/hobstop.ee\/lv\/#website","url":"https:\/\/hobstop.ee\/lv\/","name":"Skizze","description":"M\u0101kslas, hobiju un skolas preces","publisher":{"@id":"https:\/\/hobstop.ee\/lv\/#organization"},"potentialAction":[{"@type":"SearchAction","target":{"@type":"EntryPoint","urlTemplate":"https:\/\/hobstop.ee\/lv\/?s={search_term_string}"},"query-input":{"@type":"PropertyValueSpecification","valueRequired":true,"valueName":"search_term_string"}}],"inLanguage":"lv-LV"},{"@type":"Organization","@id":"https:\/\/hobstop.ee\/lv\/#organization","name":"Vunder AS","url":"https:\/\/hobstop.ee\/lv\/","logo":{"@type":"ImageObject","inLanguage":"lv-LV","@id":"https:\/\/hobstop.ee\/lv\/#\/schema\/logo\/image\/","url":"https:\/\/hobstop.ee\/media\/vunder-logo.png","contentUrl":"https:\/\/hobstop.ee\/media\/vunder-logo.png","width":127,"height":55,"caption":"Vunder AS"},"image":{"@id":"https:\/\/hobstop.ee\/lv\/#\/schema\/logo\/image\/"},"sameAs":["http:\/\/www.facebook.com\/VunderSkizze"]}]}},"_links":{"self":[{"href":"https:\/\/hobstop.ee\/lv\/wp-json\/wp\/v2\/product\/255934","targetHints":{"allow":["GET"]}}],"collection":[{"href":"https:\/\/hobstop.ee\/lv\/wp-json\/wp\/v2\/product"}],"about":[{"href":"https:\/\/hobstop.ee\/lv\/wp-json\/wp\/v2\/types\/product"}],"replies":[{"embeddable":true,"href":"https:\/\/hobstop.ee\/lv\/wp-json\/wp\/v2\/comments?post=255934"}],"wp:featuredmedia":[{"embeddable":true,"href":"https:\/\/hobstop.ee\/lv\/wp-json\/wp\/v2\/media\/257328"}],"wp:attachment":[{"href":"https:\/\/hobstop.ee\/lv\/wp-json\/wp\/v2\/media?parent=255934"}],"wp:term":[{"taxonomy":"product_cat","embeddable":true,"href":"https:\/\/hobstop.ee\/lv\/wp-json\/wp\/v2\/product_cat?post=255934"},{"taxonomy":"product_tag","embeddable":true,"href":"https:\/\/hobstop.ee\/lv\/wp-json\/wp\/v2\/product_tag?post=255934"}],"curies":[{"name":"wp","href":"https:\/\/api.w.org\/{rel}","templated":true}]}}