{"id":256666,"date":"2016-03-16T13:31:41","date_gmt":"2016-03-16T11:31:41","guid":{"rendered":"https:\/\/sharks.ee\/vunder_2019\/lv\/product\/tintes-pildspalva-derwent-graphik-line-maker-komplekts\/"},"modified":"2016-03-16T13:31:41","modified_gmt":"2016-03-16T11:31:41","slug":"tintes-pildspalva-derwent-graphik-line-maker-komplekts","status":"publish","type":"product","link":"https:\/\/hobstop.ee\/lv\/produkts\/tintes-pildspalva-derwent-graphik-line-maker-komplekts\/","title":{"rendered":"Tintes pildspalva Derwent Graphik Line Maker komplekts"},"content":{"rendered":"<p>Izveido vissmalk\u0101kos rakstus ar \u0161iem izcili smalkajiem flomasteriem! Graphik Line Makers ir pild\u012bti ar gaismnotur\u012bgu pigmentu uz \u016bdens b\u0101zes. Jap\u0101\u0146u uzga\u013ci nodro\u0161ina iespaid\u012bgu l\u012bniju sortimentu, s\u0101kot ar \u012bpa\u0161i smalku 0.05mm l\u012bdz pat platam 0.8mm.<\/p>\n","protected":false},"excerpt":{"rendered":"<p>Izveido vissmalk\u0101kos rakstus ar \u0161iem izcili smalkajiem flomasteriem! Graphik Line Makers ir pild\u012bti ar gaismnotur\u012bgu pigmentu uz \u016bdens b\u0101zes. Jap\u0101\u0146u uzga\u013ci nodro\u0161ina iespaid\u012bgu l\u012bniju sortimentu, s\u0101kot ar \u012bpa\u0161i smalku 0.05mm l\u012bdz pat platam 0.8mm.<\/p>\n","protected":false},"featured_media":353223,"comment_status":"closed","ping_status":"closed","template":"","meta":{"_acf_changed":false,"ep_exclude_from_search":false},"product_cat":[18519,19671],"product_tag":[],"class_list":{"0":"post-256666","1":"product","2":"type-product","3":"status-publish","4":"has-post-thumbnail","6":"product_cat-rakstampiederumi-2","7":"product_cat-tintes-pildspalvas","9":"first","10":"instock","11":"taxable","12":"shipping-taxable","13":"purchasable","14":"product-type-simple"},"acf":[],"yoast_head":"<!-- This site is optimized with the Yoast SEO plugin v24.1 - https:\/\/yoast.com\/wordpress\/plugins\/seo\/ -->\n<title>Tintes pildspalva Derwent Graphik Line Maker komplekts &#8211; Skizze<\/title>\n<meta name=\"robots\" content=\"noindex, follow, max-snippet:-1, max-image-preview:large, max-video-preview:-1\" \/>\n<meta property=\"og:locale\" content=\"lv_LV\" \/>\n<meta property=\"og:type\" content=\"article\" \/>\n<meta property=\"og:title\" content=\"Tintes pildspalva Derwent Graphik Line Maker komplekts &#8211; Skizze\" \/>\n<meta property=\"og:description\" content=\"Izveido vissmalk\u0101kos rakstus ar \u0161iem izcili smalkajiem flomasteriem! Graphik Line Makers ir pild\u012bti ar gaismnotur\u012bgu pigmentu uz \u016bdens b\u0101zes. Jap\u0101\u0146u uzga\u013ci nodro\u0161ina iespaid\u012bgu l\u012bniju sortimentu, s\u0101kot ar \u012bpa\u0161i smalku 0.05mm l\u012bdz pat platam 0.8mm.\" \/>\n<meta property=\"og:url\" content=\"https:\/\/hobstop.ee\/lv\/produkts\/tintes-pildspalva-derwent-graphik-line-maker-komplekts\/\" \/>\n<meta property=\"og:site_name\" content=\"Skizze\" \/>\n<meta property=\"article:publisher\" content=\"http:\/\/www.facebook.com\/VunderSkizze\" \/>\n<meta property=\"og:image\" content=\"https:\/\/hobstop.ee\/media\/3958.jpg\" \/>\n\t<meta property=\"og:image:width\" content=\"1024\" \/>\n\t<meta property=\"og:image:height\" content=\"768\" \/>\n\t<meta property=\"og:image:type\" content=\"image\/jpeg\" \/>\n<meta name=\"twitter:card\" content=\"summary_large_image\" \/>\n<script type=\"application\/ld+json\" class=\"yoast-schema-graph\">{\"@context\":\"https:\/\/schema.org\",\"@graph\":[{\"@type\":\"WebPage\",\"@id\":\"https:\/\/hobstop.ee\/lv\/produkts\/tintes-pildspalva-derwent-graphik-line-maker-komplekts\/\",\"url\":\"https:\/\/hobstop.ee\/lv\/produkts\/tintes-pildspalva-derwent-graphik-line-maker-komplekts\/\",\"name\":\"Tintes pildspalva Derwent Graphik Line Maker komplekts &#8211; Skizze\",\"isPartOf\":{\"@id\":\"https:\/\/hobstop.ee\/lv\/#website\"},\"primaryImageOfPage\":{\"@id\":\"https:\/\/hobstop.ee\/lv\/produkts\/tintes-pildspalva-derwent-graphik-line-maker-komplekts\/#primaryimage\"},\"image\":{\"@id\":\"https:\/\/hobstop.ee\/lv\/produkts\/tintes-pildspalva-derwent-graphik-line-maker-komplekts\/#primaryimage\"},\"thumbnailUrl\":\"https:\/\/hobstop.ee\/media\/3958.jpg\",\"datePublished\":\"2016-03-16T11:31:41+00:00\",\"dateModified\":\"2016-03-16T11:31:41+00:00\",\"breadcrumb\":{\"@id\":\"https:\/\/hobstop.ee\/lv\/produkts\/tintes-pildspalva-derwent-graphik-line-maker-komplekts\/#breadcrumb\"},\"inLanguage\":\"lv-LV\",\"potentialAction\":[{\"@type\":\"ReadAction\",\"target\":[\"https:\/\/hobstop.ee\/lv\/produkts\/tintes-pildspalva-derwent-graphik-line-maker-komplekts\/\"]}]},{\"@type\":\"ImageObject\",\"inLanguage\":\"lv-LV\",\"@id\":\"https:\/\/hobstop.ee\/lv\/produkts\/tintes-pildspalva-derwent-graphik-line-maker-komplekts\/#primaryimage\",\"url\":\"https:\/\/hobstop.ee\/media\/3958.jpg\",\"contentUrl\":\"https:\/\/hobstop.ee\/media\/3958.jpg\",\"width\":1024,\"height\":768},{\"@type\":\"BreadcrumbList\",\"@id\":\"https:\/\/hobstop.ee\/lv\/produkts\/tintes-pildspalva-derwent-graphik-line-maker-komplekts\/#breadcrumb\",\"itemListElement\":[{\"@type\":\"ListItem\",\"position\":1,\"name\":\"Avaleht\",\"item\":\"https:\/\/hobstop.ee\/lv\/\"},{\"@type\":\"ListItem\",\"position\":2,\"name\":\"Veikals\",\"item\":\"https:\/\/hobstop.ee\/lv\/veikals\/\"},{\"@type\":\"ListItem\",\"position\":3,\"name\":\"Tintes pildspalva Derwent Graphik Line Maker komplekts\"}]},{\"@type\":\"WebSite\",\"@id\":\"https:\/\/hobstop.ee\/lv\/#website\",\"url\":\"https:\/\/hobstop.ee\/lv\/\",\"name\":\"Skizze\",\"description\":\"M\u0101kslas, hobiju un skolas preces\",\"publisher\":{\"@id\":\"https:\/\/hobstop.ee\/lv\/#organization\"},\"potentialAction\":[{\"@type\":\"SearchAction\",\"target\":{\"@type\":\"EntryPoint\",\"urlTemplate\":\"https:\/\/hobstop.ee\/lv\/?s={search_term_string}\"},\"query-input\":{\"@type\":\"PropertyValueSpecification\",\"valueRequired\":true,\"valueName\":\"search_term_string\"}}],\"inLanguage\":\"lv-LV\"},{\"@type\":\"Organization\",\"@id\":\"https:\/\/hobstop.ee\/lv\/#organization\",\"name\":\"Vunder AS\",\"url\":\"https:\/\/hobstop.ee\/lv\/\",\"logo\":{\"@type\":\"ImageObject\",\"inLanguage\":\"lv-LV\",\"@id\":\"https:\/\/hobstop.ee\/lv\/#\/schema\/logo\/image\/\",\"url\":\"https:\/\/hobstop.ee\/media\/vunder-logo.png\",\"contentUrl\":\"https:\/\/hobstop.ee\/media\/vunder-logo.png\",\"width\":127,\"height\":55,\"caption\":\"Vunder AS\"},\"image\":{\"@id\":\"https:\/\/hobstop.ee\/lv\/#\/schema\/logo\/image\/\"},\"sameAs\":[\"http:\/\/www.facebook.com\/VunderSkizze\"]}]}<\/script>\n<!-- \/ Yoast SEO plugin. -->","yoast_head_json":{"title":"Tintes pildspalva Derwent Graphik Line Maker komplekts &#8211; Skizze","robots":{"index":"noindex","follow":"follow","max-snippet":"max-snippet:-1","max-image-preview":"max-image-preview:large","max-video-preview":"max-video-preview:-1"},"og_locale":"lv_LV","og_type":"article","og_title":"Tintes pildspalva Derwent Graphik Line Maker komplekts &#8211; Skizze","og_description":"Izveido vissmalk\u0101kos rakstus ar \u0161iem izcili smalkajiem flomasteriem! Graphik Line Makers ir pild\u012bti ar gaismnotur\u012bgu pigmentu uz \u016bdens b\u0101zes. Jap\u0101\u0146u uzga\u013ci nodro\u0161ina iespaid\u012bgu l\u012bniju sortimentu, s\u0101kot ar \u012bpa\u0161i smalku 0.05mm l\u012bdz pat platam 0.8mm.","og_url":"https:\/\/hobstop.ee\/lv\/produkts\/tintes-pildspalva-derwent-graphik-line-maker-komplekts\/","og_site_name":"Skizze","article_publisher":"http:\/\/www.facebook.com\/VunderSkizze","og_image":[{"width":1024,"height":768,"url":"https:\/\/hobstop.ee\/media\/3958.jpg","type":"image\/jpeg"}],"twitter_card":"summary_large_image","schema":{"@context":"https:\/\/schema.org","@graph":[{"@type":"WebPage","@id":"https:\/\/hobstop.ee\/lv\/produkts\/tintes-pildspalva-derwent-graphik-line-maker-komplekts\/","url":"https:\/\/hobstop.ee\/lv\/produkts\/tintes-pildspalva-derwent-graphik-line-maker-komplekts\/","name":"Tintes pildspalva Derwent Graphik Line Maker komplekts &#8211; Skizze","isPartOf":{"@id":"https:\/\/hobstop.ee\/lv\/#website"},"primaryImageOfPage":{"@id":"https:\/\/hobstop.ee\/lv\/produkts\/tintes-pildspalva-derwent-graphik-line-maker-komplekts\/#primaryimage"},"image":{"@id":"https:\/\/hobstop.ee\/lv\/produkts\/tintes-pildspalva-derwent-graphik-line-maker-komplekts\/#primaryimage"},"thumbnailUrl":"https:\/\/hobstop.ee\/media\/3958.jpg","datePublished":"2016-03-16T11:31:41+00:00","dateModified":"2016-03-16T11:31:41+00:00","breadcrumb":{"@id":"https:\/\/hobstop.ee\/lv\/produkts\/tintes-pildspalva-derwent-graphik-line-maker-komplekts\/#breadcrumb"},"inLanguage":"lv-LV","potentialAction":[{"@type":"ReadAction","target":["https:\/\/hobstop.ee\/lv\/produkts\/tintes-pildspalva-derwent-graphik-line-maker-komplekts\/"]}]},{"@type":"ImageObject","inLanguage":"lv-LV","@id":"https:\/\/hobstop.ee\/lv\/produkts\/tintes-pildspalva-derwent-graphik-line-maker-komplekts\/#primaryimage","url":"https:\/\/hobstop.ee\/media\/3958.jpg","contentUrl":"https:\/\/hobstop.ee\/media\/3958.jpg","width":1024,"height":768},{"@type":"BreadcrumbList","@id":"https:\/\/hobstop.ee\/lv\/produkts\/tintes-pildspalva-derwent-graphik-line-maker-komplekts\/#breadcrumb","itemListElement":[{"@type":"ListItem","position":1,"name":"Avaleht","item":"https:\/\/hobstop.ee\/lv\/"},{"@type":"ListItem","position":2,"name":"Veikals","item":"https:\/\/hobstop.ee\/lv\/veikals\/"},{"@type":"ListItem","position":3,"name":"Tintes pildspalva Derwent Graphik Line Maker komplekts"}]},{"@type":"WebSite","@id":"https:\/\/hobstop.ee\/lv\/#website","url":"https:\/\/hobstop.ee\/lv\/","name":"Skizze","description":"M\u0101kslas, hobiju un skolas preces","publisher":{"@id":"https:\/\/hobstop.ee\/lv\/#organization"},"potentialAction":[{"@type":"SearchAction","target":{"@type":"EntryPoint","urlTemplate":"https:\/\/hobstop.ee\/lv\/?s={search_term_string}"},"query-input":{"@type":"PropertyValueSpecification","valueRequired":true,"valueName":"search_term_string"}}],"inLanguage":"lv-LV"},{"@type":"Organization","@id":"https:\/\/hobstop.ee\/lv\/#organization","name":"Vunder AS","url":"https:\/\/hobstop.ee\/lv\/","logo":{"@type":"ImageObject","inLanguage":"lv-LV","@id":"https:\/\/hobstop.ee\/lv\/#\/schema\/logo\/image\/","url":"https:\/\/hobstop.ee\/media\/vunder-logo.png","contentUrl":"https:\/\/hobstop.ee\/media\/vunder-logo.png","width":127,"height":55,"caption":"Vunder AS"},"image":{"@id":"https:\/\/hobstop.ee\/lv\/#\/schema\/logo\/image\/"},"sameAs":["http:\/\/www.facebook.com\/VunderSkizze"]}]}},"_links":{"self":[{"href":"https:\/\/hobstop.ee\/lv\/wp-json\/wp\/v2\/product\/256666","targetHints":{"allow":["GET"]}}],"collection":[{"href":"https:\/\/hobstop.ee\/lv\/wp-json\/wp\/v2\/product"}],"about":[{"href":"https:\/\/hobstop.ee\/lv\/wp-json\/wp\/v2\/types\/product"}],"replies":[{"embeddable":true,"href":"https:\/\/hobstop.ee\/lv\/wp-json\/wp\/v2\/comments?post=256666"}],"wp:featuredmedia":[{"embeddable":true,"href":"https:\/\/hobstop.ee\/lv\/wp-json\/wp\/v2\/media\/353223"}],"wp:attachment":[{"href":"https:\/\/hobstop.ee\/lv\/wp-json\/wp\/v2\/media?parent=256666"}],"wp:term":[{"taxonomy":"product_cat","embeddable":true,"href":"https:\/\/hobstop.ee\/lv\/wp-json\/wp\/v2\/product_cat?post=256666"},{"taxonomy":"product_tag","embeddable":true,"href":"https:\/\/hobstop.ee\/lv\/wp-json\/wp\/v2\/product_tag?post=256666"}],"curies":[{"name":"wp","href":"https:\/\/api.w.org\/{rel}","templated":true}]}}