{"id":256674,"date":"2016-03-16T13:31:42","date_gmt":"2016-03-16T11:31:42","guid":{"rendered":"https:\/\/sharks.ee\/vunder_2019\/lv\/product\/uzlimes-mt-casa-seal\/"},"modified":"2016-03-16T13:31:42","modified_gmt":"2016-03-16T11:31:42","slug":"uzlimes-mt-casa-seal","status":"publish","type":"product","link":"https:\/\/hobstop.ee\/lv\/produkts\/uzlimes-mt-casa-seal\/","title":{"rendered":"Uzl\u012bmes mt casa seal"},"content":{"rendered":"<p>mt casa seal ir jap\u0101\u0146u mask\u0113\u0161anas l\u012bmlentas uzl\u012bmes, kas izgatavotas no jap\u0101\u0146u Washi pap\u012bra, ko var gl\u012bti izvietot rind\u0101 vai k\u0101 vien ien\u0101k pr\u0101t\u0101. Uzl\u012bmes var l\u012bm\u0113t uz logiem, sien\u0101m, m\u0113bel\u0113m da\u017e\u0101dos rakstos, var ar\u012b sal\u012bm\u0113t divus gabalus kop\u0101 v\u012btn\u0113 vai izmantot ball\u012b\u0161u dekor\u0113jumu veido\u0161an\u0101. Var izmantot uz da\u017e\u0101d\u0101m virsm\u0101m: pap\u012brs, koks, met\u0101ls, porcel\u0101ns, stikls utt. Pateicoties industri\u0101l\u0101s l\u012bmlentas ra\u017eo\u0161anas pieredzei, mt mask\u0113\u0161anas l\u012bmlentas uzl\u012bmes ir augstas kvalit\u0101tes &#8211; iztur\u012bgas, tom\u0113r \u013coti pl\u0101nas. Izcil\u0101 lip\u0161ana nodro\u0161ina lielisku rezult\u0101tu, vienlaikus \u013caujot t\u0101s no\u0146emt bez jebk\u0101dam p\u016bl\u0113m un l\u012bmes paliek\u0101m.<\/p>\n","protected":false},"excerpt":{"rendered":"<p>mt casa seal ir jap\u0101\u0146u mask\u0113\u0161anas l\u012bmlentas uzl\u012bmes, kas izgatavotas no jap\u0101\u0146u Washi pap\u012bra, ko var gl\u012bti izvietot rind\u0101 vai k\u0101 vien ien\u0101k pr\u0101t\u0101. Uzl\u012bmes var l\u012bm\u0113t uz logiem, sien\u0101m, m\u0113bel\u0113m da\u017e\u0101dos rakstos, var ar\u012b sal\u012bm\u0113t divus gabalus kop\u0101 v\u012btn\u0113 vai izmantot ball\u012b\u0161u dekor\u0113jumu veido\u0161an\u0101. Var izmantot uz da\u017e\u0101d\u0101m virsm\u0101m: pap\u012brs, koks, met\u0101ls, porcel\u0101ns, stikls utt. Pateicoties industri\u0101l\u0101s l\u012bmlentas ra\u017eo\u0161anas pieredzei, mt mask\u0113\u0161anas l\u012bmlentas uzl\u012bmes ir augstas kvalit\u0101tes &#8211; iztur\u012bgas, tom\u0113r \u013coti pl\u0101nas. Izcil\u0101 lip\u0161ana nodro\u0161ina lielisku rezult\u0101tu, vienlaikus \u013caujot t\u0101s no\u0146emt bez jebk\u0101dam p\u016bl\u0113m un l\u012bmes paliek\u0101m.<\/p>\n","protected":false},"featured_media":256974,"comment_status":"closed","ping_status":"closed","template":"","meta":{"_acf_changed":false,"ep_exclude_from_search":false},"product_cat":[17968,17918,18281],"product_tag":[],"class_list":{"0":"post-256674","1":"product","2":"type-product","3":"status-publish","4":"has-post-thumbnail","6":"product_cat-citi-piederumi","7":"product_cat-preces-hobijiem","8":"product_cat-uzlimes","10":"first","11":"instock","12":"taxable","13":"shipping-taxable","14":"purchasable","15":"product-type-simple"},"acf":[],"yoast_head":"<!-- This site is optimized with the Yoast SEO plugin v24.1 - https:\/\/yoast.com\/wordpress\/plugins\/seo\/ -->\n<title>Uzl\u012bmes mt casa seal &#8211; Skizze<\/title>\n<meta name=\"robots\" content=\"noindex, follow, max-snippet:-1, max-image-preview:large, max-video-preview:-1\" \/>\n<meta property=\"og:locale\" content=\"lv_LV\" \/>\n<meta property=\"og:type\" content=\"article\" \/>\n<meta property=\"og:title\" content=\"Uzl\u012bmes mt casa seal &#8211; Skizze\" \/>\n<meta property=\"og:description\" content=\"mt casa seal ir jap\u0101\u0146u mask\u0113\u0161anas l\u012bmlentas uzl\u012bmes, kas izgatavotas no jap\u0101\u0146u Washi pap\u012bra, ko var gl\u012bti izvietot rind\u0101 vai k\u0101 vien ien\u0101k pr\u0101t\u0101. Uzl\u012bmes var l\u012bm\u0113t uz logiem, sien\u0101m, m\u0113bel\u0113m da\u017e\u0101dos rakstos, var ar\u012b sal\u012bm\u0113t divus gabalus kop\u0101 v\u012btn\u0113 vai izmantot ball\u012b\u0161u dekor\u0113jumu veido\u0161an\u0101. Var izmantot uz da\u017e\u0101d\u0101m virsm\u0101m: pap\u012brs, koks, met\u0101ls, porcel\u0101ns, stikls utt. Pateicoties industri\u0101l\u0101s l\u012bmlentas ra\u017eo\u0161anas pieredzei, mt mask\u0113\u0161anas l\u012bmlentas uzl\u012bmes ir augstas kvalit\u0101tes &#8211; iztur\u012bgas, tom\u0113r \u013coti pl\u0101nas. Izcil\u0101 lip\u0161ana nodro\u0161ina lielisku rezult\u0101tu, vienlaikus \u013caujot t\u0101s no\u0146emt bez jebk\u0101dam p\u016bl\u0113m un l\u012bmes paliek\u0101m.\" \/>\n<meta property=\"og:url\" content=\"https:\/\/hobstop.ee\/lv\/produkts\/uzlimes-mt-casa-seal\/\" \/>\n<meta property=\"og:site_name\" content=\"Skizze\" \/>\n<meta property=\"article:publisher\" content=\"http:\/\/www.facebook.com\/VunderSkizze\" \/>\n<meta property=\"og:image\" content=\"https:\/\/hobstop.ee\/media\/4165.jpg\" \/>\n\t<meta property=\"og:image:width\" content=\"1024\" \/>\n\t<meta property=\"og:image:height\" content=\"768\" \/>\n\t<meta property=\"og:image:type\" content=\"image\/jpeg\" \/>\n<meta name=\"twitter:card\" content=\"summary_large_image\" \/>\n<meta name=\"twitter:label1\" content=\"Est. reading time\" \/>\n\t<meta name=\"twitter:data1\" content=\"1 min\u016b\u0161u\" \/>\n<script type=\"application\/ld+json\" class=\"yoast-schema-graph\">{\"@context\":\"https:\/\/schema.org\",\"@graph\":[{\"@type\":\"WebPage\",\"@id\":\"https:\/\/hobstop.ee\/lv\/produkts\/uzlimes-mt-casa-seal\/\",\"url\":\"https:\/\/hobstop.ee\/lv\/produkts\/uzlimes-mt-casa-seal\/\",\"name\":\"Uzl\u012bmes mt casa seal &#8211; Skizze\",\"isPartOf\":{\"@id\":\"https:\/\/www.hobstop.ee\/lv\/#website\"},\"primaryImageOfPage\":{\"@id\":\"https:\/\/hobstop.ee\/lv\/produkts\/uzlimes-mt-casa-seal\/#primaryimage\"},\"image\":{\"@id\":\"https:\/\/hobstop.ee\/lv\/produkts\/uzlimes-mt-casa-seal\/#primaryimage\"},\"thumbnailUrl\":\"https:\/\/hobstop.ee\/media\/4165.jpg\",\"datePublished\":\"2016-03-16T11:31:42+00:00\",\"dateModified\":\"2016-03-16T11:31:42+00:00\",\"breadcrumb\":{\"@id\":\"https:\/\/hobstop.ee\/lv\/produkts\/uzlimes-mt-casa-seal\/#breadcrumb\"},\"inLanguage\":\"lv-LV\",\"potentialAction\":[{\"@type\":\"ReadAction\",\"target\":[\"https:\/\/hobstop.ee\/lv\/produkts\/uzlimes-mt-casa-seal\/\"]}]},{\"@type\":\"ImageObject\",\"inLanguage\":\"lv-LV\",\"@id\":\"https:\/\/hobstop.ee\/lv\/produkts\/uzlimes-mt-casa-seal\/#primaryimage\",\"url\":\"https:\/\/hobstop.ee\/media\/4165.jpg\",\"contentUrl\":\"https:\/\/hobstop.ee\/media\/4165.jpg\",\"width\":1024,\"height\":768},{\"@type\":\"BreadcrumbList\",\"@id\":\"https:\/\/hobstop.ee\/lv\/produkts\/uzlimes-mt-casa-seal\/#breadcrumb\",\"itemListElement\":[{\"@type\":\"ListItem\",\"position\":1,\"name\":\"Avaleht\",\"item\":\"https:\/\/www.hobstop.ee\/lv\/\"},{\"@type\":\"ListItem\",\"position\":2,\"name\":\"Veikals\",\"item\":\"https:\/\/www.hobstop.ee\/lv\/veikals\/\"},{\"@type\":\"ListItem\",\"position\":3,\"name\":\"Uzl\u012bmes mt casa seal\"}]},{\"@type\":\"WebSite\",\"@id\":\"https:\/\/www.hobstop.ee\/lv\/#website\",\"url\":\"https:\/\/www.hobstop.ee\/lv\/\",\"name\":\"Skizze\",\"description\":\"M\u0101kslas, hobiju un skolas preces\",\"publisher\":{\"@id\":\"https:\/\/www.hobstop.ee\/lv\/#organization\"},\"potentialAction\":[{\"@type\":\"SearchAction\",\"target\":{\"@type\":\"EntryPoint\",\"urlTemplate\":\"https:\/\/www.hobstop.ee\/lv\/?s={search_term_string}\"},\"query-input\":{\"@type\":\"PropertyValueSpecification\",\"valueRequired\":true,\"valueName\":\"search_term_string\"}}],\"inLanguage\":\"lv-LV\"},{\"@type\":\"Organization\",\"@id\":\"https:\/\/www.hobstop.ee\/lv\/#organization\",\"name\":\"Vunder AS\",\"url\":\"https:\/\/www.hobstop.ee\/lv\/\",\"logo\":{\"@type\":\"ImageObject\",\"inLanguage\":\"lv-LV\",\"@id\":\"https:\/\/www.hobstop.ee\/lv\/#\/schema\/logo\/image\/\",\"url\":\"https:\/\/hobstop.ee\/media\/vunder-logo.png\",\"contentUrl\":\"https:\/\/hobstop.ee\/media\/vunder-logo.png\",\"width\":127,\"height\":55,\"caption\":\"Vunder AS\"},\"image\":{\"@id\":\"https:\/\/www.hobstop.ee\/lv\/#\/schema\/logo\/image\/\"},\"sameAs\":[\"http:\/\/www.facebook.com\/VunderSkizze\"]}]}<\/script>\n<!-- \/ Yoast SEO plugin. -->","yoast_head_json":{"title":"Uzl\u012bmes mt casa seal &#8211; Skizze","robots":{"index":"noindex","follow":"follow","max-snippet":"max-snippet:-1","max-image-preview":"max-image-preview:large","max-video-preview":"max-video-preview:-1"},"og_locale":"lv_LV","og_type":"article","og_title":"Uzl\u012bmes mt casa seal &#8211; Skizze","og_description":"mt casa seal ir jap\u0101\u0146u mask\u0113\u0161anas l\u012bmlentas uzl\u012bmes, kas izgatavotas no jap\u0101\u0146u Washi pap\u012bra, ko var gl\u012bti izvietot rind\u0101 vai k\u0101 vien ien\u0101k pr\u0101t\u0101. Uzl\u012bmes var l\u012bm\u0113t uz logiem, sien\u0101m, m\u0113bel\u0113m da\u017e\u0101dos rakstos, var ar\u012b sal\u012bm\u0113t divus gabalus kop\u0101 v\u012btn\u0113 vai izmantot ball\u012b\u0161u dekor\u0113jumu veido\u0161an\u0101. Var izmantot uz da\u017e\u0101d\u0101m virsm\u0101m: pap\u012brs, koks, met\u0101ls, porcel\u0101ns, stikls utt. Pateicoties industri\u0101l\u0101s l\u012bmlentas ra\u017eo\u0161anas pieredzei, mt mask\u0113\u0161anas l\u012bmlentas uzl\u012bmes ir augstas kvalit\u0101tes &#8211; iztur\u012bgas, tom\u0113r \u013coti pl\u0101nas. Izcil\u0101 lip\u0161ana nodro\u0161ina lielisku rezult\u0101tu, vienlaikus \u013caujot t\u0101s no\u0146emt bez jebk\u0101dam p\u016bl\u0113m un l\u012bmes paliek\u0101m.","og_url":"https:\/\/hobstop.ee\/lv\/produkts\/uzlimes-mt-casa-seal\/","og_site_name":"Skizze","article_publisher":"http:\/\/www.facebook.com\/VunderSkizze","og_image":[{"width":1024,"height":768,"url":"https:\/\/hobstop.ee\/media\/4165.jpg","type":"image\/jpeg"}],"twitter_card":"summary_large_image","twitter_misc":{"Est. reading time":"1 min\u016b\u0161u"},"schema":{"@context":"https:\/\/schema.org","@graph":[{"@type":"WebPage","@id":"https:\/\/hobstop.ee\/lv\/produkts\/uzlimes-mt-casa-seal\/","url":"https:\/\/hobstop.ee\/lv\/produkts\/uzlimes-mt-casa-seal\/","name":"Uzl\u012bmes mt casa seal &#8211; Skizze","isPartOf":{"@id":"https:\/\/www.hobstop.ee\/lv\/#website"},"primaryImageOfPage":{"@id":"https:\/\/hobstop.ee\/lv\/produkts\/uzlimes-mt-casa-seal\/#primaryimage"},"image":{"@id":"https:\/\/hobstop.ee\/lv\/produkts\/uzlimes-mt-casa-seal\/#primaryimage"},"thumbnailUrl":"https:\/\/hobstop.ee\/media\/4165.jpg","datePublished":"2016-03-16T11:31:42+00:00","dateModified":"2016-03-16T11:31:42+00:00","breadcrumb":{"@id":"https:\/\/hobstop.ee\/lv\/produkts\/uzlimes-mt-casa-seal\/#breadcrumb"},"inLanguage":"lv-LV","potentialAction":[{"@type":"ReadAction","target":["https:\/\/hobstop.ee\/lv\/produkts\/uzlimes-mt-casa-seal\/"]}]},{"@type":"ImageObject","inLanguage":"lv-LV","@id":"https:\/\/hobstop.ee\/lv\/produkts\/uzlimes-mt-casa-seal\/#primaryimage","url":"https:\/\/hobstop.ee\/media\/4165.jpg","contentUrl":"https:\/\/hobstop.ee\/media\/4165.jpg","width":1024,"height":768},{"@type":"BreadcrumbList","@id":"https:\/\/hobstop.ee\/lv\/produkts\/uzlimes-mt-casa-seal\/#breadcrumb","itemListElement":[{"@type":"ListItem","position":1,"name":"Avaleht","item":"https:\/\/www.hobstop.ee\/lv\/"},{"@type":"ListItem","position":2,"name":"Veikals","item":"https:\/\/www.hobstop.ee\/lv\/veikals\/"},{"@type":"ListItem","position":3,"name":"Uzl\u012bmes mt casa seal"}]},{"@type":"WebSite","@id":"https:\/\/www.hobstop.ee\/lv\/#website","url":"https:\/\/www.hobstop.ee\/lv\/","name":"Skizze","description":"M\u0101kslas, hobiju un skolas preces","publisher":{"@id":"https:\/\/www.hobstop.ee\/lv\/#organization"},"potentialAction":[{"@type":"SearchAction","target":{"@type":"EntryPoint","urlTemplate":"https:\/\/www.hobstop.ee\/lv\/?s={search_term_string}"},"query-input":{"@type":"PropertyValueSpecification","valueRequired":true,"valueName":"search_term_string"}}],"inLanguage":"lv-LV"},{"@type":"Organization","@id":"https:\/\/www.hobstop.ee\/lv\/#organization","name":"Vunder AS","url":"https:\/\/www.hobstop.ee\/lv\/","logo":{"@type":"ImageObject","inLanguage":"lv-LV","@id":"https:\/\/www.hobstop.ee\/lv\/#\/schema\/logo\/image\/","url":"https:\/\/hobstop.ee\/media\/vunder-logo.png","contentUrl":"https:\/\/hobstop.ee\/media\/vunder-logo.png","width":127,"height":55,"caption":"Vunder AS"},"image":{"@id":"https:\/\/www.hobstop.ee\/lv\/#\/schema\/logo\/image\/"},"sameAs":["http:\/\/www.facebook.com\/VunderSkizze"]}]}},"_links":{"self":[{"href":"https:\/\/hobstop.ee\/lv\/wp-json\/wp\/v2\/product\/256674","targetHints":{"allow":["GET"]}}],"collection":[{"href":"https:\/\/hobstop.ee\/lv\/wp-json\/wp\/v2\/product"}],"about":[{"href":"https:\/\/hobstop.ee\/lv\/wp-json\/wp\/v2\/types\/product"}],"replies":[{"embeddable":true,"href":"https:\/\/hobstop.ee\/lv\/wp-json\/wp\/v2\/comments?post=256674"}],"wp:featuredmedia":[{"embeddable":true,"href":"https:\/\/hobstop.ee\/lv\/wp-json\/wp\/v2\/media\/256974"}],"wp:attachment":[{"href":"https:\/\/hobstop.ee\/lv\/wp-json\/wp\/v2\/media?parent=256674"}],"wp:term":[{"taxonomy":"product_cat","embeddable":true,"href":"https:\/\/hobstop.ee\/lv\/wp-json\/wp\/v2\/product_cat?post=256674"},{"taxonomy":"product_tag","embeddable":true,"href":"https:\/\/hobstop.ee\/lv\/wp-json\/wp\/v2\/product_tag?post=256674"}],"curies":[{"name":"wp","href":"https:\/\/api.w.org\/{rel}","templated":true}]}}