{"id":256686,"date":"2016-03-16T13:31:46","date_gmt":"2016-03-16T11:31:46","guid":{"rendered":"https:\/\/sharks.ee\/vunder_2019\/lv\/product\/zimogu-komplekts-aladine-stampo-fashion\/"},"modified":"2016-03-16T13:31:46","modified_gmt":"2016-03-16T11:31:46","slug":"zimogu-komplekts-aladine-stampo-fashion","status":"publish","type":"product","link":"https:\/\/hobstop.ee\/lv\/produkts\/zimogu-komplekts-aladine-stampo-fashion\/","title":{"rendered":"Z\u012bmogu komplekts Aladine Stampo Fashion"},"content":{"rendered":"<p>Gumijas z\u012bmogu komplekts ar putuplasta rokturiem padar\u012bs b\u0113rnu par \u012bstenu modes dizaineri! Izveido ar z\u012bmogiem modeli un da\u017e\u0101das lietas, nepiecie\u0161am\u012bbas gad\u012bjum\u0101 papildini z\u012bm\u0113jumu ar z\u012bmu\u013ciem un izkr\u0101so p\u0113c v\u0113l\u0113\u0161an\u0101s! Komplekt\u0101 ietilpst da\u017e\u0101du mode\u013cu, ap\u0123\u0113rbu, apavu un aksesu\u0101ru fig\u016bras un viens liels, pel\u0113ks z\u012bmogspilvens.<\/p>\n","protected":false},"excerpt":{"rendered":"<p>Gumijas z\u012bmogu komplekts ar putuplasta rokturiem padar\u012bs b\u0113rnu par \u012bstenu modes dizaineri! Izveido ar z\u012bmogiem modeli un da\u017e\u0101das lietas, nepiecie\u0161am\u012bbas gad\u012bjum\u0101 papildini z\u012bm\u0113jumu ar z\u012bmu\u013ciem un izkr\u0101so p\u0113c v\u0113l\u0113\u0161an\u0101s! Komplekt\u0101 ietilpst da\u017e\u0101du mode\u013cu, ap\u0123\u0113rbu, apavu un aksesu\u0101ru fig\u016bras un viens liels, pel\u0113ks z\u012bmogspilvens.<\/p>\n","protected":false},"featured_media":0,"comment_status":"closed","ping_status":"closed","template":"","meta":{"_acf_changed":false,"ep_exclude_from_search":false},"product_cat":[19835,20389,20401],"product_tag":[],"class_list":{"0":"post-256686","1":"product","2":"type-product","3":"status-publish","5":"product_cat-bernu-brivais-laiks","6":"product_cat-makslas-piederumi-3","7":"product_cat-zimogi","9":"first","10":"instock","11":"taxable","12":"shipping-taxable","13":"purchasable","14":"product-type-simple"},"acf":[],"yoast_head":"<!-- This site is optimized with the Yoast SEO plugin v24.1 - https:\/\/yoast.com\/wordpress\/plugins\/seo\/ -->\n<title>Z\u012bmogu komplekts Aladine Stampo Fashion &#8211; Skizze<\/title>\n<meta name=\"robots\" content=\"noindex, follow, max-snippet:-1, max-image-preview:large, max-video-preview:-1\" \/>\n<meta property=\"og:locale\" content=\"lv_LV\" \/>\n<meta property=\"og:type\" content=\"article\" \/>\n<meta property=\"og:title\" content=\"Z\u012bmogu komplekts Aladine Stampo Fashion &#8211; Skizze\" \/>\n<meta property=\"og:description\" content=\"Gumijas z\u012bmogu komplekts ar putuplasta rokturiem padar\u012bs b\u0113rnu par \u012bstenu modes dizaineri! Izveido ar z\u012bmogiem modeli un da\u017e\u0101das lietas, nepiecie\u0161am\u012bbas gad\u012bjum\u0101 papildini z\u012bm\u0113jumu ar z\u012bmu\u013ciem un izkr\u0101so p\u0113c v\u0113l\u0113\u0161an\u0101s! Komplekt\u0101 ietilpst da\u017e\u0101du mode\u013cu, ap\u0123\u0113rbu, apavu un aksesu\u0101ru fig\u016bras un viens liels, pel\u0113ks z\u012bmogspilvens.\" \/>\n<meta property=\"og:url\" content=\"https:\/\/hobstop.ee\/lv\/produkts\/zimogu-komplekts-aladine-stampo-fashion\/\" \/>\n<meta property=\"og:site_name\" content=\"Skizze\" \/>\n<meta property=\"article:publisher\" content=\"http:\/\/www.facebook.com\/VunderSkizze\" \/>\n<meta name=\"twitter:card\" content=\"summary_large_image\" \/>\n<script type=\"application\/ld+json\" class=\"yoast-schema-graph\">{\"@context\":\"https:\/\/schema.org\",\"@graph\":[{\"@type\":\"WebPage\",\"@id\":\"https:\/\/hobstop.ee\/lv\/produkts\/zimogu-komplekts-aladine-stampo-fashion\/\",\"url\":\"https:\/\/hobstop.ee\/lv\/produkts\/zimogu-komplekts-aladine-stampo-fashion\/\",\"name\":\"Z\u012bmogu komplekts Aladine Stampo Fashion &#8211; Skizze\",\"isPartOf\":{\"@id\":\"https:\/\/hobstop.ee\/lv\/#website\"},\"datePublished\":\"2016-03-16T11:31:46+00:00\",\"dateModified\":\"2016-03-16T11:31:46+00:00\",\"breadcrumb\":{\"@id\":\"https:\/\/hobstop.ee\/lv\/produkts\/zimogu-komplekts-aladine-stampo-fashion\/#breadcrumb\"},\"inLanguage\":\"lv-LV\",\"potentialAction\":[{\"@type\":\"ReadAction\",\"target\":[\"https:\/\/hobstop.ee\/lv\/produkts\/zimogu-komplekts-aladine-stampo-fashion\/\"]}]},{\"@type\":\"BreadcrumbList\",\"@id\":\"https:\/\/hobstop.ee\/lv\/produkts\/zimogu-komplekts-aladine-stampo-fashion\/#breadcrumb\",\"itemListElement\":[{\"@type\":\"ListItem\",\"position\":1,\"name\":\"Avaleht\",\"item\":\"https:\/\/hobstop.ee\/lv\/\"},{\"@type\":\"ListItem\",\"position\":2,\"name\":\"Veikals\",\"item\":\"https:\/\/hobstop.ee\/lv\/veikals\/\"},{\"@type\":\"ListItem\",\"position\":3,\"name\":\"Z\u012bmogu komplekts Aladine Stampo Fashion\"}]},{\"@type\":\"WebSite\",\"@id\":\"https:\/\/hobstop.ee\/lv\/#website\",\"url\":\"https:\/\/hobstop.ee\/lv\/\",\"name\":\"Skizze\",\"description\":\"M\u0101kslas, hobiju un skolas preces\",\"publisher\":{\"@id\":\"https:\/\/hobstop.ee\/lv\/#organization\"},\"potentialAction\":[{\"@type\":\"SearchAction\",\"target\":{\"@type\":\"EntryPoint\",\"urlTemplate\":\"https:\/\/hobstop.ee\/lv\/?s={search_term_string}\"},\"query-input\":{\"@type\":\"PropertyValueSpecification\",\"valueRequired\":true,\"valueName\":\"search_term_string\"}}],\"inLanguage\":\"lv-LV\"},{\"@type\":\"Organization\",\"@id\":\"https:\/\/hobstop.ee\/lv\/#organization\",\"name\":\"Vunder AS\",\"url\":\"https:\/\/hobstop.ee\/lv\/\",\"logo\":{\"@type\":\"ImageObject\",\"inLanguage\":\"lv-LV\",\"@id\":\"https:\/\/hobstop.ee\/lv\/#\/schema\/logo\/image\/\",\"url\":\"https:\/\/hobstop.ee\/media\/vunder-logo.png\",\"contentUrl\":\"https:\/\/hobstop.ee\/media\/vunder-logo.png\",\"width\":127,\"height\":55,\"caption\":\"Vunder AS\"},\"image\":{\"@id\":\"https:\/\/hobstop.ee\/lv\/#\/schema\/logo\/image\/\"},\"sameAs\":[\"http:\/\/www.facebook.com\/VunderSkizze\"]}]}<\/script>\n<!-- \/ Yoast SEO plugin. -->","yoast_head_json":{"title":"Z\u012bmogu komplekts Aladine Stampo Fashion &#8211; Skizze","robots":{"index":"noindex","follow":"follow","max-snippet":"max-snippet:-1","max-image-preview":"max-image-preview:large","max-video-preview":"max-video-preview:-1"},"og_locale":"lv_LV","og_type":"article","og_title":"Z\u012bmogu komplekts Aladine Stampo Fashion &#8211; Skizze","og_description":"Gumijas z\u012bmogu komplekts ar putuplasta rokturiem padar\u012bs b\u0113rnu par \u012bstenu modes dizaineri! Izveido ar z\u012bmogiem modeli un da\u017e\u0101das lietas, nepiecie\u0161am\u012bbas gad\u012bjum\u0101 papildini z\u012bm\u0113jumu ar z\u012bmu\u013ciem un izkr\u0101so p\u0113c v\u0113l\u0113\u0161an\u0101s! Komplekt\u0101 ietilpst da\u017e\u0101du mode\u013cu, ap\u0123\u0113rbu, apavu un aksesu\u0101ru fig\u016bras un viens liels, pel\u0113ks z\u012bmogspilvens.","og_url":"https:\/\/hobstop.ee\/lv\/produkts\/zimogu-komplekts-aladine-stampo-fashion\/","og_site_name":"Skizze","article_publisher":"http:\/\/www.facebook.com\/VunderSkizze","twitter_card":"summary_large_image","schema":{"@context":"https:\/\/schema.org","@graph":[{"@type":"WebPage","@id":"https:\/\/hobstop.ee\/lv\/produkts\/zimogu-komplekts-aladine-stampo-fashion\/","url":"https:\/\/hobstop.ee\/lv\/produkts\/zimogu-komplekts-aladine-stampo-fashion\/","name":"Z\u012bmogu komplekts Aladine Stampo Fashion &#8211; Skizze","isPartOf":{"@id":"https:\/\/hobstop.ee\/lv\/#website"},"datePublished":"2016-03-16T11:31:46+00:00","dateModified":"2016-03-16T11:31:46+00:00","breadcrumb":{"@id":"https:\/\/hobstop.ee\/lv\/produkts\/zimogu-komplekts-aladine-stampo-fashion\/#breadcrumb"},"inLanguage":"lv-LV","potentialAction":[{"@type":"ReadAction","target":["https:\/\/hobstop.ee\/lv\/produkts\/zimogu-komplekts-aladine-stampo-fashion\/"]}]},{"@type":"BreadcrumbList","@id":"https:\/\/hobstop.ee\/lv\/produkts\/zimogu-komplekts-aladine-stampo-fashion\/#breadcrumb","itemListElement":[{"@type":"ListItem","position":1,"name":"Avaleht","item":"https:\/\/hobstop.ee\/lv\/"},{"@type":"ListItem","position":2,"name":"Veikals","item":"https:\/\/hobstop.ee\/lv\/veikals\/"},{"@type":"ListItem","position":3,"name":"Z\u012bmogu komplekts Aladine Stampo Fashion"}]},{"@type":"WebSite","@id":"https:\/\/hobstop.ee\/lv\/#website","url":"https:\/\/hobstop.ee\/lv\/","name":"Skizze","description":"M\u0101kslas, hobiju un skolas preces","publisher":{"@id":"https:\/\/hobstop.ee\/lv\/#organization"},"potentialAction":[{"@type":"SearchAction","target":{"@type":"EntryPoint","urlTemplate":"https:\/\/hobstop.ee\/lv\/?s={search_term_string}"},"query-input":{"@type":"PropertyValueSpecification","valueRequired":true,"valueName":"search_term_string"}}],"inLanguage":"lv-LV"},{"@type":"Organization","@id":"https:\/\/hobstop.ee\/lv\/#organization","name":"Vunder AS","url":"https:\/\/hobstop.ee\/lv\/","logo":{"@type":"ImageObject","inLanguage":"lv-LV","@id":"https:\/\/hobstop.ee\/lv\/#\/schema\/logo\/image\/","url":"https:\/\/hobstop.ee\/media\/vunder-logo.png","contentUrl":"https:\/\/hobstop.ee\/media\/vunder-logo.png","width":127,"height":55,"caption":"Vunder AS"},"image":{"@id":"https:\/\/hobstop.ee\/lv\/#\/schema\/logo\/image\/"},"sameAs":["http:\/\/www.facebook.com\/VunderSkizze"]}]}},"_links":{"self":[{"href":"https:\/\/hobstop.ee\/lv\/wp-json\/wp\/v2\/product\/256686","targetHints":{"allow":["GET"]}}],"collection":[{"href":"https:\/\/hobstop.ee\/lv\/wp-json\/wp\/v2\/product"}],"about":[{"href":"https:\/\/hobstop.ee\/lv\/wp-json\/wp\/v2\/types\/product"}],"replies":[{"embeddable":true,"href":"https:\/\/hobstop.ee\/lv\/wp-json\/wp\/v2\/comments?post=256686"}],"wp:attachment":[{"href":"https:\/\/hobstop.ee\/lv\/wp-json\/wp\/v2\/media?parent=256686"}],"wp:term":[{"taxonomy":"product_cat","embeddable":true,"href":"https:\/\/hobstop.ee\/lv\/wp-json\/wp\/v2\/product_cat?post=256686"},{"taxonomy":"product_tag","embeddable":true,"href":"https:\/\/hobstop.ee\/lv\/wp-json\/wp\/v2\/product_tag?post=256686"}],"curies":[{"name":"wp","href":"https:\/\/api.w.org\/{rel}","templated":true}]}}