{"id":25819,"date":"2014-12-09T13:37:21","date_gmt":"2014-12-09T11:37:21","guid":{"rendered":"https:\/\/sharks.ee\/vunder_2019.klient.veebimajutus.ee\/?post_type=product&#038;p=25819"},"modified":"2014-12-09T13:37:21","modified_gmt":"2014-12-09T11:37:21","slug":"kaligrafijas-bloks-manuscript","status":"publish","type":"product","link":"https:\/\/hobstop.ee\/lv\/produkts\/kaligrafijas-bloks-manuscript\/","title":{"rendered":"Kaligr\u0101fijas bloks Manuscript"},"content":{"rendered":"<p>Manuscript vingrin\u0101jumu bloka lap\u0101m ir horizont\u0101l\u0101s un sl\u012bp\u0101s pal\u012bgl\u012bnijas, kas rakstot pal\u012bdz iev\u0113rot pareizo burtu sl\u012bpumu.  Manuscript pergamenta blok\u0101 ir triju to\u0146u pergaments \u2013 kr\u0113mkr\u0101sas, balts un dzeltens.  Pap\u012bra biez\u0101 loksne un \u012bpa\u0161\u0101 tekst\u016bra nov\u0113r\u0161 tintes izs\u016bk\u0161anos cauri pap\u012bram un pasarg\u0101 citas lapas no sasm\u0113r\u0113\u0161anas.<\/p>\n","protected":false},"excerpt":{"rendered":"<p>Manuscript vingrin\u0101jumu bloka lap\u0101m ir horizont\u0101l\u0101s un sl\u012bp\u0101s pal\u012bgl\u012bnijas, kas rakstot pal\u012bdz iev\u0113rot pareizo burtu sl\u012bpumu. Manuscript pergamenta blok\u0101 ir triju to\u0146u pergaments \u2013 kr\u0113mkr\u0101sas, balts un dzeltens. Pap\u012bra biez\u0101 loksne un \u012bpa\u0161\u0101 tekst\u016bra nov\u0113r\u0161 tintes izs\u016bk\u0161anos cauri pap\u012bram un pasarg\u0101 citas lapas no sasm\u0113r\u0113\u0161anas.<\/p>\n","protected":false},"featured_media":316977,"comment_status":"closed","ping_status":"closed","template":"","meta":{"_acf_changed":false,"ep_exclude_from_search":false},"product_cat":[18943,17921,19024],"product_tag":[],"class_list":{"0":"post-25819","1":"product","2":"type-product","3":"status-publish","4":"has-post-thumbnail","6":"product_cat-makslas-papirs-un-kartons-2","7":"product_cat-papira-izstradajumi","8":"product_cat-zimesanas-papirs-un-bloki-3","10":"first","11":"outofstock","12":"taxable","13":"shipping-taxable","14":"purchasable","15":"product-type-variable"},"acf":[],"yoast_head":"<!-- This site is optimized with the Yoast SEO plugin v24.1 - https:\/\/yoast.com\/wordpress\/plugins\/seo\/ -->\n<title>Kaligr\u0101fijas bloks Manuscript &#8211; Skizze<\/title>\n<meta name=\"robots\" content=\"noindex, follow, max-snippet:-1, max-image-preview:large, max-video-preview:-1\" \/>\n<meta property=\"og:locale\" content=\"lv_LV\" \/>\n<meta property=\"og:type\" content=\"article\" \/>\n<meta property=\"og:title\" content=\"Kaligr\u0101fijas bloks Manuscript &#8211; Skizze\" \/>\n<meta property=\"og:description\" content=\"Manuscript vingrin\u0101jumu bloka lap\u0101m ir horizont\u0101l\u0101s un sl\u012bp\u0101s pal\u012bgl\u012bnijas, kas rakstot pal\u012bdz iev\u0113rot pareizo burtu sl\u012bpumu. Manuscript pergamenta blok\u0101 ir triju to\u0146u pergaments \u2013 kr\u0113mkr\u0101sas, balts un dzeltens. Pap\u012bra biez\u0101 loksne un \u012bpa\u0161\u0101 tekst\u016bra nov\u0113r\u0161 tintes izs\u016bk\u0161anos cauri pap\u012bram un pasarg\u0101 citas lapas no sasm\u0113r\u0113\u0161anas.\" \/>\n<meta property=\"og:url\" content=\"https:\/\/hobstop.ee\/lv\/produkts\/kaligrafijas-bloks-manuscript\/\" \/>\n<meta property=\"og:site_name\" content=\"Skizze\" \/>\n<meta property=\"article:publisher\" content=\"http:\/\/www.facebook.com\/VunderSkizze\" \/>\n<meta property=\"og:image\" content=\"https:\/\/hobstop.ee\/media\/3592.jpg\" \/>\n\t<meta property=\"og:image:width\" content=\"1024\" \/>\n\t<meta property=\"og:image:height\" content=\"768\" \/>\n\t<meta property=\"og:image:type\" content=\"image\/jpeg\" \/>\n<meta name=\"twitter:card\" content=\"summary_large_image\" \/>\n<script type=\"application\/ld+json\" class=\"yoast-schema-graph\">{\"@context\":\"https:\/\/schema.org\",\"@graph\":[{\"@type\":\"WebPage\",\"@id\":\"https:\/\/hobstop.ee\/lv\/produkts\/kaligrafijas-bloks-manuscript\/\",\"url\":\"https:\/\/hobstop.ee\/lv\/produkts\/kaligrafijas-bloks-manuscript\/\",\"name\":\"Kaligr\u0101fijas bloks Manuscript &#8211; Skizze\",\"isPartOf\":{\"@id\":\"https:\/\/hobstop.ee\/lv\/#website\"},\"primaryImageOfPage\":{\"@id\":\"https:\/\/hobstop.ee\/lv\/produkts\/kaligrafijas-bloks-manuscript\/#primaryimage\"},\"image\":{\"@id\":\"https:\/\/hobstop.ee\/lv\/produkts\/kaligrafijas-bloks-manuscript\/#primaryimage\"},\"thumbnailUrl\":\"https:\/\/hobstop.ee\/media\/3592.jpg\",\"datePublished\":\"2014-12-09T11:37:21+00:00\",\"dateModified\":\"2014-12-09T11:37:21+00:00\",\"breadcrumb\":{\"@id\":\"https:\/\/hobstop.ee\/lv\/produkts\/kaligrafijas-bloks-manuscript\/#breadcrumb\"},\"inLanguage\":\"lv-LV\",\"potentialAction\":[{\"@type\":\"ReadAction\",\"target\":[\"https:\/\/hobstop.ee\/lv\/produkts\/kaligrafijas-bloks-manuscript\/\"]}]},{\"@type\":\"ImageObject\",\"inLanguage\":\"lv-LV\",\"@id\":\"https:\/\/hobstop.ee\/lv\/produkts\/kaligrafijas-bloks-manuscript\/#primaryimage\",\"url\":\"https:\/\/hobstop.ee\/media\/3592.jpg\",\"contentUrl\":\"https:\/\/hobstop.ee\/media\/3592.jpg\",\"width\":1024,\"height\":768},{\"@type\":\"BreadcrumbList\",\"@id\":\"https:\/\/hobstop.ee\/lv\/produkts\/kaligrafijas-bloks-manuscript\/#breadcrumb\",\"itemListElement\":[{\"@type\":\"ListItem\",\"position\":1,\"name\":\"Avaleht\",\"item\":\"https:\/\/www.hobstop.ee\/lv\/\"},{\"@type\":\"ListItem\",\"position\":2,\"name\":\"Veikals\",\"item\":\"https:\/\/www.hobstop.ee\/lv\/veikals\/\"},{\"@type\":\"ListItem\",\"position\":3,\"name\":\"Kaligr\u0101fijas bloks Manuscript\"}]},{\"@type\":\"WebSite\",\"@id\":\"https:\/\/hobstop.ee\/lv\/#website\",\"url\":\"https:\/\/hobstop.ee\/lv\/\",\"name\":\"Skizze\",\"description\":\"M\u0101kslas, hobiju un skolas preces\",\"publisher\":{\"@id\":\"https:\/\/hobstop.ee\/lv\/#organization\"},\"potentialAction\":[{\"@type\":\"SearchAction\",\"target\":{\"@type\":\"EntryPoint\",\"urlTemplate\":\"https:\/\/hobstop.ee\/lv\/?s={search_term_string}\"},\"query-input\":{\"@type\":\"PropertyValueSpecification\",\"valueRequired\":true,\"valueName\":\"search_term_string\"}}],\"inLanguage\":\"lv-LV\"},{\"@type\":\"Organization\",\"@id\":\"https:\/\/hobstop.ee\/lv\/#organization\",\"name\":\"Vunder AS\",\"url\":\"https:\/\/hobstop.ee\/lv\/\",\"logo\":{\"@type\":\"ImageObject\",\"inLanguage\":\"lv-LV\",\"@id\":\"https:\/\/hobstop.ee\/lv\/#\/schema\/logo\/image\/\",\"url\":\"https:\/\/hobstop.ee\/media\/vunder-logo.png\",\"contentUrl\":\"https:\/\/hobstop.ee\/media\/vunder-logo.png\",\"width\":127,\"height\":55,\"caption\":\"Vunder AS\"},\"image\":{\"@id\":\"https:\/\/hobstop.ee\/lv\/#\/schema\/logo\/image\/\"},\"sameAs\":[\"http:\/\/www.facebook.com\/VunderSkizze\"]}]}<\/script>\n<!-- \/ Yoast SEO plugin. -->","yoast_head_json":{"title":"Kaligr\u0101fijas bloks Manuscript &#8211; Skizze","robots":{"index":"noindex","follow":"follow","max-snippet":"max-snippet:-1","max-image-preview":"max-image-preview:large","max-video-preview":"max-video-preview:-1"},"og_locale":"lv_LV","og_type":"article","og_title":"Kaligr\u0101fijas bloks Manuscript &#8211; Skizze","og_description":"Manuscript vingrin\u0101jumu bloka lap\u0101m ir horizont\u0101l\u0101s un sl\u012bp\u0101s pal\u012bgl\u012bnijas, kas rakstot pal\u012bdz iev\u0113rot pareizo burtu sl\u012bpumu. Manuscript pergamenta blok\u0101 ir triju to\u0146u pergaments \u2013 kr\u0113mkr\u0101sas, balts un dzeltens. Pap\u012bra biez\u0101 loksne un \u012bpa\u0161\u0101 tekst\u016bra nov\u0113r\u0161 tintes izs\u016bk\u0161anos cauri pap\u012bram un pasarg\u0101 citas lapas no sasm\u0113r\u0113\u0161anas.","og_url":"https:\/\/hobstop.ee\/lv\/produkts\/kaligrafijas-bloks-manuscript\/","og_site_name":"Skizze","article_publisher":"http:\/\/www.facebook.com\/VunderSkizze","og_image":[{"width":1024,"height":768,"url":"https:\/\/hobstop.ee\/media\/3592.jpg","type":"image\/jpeg"}],"twitter_card":"summary_large_image","schema":{"@context":"https:\/\/schema.org","@graph":[{"@type":"WebPage","@id":"https:\/\/hobstop.ee\/lv\/produkts\/kaligrafijas-bloks-manuscript\/","url":"https:\/\/hobstop.ee\/lv\/produkts\/kaligrafijas-bloks-manuscript\/","name":"Kaligr\u0101fijas bloks Manuscript &#8211; Skizze","isPartOf":{"@id":"https:\/\/hobstop.ee\/lv\/#website"},"primaryImageOfPage":{"@id":"https:\/\/hobstop.ee\/lv\/produkts\/kaligrafijas-bloks-manuscript\/#primaryimage"},"image":{"@id":"https:\/\/hobstop.ee\/lv\/produkts\/kaligrafijas-bloks-manuscript\/#primaryimage"},"thumbnailUrl":"https:\/\/hobstop.ee\/media\/3592.jpg","datePublished":"2014-12-09T11:37:21+00:00","dateModified":"2014-12-09T11:37:21+00:00","breadcrumb":{"@id":"https:\/\/hobstop.ee\/lv\/produkts\/kaligrafijas-bloks-manuscript\/#breadcrumb"},"inLanguage":"lv-LV","potentialAction":[{"@type":"ReadAction","target":["https:\/\/hobstop.ee\/lv\/produkts\/kaligrafijas-bloks-manuscript\/"]}]},{"@type":"ImageObject","inLanguage":"lv-LV","@id":"https:\/\/hobstop.ee\/lv\/produkts\/kaligrafijas-bloks-manuscript\/#primaryimage","url":"https:\/\/hobstop.ee\/media\/3592.jpg","contentUrl":"https:\/\/hobstop.ee\/media\/3592.jpg","width":1024,"height":768},{"@type":"BreadcrumbList","@id":"https:\/\/hobstop.ee\/lv\/produkts\/kaligrafijas-bloks-manuscript\/#breadcrumb","itemListElement":[{"@type":"ListItem","position":1,"name":"Avaleht","item":"https:\/\/www.hobstop.ee\/lv\/"},{"@type":"ListItem","position":2,"name":"Veikals","item":"https:\/\/www.hobstop.ee\/lv\/veikals\/"},{"@type":"ListItem","position":3,"name":"Kaligr\u0101fijas bloks Manuscript"}]},{"@type":"WebSite","@id":"https:\/\/hobstop.ee\/lv\/#website","url":"https:\/\/hobstop.ee\/lv\/","name":"Skizze","description":"M\u0101kslas, hobiju un skolas preces","publisher":{"@id":"https:\/\/hobstop.ee\/lv\/#organization"},"potentialAction":[{"@type":"SearchAction","target":{"@type":"EntryPoint","urlTemplate":"https:\/\/hobstop.ee\/lv\/?s={search_term_string}"},"query-input":{"@type":"PropertyValueSpecification","valueRequired":true,"valueName":"search_term_string"}}],"inLanguage":"lv-LV"},{"@type":"Organization","@id":"https:\/\/hobstop.ee\/lv\/#organization","name":"Vunder AS","url":"https:\/\/hobstop.ee\/lv\/","logo":{"@type":"ImageObject","inLanguage":"lv-LV","@id":"https:\/\/hobstop.ee\/lv\/#\/schema\/logo\/image\/","url":"https:\/\/hobstop.ee\/media\/vunder-logo.png","contentUrl":"https:\/\/hobstop.ee\/media\/vunder-logo.png","width":127,"height":55,"caption":"Vunder AS"},"image":{"@id":"https:\/\/hobstop.ee\/lv\/#\/schema\/logo\/image\/"},"sameAs":["http:\/\/www.facebook.com\/VunderSkizze"]}]}},"_links":{"self":[{"href":"https:\/\/hobstop.ee\/lv\/wp-json\/wp\/v2\/product\/25819","targetHints":{"allow":["GET"]}}],"collection":[{"href":"https:\/\/hobstop.ee\/lv\/wp-json\/wp\/v2\/product"}],"about":[{"href":"https:\/\/hobstop.ee\/lv\/wp-json\/wp\/v2\/types\/product"}],"replies":[{"embeddable":true,"href":"https:\/\/hobstop.ee\/lv\/wp-json\/wp\/v2\/comments?post=25819"}],"wp:featuredmedia":[{"embeddable":true,"href":"https:\/\/hobstop.ee\/lv\/wp-json\/wp\/v2\/media\/316977"}],"wp:attachment":[{"href":"https:\/\/hobstop.ee\/lv\/wp-json\/wp\/v2\/media?parent=25819"}],"wp:term":[{"taxonomy":"product_cat","embeddable":true,"href":"https:\/\/hobstop.ee\/lv\/wp-json\/wp\/v2\/product_cat?post=25819"},{"taxonomy":"product_tag","embeddable":true,"href":"https:\/\/hobstop.ee\/lv\/wp-json\/wp\/v2\/product_tag?post=25819"}],"curies":[{"name":"wp","href":"https:\/\/api.w.org\/{rel}","templated":true}]}}