{"id":258457,"date":"2015-09-23T10:32:07","date_gmt":"2015-09-23T07:32:08","guid":{"rendered":"https:\/\/sharks.ee\/vunder_2019\/lv\/product\/ekonomiska-gaismas-caurule-dienasgaisma-daylight-t5\/"},"modified":"2016-03-24T12:39:58","modified_gmt":"2016-03-24T10:39:58","slug":"ekonomiska-gaismas-caurule-dienasgaisma-daylight-t5","status":"publish","type":"product","link":"https:\/\/hobstop.ee\/lv\/produkts\/ekonomiska-gaismas-caurule-dienasgaisma-daylight-t5\/","title":{"rendered":"Ekonomisk\u0101 gaismas caurule (dienasgaisma) Daylight T5"},"content":{"rendered":"<p>Pateicoties Daylight unik\u0101lajai tehnolo\u0123ijai, gaismek\u013ci nenogurdina acis un pat\u0113r\u0113 par 75% maz\u0101k ener\u0123ijas, t\u0101d\u0113j\u0101di samazinot siltumn\u012bcas efektu rado\u0161o g\u0101zu apjomu. Vienk\u0101r\u0161i sakot \u2013 Daylight saudz\u0113 Tavu redzi un ar\u012b apk\u0101rt\u0113jo vidi!<\/p>\n","protected":false},"excerpt":{"rendered":"<p>Pateicoties Daylight unik\u0101lajai tehnolo\u0123ijai, gaismek\u013ci nenogurdina acis un pat\u0113r\u0113 par 75% maz\u0101k ener\u0123ijas, t\u0101d\u0113j\u0101di samazinot siltumn\u012bcas efektu rado\u0161o g\u0101zu apjomu. Vienk\u0101r\u0161i sakot \u2013 Daylight saudz\u0113 Tavu redzi un ar\u012b apk\u0101rt\u0113jo vidi!<\/p>\n","protected":false},"featured_media":0,"comment_status":"closed","ping_status":"closed","template":"","meta":{"_acf_changed":false,"ep_exclude_from_search":false},"product_cat":[18527,18798],"product_tag":[],"class_list":{"0":"post-258457","1":"product","2":"type-product","3":"status-publish","5":"product_cat-lampas-2","6":"product_cat-lampas-3","8":"first","9":"instock","10":"taxable","11":"shipping-taxable","12":"purchasable","13":"product-type-variable"},"acf":[],"yoast_head":"<!-- This site is optimized with the Yoast SEO plugin v24.1 - https:\/\/yoast.com\/wordpress\/plugins\/seo\/ -->\n<title>Ekonomisk\u0101 gaismas caurule (dienasgaisma) Daylight T5 &#8211; Skizze<\/title>\n<meta name=\"robots\" content=\"noindex, follow, max-snippet:-1, max-image-preview:large, max-video-preview:-1\" \/>\n<meta property=\"og:locale\" content=\"lv_LV\" \/>\n<meta property=\"og:type\" content=\"article\" \/>\n<meta property=\"og:title\" content=\"Ekonomisk\u0101 gaismas caurule (dienasgaisma) Daylight T5 &#8211; Skizze\" \/>\n<meta property=\"og:description\" content=\"Pateicoties Daylight unik\u0101lajai tehnolo\u0123ijai, gaismek\u013ci nenogurdina acis un pat\u0113r\u0113 par 75% maz\u0101k ener\u0123ijas, t\u0101d\u0113j\u0101di samazinot siltumn\u012bcas efektu rado\u0161o g\u0101zu apjomu. Vienk\u0101r\u0161i sakot \u2013 Daylight saudz\u0113 Tavu redzi un ar\u012b apk\u0101rt\u0113jo vidi!\" \/>\n<meta property=\"og:url\" content=\"https:\/\/hobstop.ee\/lv\/produkts\/ekonomiska-gaismas-caurule-dienasgaisma-daylight-t5\/\" \/>\n<meta property=\"og:site_name\" content=\"Skizze\" \/>\n<meta property=\"article:publisher\" content=\"http:\/\/www.facebook.com\/VunderSkizze\" \/>\n<meta property=\"article:modified_time\" content=\"2016-03-24T10:39:58+00:00\" \/>\n<meta name=\"twitter:card\" content=\"summary_large_image\" \/>\n<script type=\"application\/ld+json\" class=\"yoast-schema-graph\">{\"@context\":\"https:\/\/schema.org\",\"@graph\":[{\"@type\":\"WebPage\",\"@id\":\"https:\/\/hobstop.ee\/lv\/produkts\/ekonomiska-gaismas-caurule-dienasgaisma-daylight-t5\/\",\"url\":\"https:\/\/hobstop.ee\/lv\/produkts\/ekonomiska-gaismas-caurule-dienasgaisma-daylight-t5\/\",\"name\":\"Ekonomisk\u0101 gaismas caurule (dienasgaisma) Daylight T5 &#8211; Skizze\",\"isPartOf\":{\"@id\":\"https:\/\/hobstop.ee\/lv\/#website\"},\"datePublished\":\"2015-09-23T07:32:08+00:00\",\"dateModified\":\"2016-03-24T10:39:58+00:00\",\"breadcrumb\":{\"@id\":\"https:\/\/hobstop.ee\/lv\/produkts\/ekonomiska-gaismas-caurule-dienasgaisma-daylight-t5\/#breadcrumb\"},\"inLanguage\":\"lv-LV\",\"potentialAction\":[{\"@type\":\"ReadAction\",\"target\":[\"https:\/\/hobstop.ee\/lv\/produkts\/ekonomiska-gaismas-caurule-dienasgaisma-daylight-t5\/\"]}]},{\"@type\":\"BreadcrumbList\",\"@id\":\"https:\/\/hobstop.ee\/lv\/produkts\/ekonomiska-gaismas-caurule-dienasgaisma-daylight-t5\/#breadcrumb\",\"itemListElement\":[{\"@type\":\"ListItem\",\"position\":1,\"name\":\"Avaleht\",\"item\":\"https:\/\/www.hobstop.ee\/lv\/\"},{\"@type\":\"ListItem\",\"position\":2,\"name\":\"Veikals\",\"item\":\"https:\/\/www.hobstop.ee\/lv\/veikals\/\"},{\"@type\":\"ListItem\",\"position\":3,\"name\":\"Ekonomisk\u0101 gaismas caurule (dienasgaisma) Daylight T5\"}]},{\"@type\":\"WebSite\",\"@id\":\"https:\/\/hobstop.ee\/lv\/#website\",\"url\":\"https:\/\/hobstop.ee\/lv\/\",\"name\":\"Skizze\",\"description\":\"M\u0101kslas, hobiju un skolas preces\",\"publisher\":{\"@id\":\"https:\/\/hobstop.ee\/lv\/#organization\"},\"potentialAction\":[{\"@type\":\"SearchAction\",\"target\":{\"@type\":\"EntryPoint\",\"urlTemplate\":\"https:\/\/hobstop.ee\/lv\/?s={search_term_string}\"},\"query-input\":{\"@type\":\"PropertyValueSpecification\",\"valueRequired\":true,\"valueName\":\"search_term_string\"}}],\"inLanguage\":\"lv-LV\"},{\"@type\":\"Organization\",\"@id\":\"https:\/\/hobstop.ee\/lv\/#organization\",\"name\":\"Vunder AS\",\"url\":\"https:\/\/hobstop.ee\/lv\/\",\"logo\":{\"@type\":\"ImageObject\",\"inLanguage\":\"lv-LV\",\"@id\":\"https:\/\/hobstop.ee\/lv\/#\/schema\/logo\/image\/\",\"url\":\"https:\/\/hobstop.ee\/media\/vunder-logo.png\",\"contentUrl\":\"https:\/\/hobstop.ee\/media\/vunder-logo.png\",\"width\":127,\"height\":55,\"caption\":\"Vunder AS\"},\"image\":{\"@id\":\"https:\/\/hobstop.ee\/lv\/#\/schema\/logo\/image\/\"},\"sameAs\":[\"http:\/\/www.facebook.com\/VunderSkizze\"]}]}<\/script>\n<!-- \/ Yoast SEO plugin. -->","yoast_head_json":{"title":"Ekonomisk\u0101 gaismas caurule (dienasgaisma) Daylight T5 &#8211; Skizze","robots":{"index":"noindex","follow":"follow","max-snippet":"max-snippet:-1","max-image-preview":"max-image-preview:large","max-video-preview":"max-video-preview:-1"},"og_locale":"lv_LV","og_type":"article","og_title":"Ekonomisk\u0101 gaismas caurule (dienasgaisma) Daylight T5 &#8211; Skizze","og_description":"Pateicoties Daylight unik\u0101lajai tehnolo\u0123ijai, gaismek\u013ci nenogurdina acis un pat\u0113r\u0113 par 75% maz\u0101k ener\u0123ijas, t\u0101d\u0113j\u0101di samazinot siltumn\u012bcas efektu rado\u0161o g\u0101zu apjomu. Vienk\u0101r\u0161i sakot \u2013 Daylight saudz\u0113 Tavu redzi un ar\u012b apk\u0101rt\u0113jo vidi!","og_url":"https:\/\/hobstop.ee\/lv\/produkts\/ekonomiska-gaismas-caurule-dienasgaisma-daylight-t5\/","og_site_name":"Skizze","article_publisher":"http:\/\/www.facebook.com\/VunderSkizze","article_modified_time":"2016-03-24T10:39:58+00:00","twitter_card":"summary_large_image","schema":{"@context":"https:\/\/schema.org","@graph":[{"@type":"WebPage","@id":"https:\/\/hobstop.ee\/lv\/produkts\/ekonomiska-gaismas-caurule-dienasgaisma-daylight-t5\/","url":"https:\/\/hobstop.ee\/lv\/produkts\/ekonomiska-gaismas-caurule-dienasgaisma-daylight-t5\/","name":"Ekonomisk\u0101 gaismas caurule (dienasgaisma) Daylight T5 &#8211; Skizze","isPartOf":{"@id":"https:\/\/hobstop.ee\/lv\/#website"},"datePublished":"2015-09-23T07:32:08+00:00","dateModified":"2016-03-24T10:39:58+00:00","breadcrumb":{"@id":"https:\/\/hobstop.ee\/lv\/produkts\/ekonomiska-gaismas-caurule-dienasgaisma-daylight-t5\/#breadcrumb"},"inLanguage":"lv-LV","potentialAction":[{"@type":"ReadAction","target":["https:\/\/hobstop.ee\/lv\/produkts\/ekonomiska-gaismas-caurule-dienasgaisma-daylight-t5\/"]}]},{"@type":"BreadcrumbList","@id":"https:\/\/hobstop.ee\/lv\/produkts\/ekonomiska-gaismas-caurule-dienasgaisma-daylight-t5\/#breadcrumb","itemListElement":[{"@type":"ListItem","position":1,"name":"Avaleht","item":"https:\/\/www.hobstop.ee\/lv\/"},{"@type":"ListItem","position":2,"name":"Veikals","item":"https:\/\/www.hobstop.ee\/lv\/veikals\/"},{"@type":"ListItem","position":3,"name":"Ekonomisk\u0101 gaismas caurule (dienasgaisma) Daylight T5"}]},{"@type":"WebSite","@id":"https:\/\/hobstop.ee\/lv\/#website","url":"https:\/\/hobstop.ee\/lv\/","name":"Skizze","description":"M\u0101kslas, hobiju un skolas preces","publisher":{"@id":"https:\/\/hobstop.ee\/lv\/#organization"},"potentialAction":[{"@type":"SearchAction","target":{"@type":"EntryPoint","urlTemplate":"https:\/\/hobstop.ee\/lv\/?s={search_term_string}"},"query-input":{"@type":"PropertyValueSpecification","valueRequired":true,"valueName":"search_term_string"}}],"inLanguage":"lv-LV"},{"@type":"Organization","@id":"https:\/\/hobstop.ee\/lv\/#organization","name":"Vunder AS","url":"https:\/\/hobstop.ee\/lv\/","logo":{"@type":"ImageObject","inLanguage":"lv-LV","@id":"https:\/\/hobstop.ee\/lv\/#\/schema\/logo\/image\/","url":"https:\/\/hobstop.ee\/media\/vunder-logo.png","contentUrl":"https:\/\/hobstop.ee\/media\/vunder-logo.png","width":127,"height":55,"caption":"Vunder AS"},"image":{"@id":"https:\/\/hobstop.ee\/lv\/#\/schema\/logo\/image\/"},"sameAs":["http:\/\/www.facebook.com\/VunderSkizze"]}]}},"_links":{"self":[{"href":"https:\/\/hobstop.ee\/lv\/wp-json\/wp\/v2\/product\/258457","targetHints":{"allow":["GET"]}}],"collection":[{"href":"https:\/\/hobstop.ee\/lv\/wp-json\/wp\/v2\/product"}],"about":[{"href":"https:\/\/hobstop.ee\/lv\/wp-json\/wp\/v2\/types\/product"}],"replies":[{"embeddable":true,"href":"https:\/\/hobstop.ee\/lv\/wp-json\/wp\/v2\/comments?post=258457"}],"wp:attachment":[{"href":"https:\/\/hobstop.ee\/lv\/wp-json\/wp\/v2\/media?parent=258457"}],"wp:term":[{"taxonomy":"product_cat","embeddable":true,"href":"https:\/\/hobstop.ee\/lv\/wp-json\/wp\/v2\/product_cat?post=258457"},{"taxonomy":"product_tag","embeddable":true,"href":"https:\/\/hobstop.ee\/lv\/wp-json\/wp\/v2\/product_tag?post=258457"}],"curies":[{"name":"wp","href":"https:\/\/api.w.org\/{rel}","templated":true}]}}