{"id":258461,"date":"2016-03-23T10:32:09","date_gmt":"2016-03-23T08:32:09","guid":{"rendered":"https:\/\/sharks.ee\/vunder_2019\/lv\/product\/flomasteri-lyra-aqua-brush-duo\/"},"modified":"2016-03-23T10:32:09","modified_gmt":"2016-03-23T08:32:09","slug":"flomasteri-lyra-aqua-brush-duo","status":"publish","type":"product","link":"https:\/\/hobstop.ee\/lv\/produkts\/flomasteri-lyra-aqua-brush-duo\/","title":{"rendered":"Flomasteri Lyra Aqua Brush Duo"},"content":{"rendered":"<p>Flom\u0101sters ar otas efektu, piem\u0113rots m\u0101ksliniekiem, dizaineriem un jebkura vecuma amatieriem. \u012apa\u0161i notur\u012bgs filca gals, kas nesa\u0161\u0137e\u013cas. Vien\u0101 gal\u0101 izvietotais platais gals \u013cauj str\u0101d\u0101t &#8220;otas&#8221; tehnik\u0101. Otrs gals piem\u0113rots smalku l\u012bniju uz z\u012bm\u0113jumu veido\u0161anai. Dod iesp\u0113ju veidot piln\u012bgus z\u012bm\u0113jumus, pl\u0101nus u.t.t. Uz \u016bdens b\u0101zes veidot\u0101 tinte nesatur b\u012bstamus \u0161\u0137\u012bdin\u0101t\u0101jus, t\u0101 ir gaismas notur\u012bga un jaucama.<\/p>\n","protected":false},"excerpt":{"rendered":"<p>Flom\u0101sters ar otas efektu, piem\u0113rots m\u0101ksliniekiem, dizaineriem un jebkura vecuma amatieriem. \u012apa\u0161i notur\u012bgs filca gals, kas nesa\u0161\u0137e\u013cas. Vien\u0101 gal\u0101 izvietotais platais gals \u013cauj str\u0101d\u0101t &#8220;otas&#8221; tehnik\u0101. Otrs gals piem\u0113rots smalku l\u012bniju uz z\u012bm\u0113jumu veido\u0161anai. Dod iesp\u0113ju veidot piln\u012bgus z\u012bm\u0113jumus, pl\u0101nus u.t.t. Uz \u016bdens b\u0101zes veidot\u0101 tinte nesatur b\u012bstamus \u0161\u0137\u012bdin\u0101t\u0101jus, t\u0101 ir gaismas notur\u012bga un jaucama.<\/p>\n","protected":false},"featured_media":258816,"comment_status":"closed","ping_status":"closed","template":"","meta":{"_acf_changed":false,"ep_exclude_from_search":false},"product_cat":[18140,16123,18931],"product_tag":[],"class_list":{"0":"post-258461","1":"product","2":"type-product","3":"status-publish","4":"has-post-thumbnail","6":"product_cat-flomasteri-un-markeri","7":"product_cat-makslas-piederumi-2","8":"product_cat-zimesanas-piederumi-3","10":"first","11":"instock","12":"taxable","13":"shipping-taxable","14":"purchasable","15":"product-type-simple"},"acf":[],"yoast_head":"<!-- This site is optimized with the Yoast SEO plugin v24.1 - https:\/\/yoast.com\/wordpress\/plugins\/seo\/ -->\n<title>Flomasteri Lyra Aqua Brush Duo &#8211; Skizze<\/title>\n<meta name=\"robots\" content=\"noindex, follow, max-snippet:-1, max-image-preview:large, max-video-preview:-1\" \/>\n<meta property=\"og:locale\" content=\"lv_LV\" \/>\n<meta property=\"og:type\" content=\"article\" \/>\n<meta property=\"og:title\" content=\"Flomasteri Lyra Aqua Brush Duo &#8211; Skizze\" \/>\n<meta property=\"og:description\" content=\"Flom\u0101sters ar otas efektu, piem\u0113rots m\u0101ksliniekiem, dizaineriem un jebkura vecuma amatieriem. \u012apa\u0161i notur\u012bgs filca gals, kas nesa\u0161\u0137e\u013cas. Vien\u0101 gal\u0101 izvietotais platais gals \u013cauj str\u0101d\u0101t &#8220;otas&#8221; tehnik\u0101. Otrs gals piem\u0113rots smalku l\u012bniju uz z\u012bm\u0113jumu veido\u0161anai. Dod iesp\u0113ju veidot piln\u012bgus z\u012bm\u0113jumus, pl\u0101nus u.t.t. Uz \u016bdens b\u0101zes veidot\u0101 tinte nesatur b\u012bstamus \u0161\u0137\u012bdin\u0101t\u0101jus, t\u0101 ir gaismas notur\u012bga un jaucama.\" \/>\n<meta property=\"og:url\" content=\"https:\/\/hobstop.ee\/lv\/produkts\/flomasteri-lyra-aqua-brush-duo\/\" \/>\n<meta property=\"og:site_name\" content=\"Skizze\" \/>\n<meta property=\"article:publisher\" content=\"http:\/\/www.facebook.com\/VunderSkizze\" \/>\n<meta property=\"og:image\" content=\"https:\/\/hobstop.ee\/media\/4200.jpg\" \/>\n\t<meta property=\"og:image:width\" content=\"1024\" \/>\n\t<meta property=\"og:image:height\" content=\"768\" \/>\n\t<meta property=\"og:image:type\" content=\"image\/jpeg\" \/>\n<meta name=\"twitter:card\" content=\"summary_large_image\" \/>\n<script type=\"application\/ld+json\" class=\"yoast-schema-graph\">{\"@context\":\"https:\/\/schema.org\",\"@graph\":[{\"@type\":\"WebPage\",\"@id\":\"https:\/\/hobstop.ee\/lv\/produkts\/flomasteri-lyra-aqua-brush-duo\/\",\"url\":\"https:\/\/hobstop.ee\/lv\/produkts\/flomasteri-lyra-aqua-brush-duo\/\",\"name\":\"Flomasteri Lyra Aqua Brush Duo &#8211; Skizze\",\"isPartOf\":{\"@id\":\"https:\/\/hobstop.ee\/lv\/#website\"},\"primaryImageOfPage\":{\"@id\":\"https:\/\/hobstop.ee\/lv\/produkts\/flomasteri-lyra-aqua-brush-duo\/#primaryimage\"},\"image\":{\"@id\":\"https:\/\/hobstop.ee\/lv\/produkts\/flomasteri-lyra-aqua-brush-duo\/#primaryimage\"},\"thumbnailUrl\":\"https:\/\/hobstop.ee\/media\/4200.jpg\",\"datePublished\":\"2016-03-23T08:32:09+00:00\",\"dateModified\":\"2016-03-23T08:32:09+00:00\",\"breadcrumb\":{\"@id\":\"https:\/\/hobstop.ee\/lv\/produkts\/flomasteri-lyra-aqua-brush-duo\/#breadcrumb\"},\"inLanguage\":\"lv-LV\",\"potentialAction\":[{\"@type\":\"ReadAction\",\"target\":[\"https:\/\/hobstop.ee\/lv\/produkts\/flomasteri-lyra-aqua-brush-duo\/\"]}]},{\"@type\":\"ImageObject\",\"inLanguage\":\"lv-LV\",\"@id\":\"https:\/\/hobstop.ee\/lv\/produkts\/flomasteri-lyra-aqua-brush-duo\/#primaryimage\",\"url\":\"https:\/\/hobstop.ee\/media\/4200.jpg\",\"contentUrl\":\"https:\/\/hobstop.ee\/media\/4200.jpg\",\"width\":1024,\"height\":768},{\"@type\":\"BreadcrumbList\",\"@id\":\"https:\/\/hobstop.ee\/lv\/produkts\/flomasteri-lyra-aqua-brush-duo\/#breadcrumb\",\"itemListElement\":[{\"@type\":\"ListItem\",\"position\":1,\"name\":\"Avaleht\",\"item\":\"https:\/\/www.hobstop.ee\/lv\/\"},{\"@type\":\"ListItem\",\"position\":2,\"name\":\"Veikals\",\"item\":\"https:\/\/www.hobstop.ee\/lv\/veikals\/\"},{\"@type\":\"ListItem\",\"position\":3,\"name\":\"Flomasteri Lyra Aqua Brush Duo\"}]},{\"@type\":\"WebSite\",\"@id\":\"https:\/\/hobstop.ee\/lv\/#website\",\"url\":\"https:\/\/hobstop.ee\/lv\/\",\"name\":\"Skizze\",\"description\":\"M\u0101kslas, hobiju un skolas preces\",\"publisher\":{\"@id\":\"https:\/\/hobstop.ee\/lv\/#organization\"},\"potentialAction\":[{\"@type\":\"SearchAction\",\"target\":{\"@type\":\"EntryPoint\",\"urlTemplate\":\"https:\/\/hobstop.ee\/lv\/?s={search_term_string}\"},\"query-input\":{\"@type\":\"PropertyValueSpecification\",\"valueRequired\":true,\"valueName\":\"search_term_string\"}}],\"inLanguage\":\"lv-LV\"},{\"@type\":\"Organization\",\"@id\":\"https:\/\/hobstop.ee\/lv\/#organization\",\"name\":\"Vunder AS\",\"url\":\"https:\/\/hobstop.ee\/lv\/\",\"logo\":{\"@type\":\"ImageObject\",\"inLanguage\":\"lv-LV\",\"@id\":\"https:\/\/hobstop.ee\/lv\/#\/schema\/logo\/image\/\",\"url\":\"https:\/\/hobstop.ee\/media\/vunder-logo.png\",\"contentUrl\":\"https:\/\/hobstop.ee\/media\/vunder-logo.png\",\"width\":127,\"height\":55,\"caption\":\"Vunder AS\"},\"image\":{\"@id\":\"https:\/\/hobstop.ee\/lv\/#\/schema\/logo\/image\/\"},\"sameAs\":[\"http:\/\/www.facebook.com\/VunderSkizze\"]}]}<\/script>\n<!-- \/ Yoast SEO plugin. -->","yoast_head_json":{"title":"Flomasteri Lyra Aqua Brush Duo &#8211; Skizze","robots":{"index":"noindex","follow":"follow","max-snippet":"max-snippet:-1","max-image-preview":"max-image-preview:large","max-video-preview":"max-video-preview:-1"},"og_locale":"lv_LV","og_type":"article","og_title":"Flomasteri Lyra Aqua Brush Duo &#8211; Skizze","og_description":"Flom\u0101sters ar otas efektu, piem\u0113rots m\u0101ksliniekiem, dizaineriem un jebkura vecuma amatieriem. \u012apa\u0161i notur\u012bgs filca gals, kas nesa\u0161\u0137e\u013cas. Vien\u0101 gal\u0101 izvietotais platais gals \u013cauj str\u0101d\u0101t &#8220;otas&#8221; tehnik\u0101. Otrs gals piem\u0113rots smalku l\u012bniju uz z\u012bm\u0113jumu veido\u0161anai. Dod iesp\u0113ju veidot piln\u012bgus z\u012bm\u0113jumus, pl\u0101nus u.t.t. Uz \u016bdens b\u0101zes veidot\u0101 tinte nesatur b\u012bstamus \u0161\u0137\u012bdin\u0101t\u0101jus, t\u0101 ir gaismas notur\u012bga un jaucama.","og_url":"https:\/\/hobstop.ee\/lv\/produkts\/flomasteri-lyra-aqua-brush-duo\/","og_site_name":"Skizze","article_publisher":"http:\/\/www.facebook.com\/VunderSkizze","og_image":[{"width":1024,"height":768,"url":"https:\/\/hobstop.ee\/media\/4200.jpg","type":"image\/jpeg"}],"twitter_card":"summary_large_image","schema":{"@context":"https:\/\/schema.org","@graph":[{"@type":"WebPage","@id":"https:\/\/hobstop.ee\/lv\/produkts\/flomasteri-lyra-aqua-brush-duo\/","url":"https:\/\/hobstop.ee\/lv\/produkts\/flomasteri-lyra-aqua-brush-duo\/","name":"Flomasteri Lyra Aqua Brush Duo &#8211; Skizze","isPartOf":{"@id":"https:\/\/hobstop.ee\/lv\/#website"},"primaryImageOfPage":{"@id":"https:\/\/hobstop.ee\/lv\/produkts\/flomasteri-lyra-aqua-brush-duo\/#primaryimage"},"image":{"@id":"https:\/\/hobstop.ee\/lv\/produkts\/flomasteri-lyra-aqua-brush-duo\/#primaryimage"},"thumbnailUrl":"https:\/\/hobstop.ee\/media\/4200.jpg","datePublished":"2016-03-23T08:32:09+00:00","dateModified":"2016-03-23T08:32:09+00:00","breadcrumb":{"@id":"https:\/\/hobstop.ee\/lv\/produkts\/flomasteri-lyra-aqua-brush-duo\/#breadcrumb"},"inLanguage":"lv-LV","potentialAction":[{"@type":"ReadAction","target":["https:\/\/hobstop.ee\/lv\/produkts\/flomasteri-lyra-aqua-brush-duo\/"]}]},{"@type":"ImageObject","inLanguage":"lv-LV","@id":"https:\/\/hobstop.ee\/lv\/produkts\/flomasteri-lyra-aqua-brush-duo\/#primaryimage","url":"https:\/\/hobstop.ee\/media\/4200.jpg","contentUrl":"https:\/\/hobstop.ee\/media\/4200.jpg","width":1024,"height":768},{"@type":"BreadcrumbList","@id":"https:\/\/hobstop.ee\/lv\/produkts\/flomasteri-lyra-aqua-brush-duo\/#breadcrumb","itemListElement":[{"@type":"ListItem","position":1,"name":"Avaleht","item":"https:\/\/www.hobstop.ee\/lv\/"},{"@type":"ListItem","position":2,"name":"Veikals","item":"https:\/\/www.hobstop.ee\/lv\/veikals\/"},{"@type":"ListItem","position":3,"name":"Flomasteri Lyra Aqua Brush Duo"}]},{"@type":"WebSite","@id":"https:\/\/hobstop.ee\/lv\/#website","url":"https:\/\/hobstop.ee\/lv\/","name":"Skizze","description":"M\u0101kslas, hobiju un skolas preces","publisher":{"@id":"https:\/\/hobstop.ee\/lv\/#organization"},"potentialAction":[{"@type":"SearchAction","target":{"@type":"EntryPoint","urlTemplate":"https:\/\/hobstop.ee\/lv\/?s={search_term_string}"},"query-input":{"@type":"PropertyValueSpecification","valueRequired":true,"valueName":"search_term_string"}}],"inLanguage":"lv-LV"},{"@type":"Organization","@id":"https:\/\/hobstop.ee\/lv\/#organization","name":"Vunder AS","url":"https:\/\/hobstop.ee\/lv\/","logo":{"@type":"ImageObject","inLanguage":"lv-LV","@id":"https:\/\/hobstop.ee\/lv\/#\/schema\/logo\/image\/","url":"https:\/\/hobstop.ee\/media\/vunder-logo.png","contentUrl":"https:\/\/hobstop.ee\/media\/vunder-logo.png","width":127,"height":55,"caption":"Vunder AS"},"image":{"@id":"https:\/\/hobstop.ee\/lv\/#\/schema\/logo\/image\/"},"sameAs":["http:\/\/www.facebook.com\/VunderSkizze"]}]}},"_links":{"self":[{"href":"https:\/\/hobstop.ee\/lv\/wp-json\/wp\/v2\/product\/258461","targetHints":{"allow":["GET"]}}],"collection":[{"href":"https:\/\/hobstop.ee\/lv\/wp-json\/wp\/v2\/product"}],"about":[{"href":"https:\/\/hobstop.ee\/lv\/wp-json\/wp\/v2\/types\/product"}],"replies":[{"embeddable":true,"href":"https:\/\/hobstop.ee\/lv\/wp-json\/wp\/v2\/comments?post=258461"}],"wp:featuredmedia":[{"embeddable":true,"href":"https:\/\/hobstop.ee\/lv\/wp-json\/wp\/v2\/media\/258816"}],"wp:attachment":[{"href":"https:\/\/hobstop.ee\/lv\/wp-json\/wp\/v2\/media?parent=258461"}],"wp:term":[{"taxonomy":"product_cat","embeddable":true,"href":"https:\/\/hobstop.ee\/lv\/wp-json\/wp\/v2\/product_cat?post=258461"},{"taxonomy":"product_tag","embeddable":true,"href":"https:\/\/hobstop.ee\/lv\/wp-json\/wp\/v2\/product_tag?post=258461"}],"curies":[{"name":"wp","href":"https:\/\/api.w.org\/{rel}","templated":true}]}}