{"id":261536,"date":"2016-04-07T13:34:23","date_gmt":"2016-04-07T10:34:23","guid":{"rendered":"https:\/\/sharks.ee\/vunder_2019\/lv\/product\/markieris-winsornewton-pigment-komplekts\/"},"modified":"2016-04-07T13:34:23","modified_gmt":"2016-04-07T10:34:23","slug":"markieris-winsornewton-pigment-komplekts","status":"publish","type":"product","link":"https:\/\/hobstop.ee\/lv\/produkts\/markieris-winsornewton-pigment-komplekts\/","title":{"rendered":"Mar\u0137ieris Winsor&#038;Newton Pigment komplekts"},"content":{"rendered":"<p>Winsor&#038;Newton Pigment Marker nav vienk\u0101r\u0161s mar\u0137ieris &#8211; tas paver rado\u0161ai dzirkstij nebiju\u0161us apv\u0101r\u0161\u0146us! Winsor&#038;Newton Pigment Marker mar\u0137ieros kr\u0101su viet\u0101 izmantoti neizbal\u0113jo\u0161i, izsmalcin\u0101ti pigmenti, padarot tavu darbu svaigu un spilgtu uz m\u016b\u017eu, jo tiek garant\u0113ta notur\u012bba pret gaismu l\u012bdz pat 100 gadus norm\u0101los galerijas apst\u0101k\u013cos. Kr\u0101su mais\u012b\u0161ana nodro\u0161in\u0101s nebeidzamu to\u0146u paleti un \u013caus veidot, sajaukt un m\u012bkstin\u0101t kr\u0101su nianses, k\u0101 v\u0113l nekad agr\u0101k.<\/p>\n","protected":false},"excerpt":{"rendered":"<p>Winsor&#038;Newton Pigment Marker nav vienk\u0101r\u0161s mar\u0137ieris &#8211; tas paver rado\u0161ai dzirkstij nebiju\u0161us apv\u0101r\u0161\u0146us! Winsor&#038;Newton Pigment Marker mar\u0137ieros kr\u0101su viet\u0101 izmantoti neizbal\u0113jo\u0161i, izsmalcin\u0101ti pigmenti, padarot tavu darbu svaigu un spilgtu uz m\u016b\u017eu, jo tiek garant\u0113ta notur\u012bba pret gaismu l\u012bdz pat 100 gadus norm\u0101los galerijas apst\u0101k\u013cos. Kr\u0101su mais\u012b\u0161ana nodro\u0161in\u0101s nebeidzamu to\u0146u paleti un \u013caus veidot, sajaukt un m\u012bkstin\u0101t kr\u0101su nianses, k\u0101 v\u0113l nekad agr\u0101k.<\/p>\n","protected":false},"featured_media":261560,"comment_status":"closed","ping_status":"closed","template":"","meta":{"_acf_changed":false,"ep_exclude_from_search":false},"product_cat":[18140,16123,18931],"product_tag":[],"class_list":{"0":"post-261536","1":"product","2":"type-product","3":"status-publish","4":"has-post-thumbnail","6":"product_cat-flomasteri-un-markeri","7":"product_cat-makslas-piederumi-2","8":"product_cat-zimesanas-piederumi-3","10":"first","11":"instock","12":"taxable","13":"shipping-taxable","14":"purchasable","15":"product-type-simple"},"acf":[],"yoast_head":"<!-- This site is optimized with the Yoast SEO plugin v24.1 - https:\/\/yoast.com\/wordpress\/plugins\/seo\/ -->\n<title>Mar\u0137ieris Winsor&amp;Newton Pigment komplekts &#8211; Skizze<\/title>\n<meta name=\"robots\" content=\"noindex, follow, max-snippet:-1, max-image-preview:large, max-video-preview:-1\" \/>\n<meta property=\"og:locale\" content=\"lv_LV\" \/>\n<meta property=\"og:type\" content=\"article\" \/>\n<meta property=\"og:title\" content=\"Mar\u0137ieris Winsor&amp;Newton Pigment komplekts &#8211; Skizze\" \/>\n<meta property=\"og:description\" content=\"Winsor&#038;Newton Pigment Marker nav vienk\u0101r\u0161s mar\u0137ieris &#8211; tas paver rado\u0161ai dzirkstij nebiju\u0161us apv\u0101r\u0161\u0146us! Winsor&#038;Newton Pigment Marker mar\u0137ieros kr\u0101su viet\u0101 izmantoti neizbal\u0113jo\u0161i, izsmalcin\u0101ti pigmenti, padarot tavu darbu svaigu un spilgtu uz m\u016b\u017eu, jo tiek garant\u0113ta notur\u012bba pret gaismu l\u012bdz pat 100 gadus norm\u0101los galerijas apst\u0101k\u013cos. Kr\u0101su mais\u012b\u0161ana nodro\u0161in\u0101s nebeidzamu to\u0146u paleti un \u013caus veidot, sajaukt un m\u012bkstin\u0101t kr\u0101su nianses, k\u0101 v\u0113l nekad agr\u0101k.\" \/>\n<meta property=\"og:url\" content=\"https:\/\/hobstop.ee\/lv\/produkts\/markieris-winsornewton-pigment-komplekts\/\" \/>\n<meta property=\"og:site_name\" content=\"Skizze\" \/>\n<meta property=\"article:publisher\" content=\"http:\/\/www.facebook.com\/VunderSkizze\" \/>\n<meta property=\"og:image\" content=\"https:\/\/hobstop.ee\/media\/4234.jpg\" \/>\n\t<meta property=\"og:image:width\" content=\"1024\" \/>\n\t<meta property=\"og:image:height\" content=\"768\" \/>\n\t<meta property=\"og:image:type\" content=\"image\/jpeg\" \/>\n<meta name=\"twitter:card\" content=\"summary_large_image\" \/>\n<script type=\"application\/ld+json\" class=\"yoast-schema-graph\">{\"@context\":\"https:\/\/schema.org\",\"@graph\":[{\"@type\":\"WebPage\",\"@id\":\"https:\/\/hobstop.ee\/lv\/produkts\/markieris-winsornewton-pigment-komplekts\/\",\"url\":\"https:\/\/hobstop.ee\/lv\/produkts\/markieris-winsornewton-pigment-komplekts\/\",\"name\":\"Mar\u0137ieris Winsor&Newton Pigment komplekts &#8211; Skizze\",\"isPartOf\":{\"@id\":\"https:\/\/hobstop.ee\/lv\/#website\"},\"primaryImageOfPage\":{\"@id\":\"https:\/\/hobstop.ee\/lv\/produkts\/markieris-winsornewton-pigment-komplekts\/#primaryimage\"},\"image\":{\"@id\":\"https:\/\/hobstop.ee\/lv\/produkts\/markieris-winsornewton-pigment-komplekts\/#primaryimage\"},\"thumbnailUrl\":\"https:\/\/hobstop.ee\/media\/4234.jpg\",\"datePublished\":\"2016-04-07T10:34:23+00:00\",\"dateModified\":\"2016-04-07T10:34:23+00:00\",\"breadcrumb\":{\"@id\":\"https:\/\/hobstop.ee\/lv\/produkts\/markieris-winsornewton-pigment-komplekts\/#breadcrumb\"},\"inLanguage\":\"lv-LV\",\"potentialAction\":[{\"@type\":\"ReadAction\",\"target\":[\"https:\/\/hobstop.ee\/lv\/produkts\/markieris-winsornewton-pigment-komplekts\/\"]}]},{\"@type\":\"ImageObject\",\"inLanguage\":\"lv-LV\",\"@id\":\"https:\/\/hobstop.ee\/lv\/produkts\/markieris-winsornewton-pigment-komplekts\/#primaryimage\",\"url\":\"https:\/\/hobstop.ee\/media\/4234.jpg\",\"contentUrl\":\"https:\/\/hobstop.ee\/media\/4234.jpg\",\"width\":1024,\"height\":768},{\"@type\":\"BreadcrumbList\",\"@id\":\"https:\/\/hobstop.ee\/lv\/produkts\/markieris-winsornewton-pigment-komplekts\/#breadcrumb\",\"itemListElement\":[{\"@type\":\"ListItem\",\"position\":1,\"name\":\"Avaleht\",\"item\":\"https:\/\/www.hobstop.ee\/lv\/\"},{\"@type\":\"ListItem\",\"position\":2,\"name\":\"Veikals\",\"item\":\"https:\/\/www.hobstop.ee\/lv\/veikals\/\"},{\"@type\":\"ListItem\",\"position\":3,\"name\":\"Mar\u0137ieris Winsor&#038;Newton Pigment komplekts\"}]},{\"@type\":\"WebSite\",\"@id\":\"https:\/\/hobstop.ee\/lv\/#website\",\"url\":\"https:\/\/hobstop.ee\/lv\/\",\"name\":\"Skizze\",\"description\":\"M\u0101kslas, hobiju un skolas preces\",\"publisher\":{\"@id\":\"https:\/\/hobstop.ee\/lv\/#organization\"},\"potentialAction\":[{\"@type\":\"SearchAction\",\"target\":{\"@type\":\"EntryPoint\",\"urlTemplate\":\"https:\/\/hobstop.ee\/lv\/?s={search_term_string}\"},\"query-input\":{\"@type\":\"PropertyValueSpecification\",\"valueRequired\":true,\"valueName\":\"search_term_string\"}}],\"inLanguage\":\"lv-LV\"},{\"@type\":\"Organization\",\"@id\":\"https:\/\/hobstop.ee\/lv\/#organization\",\"name\":\"Vunder AS\",\"url\":\"https:\/\/hobstop.ee\/lv\/\",\"logo\":{\"@type\":\"ImageObject\",\"inLanguage\":\"lv-LV\",\"@id\":\"https:\/\/hobstop.ee\/lv\/#\/schema\/logo\/image\/\",\"url\":\"https:\/\/hobstop.ee\/media\/vunder-logo.png\",\"contentUrl\":\"https:\/\/hobstop.ee\/media\/vunder-logo.png\",\"width\":127,\"height\":55,\"caption\":\"Vunder AS\"},\"image\":{\"@id\":\"https:\/\/hobstop.ee\/lv\/#\/schema\/logo\/image\/\"},\"sameAs\":[\"http:\/\/www.facebook.com\/VunderSkizze\"]}]}<\/script>\n<!-- \/ Yoast SEO plugin. -->","yoast_head_json":{"title":"Mar\u0137ieris Winsor&Newton Pigment komplekts &#8211; Skizze","robots":{"index":"noindex","follow":"follow","max-snippet":"max-snippet:-1","max-image-preview":"max-image-preview:large","max-video-preview":"max-video-preview:-1"},"og_locale":"lv_LV","og_type":"article","og_title":"Mar\u0137ieris Winsor&Newton Pigment komplekts &#8211; Skizze","og_description":"Winsor&#038;Newton Pigment Marker nav vienk\u0101r\u0161s mar\u0137ieris &#8211; tas paver rado\u0161ai dzirkstij nebiju\u0161us apv\u0101r\u0161\u0146us! Winsor&#038;Newton Pigment Marker mar\u0137ieros kr\u0101su viet\u0101 izmantoti neizbal\u0113jo\u0161i, izsmalcin\u0101ti pigmenti, padarot tavu darbu svaigu un spilgtu uz m\u016b\u017eu, jo tiek garant\u0113ta notur\u012bba pret gaismu l\u012bdz pat 100 gadus norm\u0101los galerijas apst\u0101k\u013cos. Kr\u0101su mais\u012b\u0161ana nodro\u0161in\u0101s nebeidzamu to\u0146u paleti un \u013caus veidot, sajaukt un m\u012bkstin\u0101t kr\u0101su nianses, k\u0101 v\u0113l nekad agr\u0101k.","og_url":"https:\/\/hobstop.ee\/lv\/produkts\/markieris-winsornewton-pigment-komplekts\/","og_site_name":"Skizze","article_publisher":"http:\/\/www.facebook.com\/VunderSkizze","og_image":[{"width":1024,"height":768,"url":"https:\/\/hobstop.ee\/media\/4234.jpg","type":"image\/jpeg"}],"twitter_card":"summary_large_image","schema":{"@context":"https:\/\/schema.org","@graph":[{"@type":"WebPage","@id":"https:\/\/hobstop.ee\/lv\/produkts\/markieris-winsornewton-pigment-komplekts\/","url":"https:\/\/hobstop.ee\/lv\/produkts\/markieris-winsornewton-pigment-komplekts\/","name":"Mar\u0137ieris Winsor&Newton Pigment komplekts &#8211; Skizze","isPartOf":{"@id":"https:\/\/hobstop.ee\/lv\/#website"},"primaryImageOfPage":{"@id":"https:\/\/hobstop.ee\/lv\/produkts\/markieris-winsornewton-pigment-komplekts\/#primaryimage"},"image":{"@id":"https:\/\/hobstop.ee\/lv\/produkts\/markieris-winsornewton-pigment-komplekts\/#primaryimage"},"thumbnailUrl":"https:\/\/hobstop.ee\/media\/4234.jpg","datePublished":"2016-04-07T10:34:23+00:00","dateModified":"2016-04-07T10:34:23+00:00","breadcrumb":{"@id":"https:\/\/hobstop.ee\/lv\/produkts\/markieris-winsornewton-pigment-komplekts\/#breadcrumb"},"inLanguage":"lv-LV","potentialAction":[{"@type":"ReadAction","target":["https:\/\/hobstop.ee\/lv\/produkts\/markieris-winsornewton-pigment-komplekts\/"]}]},{"@type":"ImageObject","inLanguage":"lv-LV","@id":"https:\/\/hobstop.ee\/lv\/produkts\/markieris-winsornewton-pigment-komplekts\/#primaryimage","url":"https:\/\/hobstop.ee\/media\/4234.jpg","contentUrl":"https:\/\/hobstop.ee\/media\/4234.jpg","width":1024,"height":768},{"@type":"BreadcrumbList","@id":"https:\/\/hobstop.ee\/lv\/produkts\/markieris-winsornewton-pigment-komplekts\/#breadcrumb","itemListElement":[{"@type":"ListItem","position":1,"name":"Avaleht","item":"https:\/\/www.hobstop.ee\/lv\/"},{"@type":"ListItem","position":2,"name":"Veikals","item":"https:\/\/www.hobstop.ee\/lv\/veikals\/"},{"@type":"ListItem","position":3,"name":"Mar\u0137ieris Winsor&#038;Newton Pigment komplekts"}]},{"@type":"WebSite","@id":"https:\/\/hobstop.ee\/lv\/#website","url":"https:\/\/hobstop.ee\/lv\/","name":"Skizze","description":"M\u0101kslas, hobiju un skolas preces","publisher":{"@id":"https:\/\/hobstop.ee\/lv\/#organization"},"potentialAction":[{"@type":"SearchAction","target":{"@type":"EntryPoint","urlTemplate":"https:\/\/hobstop.ee\/lv\/?s={search_term_string}"},"query-input":{"@type":"PropertyValueSpecification","valueRequired":true,"valueName":"search_term_string"}}],"inLanguage":"lv-LV"},{"@type":"Organization","@id":"https:\/\/hobstop.ee\/lv\/#organization","name":"Vunder AS","url":"https:\/\/hobstop.ee\/lv\/","logo":{"@type":"ImageObject","inLanguage":"lv-LV","@id":"https:\/\/hobstop.ee\/lv\/#\/schema\/logo\/image\/","url":"https:\/\/hobstop.ee\/media\/vunder-logo.png","contentUrl":"https:\/\/hobstop.ee\/media\/vunder-logo.png","width":127,"height":55,"caption":"Vunder AS"},"image":{"@id":"https:\/\/hobstop.ee\/lv\/#\/schema\/logo\/image\/"},"sameAs":["http:\/\/www.facebook.com\/VunderSkizze"]}]}},"_links":{"self":[{"href":"https:\/\/hobstop.ee\/lv\/wp-json\/wp\/v2\/product\/261536","targetHints":{"allow":["GET"]}}],"collection":[{"href":"https:\/\/hobstop.ee\/lv\/wp-json\/wp\/v2\/product"}],"about":[{"href":"https:\/\/hobstop.ee\/lv\/wp-json\/wp\/v2\/types\/product"}],"replies":[{"embeddable":true,"href":"https:\/\/hobstop.ee\/lv\/wp-json\/wp\/v2\/comments?post=261536"}],"wp:featuredmedia":[{"embeddable":true,"href":"https:\/\/hobstop.ee\/lv\/wp-json\/wp\/v2\/media\/261560"}],"wp:attachment":[{"href":"https:\/\/hobstop.ee\/lv\/wp-json\/wp\/v2\/media?parent=261536"}],"wp:term":[{"taxonomy":"product_cat","embeddable":true,"href":"https:\/\/hobstop.ee\/lv\/wp-json\/wp\/v2\/product_cat?post=261536"},{"taxonomy":"product_tag","embeddable":true,"href":"https:\/\/hobstop.ee\/lv\/wp-json\/wp\/v2\/product_tag?post=261536"}],"curies":[{"name":"wp","href":"https:\/\/api.w.org\/{rel}","templated":true}]}}