{"id":261927,"date":"2016-04-13T15:00:55","date_gmt":"2016-04-13T12:00:55","guid":{"rendered":"https:\/\/sharks.ee\/vunder_2019\/lv\/product\/zimesanas-bloks-wn-pigment-marker\/"},"modified":"2016-04-13T15:00:55","modified_gmt":"2016-04-13T12:00:55","slug":"zimesanas-bloks-wn-pigment-marker","status":"publish","type":"product","link":"https:\/\/hobstop.ee\/lv\/produkts\/zimesanas-bloks-wn-pigment-marker\/","title":{"rendered":"Z\u012bm\u0113\u0161anas bloks W&#038;N Pigment Marker"},"content":{"rendered":"<p>Speci\u0101li veidots pigment\u0113tai vielai, Winsor&#038;Newton Pigment Marker Paper nodro\u0161ina l\u0113n\u0101ku \u017e\u016b\u0161anas laiku ar minim\u0101lu ies\u016bk\u0161anos pap\u012br\u0101, t\u0101d\u0113j\u0101di \u013caujot maksim\u0101li izmantot White Blender potenci\u0101lu. Pap\u012bra saglab\u0101\u0161an\u0101s \u012bpa\u0161\u012bbas apvienojum\u0101 ar pigmentu mar\u0137ieru gaismnotur\u012bbu nodro\u0161in\u0101s tava darba spilgtumu 100 gadus.<\/p>\n","protected":false},"excerpt":{"rendered":"<p>Speci\u0101li veidots pigment\u0113tai vielai, Winsor&#038;Newton Pigment Marker Paper nodro\u0161ina l\u0113n\u0101ku \u017e\u016b\u0161anas laiku ar minim\u0101lu ies\u016bk\u0161anos pap\u012br\u0101, t\u0101d\u0113j\u0101di \u013caujot maksim\u0101li izmantot White Blender potenci\u0101lu. Pap\u012bra saglab\u0101\u0161an\u0101s \u012bpa\u0161\u012bbas apvienojum\u0101 ar pigmentu mar\u0137ieru gaismnotur\u012bbu nodro\u0161in\u0101s tava darba spilgtumu 100 gadus.<\/p>\n","protected":false},"featured_media":262523,"comment_status":"closed","ping_status":"closed","template":"","meta":{"_acf_changed":false,"ep_exclude_from_search":false},"product_cat":[18943,17921,19024],"product_tag":[],"class_list":{"0":"post-261927","1":"product","2":"type-product","3":"status-publish","4":"has-post-thumbnail","6":"product_cat-makslas-papirs-un-kartons-2","7":"product_cat-papira-izstradajumi","8":"product_cat-zimesanas-papirs-un-bloki-3","10":"first","11":"outofstock","12":"taxable","13":"shipping-taxable","14":"purchasable","15":"product-type-simple"},"acf":[],"yoast_head":"<!-- This site is optimized with the Yoast SEO plugin v24.1 - https:\/\/yoast.com\/wordpress\/plugins\/seo\/ -->\n<title>Z\u012bm\u0113\u0161anas bloks W&amp;N Pigment Marker &#8211; Skizze<\/title>\n<meta name=\"robots\" content=\"noindex, follow, max-snippet:-1, max-image-preview:large, max-video-preview:-1\" \/>\n<meta property=\"og:locale\" content=\"lv_LV\" \/>\n<meta property=\"og:type\" content=\"article\" \/>\n<meta property=\"og:title\" content=\"Z\u012bm\u0113\u0161anas bloks W&amp;N Pigment Marker &#8211; Skizze\" \/>\n<meta property=\"og:description\" content=\"Speci\u0101li veidots pigment\u0113tai vielai, Winsor&#038;Newton Pigment Marker Paper nodro\u0161ina l\u0113n\u0101ku \u017e\u016b\u0161anas laiku ar minim\u0101lu ies\u016bk\u0161anos pap\u012br\u0101, t\u0101d\u0113j\u0101di \u013caujot maksim\u0101li izmantot White Blender potenci\u0101lu. Pap\u012bra saglab\u0101\u0161an\u0101s \u012bpa\u0161\u012bbas apvienojum\u0101 ar pigmentu mar\u0137ieru gaismnotur\u012bbu nodro\u0161in\u0101s tava darba spilgtumu 100 gadus.\" \/>\n<meta property=\"og:url\" content=\"https:\/\/hobstop.ee\/lv\/produkts\/zimesanas-bloks-wn-pigment-marker\/\" \/>\n<meta property=\"og:site_name\" content=\"Skizze\" \/>\n<meta property=\"article:publisher\" content=\"http:\/\/www.facebook.com\/VunderSkizze\" \/>\n<meta property=\"og:image\" content=\"https:\/\/hobstop.ee\/media\/4233.jpg\" \/>\n\t<meta property=\"og:image:width\" content=\"1024\" \/>\n\t<meta property=\"og:image:height\" content=\"768\" \/>\n\t<meta property=\"og:image:type\" content=\"image\/jpeg\" \/>\n<meta name=\"twitter:card\" content=\"summary_large_image\" \/>\n<script type=\"application\/ld+json\" class=\"yoast-schema-graph\">{\"@context\":\"https:\/\/schema.org\",\"@graph\":[{\"@type\":\"WebPage\",\"@id\":\"https:\/\/hobstop.ee\/lv\/produkts\/zimesanas-bloks-wn-pigment-marker\/\",\"url\":\"https:\/\/hobstop.ee\/lv\/produkts\/zimesanas-bloks-wn-pigment-marker\/\",\"name\":\"Z\u012bm\u0113\u0161anas bloks W&N Pigment Marker &#8211; Skizze\",\"isPartOf\":{\"@id\":\"https:\/\/hobstop.ee\/lv\/#website\"},\"primaryImageOfPage\":{\"@id\":\"https:\/\/hobstop.ee\/lv\/produkts\/zimesanas-bloks-wn-pigment-marker\/#primaryimage\"},\"image\":{\"@id\":\"https:\/\/hobstop.ee\/lv\/produkts\/zimesanas-bloks-wn-pigment-marker\/#primaryimage\"},\"thumbnailUrl\":\"https:\/\/hobstop.ee\/media\/4233.jpg\",\"datePublished\":\"2016-04-13T12:00:55+00:00\",\"dateModified\":\"2016-04-13T12:00:55+00:00\",\"breadcrumb\":{\"@id\":\"https:\/\/hobstop.ee\/lv\/produkts\/zimesanas-bloks-wn-pigment-marker\/#breadcrumb\"},\"inLanguage\":\"lv-LV\",\"potentialAction\":[{\"@type\":\"ReadAction\",\"target\":[\"https:\/\/hobstop.ee\/lv\/produkts\/zimesanas-bloks-wn-pigment-marker\/\"]}]},{\"@type\":\"ImageObject\",\"inLanguage\":\"lv-LV\",\"@id\":\"https:\/\/hobstop.ee\/lv\/produkts\/zimesanas-bloks-wn-pigment-marker\/#primaryimage\",\"url\":\"https:\/\/hobstop.ee\/media\/4233.jpg\",\"contentUrl\":\"https:\/\/hobstop.ee\/media\/4233.jpg\",\"width\":1024,\"height\":768},{\"@type\":\"BreadcrumbList\",\"@id\":\"https:\/\/hobstop.ee\/lv\/produkts\/zimesanas-bloks-wn-pigment-marker\/#breadcrumb\",\"itemListElement\":[{\"@type\":\"ListItem\",\"position\":1,\"name\":\"Avaleht\",\"item\":\"https:\/\/hobstop.ee\/lv\/\"},{\"@type\":\"ListItem\",\"position\":2,\"name\":\"Veikals\",\"item\":\"https:\/\/hobstop.ee\/lv\/veikals\/\"},{\"@type\":\"ListItem\",\"position\":3,\"name\":\"Z\u012bm\u0113\u0161anas bloks W&#038;N Pigment Marker\"}]},{\"@type\":\"WebSite\",\"@id\":\"https:\/\/hobstop.ee\/lv\/#website\",\"url\":\"https:\/\/hobstop.ee\/lv\/\",\"name\":\"Skizze\",\"description\":\"M\u0101kslas, hobiju un skolas preces\",\"publisher\":{\"@id\":\"https:\/\/hobstop.ee\/lv\/#organization\"},\"potentialAction\":[{\"@type\":\"SearchAction\",\"target\":{\"@type\":\"EntryPoint\",\"urlTemplate\":\"https:\/\/hobstop.ee\/lv\/?s={search_term_string}\"},\"query-input\":{\"@type\":\"PropertyValueSpecification\",\"valueRequired\":true,\"valueName\":\"search_term_string\"}}],\"inLanguage\":\"lv-LV\"},{\"@type\":\"Organization\",\"@id\":\"https:\/\/hobstop.ee\/lv\/#organization\",\"name\":\"Vunder AS\",\"url\":\"https:\/\/hobstop.ee\/lv\/\",\"logo\":{\"@type\":\"ImageObject\",\"inLanguage\":\"lv-LV\",\"@id\":\"https:\/\/hobstop.ee\/lv\/#\/schema\/logo\/image\/\",\"url\":\"https:\/\/hobstop.ee\/media\/vunder-logo.png\",\"contentUrl\":\"https:\/\/hobstop.ee\/media\/vunder-logo.png\",\"width\":127,\"height\":55,\"caption\":\"Vunder AS\"},\"image\":{\"@id\":\"https:\/\/hobstop.ee\/lv\/#\/schema\/logo\/image\/\"},\"sameAs\":[\"http:\/\/www.facebook.com\/VunderSkizze\"]}]}<\/script>\n<!-- \/ Yoast SEO plugin. -->","yoast_head_json":{"title":"Z\u012bm\u0113\u0161anas bloks W&N Pigment Marker &#8211; Skizze","robots":{"index":"noindex","follow":"follow","max-snippet":"max-snippet:-1","max-image-preview":"max-image-preview:large","max-video-preview":"max-video-preview:-1"},"og_locale":"lv_LV","og_type":"article","og_title":"Z\u012bm\u0113\u0161anas bloks W&N Pigment Marker &#8211; Skizze","og_description":"Speci\u0101li veidots pigment\u0113tai vielai, Winsor&#038;Newton Pigment Marker Paper nodro\u0161ina l\u0113n\u0101ku \u017e\u016b\u0161anas laiku ar minim\u0101lu ies\u016bk\u0161anos pap\u012br\u0101, t\u0101d\u0113j\u0101di \u013caujot maksim\u0101li izmantot White Blender potenci\u0101lu. Pap\u012bra saglab\u0101\u0161an\u0101s \u012bpa\u0161\u012bbas apvienojum\u0101 ar pigmentu mar\u0137ieru gaismnotur\u012bbu nodro\u0161in\u0101s tava darba spilgtumu 100 gadus.","og_url":"https:\/\/hobstop.ee\/lv\/produkts\/zimesanas-bloks-wn-pigment-marker\/","og_site_name":"Skizze","article_publisher":"http:\/\/www.facebook.com\/VunderSkizze","og_image":[{"width":1024,"height":768,"url":"https:\/\/hobstop.ee\/media\/4233.jpg","type":"image\/jpeg"}],"twitter_card":"summary_large_image","schema":{"@context":"https:\/\/schema.org","@graph":[{"@type":"WebPage","@id":"https:\/\/hobstop.ee\/lv\/produkts\/zimesanas-bloks-wn-pigment-marker\/","url":"https:\/\/hobstop.ee\/lv\/produkts\/zimesanas-bloks-wn-pigment-marker\/","name":"Z\u012bm\u0113\u0161anas bloks W&N Pigment Marker &#8211; Skizze","isPartOf":{"@id":"https:\/\/hobstop.ee\/lv\/#website"},"primaryImageOfPage":{"@id":"https:\/\/hobstop.ee\/lv\/produkts\/zimesanas-bloks-wn-pigment-marker\/#primaryimage"},"image":{"@id":"https:\/\/hobstop.ee\/lv\/produkts\/zimesanas-bloks-wn-pigment-marker\/#primaryimage"},"thumbnailUrl":"https:\/\/hobstop.ee\/media\/4233.jpg","datePublished":"2016-04-13T12:00:55+00:00","dateModified":"2016-04-13T12:00:55+00:00","breadcrumb":{"@id":"https:\/\/hobstop.ee\/lv\/produkts\/zimesanas-bloks-wn-pigment-marker\/#breadcrumb"},"inLanguage":"lv-LV","potentialAction":[{"@type":"ReadAction","target":["https:\/\/hobstop.ee\/lv\/produkts\/zimesanas-bloks-wn-pigment-marker\/"]}]},{"@type":"ImageObject","inLanguage":"lv-LV","@id":"https:\/\/hobstop.ee\/lv\/produkts\/zimesanas-bloks-wn-pigment-marker\/#primaryimage","url":"https:\/\/hobstop.ee\/media\/4233.jpg","contentUrl":"https:\/\/hobstop.ee\/media\/4233.jpg","width":1024,"height":768},{"@type":"BreadcrumbList","@id":"https:\/\/hobstop.ee\/lv\/produkts\/zimesanas-bloks-wn-pigment-marker\/#breadcrumb","itemListElement":[{"@type":"ListItem","position":1,"name":"Avaleht","item":"https:\/\/hobstop.ee\/lv\/"},{"@type":"ListItem","position":2,"name":"Veikals","item":"https:\/\/hobstop.ee\/lv\/veikals\/"},{"@type":"ListItem","position":3,"name":"Z\u012bm\u0113\u0161anas bloks W&#038;N Pigment Marker"}]},{"@type":"WebSite","@id":"https:\/\/hobstop.ee\/lv\/#website","url":"https:\/\/hobstop.ee\/lv\/","name":"Skizze","description":"M\u0101kslas, hobiju un skolas preces","publisher":{"@id":"https:\/\/hobstop.ee\/lv\/#organization"},"potentialAction":[{"@type":"SearchAction","target":{"@type":"EntryPoint","urlTemplate":"https:\/\/hobstop.ee\/lv\/?s={search_term_string}"},"query-input":{"@type":"PropertyValueSpecification","valueRequired":true,"valueName":"search_term_string"}}],"inLanguage":"lv-LV"},{"@type":"Organization","@id":"https:\/\/hobstop.ee\/lv\/#organization","name":"Vunder AS","url":"https:\/\/hobstop.ee\/lv\/","logo":{"@type":"ImageObject","inLanguage":"lv-LV","@id":"https:\/\/hobstop.ee\/lv\/#\/schema\/logo\/image\/","url":"https:\/\/hobstop.ee\/media\/vunder-logo.png","contentUrl":"https:\/\/hobstop.ee\/media\/vunder-logo.png","width":127,"height":55,"caption":"Vunder AS"},"image":{"@id":"https:\/\/hobstop.ee\/lv\/#\/schema\/logo\/image\/"},"sameAs":["http:\/\/www.facebook.com\/VunderSkizze"]}]}},"_links":{"self":[{"href":"https:\/\/hobstop.ee\/lv\/wp-json\/wp\/v2\/product\/261927","targetHints":{"allow":["GET"]}}],"collection":[{"href":"https:\/\/hobstop.ee\/lv\/wp-json\/wp\/v2\/product"}],"about":[{"href":"https:\/\/hobstop.ee\/lv\/wp-json\/wp\/v2\/types\/product"}],"replies":[{"embeddable":true,"href":"https:\/\/hobstop.ee\/lv\/wp-json\/wp\/v2\/comments?post=261927"}],"wp:featuredmedia":[{"embeddable":true,"href":"https:\/\/hobstop.ee\/lv\/wp-json\/wp\/v2\/media\/262523"}],"wp:attachment":[{"href":"https:\/\/hobstop.ee\/lv\/wp-json\/wp\/v2\/media?parent=261927"}],"wp:term":[{"taxonomy":"product_cat","embeddable":true,"href":"https:\/\/hobstop.ee\/lv\/wp-json\/wp\/v2\/product_cat?post=261927"},{"taxonomy":"product_tag","embeddable":true,"href":"https:\/\/hobstop.ee\/lv\/wp-json\/wp\/v2\/product_tag?post=261927"}],"curies":[{"name":"wp","href":"https:\/\/api.w.org\/{rel}","templated":true}]}}