{"id":261943,"date":"2016-04-13T15:00:59","date_gmt":"2016-04-13T12:00:59","guid":{"rendered":"https:\/\/sharks.ee\/vunder_2019\/lv\/product\/medijs-akrilam-liquitex-glazing\/"},"modified":"2016-04-13T15:00:59","modified_gmt":"2016-04-13T12:00:59","slug":"medijs-akrilam-liquitex-glazing","status":"publish","type":"product","link":"https:\/\/hobstop.ee\/lv\/produkts\/medijs-akrilam-liquitex-glazing\/","title":{"rendered":"Medijs akrilam Liquitex Glazing"},"content":{"rendered":"<p>Izmantot, ja glezn\u0101 nepiecie\u0161ams sasniegt iesp\u0113jami liel\u0101ko caursp\u012bd\u012bgumu, mirdzumu un dzi\u013cumu. \u0160o \u0161\u0137idro m\u0113diju var izmantot lielisku glaz\u0113jumu veido\u0161anai, samaisot ar caursp\u012bd\u012bgu kr\u0101su. Glaz\u0113jo\u0161ais m\u0113dijs \u0101tri no\u017e\u016bst, \u013caujot \u012bs\u0101 laika posm\u0101 kl\u0101t kr\u0101su sl\u0101\u0146os, samazinot otas triepienu skaitu. Lai pagarin\u0101tu darba laiku, samais\u012bt ar Slow-Dri Blending Medium vai Slow-Dri Fluid Retarder.<\/p>\n","protected":false},"excerpt":{"rendered":"<p>Izmantot, ja glezn\u0101 nepiecie\u0161ams sasniegt iesp\u0113jami liel\u0101ko caursp\u012bd\u012bgumu, mirdzumu un dzi\u013cumu. \u0160o \u0161\u0137idro m\u0113diju var izmantot lielisku glaz\u0113jumu veido\u0161anai, samaisot ar caursp\u012bd\u012bgu kr\u0101su. Glaz\u0113jo\u0161ais m\u0113dijs \u0101tri no\u017e\u016bst, \u013caujot \u012bs\u0101 laika posm\u0101 kl\u0101t kr\u0101su sl\u0101\u0146os, samazinot otas triepienu skaitu. Lai pagarin\u0101tu darba laiku, samais\u012bt ar Slow-Dri Blending Medium vai Slow-Dri Fluid Retarder.<\/p>\n","protected":false},"featured_media":353803,"comment_status":"closed","ping_status":"closed","template":"","meta":{"_acf_changed":false,"ep_exclude_from_search":false},"product_cat":[18997,17980,16123],"product_tag":[],"class_list":{"0":"post-261943","1":"product","2":"type-product","3":"status-publish","4":"has-post-thumbnail","6":"product_cat-akrilkrasu-mediji-3","7":"product_cat-krasas-un-gleznosanas-paligmateriali","8":"product_cat-makslas-piederumi-2","10":"first","11":"instock","12":"taxable","13":"shipping-taxable","14":"purchasable","15":"product-type-simple"},"acf":[],"yoast_head":"<!-- This site is optimized with the Yoast SEO plugin v24.1 - https:\/\/yoast.com\/wordpress\/plugins\/seo\/ -->\n<title>Medijs akrilam Liquitex Glazing &#8211; Skizze<\/title>\n<meta name=\"robots\" content=\"noindex, follow, max-snippet:-1, max-image-preview:large, max-video-preview:-1\" \/>\n<meta property=\"og:locale\" content=\"lv_LV\" \/>\n<meta property=\"og:type\" content=\"article\" \/>\n<meta property=\"og:title\" content=\"Medijs akrilam Liquitex Glazing &#8211; Skizze\" \/>\n<meta property=\"og:description\" content=\"Izmantot, ja glezn\u0101 nepiecie\u0161ams sasniegt iesp\u0113jami liel\u0101ko caursp\u012bd\u012bgumu, mirdzumu un dzi\u013cumu. \u0160o \u0161\u0137idro m\u0113diju var izmantot lielisku glaz\u0113jumu veido\u0161anai, samaisot ar caursp\u012bd\u012bgu kr\u0101su. Glaz\u0113jo\u0161ais m\u0113dijs \u0101tri no\u017e\u016bst, \u013caujot \u012bs\u0101 laika posm\u0101 kl\u0101t kr\u0101su sl\u0101\u0146os, samazinot otas triepienu skaitu. Lai pagarin\u0101tu darba laiku, samais\u012bt ar Slow-Dri Blending Medium vai Slow-Dri Fluid Retarder.\" \/>\n<meta property=\"og:url\" content=\"https:\/\/hobstop.ee\/lv\/produkts\/medijs-akrilam-liquitex-glazing\/\" \/>\n<meta property=\"og:site_name\" content=\"Skizze\" \/>\n<meta property=\"article:publisher\" content=\"http:\/\/www.facebook.com\/VunderSkizze\" \/>\n<meta property=\"og:image\" content=\"https:\/\/hobstop.ee\/media\/4266.jpg\" \/>\n\t<meta property=\"og:image:width\" content=\"1024\" \/>\n\t<meta property=\"og:image:height\" content=\"768\" \/>\n\t<meta property=\"og:image:type\" content=\"image\/jpeg\" \/>\n<meta name=\"twitter:card\" content=\"summary_large_image\" \/>\n<script type=\"application\/ld+json\" class=\"yoast-schema-graph\">{\"@context\":\"https:\/\/schema.org\",\"@graph\":[{\"@type\":\"WebPage\",\"@id\":\"https:\/\/hobstop.ee\/lv\/produkts\/medijs-akrilam-liquitex-glazing\/\",\"url\":\"https:\/\/hobstop.ee\/lv\/produkts\/medijs-akrilam-liquitex-glazing\/\",\"name\":\"Medijs akrilam Liquitex Glazing &#8211; Skizze\",\"isPartOf\":{\"@id\":\"https:\/\/hobstop.ee\/lv\/#website\"},\"primaryImageOfPage\":{\"@id\":\"https:\/\/hobstop.ee\/lv\/produkts\/medijs-akrilam-liquitex-glazing\/#primaryimage\"},\"image\":{\"@id\":\"https:\/\/hobstop.ee\/lv\/produkts\/medijs-akrilam-liquitex-glazing\/#primaryimage\"},\"thumbnailUrl\":\"https:\/\/hobstop.ee\/media\/4266.jpg\",\"datePublished\":\"2016-04-13T12:00:59+00:00\",\"dateModified\":\"2016-04-13T12:00:59+00:00\",\"breadcrumb\":{\"@id\":\"https:\/\/hobstop.ee\/lv\/produkts\/medijs-akrilam-liquitex-glazing\/#breadcrumb\"},\"inLanguage\":\"lv-LV\",\"potentialAction\":[{\"@type\":\"ReadAction\",\"target\":[\"https:\/\/hobstop.ee\/lv\/produkts\/medijs-akrilam-liquitex-glazing\/\"]}]},{\"@type\":\"ImageObject\",\"inLanguage\":\"lv-LV\",\"@id\":\"https:\/\/hobstop.ee\/lv\/produkts\/medijs-akrilam-liquitex-glazing\/#primaryimage\",\"url\":\"https:\/\/hobstop.ee\/media\/4266.jpg\",\"contentUrl\":\"https:\/\/hobstop.ee\/media\/4266.jpg\",\"width\":1024,\"height\":768},{\"@type\":\"BreadcrumbList\",\"@id\":\"https:\/\/hobstop.ee\/lv\/produkts\/medijs-akrilam-liquitex-glazing\/#breadcrumb\",\"itemListElement\":[{\"@type\":\"ListItem\",\"position\":1,\"name\":\"Avaleht\",\"item\":\"https:\/\/www.hobstop.ee\/lv\/\"},{\"@type\":\"ListItem\",\"position\":2,\"name\":\"Veikals\",\"item\":\"https:\/\/www.hobstop.ee\/lv\/veikals\/\"},{\"@type\":\"ListItem\",\"position\":3,\"name\":\"Medijs akrilam Liquitex Glazing\"}]},{\"@type\":\"WebSite\",\"@id\":\"https:\/\/hobstop.ee\/lv\/#website\",\"url\":\"https:\/\/hobstop.ee\/lv\/\",\"name\":\"Skizze\",\"description\":\"M\u0101kslas, hobiju un skolas preces\",\"publisher\":{\"@id\":\"https:\/\/hobstop.ee\/lv\/#organization\"},\"potentialAction\":[{\"@type\":\"SearchAction\",\"target\":{\"@type\":\"EntryPoint\",\"urlTemplate\":\"https:\/\/hobstop.ee\/lv\/?s={search_term_string}\"},\"query-input\":{\"@type\":\"PropertyValueSpecification\",\"valueRequired\":true,\"valueName\":\"search_term_string\"}}],\"inLanguage\":\"lv-LV\"},{\"@type\":\"Organization\",\"@id\":\"https:\/\/hobstop.ee\/lv\/#organization\",\"name\":\"Vunder AS\",\"url\":\"https:\/\/hobstop.ee\/lv\/\",\"logo\":{\"@type\":\"ImageObject\",\"inLanguage\":\"lv-LV\",\"@id\":\"https:\/\/hobstop.ee\/lv\/#\/schema\/logo\/image\/\",\"url\":\"https:\/\/hobstop.ee\/media\/vunder-logo.png\",\"contentUrl\":\"https:\/\/hobstop.ee\/media\/vunder-logo.png\",\"width\":127,\"height\":55,\"caption\":\"Vunder AS\"},\"image\":{\"@id\":\"https:\/\/hobstop.ee\/lv\/#\/schema\/logo\/image\/\"},\"sameAs\":[\"http:\/\/www.facebook.com\/VunderSkizze\"]}]}<\/script>\n<!-- \/ Yoast SEO plugin. -->","yoast_head_json":{"title":"Medijs akrilam Liquitex Glazing &#8211; Skizze","robots":{"index":"noindex","follow":"follow","max-snippet":"max-snippet:-1","max-image-preview":"max-image-preview:large","max-video-preview":"max-video-preview:-1"},"og_locale":"lv_LV","og_type":"article","og_title":"Medijs akrilam Liquitex Glazing &#8211; Skizze","og_description":"Izmantot, ja glezn\u0101 nepiecie\u0161ams sasniegt iesp\u0113jami liel\u0101ko caursp\u012bd\u012bgumu, mirdzumu un dzi\u013cumu. \u0160o \u0161\u0137idro m\u0113diju var izmantot lielisku glaz\u0113jumu veido\u0161anai, samaisot ar caursp\u012bd\u012bgu kr\u0101su. Glaz\u0113jo\u0161ais m\u0113dijs \u0101tri no\u017e\u016bst, \u013caujot \u012bs\u0101 laika posm\u0101 kl\u0101t kr\u0101su sl\u0101\u0146os, samazinot otas triepienu skaitu. Lai pagarin\u0101tu darba laiku, samais\u012bt ar Slow-Dri Blending Medium vai Slow-Dri Fluid Retarder.","og_url":"https:\/\/hobstop.ee\/lv\/produkts\/medijs-akrilam-liquitex-glazing\/","og_site_name":"Skizze","article_publisher":"http:\/\/www.facebook.com\/VunderSkizze","og_image":[{"width":1024,"height":768,"url":"https:\/\/hobstop.ee\/media\/4266.jpg","type":"image\/jpeg"}],"twitter_card":"summary_large_image","schema":{"@context":"https:\/\/schema.org","@graph":[{"@type":"WebPage","@id":"https:\/\/hobstop.ee\/lv\/produkts\/medijs-akrilam-liquitex-glazing\/","url":"https:\/\/hobstop.ee\/lv\/produkts\/medijs-akrilam-liquitex-glazing\/","name":"Medijs akrilam Liquitex Glazing &#8211; Skizze","isPartOf":{"@id":"https:\/\/hobstop.ee\/lv\/#website"},"primaryImageOfPage":{"@id":"https:\/\/hobstop.ee\/lv\/produkts\/medijs-akrilam-liquitex-glazing\/#primaryimage"},"image":{"@id":"https:\/\/hobstop.ee\/lv\/produkts\/medijs-akrilam-liquitex-glazing\/#primaryimage"},"thumbnailUrl":"https:\/\/hobstop.ee\/media\/4266.jpg","datePublished":"2016-04-13T12:00:59+00:00","dateModified":"2016-04-13T12:00:59+00:00","breadcrumb":{"@id":"https:\/\/hobstop.ee\/lv\/produkts\/medijs-akrilam-liquitex-glazing\/#breadcrumb"},"inLanguage":"lv-LV","potentialAction":[{"@type":"ReadAction","target":["https:\/\/hobstop.ee\/lv\/produkts\/medijs-akrilam-liquitex-glazing\/"]}]},{"@type":"ImageObject","inLanguage":"lv-LV","@id":"https:\/\/hobstop.ee\/lv\/produkts\/medijs-akrilam-liquitex-glazing\/#primaryimage","url":"https:\/\/hobstop.ee\/media\/4266.jpg","contentUrl":"https:\/\/hobstop.ee\/media\/4266.jpg","width":1024,"height":768},{"@type":"BreadcrumbList","@id":"https:\/\/hobstop.ee\/lv\/produkts\/medijs-akrilam-liquitex-glazing\/#breadcrumb","itemListElement":[{"@type":"ListItem","position":1,"name":"Avaleht","item":"https:\/\/www.hobstop.ee\/lv\/"},{"@type":"ListItem","position":2,"name":"Veikals","item":"https:\/\/www.hobstop.ee\/lv\/veikals\/"},{"@type":"ListItem","position":3,"name":"Medijs akrilam Liquitex Glazing"}]},{"@type":"WebSite","@id":"https:\/\/hobstop.ee\/lv\/#website","url":"https:\/\/hobstop.ee\/lv\/","name":"Skizze","description":"M\u0101kslas, hobiju un skolas preces","publisher":{"@id":"https:\/\/hobstop.ee\/lv\/#organization"},"potentialAction":[{"@type":"SearchAction","target":{"@type":"EntryPoint","urlTemplate":"https:\/\/hobstop.ee\/lv\/?s={search_term_string}"},"query-input":{"@type":"PropertyValueSpecification","valueRequired":true,"valueName":"search_term_string"}}],"inLanguage":"lv-LV"},{"@type":"Organization","@id":"https:\/\/hobstop.ee\/lv\/#organization","name":"Vunder AS","url":"https:\/\/hobstop.ee\/lv\/","logo":{"@type":"ImageObject","inLanguage":"lv-LV","@id":"https:\/\/hobstop.ee\/lv\/#\/schema\/logo\/image\/","url":"https:\/\/hobstop.ee\/media\/vunder-logo.png","contentUrl":"https:\/\/hobstop.ee\/media\/vunder-logo.png","width":127,"height":55,"caption":"Vunder AS"},"image":{"@id":"https:\/\/hobstop.ee\/lv\/#\/schema\/logo\/image\/"},"sameAs":["http:\/\/www.facebook.com\/VunderSkizze"]}]}},"_links":{"self":[{"href":"https:\/\/hobstop.ee\/lv\/wp-json\/wp\/v2\/product\/261943","targetHints":{"allow":["GET"]}}],"collection":[{"href":"https:\/\/hobstop.ee\/lv\/wp-json\/wp\/v2\/product"}],"about":[{"href":"https:\/\/hobstop.ee\/lv\/wp-json\/wp\/v2\/types\/product"}],"replies":[{"embeddable":true,"href":"https:\/\/hobstop.ee\/lv\/wp-json\/wp\/v2\/comments?post=261943"}],"wp:featuredmedia":[{"embeddable":true,"href":"https:\/\/hobstop.ee\/lv\/wp-json\/wp\/v2\/media\/353803"}],"wp:attachment":[{"href":"https:\/\/hobstop.ee\/lv\/wp-json\/wp\/v2\/media?parent=261943"}],"wp:term":[{"taxonomy":"product_cat","embeddable":true,"href":"https:\/\/hobstop.ee\/lv\/wp-json\/wp\/v2\/product_cat?post=261943"},{"taxonomy":"product_tag","embeddable":true,"href":"https:\/\/hobstop.ee\/lv\/wp-json\/wp\/v2\/product_tag?post=261943"}],"curies":[{"name":"wp","href":"https:\/\/api.w.org\/{rel}","templated":true}]}}