{"id":261967,"date":"2016-04-13T15:01:04","date_gmt":"2016-04-13T12:01:04","guid":{"rendered":"https:\/\/sharks.ee\/vunder_2019\/lv\/product\/laka-marabu-chalky-chic\/"},"modified":"2016-04-13T15:01:04","modified_gmt":"2016-04-13T12:01:04","slug":"laka-marabu-chalky-chic","status":"publish","type":"product","link":"https:\/\/hobstop.ee\/lv\/produkts\/laka-marabu-chalky-chic\/","title":{"rendered":"Laka Marabu Chalky-Chic"},"content":{"rendered":"<p>Priek\u0161meti, kas kr\u0101soti ar Chalky-Chic kr\u0101su lieto\u0161anai \u0101r\u0101, piem\u0113ram, d\u0101rz\u0101, uz terases vai balkona, j\u0101apstr\u0101d\u0101 ar Chalky-Chic mat\u0113to laku uz \u016bdens b\u0101zes, lai nodro\u0161in\u0101tu iztur\u012bbu pret laikapst\u0101k\u013ciem, gaismu un skr\u0101p\u0113jumiem. M\u012bkst\u0101, mat\u0113t\u0101 laka pie\u0161\u0137ir priek\u0161metiem samtaini maigu virsmu.<\/p>\n","protected":false},"excerpt":{"rendered":"<p>Priek\u0161meti, kas kr\u0101soti ar Chalky-Chic kr\u0101su lieto\u0161anai \u0101r\u0101, piem\u0113ram, d\u0101rz\u0101, uz terases vai balkona, j\u0101apstr\u0101d\u0101 ar Chalky-Chic mat\u0113to laku uz \u016bdens b\u0101zes, lai nodro\u0161in\u0101tu iztur\u012bbu pret laikapst\u0101k\u013ciem, gaismu un skr\u0101p\u0113jumiem. M\u012bkst\u0101, mat\u0113t\u0101 laka pie\u0161\u0137ir priek\u0161metiem samtaini maigu virsmu.<\/p>\n","protected":false},"featured_media":262215,"comment_status":"closed","ping_status":"closed","template":"","meta":{"_acf_changed":false,"ep_exclude_from_search":false},"product_cat":[17954,19693,17918],"product_tag":[],"class_list":{"0":"post-261967","1":"product","2":"type-product","3":"status-publish","4":"has-post-thumbnail","6":"product_cat-decor-krasas-un-lakas","7":"product_cat-lakas","8":"product_cat-preces-hobijiem","10":"first","11":"instock","12":"taxable","13":"shipping-taxable","14":"purchasable","15":"product-type-simple"},"acf":[],"yoast_head":"<!-- This site is optimized with the Yoast SEO plugin v24.1 - https:\/\/yoast.com\/wordpress\/plugins\/seo\/ -->\n<title>Laka Marabu Chalky-Chic &#8211; Skizze<\/title>\n<meta name=\"robots\" content=\"noindex, follow, max-snippet:-1, max-image-preview:large, max-video-preview:-1\" \/>\n<meta property=\"og:locale\" content=\"lv_LV\" \/>\n<meta property=\"og:type\" content=\"article\" \/>\n<meta property=\"og:title\" content=\"Laka Marabu Chalky-Chic &#8211; Skizze\" \/>\n<meta property=\"og:description\" content=\"Priek\u0161meti, kas kr\u0101soti ar Chalky-Chic kr\u0101su lieto\u0161anai \u0101r\u0101, piem\u0113ram, d\u0101rz\u0101, uz terases vai balkona, j\u0101apstr\u0101d\u0101 ar Chalky-Chic mat\u0113to laku uz \u016bdens b\u0101zes, lai nodro\u0161in\u0101tu iztur\u012bbu pret laikapst\u0101k\u013ciem, gaismu un skr\u0101p\u0113jumiem. M\u012bkst\u0101, mat\u0113t\u0101 laka pie\u0161\u0137ir priek\u0161metiem samtaini maigu virsmu.\" \/>\n<meta property=\"og:url\" content=\"https:\/\/hobstop.ee\/lv\/produkts\/laka-marabu-chalky-chic\/\" \/>\n<meta property=\"og:site_name\" content=\"Skizze\" \/>\n<meta property=\"article:publisher\" content=\"http:\/\/www.facebook.com\/VunderSkizze\" \/>\n<meta property=\"og:image\" content=\"https:\/\/hobstop.ee\/media\/4275.jpg\" \/>\n\t<meta property=\"og:image:width\" content=\"1024\" \/>\n\t<meta property=\"og:image:height\" content=\"768\" \/>\n\t<meta property=\"og:image:type\" content=\"image\/jpeg\" \/>\n<meta name=\"twitter:card\" content=\"summary_large_image\" \/>\n<script type=\"application\/ld+json\" class=\"yoast-schema-graph\">{\"@context\":\"https:\/\/schema.org\",\"@graph\":[{\"@type\":\"WebPage\",\"@id\":\"https:\/\/hobstop.ee\/lv\/produkts\/laka-marabu-chalky-chic\/\",\"url\":\"https:\/\/hobstop.ee\/lv\/produkts\/laka-marabu-chalky-chic\/\",\"name\":\"Laka Marabu Chalky-Chic &#8211; Skizze\",\"isPartOf\":{\"@id\":\"https:\/\/hobstop.ee\/lv\/#website\"},\"primaryImageOfPage\":{\"@id\":\"https:\/\/hobstop.ee\/lv\/produkts\/laka-marabu-chalky-chic\/#primaryimage\"},\"image\":{\"@id\":\"https:\/\/hobstop.ee\/lv\/produkts\/laka-marabu-chalky-chic\/#primaryimage\"},\"thumbnailUrl\":\"https:\/\/hobstop.ee\/media\/4275.jpg\",\"datePublished\":\"2016-04-13T12:01:04+00:00\",\"dateModified\":\"2016-04-13T12:01:04+00:00\",\"breadcrumb\":{\"@id\":\"https:\/\/hobstop.ee\/lv\/produkts\/laka-marabu-chalky-chic\/#breadcrumb\"},\"inLanguage\":\"lv-LV\",\"potentialAction\":[{\"@type\":\"ReadAction\",\"target\":[\"https:\/\/hobstop.ee\/lv\/produkts\/laka-marabu-chalky-chic\/\"]}]},{\"@type\":\"ImageObject\",\"inLanguage\":\"lv-LV\",\"@id\":\"https:\/\/hobstop.ee\/lv\/produkts\/laka-marabu-chalky-chic\/#primaryimage\",\"url\":\"https:\/\/hobstop.ee\/media\/4275.jpg\",\"contentUrl\":\"https:\/\/hobstop.ee\/media\/4275.jpg\",\"width\":1024,\"height\":768},{\"@type\":\"BreadcrumbList\",\"@id\":\"https:\/\/hobstop.ee\/lv\/produkts\/laka-marabu-chalky-chic\/#breadcrumb\",\"itemListElement\":[{\"@type\":\"ListItem\",\"position\":1,\"name\":\"Avaleht\",\"item\":\"https:\/\/www.hobstop.ee\/lv\/\"},{\"@type\":\"ListItem\",\"position\":2,\"name\":\"Veikals\",\"item\":\"https:\/\/www.hobstop.ee\/lv\/veikals\/\"},{\"@type\":\"ListItem\",\"position\":3,\"name\":\"Laka Marabu Chalky-Chic\"}]},{\"@type\":\"WebSite\",\"@id\":\"https:\/\/hobstop.ee\/lv\/#website\",\"url\":\"https:\/\/hobstop.ee\/lv\/\",\"name\":\"Skizze\",\"description\":\"M\u0101kslas, hobiju un skolas preces\",\"publisher\":{\"@id\":\"https:\/\/hobstop.ee\/lv\/#organization\"},\"potentialAction\":[{\"@type\":\"SearchAction\",\"target\":{\"@type\":\"EntryPoint\",\"urlTemplate\":\"https:\/\/hobstop.ee\/lv\/?s={search_term_string}\"},\"query-input\":{\"@type\":\"PropertyValueSpecification\",\"valueRequired\":true,\"valueName\":\"search_term_string\"}}],\"inLanguage\":\"lv-LV\"},{\"@type\":\"Organization\",\"@id\":\"https:\/\/hobstop.ee\/lv\/#organization\",\"name\":\"Vunder AS\",\"url\":\"https:\/\/hobstop.ee\/lv\/\",\"logo\":{\"@type\":\"ImageObject\",\"inLanguage\":\"lv-LV\",\"@id\":\"https:\/\/hobstop.ee\/lv\/#\/schema\/logo\/image\/\",\"url\":\"https:\/\/hobstop.ee\/media\/vunder-logo.png\",\"contentUrl\":\"https:\/\/hobstop.ee\/media\/vunder-logo.png\",\"width\":127,\"height\":55,\"caption\":\"Vunder AS\"},\"image\":{\"@id\":\"https:\/\/hobstop.ee\/lv\/#\/schema\/logo\/image\/\"},\"sameAs\":[\"http:\/\/www.facebook.com\/VunderSkizze\"]}]}<\/script>\n<!-- \/ Yoast SEO plugin. -->","yoast_head_json":{"title":"Laka Marabu Chalky-Chic &#8211; Skizze","robots":{"index":"noindex","follow":"follow","max-snippet":"max-snippet:-1","max-image-preview":"max-image-preview:large","max-video-preview":"max-video-preview:-1"},"og_locale":"lv_LV","og_type":"article","og_title":"Laka Marabu Chalky-Chic &#8211; Skizze","og_description":"Priek\u0161meti, kas kr\u0101soti ar Chalky-Chic kr\u0101su lieto\u0161anai \u0101r\u0101, piem\u0113ram, d\u0101rz\u0101, uz terases vai balkona, j\u0101apstr\u0101d\u0101 ar Chalky-Chic mat\u0113to laku uz \u016bdens b\u0101zes, lai nodro\u0161in\u0101tu iztur\u012bbu pret laikapst\u0101k\u013ciem, gaismu un skr\u0101p\u0113jumiem. M\u012bkst\u0101, mat\u0113t\u0101 laka pie\u0161\u0137ir priek\u0161metiem samtaini maigu virsmu.","og_url":"https:\/\/hobstop.ee\/lv\/produkts\/laka-marabu-chalky-chic\/","og_site_name":"Skizze","article_publisher":"http:\/\/www.facebook.com\/VunderSkizze","og_image":[{"width":1024,"height":768,"url":"https:\/\/hobstop.ee\/media\/4275.jpg","type":"image\/jpeg"}],"twitter_card":"summary_large_image","schema":{"@context":"https:\/\/schema.org","@graph":[{"@type":"WebPage","@id":"https:\/\/hobstop.ee\/lv\/produkts\/laka-marabu-chalky-chic\/","url":"https:\/\/hobstop.ee\/lv\/produkts\/laka-marabu-chalky-chic\/","name":"Laka Marabu Chalky-Chic &#8211; Skizze","isPartOf":{"@id":"https:\/\/hobstop.ee\/lv\/#website"},"primaryImageOfPage":{"@id":"https:\/\/hobstop.ee\/lv\/produkts\/laka-marabu-chalky-chic\/#primaryimage"},"image":{"@id":"https:\/\/hobstop.ee\/lv\/produkts\/laka-marabu-chalky-chic\/#primaryimage"},"thumbnailUrl":"https:\/\/hobstop.ee\/media\/4275.jpg","datePublished":"2016-04-13T12:01:04+00:00","dateModified":"2016-04-13T12:01:04+00:00","breadcrumb":{"@id":"https:\/\/hobstop.ee\/lv\/produkts\/laka-marabu-chalky-chic\/#breadcrumb"},"inLanguage":"lv-LV","potentialAction":[{"@type":"ReadAction","target":["https:\/\/hobstop.ee\/lv\/produkts\/laka-marabu-chalky-chic\/"]}]},{"@type":"ImageObject","inLanguage":"lv-LV","@id":"https:\/\/hobstop.ee\/lv\/produkts\/laka-marabu-chalky-chic\/#primaryimage","url":"https:\/\/hobstop.ee\/media\/4275.jpg","contentUrl":"https:\/\/hobstop.ee\/media\/4275.jpg","width":1024,"height":768},{"@type":"BreadcrumbList","@id":"https:\/\/hobstop.ee\/lv\/produkts\/laka-marabu-chalky-chic\/#breadcrumb","itemListElement":[{"@type":"ListItem","position":1,"name":"Avaleht","item":"https:\/\/www.hobstop.ee\/lv\/"},{"@type":"ListItem","position":2,"name":"Veikals","item":"https:\/\/www.hobstop.ee\/lv\/veikals\/"},{"@type":"ListItem","position":3,"name":"Laka Marabu Chalky-Chic"}]},{"@type":"WebSite","@id":"https:\/\/hobstop.ee\/lv\/#website","url":"https:\/\/hobstop.ee\/lv\/","name":"Skizze","description":"M\u0101kslas, hobiju un skolas preces","publisher":{"@id":"https:\/\/hobstop.ee\/lv\/#organization"},"potentialAction":[{"@type":"SearchAction","target":{"@type":"EntryPoint","urlTemplate":"https:\/\/hobstop.ee\/lv\/?s={search_term_string}"},"query-input":{"@type":"PropertyValueSpecification","valueRequired":true,"valueName":"search_term_string"}}],"inLanguage":"lv-LV"},{"@type":"Organization","@id":"https:\/\/hobstop.ee\/lv\/#organization","name":"Vunder AS","url":"https:\/\/hobstop.ee\/lv\/","logo":{"@type":"ImageObject","inLanguage":"lv-LV","@id":"https:\/\/hobstop.ee\/lv\/#\/schema\/logo\/image\/","url":"https:\/\/hobstop.ee\/media\/vunder-logo.png","contentUrl":"https:\/\/hobstop.ee\/media\/vunder-logo.png","width":127,"height":55,"caption":"Vunder AS"},"image":{"@id":"https:\/\/hobstop.ee\/lv\/#\/schema\/logo\/image\/"},"sameAs":["http:\/\/www.facebook.com\/VunderSkizze"]}]}},"_links":{"self":[{"href":"https:\/\/hobstop.ee\/lv\/wp-json\/wp\/v2\/product\/261967","targetHints":{"allow":["GET"]}}],"collection":[{"href":"https:\/\/hobstop.ee\/lv\/wp-json\/wp\/v2\/product"}],"about":[{"href":"https:\/\/hobstop.ee\/lv\/wp-json\/wp\/v2\/types\/product"}],"replies":[{"embeddable":true,"href":"https:\/\/hobstop.ee\/lv\/wp-json\/wp\/v2\/comments?post=261967"}],"wp:featuredmedia":[{"embeddable":true,"href":"https:\/\/hobstop.ee\/lv\/wp-json\/wp\/v2\/media\/262215"}],"wp:attachment":[{"href":"https:\/\/hobstop.ee\/lv\/wp-json\/wp\/v2\/media?parent=261967"}],"wp:term":[{"taxonomy":"product_cat","embeddable":true,"href":"https:\/\/hobstop.ee\/lv\/wp-json\/wp\/v2\/product_cat?post=261967"},{"taxonomy":"product_tag","embeddable":true,"href":"https:\/\/hobstop.ee\/lv\/wp-json\/wp\/v2\/product_tag?post=261967"}],"curies":[{"name":"wp","href":"https:\/\/api.w.org\/{rel}","templated":true}]}}