{"id":261971,"date":"2016-04-13T15:01:05","date_gmt":"2016-04-13T12:01:05","guid":{"rendered":"https:\/\/sharks.ee\/vunder_2019\/lv\/product\/parnesanas-medijs-marabu-chalky-chic\/"},"modified":"2016-04-13T15:01:05","modified_gmt":"2016-04-13T12:01:05","slug":"parnesanas-medijs-marabu-chalky-chic","status":"publish","type":"product","link":"https:\/\/hobstop.ee\/lv\/produkts\/parnesanas-medijs-marabu-chalky-chic\/","title":{"rendered":"P\u0101rn\u0113\u0161anas m\u0113dijs Marabu Chalky-Chic"},"content":{"rendered":"<p>Padari savus m\u0101jas piederumus par \u013coti \u012bpa\u0161iem priek\u0161metiem. Izteicienu, fotogr\u0101fiju vai ornamentu izdrukas var izvietot uz da\u017e\u0101d\u0101m virsm\u0101m. Skaidri paud savu viedokli ar m\u0113be\u013cu pal\u012bdz\u012bbu vai izrot\u0101 da\u017e\u0101dus uzglab\u0101\u0161anas tvertnes ar uzrakstiem klasisk\u0101 font\u0101. Ar Transfer Medium pal\u012bdz\u012bbu da\u017e\u0101dus priek\u0161metus no koka, MDF, met\u0101la un citiem materi\u0101liem var padar\u012bt par \u013coti rado\u0161iem m\u0101jas elementiem.<\/p>\n","protected":false},"excerpt":{"rendered":"<p>Padari savus m\u0101jas piederumus par \u013coti \u012bpa\u0161iem priek\u0161metiem. Izteicienu, fotogr\u0101fiju vai ornamentu izdrukas var izvietot uz da\u017e\u0101d\u0101m virsm\u0101m. Skaidri paud savu viedokli ar m\u0113be\u013cu pal\u012bdz\u012bbu vai izrot\u0101 da\u017e\u0101dus uzglab\u0101\u0161anas tvertnes ar uzrakstiem klasisk\u0101 font\u0101. Ar Transfer Medium pal\u012bdz\u012bbu da\u017e\u0101dus priek\u0161metus no koka, MDF, met\u0101la un citiem materi\u0101liem var padar\u012bt par \u013coti rado\u0161iem m\u0101jas elementiem.<\/p>\n","protected":false},"featured_media":262219,"comment_status":"closed","ping_status":"closed","template":"","meta":{"_acf_changed":false,"ep_exclude_from_search":false},"product_cat":[18722,17954,17918],"product_tag":[],"class_list":{"0":"post-261971","1":"product","2":"type-product","3":"status-publish","4":"has-post-thumbnail","6":"product_cat-dazadi-16","7":"product_cat-decor-krasas-un-lakas","8":"product_cat-preces-hobijiem","10":"first","11":"instock","12":"taxable","13":"shipping-taxable","14":"purchasable","15":"product-type-simple"},"acf":[],"yoast_head":"<!-- This site is optimized with the Yoast SEO plugin v24.1 - https:\/\/yoast.com\/wordpress\/plugins\/seo\/ -->\n<title>P\u0101rn\u0113\u0161anas m\u0113dijs Marabu Chalky-Chic &#8211; Skizze<\/title>\n<meta name=\"robots\" content=\"noindex, follow, max-snippet:-1, max-image-preview:large, max-video-preview:-1\" \/>\n<meta property=\"og:locale\" content=\"lv_LV\" \/>\n<meta property=\"og:type\" content=\"article\" \/>\n<meta property=\"og:title\" content=\"P\u0101rn\u0113\u0161anas m\u0113dijs Marabu Chalky-Chic &#8211; Skizze\" \/>\n<meta property=\"og:description\" content=\"Padari savus m\u0101jas piederumus par \u013coti \u012bpa\u0161iem priek\u0161metiem. Izteicienu, fotogr\u0101fiju vai ornamentu izdrukas var izvietot uz da\u017e\u0101d\u0101m virsm\u0101m. Skaidri paud savu viedokli ar m\u0113be\u013cu pal\u012bdz\u012bbu vai izrot\u0101 da\u017e\u0101dus uzglab\u0101\u0161anas tvertnes ar uzrakstiem klasisk\u0101 font\u0101. Ar Transfer Medium pal\u012bdz\u012bbu da\u017e\u0101dus priek\u0161metus no koka, MDF, met\u0101la un citiem materi\u0101liem var padar\u012bt par \u013coti rado\u0161iem m\u0101jas elementiem.\" \/>\n<meta property=\"og:url\" content=\"https:\/\/hobstop.ee\/lv\/produkts\/parnesanas-medijs-marabu-chalky-chic\/\" \/>\n<meta property=\"og:site_name\" content=\"Skizze\" \/>\n<meta property=\"article:publisher\" content=\"http:\/\/www.facebook.com\/VunderSkizze\" \/>\n<meta property=\"og:image\" content=\"https:\/\/hobstop.ee\/media\/4276.jpg\" \/>\n\t<meta property=\"og:image:width\" content=\"1024\" \/>\n\t<meta property=\"og:image:height\" content=\"768\" \/>\n\t<meta property=\"og:image:type\" content=\"image\/jpeg\" \/>\n<meta name=\"twitter:card\" content=\"summary_large_image\" \/>\n<script type=\"application\/ld+json\" class=\"yoast-schema-graph\">{\"@context\":\"https:\/\/schema.org\",\"@graph\":[{\"@type\":\"WebPage\",\"@id\":\"https:\/\/hobstop.ee\/lv\/produkts\/parnesanas-medijs-marabu-chalky-chic\/\",\"url\":\"https:\/\/hobstop.ee\/lv\/produkts\/parnesanas-medijs-marabu-chalky-chic\/\",\"name\":\"P\u0101rn\u0113\u0161anas m\u0113dijs Marabu Chalky-Chic &#8211; Skizze\",\"isPartOf\":{\"@id\":\"https:\/\/hobstop.ee\/lv\/#website\"},\"primaryImageOfPage\":{\"@id\":\"https:\/\/hobstop.ee\/lv\/produkts\/parnesanas-medijs-marabu-chalky-chic\/#primaryimage\"},\"image\":{\"@id\":\"https:\/\/hobstop.ee\/lv\/produkts\/parnesanas-medijs-marabu-chalky-chic\/#primaryimage\"},\"thumbnailUrl\":\"https:\/\/hobstop.ee\/media\/4276.jpg\",\"datePublished\":\"2016-04-13T12:01:05+00:00\",\"dateModified\":\"2016-04-13T12:01:05+00:00\",\"breadcrumb\":{\"@id\":\"https:\/\/hobstop.ee\/lv\/produkts\/parnesanas-medijs-marabu-chalky-chic\/#breadcrumb\"},\"inLanguage\":\"lv-LV\",\"potentialAction\":[{\"@type\":\"ReadAction\",\"target\":[\"https:\/\/hobstop.ee\/lv\/produkts\/parnesanas-medijs-marabu-chalky-chic\/\"]}]},{\"@type\":\"ImageObject\",\"inLanguage\":\"lv-LV\",\"@id\":\"https:\/\/hobstop.ee\/lv\/produkts\/parnesanas-medijs-marabu-chalky-chic\/#primaryimage\",\"url\":\"https:\/\/hobstop.ee\/media\/4276.jpg\",\"contentUrl\":\"https:\/\/hobstop.ee\/media\/4276.jpg\",\"width\":1024,\"height\":768},{\"@type\":\"BreadcrumbList\",\"@id\":\"https:\/\/hobstop.ee\/lv\/produkts\/parnesanas-medijs-marabu-chalky-chic\/#breadcrumb\",\"itemListElement\":[{\"@type\":\"ListItem\",\"position\":1,\"name\":\"Avaleht\",\"item\":\"https:\/\/www.hobstop.ee\/lv\/\"},{\"@type\":\"ListItem\",\"position\":2,\"name\":\"Veikals\",\"item\":\"https:\/\/www.hobstop.ee\/lv\/veikals\/\"},{\"@type\":\"ListItem\",\"position\":3,\"name\":\"P\u0101rn\u0113\u0161anas m\u0113dijs Marabu Chalky-Chic\"}]},{\"@type\":\"WebSite\",\"@id\":\"https:\/\/hobstop.ee\/lv\/#website\",\"url\":\"https:\/\/hobstop.ee\/lv\/\",\"name\":\"Skizze\",\"description\":\"M\u0101kslas, hobiju un skolas preces\",\"publisher\":{\"@id\":\"https:\/\/hobstop.ee\/lv\/#organization\"},\"potentialAction\":[{\"@type\":\"SearchAction\",\"target\":{\"@type\":\"EntryPoint\",\"urlTemplate\":\"https:\/\/hobstop.ee\/lv\/?s={search_term_string}\"},\"query-input\":{\"@type\":\"PropertyValueSpecification\",\"valueRequired\":true,\"valueName\":\"search_term_string\"}}],\"inLanguage\":\"lv-LV\"},{\"@type\":\"Organization\",\"@id\":\"https:\/\/hobstop.ee\/lv\/#organization\",\"name\":\"Vunder AS\",\"url\":\"https:\/\/hobstop.ee\/lv\/\",\"logo\":{\"@type\":\"ImageObject\",\"inLanguage\":\"lv-LV\",\"@id\":\"https:\/\/hobstop.ee\/lv\/#\/schema\/logo\/image\/\",\"url\":\"https:\/\/hobstop.ee\/media\/vunder-logo.png\",\"contentUrl\":\"https:\/\/hobstop.ee\/media\/vunder-logo.png\",\"width\":127,\"height\":55,\"caption\":\"Vunder AS\"},\"image\":{\"@id\":\"https:\/\/hobstop.ee\/lv\/#\/schema\/logo\/image\/\"},\"sameAs\":[\"http:\/\/www.facebook.com\/VunderSkizze\"]}]}<\/script>\n<!-- \/ Yoast SEO plugin. -->","yoast_head_json":{"title":"P\u0101rn\u0113\u0161anas m\u0113dijs Marabu Chalky-Chic &#8211; Skizze","robots":{"index":"noindex","follow":"follow","max-snippet":"max-snippet:-1","max-image-preview":"max-image-preview:large","max-video-preview":"max-video-preview:-1"},"og_locale":"lv_LV","og_type":"article","og_title":"P\u0101rn\u0113\u0161anas m\u0113dijs Marabu Chalky-Chic &#8211; Skizze","og_description":"Padari savus m\u0101jas piederumus par \u013coti \u012bpa\u0161iem priek\u0161metiem. Izteicienu, fotogr\u0101fiju vai ornamentu izdrukas var izvietot uz da\u017e\u0101d\u0101m virsm\u0101m. Skaidri paud savu viedokli ar m\u0113be\u013cu pal\u012bdz\u012bbu vai izrot\u0101 da\u017e\u0101dus uzglab\u0101\u0161anas tvertnes ar uzrakstiem klasisk\u0101 font\u0101. Ar Transfer Medium pal\u012bdz\u012bbu da\u017e\u0101dus priek\u0161metus no koka, MDF, met\u0101la un citiem materi\u0101liem var padar\u012bt par \u013coti rado\u0161iem m\u0101jas elementiem.","og_url":"https:\/\/hobstop.ee\/lv\/produkts\/parnesanas-medijs-marabu-chalky-chic\/","og_site_name":"Skizze","article_publisher":"http:\/\/www.facebook.com\/VunderSkizze","og_image":[{"width":1024,"height":768,"url":"https:\/\/hobstop.ee\/media\/4276.jpg","type":"image\/jpeg"}],"twitter_card":"summary_large_image","schema":{"@context":"https:\/\/schema.org","@graph":[{"@type":"WebPage","@id":"https:\/\/hobstop.ee\/lv\/produkts\/parnesanas-medijs-marabu-chalky-chic\/","url":"https:\/\/hobstop.ee\/lv\/produkts\/parnesanas-medijs-marabu-chalky-chic\/","name":"P\u0101rn\u0113\u0161anas m\u0113dijs Marabu Chalky-Chic &#8211; Skizze","isPartOf":{"@id":"https:\/\/hobstop.ee\/lv\/#website"},"primaryImageOfPage":{"@id":"https:\/\/hobstop.ee\/lv\/produkts\/parnesanas-medijs-marabu-chalky-chic\/#primaryimage"},"image":{"@id":"https:\/\/hobstop.ee\/lv\/produkts\/parnesanas-medijs-marabu-chalky-chic\/#primaryimage"},"thumbnailUrl":"https:\/\/hobstop.ee\/media\/4276.jpg","datePublished":"2016-04-13T12:01:05+00:00","dateModified":"2016-04-13T12:01:05+00:00","breadcrumb":{"@id":"https:\/\/hobstop.ee\/lv\/produkts\/parnesanas-medijs-marabu-chalky-chic\/#breadcrumb"},"inLanguage":"lv-LV","potentialAction":[{"@type":"ReadAction","target":["https:\/\/hobstop.ee\/lv\/produkts\/parnesanas-medijs-marabu-chalky-chic\/"]}]},{"@type":"ImageObject","inLanguage":"lv-LV","@id":"https:\/\/hobstop.ee\/lv\/produkts\/parnesanas-medijs-marabu-chalky-chic\/#primaryimage","url":"https:\/\/hobstop.ee\/media\/4276.jpg","contentUrl":"https:\/\/hobstop.ee\/media\/4276.jpg","width":1024,"height":768},{"@type":"BreadcrumbList","@id":"https:\/\/hobstop.ee\/lv\/produkts\/parnesanas-medijs-marabu-chalky-chic\/#breadcrumb","itemListElement":[{"@type":"ListItem","position":1,"name":"Avaleht","item":"https:\/\/www.hobstop.ee\/lv\/"},{"@type":"ListItem","position":2,"name":"Veikals","item":"https:\/\/www.hobstop.ee\/lv\/veikals\/"},{"@type":"ListItem","position":3,"name":"P\u0101rn\u0113\u0161anas m\u0113dijs Marabu Chalky-Chic"}]},{"@type":"WebSite","@id":"https:\/\/hobstop.ee\/lv\/#website","url":"https:\/\/hobstop.ee\/lv\/","name":"Skizze","description":"M\u0101kslas, hobiju un skolas preces","publisher":{"@id":"https:\/\/hobstop.ee\/lv\/#organization"},"potentialAction":[{"@type":"SearchAction","target":{"@type":"EntryPoint","urlTemplate":"https:\/\/hobstop.ee\/lv\/?s={search_term_string}"},"query-input":{"@type":"PropertyValueSpecification","valueRequired":true,"valueName":"search_term_string"}}],"inLanguage":"lv-LV"},{"@type":"Organization","@id":"https:\/\/hobstop.ee\/lv\/#organization","name":"Vunder AS","url":"https:\/\/hobstop.ee\/lv\/","logo":{"@type":"ImageObject","inLanguage":"lv-LV","@id":"https:\/\/hobstop.ee\/lv\/#\/schema\/logo\/image\/","url":"https:\/\/hobstop.ee\/media\/vunder-logo.png","contentUrl":"https:\/\/hobstop.ee\/media\/vunder-logo.png","width":127,"height":55,"caption":"Vunder AS"},"image":{"@id":"https:\/\/hobstop.ee\/lv\/#\/schema\/logo\/image\/"},"sameAs":["http:\/\/www.facebook.com\/VunderSkizze"]}]}},"_links":{"self":[{"href":"https:\/\/hobstop.ee\/lv\/wp-json\/wp\/v2\/product\/261971","targetHints":{"allow":["GET"]}}],"collection":[{"href":"https:\/\/hobstop.ee\/lv\/wp-json\/wp\/v2\/product"}],"about":[{"href":"https:\/\/hobstop.ee\/lv\/wp-json\/wp\/v2\/types\/product"}],"replies":[{"embeddable":true,"href":"https:\/\/hobstop.ee\/lv\/wp-json\/wp\/v2\/comments?post=261971"}],"wp:featuredmedia":[{"embeddable":true,"href":"https:\/\/hobstop.ee\/lv\/wp-json\/wp\/v2\/media\/262219"}],"wp:attachment":[{"href":"https:\/\/hobstop.ee\/lv\/wp-json\/wp\/v2\/media?parent=261971"}],"wp:term":[{"taxonomy":"product_cat","embeddable":true,"href":"https:\/\/hobstop.ee\/lv\/wp-json\/wp\/v2\/product_cat?post=261971"},{"taxonomy":"product_tag","embeddable":true,"href":"https:\/\/hobstop.ee\/lv\/wp-json\/wp\/v2\/product_tag?post=261971"}],"curies":[{"name":"wp","href":"https:\/\/api.w.org\/{rel}","templated":true}]}}