{"id":263095,"date":"2015-09-15T10:10:37","date_gmt":"2015-09-15T07:10:40","guid":{"rendered":"https:\/\/sharks.ee\/vunder_2019\/lv\/product\/kalka-canson-satin-2\/"},"modified":"2016-04-15T10:17:57","modified_gmt":"2016-04-15T07:17:57","slug":"kalka-canson-satin","status":"publish","type":"product","link":"https:\/\/hobstop.ee\/lv\/produkts\/kalka-canson-satin\/","title":{"rendered":"Ka\u013cka Canson Satin"},"content":{"rendered":"<p>Satin pauspap\u012brs ar izcili gludu virsmu prec\u012bz\u0101m z\u012bm\u0113juma l\u012bnij\u0101m un kontrastam, izmantojot tehniskos rakst\u0101mpiederumus, z\u012bmu\u013cus un pildspalvas. Tinti var viegli izdz\u0113st ar speci\u0101lu dz\u0113\u0161gumiju.<br \/>\nRas\u0113\u0161anai ar roku (velces, z\u012bmu\u013ci vai spalvas)<\/p>\n","protected":false},"excerpt":{"rendered":"<p>Satin pauspap\u012brs ar izcili gludu virsmu prec\u012bz\u0101m z\u012bm\u0113juma l\u012bnij\u0101m un kontrastam, izmantojot tehniskos rakst\u0101mpiederumus, z\u012bmu\u013cus un pildspalvas. Tinti var viegli izdz\u0113st ar speci\u0101lu dz\u0113\u0161gumiju. Ras\u0113\u0161anai ar roku (velces, z\u012bmu\u013ci vai spalvas)<\/p>\n","protected":false},"featured_media":293957,"comment_status":"closed","ping_status":"closed","template":"","meta":{"_acf_changed":false,"ep_exclude_from_search":false},"product_cat":[18501,17921,17999],"product_tag":[],"class_list":{"0":"post-263095","1":"product","2":"type-product","3":"status-publish","4":"has-post-thumbnail","6":"product_cat-koppapirs","7":"product_cat-papira-izstradajumi","8":"product_cat-tehniska-rasesana","10":"first","11":"instock","12":"taxable","13":"shipping-taxable","14":"purchasable","15":"product-type-variable"},"acf":[],"yoast_head":"<!-- This site is optimized with the Yoast SEO plugin v24.1 - https:\/\/yoast.com\/wordpress\/plugins\/seo\/ -->\n<title>Ka\u013cka Canson Satin &#8211; Skizze<\/title>\n<meta name=\"robots\" content=\"noindex, follow, max-snippet:-1, max-image-preview:large, max-video-preview:-1\" \/>\n<meta property=\"og:locale\" content=\"lv_LV\" \/>\n<meta property=\"og:type\" content=\"article\" \/>\n<meta property=\"og:title\" content=\"Ka\u013cka Canson Satin &#8211; Skizze\" \/>\n<meta property=\"og:description\" content=\"Satin pauspap\u012brs ar izcili gludu virsmu prec\u012bz\u0101m z\u012bm\u0113juma l\u012bnij\u0101m un kontrastam, izmantojot tehniskos rakst\u0101mpiederumus, z\u012bmu\u013cus un pildspalvas. Tinti var viegli izdz\u0113st ar speci\u0101lu dz\u0113\u0161gumiju. Ras\u0113\u0161anai ar roku (velces, z\u012bmu\u013ci vai spalvas)\" \/>\n<meta property=\"og:url\" content=\"https:\/\/hobstop.ee\/lv\/produkts\/kalka-canson-satin\/\" \/>\n<meta property=\"og:site_name\" content=\"Skizze\" \/>\n<meta property=\"article:publisher\" content=\"http:\/\/www.facebook.com\/VunderSkizze\" \/>\n<meta property=\"article:modified_time\" content=\"2016-04-15T07:17:57+00:00\" \/>\n<meta property=\"og:image\" content=\"https:\/\/hobstop.ee\/media\/4282.jpg\" \/>\n\t<meta property=\"og:image:width\" content=\"1024\" \/>\n\t<meta property=\"og:image:height\" content=\"768\" \/>\n\t<meta property=\"og:image:type\" content=\"image\/jpeg\" \/>\n<meta name=\"twitter:card\" content=\"summary_large_image\" \/>\n<script type=\"application\/ld+json\" class=\"yoast-schema-graph\">{\"@context\":\"https:\/\/schema.org\",\"@graph\":[{\"@type\":\"WebPage\",\"@id\":\"https:\/\/hobstop.ee\/lv\/produkts\/kalka-canson-satin\/\",\"url\":\"https:\/\/hobstop.ee\/lv\/produkts\/kalka-canson-satin\/\",\"name\":\"Ka\u013cka Canson Satin &#8211; Skizze\",\"isPartOf\":{\"@id\":\"https:\/\/hobstop.ee\/lv\/#website\"},\"primaryImageOfPage\":{\"@id\":\"https:\/\/hobstop.ee\/lv\/produkts\/kalka-canson-satin\/#primaryimage\"},\"image\":{\"@id\":\"https:\/\/hobstop.ee\/lv\/produkts\/kalka-canson-satin\/#primaryimage\"},\"thumbnailUrl\":\"https:\/\/hobstop.ee\/media\/4282.jpg\",\"datePublished\":\"2015-09-15T07:10:40+00:00\",\"dateModified\":\"2016-04-15T07:17:57+00:00\",\"breadcrumb\":{\"@id\":\"https:\/\/hobstop.ee\/lv\/produkts\/kalka-canson-satin\/#breadcrumb\"},\"inLanguage\":\"lv-LV\",\"potentialAction\":[{\"@type\":\"ReadAction\",\"target\":[\"https:\/\/hobstop.ee\/lv\/produkts\/kalka-canson-satin\/\"]}]},{\"@type\":\"ImageObject\",\"inLanguage\":\"lv-LV\",\"@id\":\"https:\/\/hobstop.ee\/lv\/produkts\/kalka-canson-satin\/#primaryimage\",\"url\":\"https:\/\/hobstop.ee\/media\/4282.jpg\",\"contentUrl\":\"https:\/\/hobstop.ee\/media\/4282.jpg\",\"width\":1024,\"height\":768},{\"@type\":\"BreadcrumbList\",\"@id\":\"https:\/\/hobstop.ee\/lv\/produkts\/kalka-canson-satin\/#breadcrumb\",\"itemListElement\":[{\"@type\":\"ListItem\",\"position\":1,\"name\":\"Avaleht\",\"item\":\"https:\/\/hobstop.ee\/lv\/\"},{\"@type\":\"ListItem\",\"position\":2,\"name\":\"Veikals\",\"item\":\"https:\/\/hobstop.ee\/lv\/veikals\/\"},{\"@type\":\"ListItem\",\"position\":3,\"name\":\"Ka\u013cka Canson Satin\"}]},{\"@type\":\"WebSite\",\"@id\":\"https:\/\/hobstop.ee\/lv\/#website\",\"url\":\"https:\/\/hobstop.ee\/lv\/\",\"name\":\"Skizze\",\"description\":\"M\u0101kslas, hobiju un skolas preces\",\"publisher\":{\"@id\":\"https:\/\/hobstop.ee\/lv\/#organization\"},\"potentialAction\":[{\"@type\":\"SearchAction\",\"target\":{\"@type\":\"EntryPoint\",\"urlTemplate\":\"https:\/\/hobstop.ee\/lv\/?s={search_term_string}\"},\"query-input\":{\"@type\":\"PropertyValueSpecification\",\"valueRequired\":true,\"valueName\":\"search_term_string\"}}],\"inLanguage\":\"lv-LV\"},{\"@type\":\"Organization\",\"@id\":\"https:\/\/hobstop.ee\/lv\/#organization\",\"name\":\"Vunder AS\",\"url\":\"https:\/\/hobstop.ee\/lv\/\",\"logo\":{\"@type\":\"ImageObject\",\"inLanguage\":\"lv-LV\",\"@id\":\"https:\/\/hobstop.ee\/lv\/#\/schema\/logo\/image\/\",\"url\":\"https:\/\/hobstop.ee\/media\/vunder-logo.png\",\"contentUrl\":\"https:\/\/hobstop.ee\/media\/vunder-logo.png\",\"width\":127,\"height\":55,\"caption\":\"Vunder AS\"},\"image\":{\"@id\":\"https:\/\/hobstop.ee\/lv\/#\/schema\/logo\/image\/\"},\"sameAs\":[\"http:\/\/www.facebook.com\/VunderSkizze\"]}]}<\/script>\n<!-- \/ Yoast SEO plugin. -->","yoast_head_json":{"title":"Ka\u013cka Canson Satin &#8211; Skizze","robots":{"index":"noindex","follow":"follow","max-snippet":"max-snippet:-1","max-image-preview":"max-image-preview:large","max-video-preview":"max-video-preview:-1"},"og_locale":"lv_LV","og_type":"article","og_title":"Ka\u013cka Canson Satin &#8211; Skizze","og_description":"Satin pauspap\u012brs ar izcili gludu virsmu prec\u012bz\u0101m z\u012bm\u0113juma l\u012bnij\u0101m un kontrastam, izmantojot tehniskos rakst\u0101mpiederumus, z\u012bmu\u013cus un pildspalvas. Tinti var viegli izdz\u0113st ar speci\u0101lu dz\u0113\u0161gumiju. Ras\u0113\u0161anai ar roku (velces, z\u012bmu\u013ci vai spalvas)","og_url":"https:\/\/hobstop.ee\/lv\/produkts\/kalka-canson-satin\/","og_site_name":"Skizze","article_publisher":"http:\/\/www.facebook.com\/VunderSkizze","article_modified_time":"2016-04-15T07:17:57+00:00","og_image":[{"width":1024,"height":768,"url":"https:\/\/hobstop.ee\/media\/4282.jpg","type":"image\/jpeg"}],"twitter_card":"summary_large_image","schema":{"@context":"https:\/\/schema.org","@graph":[{"@type":"WebPage","@id":"https:\/\/hobstop.ee\/lv\/produkts\/kalka-canson-satin\/","url":"https:\/\/hobstop.ee\/lv\/produkts\/kalka-canson-satin\/","name":"Ka\u013cka Canson Satin &#8211; Skizze","isPartOf":{"@id":"https:\/\/hobstop.ee\/lv\/#website"},"primaryImageOfPage":{"@id":"https:\/\/hobstop.ee\/lv\/produkts\/kalka-canson-satin\/#primaryimage"},"image":{"@id":"https:\/\/hobstop.ee\/lv\/produkts\/kalka-canson-satin\/#primaryimage"},"thumbnailUrl":"https:\/\/hobstop.ee\/media\/4282.jpg","datePublished":"2015-09-15T07:10:40+00:00","dateModified":"2016-04-15T07:17:57+00:00","breadcrumb":{"@id":"https:\/\/hobstop.ee\/lv\/produkts\/kalka-canson-satin\/#breadcrumb"},"inLanguage":"lv-LV","potentialAction":[{"@type":"ReadAction","target":["https:\/\/hobstop.ee\/lv\/produkts\/kalka-canson-satin\/"]}]},{"@type":"ImageObject","inLanguage":"lv-LV","@id":"https:\/\/hobstop.ee\/lv\/produkts\/kalka-canson-satin\/#primaryimage","url":"https:\/\/hobstop.ee\/media\/4282.jpg","contentUrl":"https:\/\/hobstop.ee\/media\/4282.jpg","width":1024,"height":768},{"@type":"BreadcrumbList","@id":"https:\/\/hobstop.ee\/lv\/produkts\/kalka-canson-satin\/#breadcrumb","itemListElement":[{"@type":"ListItem","position":1,"name":"Avaleht","item":"https:\/\/hobstop.ee\/lv\/"},{"@type":"ListItem","position":2,"name":"Veikals","item":"https:\/\/hobstop.ee\/lv\/veikals\/"},{"@type":"ListItem","position":3,"name":"Ka\u013cka Canson Satin"}]},{"@type":"WebSite","@id":"https:\/\/hobstop.ee\/lv\/#website","url":"https:\/\/hobstop.ee\/lv\/","name":"Skizze","description":"M\u0101kslas, hobiju un skolas preces","publisher":{"@id":"https:\/\/hobstop.ee\/lv\/#organization"},"potentialAction":[{"@type":"SearchAction","target":{"@type":"EntryPoint","urlTemplate":"https:\/\/hobstop.ee\/lv\/?s={search_term_string}"},"query-input":{"@type":"PropertyValueSpecification","valueRequired":true,"valueName":"search_term_string"}}],"inLanguage":"lv-LV"},{"@type":"Organization","@id":"https:\/\/hobstop.ee\/lv\/#organization","name":"Vunder AS","url":"https:\/\/hobstop.ee\/lv\/","logo":{"@type":"ImageObject","inLanguage":"lv-LV","@id":"https:\/\/hobstop.ee\/lv\/#\/schema\/logo\/image\/","url":"https:\/\/hobstop.ee\/media\/vunder-logo.png","contentUrl":"https:\/\/hobstop.ee\/media\/vunder-logo.png","width":127,"height":55,"caption":"Vunder AS"},"image":{"@id":"https:\/\/hobstop.ee\/lv\/#\/schema\/logo\/image\/"},"sameAs":["http:\/\/www.facebook.com\/VunderSkizze"]}]}},"_links":{"self":[{"href":"https:\/\/hobstop.ee\/lv\/wp-json\/wp\/v2\/product\/263095","targetHints":{"allow":["GET"]}}],"collection":[{"href":"https:\/\/hobstop.ee\/lv\/wp-json\/wp\/v2\/product"}],"about":[{"href":"https:\/\/hobstop.ee\/lv\/wp-json\/wp\/v2\/types\/product"}],"replies":[{"embeddable":true,"href":"https:\/\/hobstop.ee\/lv\/wp-json\/wp\/v2\/comments?post=263095"}],"wp:featuredmedia":[{"embeddable":true,"href":"https:\/\/hobstop.ee\/lv\/wp-json\/wp\/v2\/media\/293957"}],"wp:attachment":[{"href":"https:\/\/hobstop.ee\/lv\/wp-json\/wp\/v2\/media?parent=263095"}],"wp:term":[{"taxonomy":"product_cat","embeddable":true,"href":"https:\/\/hobstop.ee\/lv\/wp-json\/wp\/v2\/product_cat?post=263095"},{"taxonomy":"product_tag","embeddable":true,"href":"https:\/\/hobstop.ee\/lv\/wp-json\/wp\/v2\/product_tag?post=263095"}],"curies":[{"name":"wp","href":"https:\/\/api.w.org\/{rel}","templated":true}]}}