{"id":263499,"date":"2016-04-27T14:07:31","date_gmt":"2016-04-27T11:07:31","guid":{"rendered":"https:\/\/sharks.ee\/vunder_2019\/lv\/product\/washi-limlente-mt-philippe-weisbecker\/"},"modified":"2016-04-27T14:07:31","modified_gmt":"2016-04-27T11:07:31","slug":"washi-limlente-mt-philippe-weisbecker","status":"publish","type":"product","link":"https:\/\/hobstop.ee\/lv\/produkts\/washi-limlente-mt-philippe-weisbecker\/","title":{"rendered":"Washi l\u012bmlente mt Philippe Weisbecker"},"content":{"rendered":"<p>Jap\u0101n\u0101 rad\u012bt\u0101 Washi l\u012bmlente ir piem\u0113rota visda\u017e\u0101d\u0101ko priek\u0161metu dekor\u0113\u0161anai \u2013 s\u0101kot no k\u0101rb\u0101m un atkl\u0101tn\u0113m l\u012bdz pat traukiem un m\u0113bel\u0113m.  To var lietot uz da\u017e\u0101d\u0101m virsm\u0101m, piem., uz pap\u012bra, koka, met\u0101la, porcel\u0101na, stikla u.c. L\u012bmlentes r\u016bpniecisk\u0101s ra\u017eo\u0161anas process nodro\u0161ina \u012bpa\u0161i labu kvalit\u0101ti un iztur\u012bbu apvienojum\u0101 ar izcili pl\u0101nu formu. Lieliski l\u012bpo\u0161o lenti var vajadz\u012bbas gad\u012bjum\u0101 viegli no\u0146emt no virsmas, neatst\u0101jot l\u012bmes p\u0113das.<br \/>\nFilips Veisbekers (Philippe Weisbecker) ir 1942. gad\u0101 dzimis franc\u016bzis. 1966. gad\u0101 vi\u0146\u0161 pabeidza Ecole nationale superieure des Arts Decoratifs. 1968. gad\u0101 vi\u0146\u0161 p\u0101rc\u0113l\u0101s uz \u0145ujorku un turpin\u0101ja darbu k\u0101 m\u0101kslinieks un ilustrators. \u0160obr\u012bd vi\u0146am ir studija gan Par\u012bz\u0113, gan Barselon\u0101. Vi\u0146a ilustr\u0101cijas ir public\u0113tas pasaul\u0113 zin\u0101mos laikrakstos un \u017eurn\u0101los, tai skait\u0101 The New York Times, TIME, Newsweek, The New Yorker, The Village Voice, Casa BRUTUS, Esquire Japan, Le Monde un Elephant Magazine. Vi\u0146\u0161 ir daudz darbojies rekl\u0101mas jom\u0101 un divas reizes vi\u0146\u0161 ir sa\u0146\u0113mis Tokyo ADC Award un Yomiuri Advertising Award, un Asahi Advertising Award, k\u0101 ar\u012b Clio Award, The New York ADC Award sudraba meda\u013cu. Vi\u0146am ir biju\u0161as vair\u0101k k\u0101 50 izst\u0101des, galvenok\u0101rt \u0145ujork\u0101, Par\u012bz\u0113, Barselon\u0101, Brisel\u0113 un Tokij\u0101.<\/p>\n","protected":false},"excerpt":{"rendered":"<p>Jap\u0101n\u0101 rad\u012bt\u0101 Washi l\u012bmlente ir piem\u0113rota visda\u017e\u0101d\u0101ko priek\u0161metu dekor\u0113\u0161anai \u2013 s\u0101kot no k\u0101rb\u0101m un atkl\u0101tn\u0113m l\u012bdz pat traukiem un m\u0113bel\u0113m. To var lietot uz da\u017e\u0101d\u0101m virsm\u0101m, piem., uz pap\u012bra, koka, met\u0101la, porcel\u0101na, stikla u.c. L\u012bmlentes r\u016bpniecisk\u0101s ra\u017eo\u0161anas process nodro\u0161ina \u012bpa\u0161i labu kvalit\u0101ti un iztur\u012bbu apvienojum\u0101 ar izcili pl\u0101nu formu. Lieliski l\u012bpo\u0161o lenti var vajadz\u012bbas gad\u012bjum\u0101 viegli no\u0146emt no virsmas, neatst\u0101jot l\u012bmes p\u0113das. Filips Veisbekers (Philippe Weisbecker) ir 1942. gad\u0101 dzimis franc\u016bzis. 1966. gad\u0101 vi\u0146\u0161 pabeidza Ecole nationale superieure des Arts Decoratifs. 1968. gad\u0101 vi\u0146\u0161 p\u0101rc\u0113l\u0101s uz \u0145ujorku un turpin\u0101ja darbu k\u0101 m\u0101kslinieks un ilustrators. \u0160obr\u012bd vi\u0146am ir studija gan Par\u012bz\u0113, gan Barselon\u0101. Vi\u0146a ilustr\u0101cijas ir public\u0113tas pasaul\u0113 zin\u0101mos laikrakstos un \u017eurn\u0101los, tai skait\u0101 The New York Times, TIME, Newsweek, The New Yorker, The Village Voice, Casa BRUTUS, Esquire Japan, Le Monde un Elephant Magazine. Vi\u0146\u0161 ir daudz darbojies rekl\u0101mas jom\u0101 un divas reizes vi\u0146\u0161 ir sa\u0146\u0113mis Tokyo ADC Award un Yomiuri Advertising Award, un Asahi Advertising Award, k\u0101 ar\u012b Clio Award, The New York ADC Award sudraba meda\u013cu. Vi\u0146am ir biju\u0161as vair\u0101k k\u0101 50 izst\u0101des, galvenok\u0101rt \u0145ujork\u0101, Par\u012bz\u0113, Barselon\u0101, Brisel\u0113 un Tokij\u0101.<\/p>\n","protected":false},"featured_media":263551,"comment_status":"closed","ping_status":"closed","template":"","meta":{"_acf_changed":false,"ep_exclude_from_search":false},"product_cat":[17968,17918,18598],"product_tag":[],"class_list":{"0":"post-263499","1":"product","2":"type-product","3":"status-publish","4":"has-post-thumbnail","6":"product_cat-citi-piederumi","7":"product_cat-preces-hobijiem","8":"product_cat-washi-limlentes","10":"first","11":"instock","12":"taxable","13":"shipping-taxable","14":"product-type-simple"},"acf":[],"yoast_head":"<!-- This site is optimized with the Yoast SEO plugin v24.1 - https:\/\/yoast.com\/wordpress\/plugins\/seo\/ -->\n<title>Washi l\u012bmlente mt Philippe Weisbecker &#8211; Skizze<\/title>\n<meta name=\"robots\" content=\"noindex, follow, max-snippet:-1, max-image-preview:large, max-video-preview:-1\" \/>\n<meta property=\"og:locale\" content=\"lv_LV\" \/>\n<meta property=\"og:type\" content=\"article\" \/>\n<meta property=\"og:title\" content=\"Washi l\u012bmlente mt Philippe Weisbecker &#8211; Skizze\" \/>\n<meta property=\"og:description\" content=\"Jap\u0101n\u0101 rad\u012bt\u0101 Washi l\u012bmlente ir piem\u0113rota visda\u017e\u0101d\u0101ko priek\u0161metu dekor\u0113\u0161anai \u2013 s\u0101kot no k\u0101rb\u0101m un atkl\u0101tn\u0113m l\u012bdz pat traukiem un m\u0113bel\u0113m. To var lietot uz da\u017e\u0101d\u0101m virsm\u0101m, piem., uz pap\u012bra, koka, met\u0101la, porcel\u0101na, stikla u.c. L\u012bmlentes r\u016bpniecisk\u0101s ra\u017eo\u0161anas process nodro\u0161ina \u012bpa\u0161i labu kvalit\u0101ti un iztur\u012bbu apvienojum\u0101 ar izcili pl\u0101nu formu. Lieliski l\u012bpo\u0161o lenti var vajadz\u012bbas gad\u012bjum\u0101 viegli no\u0146emt no virsmas, neatst\u0101jot l\u012bmes p\u0113das. Filips Veisbekers (Philippe Weisbecker) ir 1942. gad\u0101 dzimis franc\u016bzis. 1966. gad\u0101 vi\u0146\u0161 pabeidza Ecole nationale superieure des Arts Decoratifs. 1968. gad\u0101 vi\u0146\u0161 p\u0101rc\u0113l\u0101s uz \u0145ujorku un turpin\u0101ja darbu k\u0101 m\u0101kslinieks un ilustrators. \u0160obr\u012bd vi\u0146am ir studija gan Par\u012bz\u0113, gan Barselon\u0101. Vi\u0146a ilustr\u0101cijas ir public\u0113tas pasaul\u0113 zin\u0101mos laikrakstos un \u017eurn\u0101los, tai skait\u0101 The New York Times, TIME, Newsweek, The New Yorker, The Village Voice, Casa BRUTUS, Esquire Japan, Le Monde un Elephant Magazine. Vi\u0146\u0161 ir daudz darbojies rekl\u0101mas jom\u0101 un divas reizes vi\u0146\u0161 ir sa\u0146\u0113mis Tokyo ADC Award un Yomiuri Advertising Award, un Asahi Advertising Award, k\u0101 ar\u012b Clio Award, The New York ADC Award sudraba meda\u013cu. Vi\u0146am ir biju\u0161as vair\u0101k k\u0101 50 izst\u0101des, galvenok\u0101rt \u0145ujork\u0101, Par\u012bz\u0113, Barselon\u0101, Brisel\u0113 un Tokij\u0101.\" \/>\n<meta property=\"og:url\" content=\"https:\/\/hobstop.ee\/lv\/produkts\/washi-limlente-mt-philippe-weisbecker\/\" \/>\n<meta property=\"og:site_name\" content=\"Skizze\" \/>\n<meta property=\"article:publisher\" content=\"http:\/\/www.facebook.com\/VunderSkizze\" \/>\n<meta property=\"og:image\" content=\"https:\/\/hobstop.ee\/media\/4051.jpg\" \/>\n\t<meta property=\"og:image:width\" content=\"1024\" \/>\n\t<meta property=\"og:image:height\" content=\"768\" \/>\n\t<meta property=\"og:image:type\" content=\"image\/jpeg\" \/>\n<meta name=\"twitter:card\" content=\"summary_large_image\" \/>\n<meta name=\"twitter:label1\" content=\"Est. reading time\" \/>\n\t<meta name=\"twitter:data1\" content=\"1 min\u016b\u0161u\" \/>\n<script type=\"application\/ld+json\" class=\"yoast-schema-graph\">{\"@context\":\"https:\/\/schema.org\",\"@graph\":[{\"@type\":\"WebPage\",\"@id\":\"https:\/\/hobstop.ee\/lv\/produkts\/washi-limlente-mt-philippe-weisbecker\/\",\"url\":\"https:\/\/hobstop.ee\/lv\/produkts\/washi-limlente-mt-philippe-weisbecker\/\",\"name\":\"Washi l\u012bmlente mt Philippe Weisbecker &#8211; Skizze\",\"isPartOf\":{\"@id\":\"https:\/\/www.hobstop.ee\/lv\/#website\"},\"primaryImageOfPage\":{\"@id\":\"https:\/\/hobstop.ee\/lv\/produkts\/washi-limlente-mt-philippe-weisbecker\/#primaryimage\"},\"image\":{\"@id\":\"https:\/\/hobstop.ee\/lv\/produkts\/washi-limlente-mt-philippe-weisbecker\/#primaryimage\"},\"thumbnailUrl\":\"https:\/\/hobstop.ee\/media\/4051.jpg\",\"datePublished\":\"2016-04-27T11:07:31+00:00\",\"dateModified\":\"2016-04-27T11:07:31+00:00\",\"breadcrumb\":{\"@id\":\"https:\/\/hobstop.ee\/lv\/produkts\/washi-limlente-mt-philippe-weisbecker\/#breadcrumb\"},\"inLanguage\":\"lv-LV\",\"potentialAction\":[{\"@type\":\"ReadAction\",\"target\":[\"https:\/\/hobstop.ee\/lv\/produkts\/washi-limlente-mt-philippe-weisbecker\/\"]}]},{\"@type\":\"ImageObject\",\"inLanguage\":\"lv-LV\",\"@id\":\"https:\/\/hobstop.ee\/lv\/produkts\/washi-limlente-mt-philippe-weisbecker\/#primaryimage\",\"url\":\"https:\/\/hobstop.ee\/media\/4051.jpg\",\"contentUrl\":\"https:\/\/hobstop.ee\/media\/4051.jpg\",\"width\":1024,\"height\":768},{\"@type\":\"BreadcrumbList\",\"@id\":\"https:\/\/hobstop.ee\/lv\/produkts\/washi-limlente-mt-philippe-weisbecker\/#breadcrumb\",\"itemListElement\":[{\"@type\":\"ListItem\",\"position\":1,\"name\":\"Avaleht\",\"item\":\"https:\/\/www.hobstop.ee\/lv\/\"},{\"@type\":\"ListItem\",\"position\":2,\"name\":\"Veikals\",\"item\":\"https:\/\/www.hobstop.ee\/lv\/veikals\/\"},{\"@type\":\"ListItem\",\"position\":3,\"name\":\"Washi l\u012bmlente mt Philippe Weisbecker\"}]},{\"@type\":\"WebSite\",\"@id\":\"https:\/\/www.hobstop.ee\/lv\/#website\",\"url\":\"https:\/\/www.hobstop.ee\/lv\/\",\"name\":\"Skizze\",\"description\":\"M\u0101kslas, hobiju un skolas preces\",\"publisher\":{\"@id\":\"https:\/\/www.hobstop.ee\/lv\/#organization\"},\"potentialAction\":[{\"@type\":\"SearchAction\",\"target\":{\"@type\":\"EntryPoint\",\"urlTemplate\":\"https:\/\/www.hobstop.ee\/lv\/?s={search_term_string}\"},\"query-input\":{\"@type\":\"PropertyValueSpecification\",\"valueRequired\":true,\"valueName\":\"search_term_string\"}}],\"inLanguage\":\"lv-LV\"},{\"@type\":\"Organization\",\"@id\":\"https:\/\/www.hobstop.ee\/lv\/#organization\",\"name\":\"Vunder AS\",\"url\":\"https:\/\/www.hobstop.ee\/lv\/\",\"logo\":{\"@type\":\"ImageObject\",\"inLanguage\":\"lv-LV\",\"@id\":\"https:\/\/www.hobstop.ee\/lv\/#\/schema\/logo\/image\/\",\"url\":\"https:\/\/hobstop.ee\/media\/vunder-logo.png\",\"contentUrl\":\"https:\/\/hobstop.ee\/media\/vunder-logo.png\",\"width\":127,\"height\":55,\"caption\":\"Vunder AS\"},\"image\":{\"@id\":\"https:\/\/www.hobstop.ee\/lv\/#\/schema\/logo\/image\/\"},\"sameAs\":[\"http:\/\/www.facebook.com\/VunderSkizze\"]}]}<\/script>\n<!-- \/ Yoast SEO plugin. -->","yoast_head_json":{"title":"Washi l\u012bmlente mt Philippe Weisbecker &#8211; Skizze","robots":{"index":"noindex","follow":"follow","max-snippet":"max-snippet:-1","max-image-preview":"max-image-preview:large","max-video-preview":"max-video-preview:-1"},"og_locale":"lv_LV","og_type":"article","og_title":"Washi l\u012bmlente mt Philippe Weisbecker &#8211; Skizze","og_description":"Jap\u0101n\u0101 rad\u012bt\u0101 Washi l\u012bmlente ir piem\u0113rota visda\u017e\u0101d\u0101ko priek\u0161metu dekor\u0113\u0161anai \u2013 s\u0101kot no k\u0101rb\u0101m un atkl\u0101tn\u0113m l\u012bdz pat traukiem un m\u0113bel\u0113m. To var lietot uz da\u017e\u0101d\u0101m virsm\u0101m, piem., uz pap\u012bra, koka, met\u0101la, porcel\u0101na, stikla u.c. L\u012bmlentes r\u016bpniecisk\u0101s ra\u017eo\u0161anas process nodro\u0161ina \u012bpa\u0161i labu kvalit\u0101ti un iztur\u012bbu apvienojum\u0101 ar izcili pl\u0101nu formu. Lieliski l\u012bpo\u0161o lenti var vajadz\u012bbas gad\u012bjum\u0101 viegli no\u0146emt no virsmas, neatst\u0101jot l\u012bmes p\u0113das. Filips Veisbekers (Philippe Weisbecker) ir 1942. gad\u0101 dzimis franc\u016bzis. 1966. gad\u0101 vi\u0146\u0161 pabeidza Ecole nationale superieure des Arts Decoratifs. 1968. gad\u0101 vi\u0146\u0161 p\u0101rc\u0113l\u0101s uz \u0145ujorku un turpin\u0101ja darbu k\u0101 m\u0101kslinieks un ilustrators. \u0160obr\u012bd vi\u0146am ir studija gan Par\u012bz\u0113, gan Barselon\u0101. Vi\u0146a ilustr\u0101cijas ir public\u0113tas pasaul\u0113 zin\u0101mos laikrakstos un \u017eurn\u0101los, tai skait\u0101 The New York Times, TIME, Newsweek, The New Yorker, The Village Voice, Casa BRUTUS, Esquire Japan, Le Monde un Elephant Magazine. Vi\u0146\u0161 ir daudz darbojies rekl\u0101mas jom\u0101 un divas reizes vi\u0146\u0161 ir sa\u0146\u0113mis Tokyo ADC Award un Yomiuri Advertising Award, un Asahi Advertising Award, k\u0101 ar\u012b Clio Award, The New York ADC Award sudraba meda\u013cu. Vi\u0146am ir biju\u0161as vair\u0101k k\u0101 50 izst\u0101des, galvenok\u0101rt \u0145ujork\u0101, Par\u012bz\u0113, Barselon\u0101, Brisel\u0113 un Tokij\u0101.","og_url":"https:\/\/hobstop.ee\/lv\/produkts\/washi-limlente-mt-philippe-weisbecker\/","og_site_name":"Skizze","article_publisher":"http:\/\/www.facebook.com\/VunderSkizze","og_image":[{"width":1024,"height":768,"url":"https:\/\/hobstop.ee\/media\/4051.jpg","type":"image\/jpeg"}],"twitter_card":"summary_large_image","twitter_misc":{"Est. reading time":"1 min\u016b\u0161u"},"schema":{"@context":"https:\/\/schema.org","@graph":[{"@type":"WebPage","@id":"https:\/\/hobstop.ee\/lv\/produkts\/washi-limlente-mt-philippe-weisbecker\/","url":"https:\/\/hobstop.ee\/lv\/produkts\/washi-limlente-mt-philippe-weisbecker\/","name":"Washi l\u012bmlente mt Philippe Weisbecker &#8211; Skizze","isPartOf":{"@id":"https:\/\/www.hobstop.ee\/lv\/#website"},"primaryImageOfPage":{"@id":"https:\/\/hobstop.ee\/lv\/produkts\/washi-limlente-mt-philippe-weisbecker\/#primaryimage"},"image":{"@id":"https:\/\/hobstop.ee\/lv\/produkts\/washi-limlente-mt-philippe-weisbecker\/#primaryimage"},"thumbnailUrl":"https:\/\/hobstop.ee\/media\/4051.jpg","datePublished":"2016-04-27T11:07:31+00:00","dateModified":"2016-04-27T11:07:31+00:00","breadcrumb":{"@id":"https:\/\/hobstop.ee\/lv\/produkts\/washi-limlente-mt-philippe-weisbecker\/#breadcrumb"},"inLanguage":"lv-LV","potentialAction":[{"@type":"ReadAction","target":["https:\/\/hobstop.ee\/lv\/produkts\/washi-limlente-mt-philippe-weisbecker\/"]}]},{"@type":"ImageObject","inLanguage":"lv-LV","@id":"https:\/\/hobstop.ee\/lv\/produkts\/washi-limlente-mt-philippe-weisbecker\/#primaryimage","url":"https:\/\/hobstop.ee\/media\/4051.jpg","contentUrl":"https:\/\/hobstop.ee\/media\/4051.jpg","width":1024,"height":768},{"@type":"BreadcrumbList","@id":"https:\/\/hobstop.ee\/lv\/produkts\/washi-limlente-mt-philippe-weisbecker\/#breadcrumb","itemListElement":[{"@type":"ListItem","position":1,"name":"Avaleht","item":"https:\/\/www.hobstop.ee\/lv\/"},{"@type":"ListItem","position":2,"name":"Veikals","item":"https:\/\/www.hobstop.ee\/lv\/veikals\/"},{"@type":"ListItem","position":3,"name":"Washi l\u012bmlente mt Philippe Weisbecker"}]},{"@type":"WebSite","@id":"https:\/\/www.hobstop.ee\/lv\/#website","url":"https:\/\/www.hobstop.ee\/lv\/","name":"Skizze","description":"M\u0101kslas, hobiju un skolas preces","publisher":{"@id":"https:\/\/www.hobstop.ee\/lv\/#organization"},"potentialAction":[{"@type":"SearchAction","target":{"@type":"EntryPoint","urlTemplate":"https:\/\/www.hobstop.ee\/lv\/?s={search_term_string}"},"query-input":{"@type":"PropertyValueSpecification","valueRequired":true,"valueName":"search_term_string"}}],"inLanguage":"lv-LV"},{"@type":"Organization","@id":"https:\/\/www.hobstop.ee\/lv\/#organization","name":"Vunder AS","url":"https:\/\/www.hobstop.ee\/lv\/","logo":{"@type":"ImageObject","inLanguage":"lv-LV","@id":"https:\/\/www.hobstop.ee\/lv\/#\/schema\/logo\/image\/","url":"https:\/\/hobstop.ee\/media\/vunder-logo.png","contentUrl":"https:\/\/hobstop.ee\/media\/vunder-logo.png","width":127,"height":55,"caption":"Vunder AS"},"image":{"@id":"https:\/\/www.hobstop.ee\/lv\/#\/schema\/logo\/image\/"},"sameAs":["http:\/\/www.facebook.com\/VunderSkizze"]}]}},"_links":{"self":[{"href":"https:\/\/hobstop.ee\/lv\/wp-json\/wp\/v2\/product\/263499","targetHints":{"allow":["GET"]}}],"collection":[{"href":"https:\/\/hobstop.ee\/lv\/wp-json\/wp\/v2\/product"}],"about":[{"href":"https:\/\/hobstop.ee\/lv\/wp-json\/wp\/v2\/types\/product"}],"replies":[{"embeddable":true,"href":"https:\/\/hobstop.ee\/lv\/wp-json\/wp\/v2\/comments?post=263499"}],"wp:featuredmedia":[{"embeddable":true,"href":"https:\/\/hobstop.ee\/lv\/wp-json\/wp\/v2\/media\/263551"}],"wp:attachment":[{"href":"https:\/\/hobstop.ee\/lv\/wp-json\/wp\/v2\/media?parent=263499"}],"wp:term":[{"taxonomy":"product_cat","embeddable":true,"href":"https:\/\/hobstop.ee\/lv\/wp-json\/wp\/v2\/product_cat?post=263499"},{"taxonomy":"product_tag","embeddable":true,"href":"https:\/\/hobstop.ee\/lv\/wp-json\/wp\/v2\/product_tag?post=263499"}],"curies":[{"name":"wp","href":"https:\/\/api.w.org\/{rel}","templated":true}]}}