{"id":263621,"date":"2016-04-29T13:45:48","date_gmt":"2016-04-29T10:45:48","guid":{"rendered":"https:\/\/sharks.ee\/vunder_2019\/lv\/product\/lampa-daylight-luminos-led\/"},"modified":"2016-04-29T13:45:48","modified_gmt":"2016-04-29T10:45:48","slug":"lampa-daylight-luminos-led","status":"publish","type":"product","link":"https:\/\/hobstop.ee\/lv\/produkts\/lampa-daylight-luminos-led\/","title":{"rendered":"Lampa Daylight Luminos LED"},"content":{"rendered":"<p>\u0160\u012b jaud\u012bg\u0101 LED lampa nodro\u0161ina izteikti kvalitat\u012bvu, piln\u012bb\u0101 aptum\u0161ojamu apgaismojumu pla\u0161\u0101 le\u0146\u0137\u012b. Lieliski piem\u0113rota darbam pie liela galda vai apvienojum\u0101 ar gr\u012bdas stat\u012bvu ir izcils pal\u012bgs darb\u0101 pie molberta vai skulpt\u016bras. Stat\u012bva maksim\u0101lais garums ir 112cm, viegli regul\u0113jams ar vienu roku. Aba\u017e\u016bra novietojumu var vienk\u0101r\u0161i main\u012bt tie\u0161i tur, kur nepiecie\u0161ams. Prec\u012bzijas in\u017eenierijas paraugs p\u0113d\u0113j\u0101s paaudzes jaud\u012bgai LED tehnolo\u0123ijai, kas ir sp\u0113c\u012bga un ilglaic\u012bga.<\/p>\n","protected":false},"excerpt":{"rendered":"<p>\u0160\u012b jaud\u012bg\u0101 LED lampa nodro\u0161ina izteikti kvalitat\u012bvu, piln\u012bb\u0101 aptum\u0161ojamu apgaismojumu pla\u0161\u0101 le\u0146\u0137\u012b. Lieliski piem\u0113rota darbam pie liela galda vai apvienojum\u0101 ar gr\u012bdas stat\u012bvu ir izcils pal\u012bgs darb\u0101 pie molberta vai skulpt\u016bras. Stat\u012bva maksim\u0101lais garums ir 112cm, viegli regul\u0113jams ar vienu roku. Aba\u017e\u016bra novietojumu var vienk\u0101r\u0161i main\u012bt tie\u0161i tur, kur nepiecie\u0161ams. Prec\u012bzijas in\u017eenierijas paraugs p\u0113d\u0113j\u0101s paaudzes jaud\u012bgai LED tehnolo\u0123ijai, kas ir sp\u0113c\u012bga un ilglaic\u012bga.<\/p>\n","protected":false},"featured_media":263657,"comment_status":"closed","ping_status":"closed","template":"","meta":{"_acf_changed":false,"ep_exclude_from_search":false},"product_cat":[18532,18798],"product_tag":[],"class_list":{"0":"post-263621","1":"product","2":"type-product","3":"status-publish","4":"has-post-thumbnail","6":"product_cat-galda-lampas-2","7":"product_cat-lampas-3","9":"first","10":"instock","11":"taxable","12":"shipping-taxable","13":"purchasable","14":"product-type-simple"},"acf":[],"yoast_head":"<!-- This site is optimized with the Yoast SEO plugin v24.1 - https:\/\/yoast.com\/wordpress\/plugins\/seo\/ -->\n<title>Lampa Daylight Luminos LED &#8211; Skizze<\/title>\n<meta name=\"robots\" content=\"noindex, follow, max-snippet:-1, max-image-preview:large, max-video-preview:-1\" \/>\n<meta property=\"og:locale\" content=\"lv_LV\" \/>\n<meta property=\"og:type\" content=\"article\" \/>\n<meta property=\"og:title\" content=\"Lampa Daylight Luminos LED &#8211; Skizze\" \/>\n<meta property=\"og:description\" content=\"\u0160\u012b jaud\u012bg\u0101 LED lampa nodro\u0161ina izteikti kvalitat\u012bvu, piln\u012bb\u0101 aptum\u0161ojamu apgaismojumu pla\u0161\u0101 le\u0146\u0137\u012b. Lieliski piem\u0113rota darbam pie liela galda vai apvienojum\u0101 ar gr\u012bdas stat\u012bvu ir izcils pal\u012bgs darb\u0101 pie molberta vai skulpt\u016bras. Stat\u012bva maksim\u0101lais garums ir 112cm, viegli regul\u0113jams ar vienu roku. Aba\u017e\u016bra novietojumu var vienk\u0101r\u0161i main\u012bt tie\u0161i tur, kur nepiecie\u0161ams. Prec\u012bzijas in\u017eenierijas paraugs p\u0113d\u0113j\u0101s paaudzes jaud\u012bgai LED tehnolo\u0123ijai, kas ir sp\u0113c\u012bga un ilglaic\u012bga.\" \/>\n<meta property=\"og:url\" content=\"https:\/\/hobstop.ee\/lv\/produkts\/lampa-daylight-luminos-led\/\" \/>\n<meta property=\"og:site_name\" content=\"Skizze\" \/>\n<meta property=\"article:publisher\" content=\"http:\/\/www.facebook.com\/VunderSkizze\" \/>\n<meta property=\"og:image\" content=\"https:\/\/hobstop.ee\/media\/4283.jpg\" \/>\n\t<meta property=\"og:image:width\" content=\"1024\" \/>\n\t<meta property=\"og:image:height\" content=\"768\" \/>\n\t<meta property=\"og:image:type\" content=\"image\/jpeg\" \/>\n<meta name=\"twitter:card\" content=\"summary_large_image\" \/>\n<script type=\"application\/ld+json\" class=\"yoast-schema-graph\">{\"@context\":\"https:\/\/schema.org\",\"@graph\":[{\"@type\":\"WebPage\",\"@id\":\"https:\/\/hobstop.ee\/lv\/produkts\/lampa-daylight-luminos-led\/\",\"url\":\"https:\/\/hobstop.ee\/lv\/produkts\/lampa-daylight-luminos-led\/\",\"name\":\"Lampa Daylight Luminos LED &#8211; Skizze\",\"isPartOf\":{\"@id\":\"https:\/\/www.hobstop.ee\/lv\/#website\"},\"primaryImageOfPage\":{\"@id\":\"https:\/\/hobstop.ee\/lv\/produkts\/lampa-daylight-luminos-led\/#primaryimage\"},\"image\":{\"@id\":\"https:\/\/hobstop.ee\/lv\/produkts\/lampa-daylight-luminos-led\/#primaryimage\"},\"thumbnailUrl\":\"https:\/\/hobstop.ee\/media\/4283.jpg\",\"datePublished\":\"2016-04-29T10:45:48+00:00\",\"dateModified\":\"2016-04-29T10:45:48+00:00\",\"breadcrumb\":{\"@id\":\"https:\/\/hobstop.ee\/lv\/produkts\/lampa-daylight-luminos-led\/#breadcrumb\"},\"inLanguage\":\"lv-LV\",\"potentialAction\":[{\"@type\":\"ReadAction\",\"target\":[\"https:\/\/hobstop.ee\/lv\/produkts\/lampa-daylight-luminos-led\/\"]}]},{\"@type\":\"ImageObject\",\"inLanguage\":\"lv-LV\",\"@id\":\"https:\/\/hobstop.ee\/lv\/produkts\/lampa-daylight-luminos-led\/#primaryimage\",\"url\":\"https:\/\/hobstop.ee\/media\/4283.jpg\",\"contentUrl\":\"https:\/\/hobstop.ee\/media\/4283.jpg\",\"width\":1024,\"height\":768},{\"@type\":\"BreadcrumbList\",\"@id\":\"https:\/\/hobstop.ee\/lv\/produkts\/lampa-daylight-luminos-led\/#breadcrumb\",\"itemListElement\":[{\"@type\":\"ListItem\",\"position\":1,\"name\":\"Avaleht\",\"item\":\"https:\/\/www.hobstop.ee\/lv\/\"},{\"@type\":\"ListItem\",\"position\":2,\"name\":\"Veikals\",\"item\":\"https:\/\/www.hobstop.ee\/lv\/veikals\/\"},{\"@type\":\"ListItem\",\"position\":3,\"name\":\"Lampa Daylight Luminos LED\"}]},{\"@type\":\"WebSite\",\"@id\":\"https:\/\/www.hobstop.ee\/lv\/#website\",\"url\":\"https:\/\/www.hobstop.ee\/lv\/\",\"name\":\"Skizze\",\"description\":\"M\u0101kslas, hobiju un skolas preces\",\"publisher\":{\"@id\":\"https:\/\/www.hobstop.ee\/lv\/#organization\"},\"potentialAction\":[{\"@type\":\"SearchAction\",\"target\":{\"@type\":\"EntryPoint\",\"urlTemplate\":\"https:\/\/www.hobstop.ee\/lv\/?s={search_term_string}\"},\"query-input\":{\"@type\":\"PropertyValueSpecification\",\"valueRequired\":true,\"valueName\":\"search_term_string\"}}],\"inLanguage\":\"lv-LV\"},{\"@type\":\"Organization\",\"@id\":\"https:\/\/www.hobstop.ee\/lv\/#organization\",\"name\":\"Vunder AS\",\"url\":\"https:\/\/www.hobstop.ee\/lv\/\",\"logo\":{\"@type\":\"ImageObject\",\"inLanguage\":\"lv-LV\",\"@id\":\"https:\/\/www.hobstop.ee\/lv\/#\/schema\/logo\/image\/\",\"url\":\"https:\/\/hobstop.ee\/media\/vunder-logo.png\",\"contentUrl\":\"https:\/\/hobstop.ee\/media\/vunder-logo.png\",\"width\":127,\"height\":55,\"caption\":\"Vunder AS\"},\"image\":{\"@id\":\"https:\/\/www.hobstop.ee\/lv\/#\/schema\/logo\/image\/\"},\"sameAs\":[\"http:\/\/www.facebook.com\/VunderSkizze\"]}]}<\/script>\n<!-- \/ Yoast SEO plugin. -->","yoast_head_json":{"title":"Lampa Daylight Luminos LED &#8211; Skizze","robots":{"index":"noindex","follow":"follow","max-snippet":"max-snippet:-1","max-image-preview":"max-image-preview:large","max-video-preview":"max-video-preview:-1"},"og_locale":"lv_LV","og_type":"article","og_title":"Lampa Daylight Luminos LED &#8211; Skizze","og_description":"\u0160\u012b jaud\u012bg\u0101 LED lampa nodro\u0161ina izteikti kvalitat\u012bvu, piln\u012bb\u0101 aptum\u0161ojamu apgaismojumu pla\u0161\u0101 le\u0146\u0137\u012b. Lieliski piem\u0113rota darbam pie liela galda vai apvienojum\u0101 ar gr\u012bdas stat\u012bvu ir izcils pal\u012bgs darb\u0101 pie molberta vai skulpt\u016bras. Stat\u012bva maksim\u0101lais garums ir 112cm, viegli regul\u0113jams ar vienu roku. Aba\u017e\u016bra novietojumu var vienk\u0101r\u0161i main\u012bt tie\u0161i tur, kur nepiecie\u0161ams. Prec\u012bzijas in\u017eenierijas paraugs p\u0113d\u0113j\u0101s paaudzes jaud\u012bgai LED tehnolo\u0123ijai, kas ir sp\u0113c\u012bga un ilglaic\u012bga.","og_url":"https:\/\/hobstop.ee\/lv\/produkts\/lampa-daylight-luminos-led\/","og_site_name":"Skizze","article_publisher":"http:\/\/www.facebook.com\/VunderSkizze","og_image":[{"width":1024,"height":768,"url":"https:\/\/hobstop.ee\/media\/4283.jpg","type":"image\/jpeg"}],"twitter_card":"summary_large_image","schema":{"@context":"https:\/\/schema.org","@graph":[{"@type":"WebPage","@id":"https:\/\/hobstop.ee\/lv\/produkts\/lampa-daylight-luminos-led\/","url":"https:\/\/hobstop.ee\/lv\/produkts\/lampa-daylight-luminos-led\/","name":"Lampa Daylight Luminos LED &#8211; Skizze","isPartOf":{"@id":"https:\/\/www.hobstop.ee\/lv\/#website"},"primaryImageOfPage":{"@id":"https:\/\/hobstop.ee\/lv\/produkts\/lampa-daylight-luminos-led\/#primaryimage"},"image":{"@id":"https:\/\/hobstop.ee\/lv\/produkts\/lampa-daylight-luminos-led\/#primaryimage"},"thumbnailUrl":"https:\/\/hobstop.ee\/media\/4283.jpg","datePublished":"2016-04-29T10:45:48+00:00","dateModified":"2016-04-29T10:45:48+00:00","breadcrumb":{"@id":"https:\/\/hobstop.ee\/lv\/produkts\/lampa-daylight-luminos-led\/#breadcrumb"},"inLanguage":"lv-LV","potentialAction":[{"@type":"ReadAction","target":["https:\/\/hobstop.ee\/lv\/produkts\/lampa-daylight-luminos-led\/"]}]},{"@type":"ImageObject","inLanguage":"lv-LV","@id":"https:\/\/hobstop.ee\/lv\/produkts\/lampa-daylight-luminos-led\/#primaryimage","url":"https:\/\/hobstop.ee\/media\/4283.jpg","contentUrl":"https:\/\/hobstop.ee\/media\/4283.jpg","width":1024,"height":768},{"@type":"BreadcrumbList","@id":"https:\/\/hobstop.ee\/lv\/produkts\/lampa-daylight-luminos-led\/#breadcrumb","itemListElement":[{"@type":"ListItem","position":1,"name":"Avaleht","item":"https:\/\/www.hobstop.ee\/lv\/"},{"@type":"ListItem","position":2,"name":"Veikals","item":"https:\/\/www.hobstop.ee\/lv\/veikals\/"},{"@type":"ListItem","position":3,"name":"Lampa Daylight Luminos LED"}]},{"@type":"WebSite","@id":"https:\/\/www.hobstop.ee\/lv\/#website","url":"https:\/\/www.hobstop.ee\/lv\/","name":"Skizze","description":"M\u0101kslas, hobiju un skolas preces","publisher":{"@id":"https:\/\/www.hobstop.ee\/lv\/#organization"},"potentialAction":[{"@type":"SearchAction","target":{"@type":"EntryPoint","urlTemplate":"https:\/\/www.hobstop.ee\/lv\/?s={search_term_string}"},"query-input":{"@type":"PropertyValueSpecification","valueRequired":true,"valueName":"search_term_string"}}],"inLanguage":"lv-LV"},{"@type":"Organization","@id":"https:\/\/www.hobstop.ee\/lv\/#organization","name":"Vunder AS","url":"https:\/\/www.hobstop.ee\/lv\/","logo":{"@type":"ImageObject","inLanguage":"lv-LV","@id":"https:\/\/www.hobstop.ee\/lv\/#\/schema\/logo\/image\/","url":"https:\/\/hobstop.ee\/media\/vunder-logo.png","contentUrl":"https:\/\/hobstop.ee\/media\/vunder-logo.png","width":127,"height":55,"caption":"Vunder AS"},"image":{"@id":"https:\/\/www.hobstop.ee\/lv\/#\/schema\/logo\/image\/"},"sameAs":["http:\/\/www.facebook.com\/VunderSkizze"]}]}},"_links":{"self":[{"href":"https:\/\/hobstop.ee\/lv\/wp-json\/wp\/v2\/product\/263621","targetHints":{"allow":["GET"]}}],"collection":[{"href":"https:\/\/hobstop.ee\/lv\/wp-json\/wp\/v2\/product"}],"about":[{"href":"https:\/\/hobstop.ee\/lv\/wp-json\/wp\/v2\/types\/product"}],"replies":[{"embeddable":true,"href":"https:\/\/hobstop.ee\/lv\/wp-json\/wp\/v2\/comments?post=263621"}],"wp:featuredmedia":[{"embeddable":true,"href":"https:\/\/hobstop.ee\/lv\/wp-json\/wp\/v2\/media\/263657"}],"wp:attachment":[{"href":"https:\/\/hobstop.ee\/lv\/wp-json\/wp\/v2\/media?parent=263621"}],"wp:term":[{"taxonomy":"product_cat","embeddable":true,"href":"https:\/\/hobstop.ee\/lv\/wp-json\/wp\/v2\/product_cat?post=263621"},{"taxonomy":"product_tag","embeddable":true,"href":"https:\/\/hobstop.ee\/lv\/wp-json\/wp\/v2\/product_tag?post=263621"}],"curies":[{"name":"wp","href":"https:\/\/api.w.org\/{rel}","templated":true}]}}